{"id":54685,"date":"2025-05-23T16:58:33","date_gmt":"2025-05-23T16:58:33","guid":{"rendered":"https:\/\/snus-malmo.se\/?post_type=product&#038;p=54685"},"modified":"2025-08-05T00:05:30","modified_gmt":"2025-08-05T00:05:30","slug":"kapten-lakrits-vit-portion-mini","status":"publish","type":"product","link":"https:\/\/snus-malmo.se\/sv\/produkt\/kapten-lakrits-vit-portion-mini\/","title":{"rendered":"Kapten Lakrits Vit Portion Mini"},"content":{"rendered":"<h1 class=\"mb-16 sm:mb-24\">Kapten Lakrits Vit Portion Mini<\/h1>\n<h2 data-start=\"254\" data-end=\"328\">Kapten Lakrits Vit Portion Mini \u2013 Klassisk tobakssmak med lakritstvist<\/h2>\n<p data-start=\"330\" data-end=\"689\"><strong data-start=\"330\" data-end=\"365\">Kapten Lakrits Vit Portion Mini<\/strong> kombinerar den v\u00e4lbekanta svenska tobakskarakt\u00e4ren med en <strong data-start=\"424\" data-end=\"453\">nyanserad smak av lakrits<\/strong>, vilket skapar en intressant och smakrik upplevelse i ett <strong data-start=\"512\" data-end=\"535\">diskret mini-format<\/strong>. Den torra ytan och fuktiga insidan ger <strong data-start=\"576\" data-end=\"619\">l\u00e5g rinnighet och l\u00e5ngvarig smakrelease<\/strong>, vilket g\u00f6r snuset perfekt f\u00f6r dig som vill ha b\u00e5de smak och komfort.<\/p>\n<p data-start=\"691\" data-end=\"863\">Det lilla formatet g\u00f6r prillan n\u00e4stintill osynlig under l\u00e4ppen och passar utm\u00e4rkt f\u00f6r dig som f\u00f6redrar ett smidigt och smakfullt alternativ till traditionellt portionssnus.<\/p>\n<p data-start=\"865\" data-end=\"993\">\ud83d\udfe6 Vill du uppt\u00e4cka fler vita portioner? Kolla in hela v\u00e5rt <a class=\"\" href=\"https:\/\/snus-malmo.se\/sv\/white-portion\/\" target=\"_new\" rel=\"noopener\" data-start=\"925\" data-end=\"992\"><strong data-start=\"926\" data-end=\"957\">White Portion-sortiment h\u00e4r<\/strong><\/a>.<\/p>\n<hr data-start=\"995\" data-end=\"998\" \/>\n<h3 data-start=\"1000\" data-end=\"1024\">Produktinformation:<\/h3>\n<ul data-start=\"1026\" data-end=\"1371\">\n<li data-start=\"1026\" data-end=\"1051\">\n<p data-start=\"1028\" data-end=\"1051\"><strong data-start=\"1028\" data-end=\"1042\">Varum\u00e4rke:<\/strong> Kapten<\/p>\n<\/li>\n<li data-start=\"1052\" data-end=\"1085\">\n<p data-start=\"1054\" data-end=\"1085\"><strong data-start=\"1054\" data-end=\"1069\">Produkttyp:<\/strong> White Portion<\/p>\n<\/li>\n<li data-start=\"1086\" data-end=\"1106\">\n<p data-start=\"1088\" data-end=\"1106\"><strong data-start=\"1088\" data-end=\"1099\">Format:<\/strong> Mini<\/p>\n<\/li>\n<li data-start=\"1107\" data-end=\"1144\">\n<p data-start=\"1109\" data-end=\"1144\"><strong data-start=\"1109\" data-end=\"1124\">Smakprofil:<\/strong> Tobak och lakrits<\/p>\n<\/li>\n<li data-start=\"1145\" data-end=\"1167\">\n<p data-start=\"1147\" data-end=\"1167\"><strong data-start=\"1147\" data-end=\"1158\">Styrka:<\/strong> Normal<\/p>\n<\/li>\n<li data-start=\"1168\" data-end=\"1197\">\n<p data-start=\"1170\" data-end=\"1197\"><strong data-start=\"1170\" data-end=\"1186\">Nikotinhalt:<\/strong> ca 0,8 %<\/p>\n<\/li>\n<li data-start=\"1198\" data-end=\"1235\">\n<p data-start=\"1200\" data-end=\"1235\"><strong data-start=\"1200\" data-end=\"1223\">Nikotin per prilla:<\/strong> ca 4\u20135 mg<\/p>\n<\/li>\n<li data-start=\"1236\" data-end=\"1279\">\n<p data-start=\"1238\" data-end=\"1279\"><strong data-start=\"1238\" data-end=\"1265\">Antal prillor per dosa:<\/strong> ca 20\u201324 st<\/p>\n<\/li>\n<li data-start=\"1280\" data-end=\"1305\">\n<p data-start=\"1282\" data-end=\"1305\"><strong data-start=\"1282\" data-end=\"1295\">Fukthalt:<\/strong> ca 45 %<\/p>\n<\/li>\n<li data-start=\"1306\" data-end=\"1339\">\n<p data-start=\"1308\" data-end=\"1339\"><strong data-start=\"1308\" data-end=\"1328\">Vikt per prilla:<\/strong> ca 0,5 g<\/p>\n<\/li>\n<li data-start=\"1340\" data-end=\"1371\">\n<p data-start=\"1342\" data-end=\"1371\"><strong data-start=\"1342\" data-end=\"1361\">Nettovikt\/dosa:<\/strong> ca 12 g<\/p>\n<\/li>\n<\/ul>\n<hr data-start=\"1373\" data-end=\"1376\" \/>\n<h3 data-start=\"1378\" data-end=\"1427\">Varf\u00f6r v\u00e4lja Kapten Lakrits Vit Portion Mini?<\/h3>\n<p data-start=\"1429\" data-end=\"1689\">\u2705 Sp\u00e4nnande kombination av tobak och lakrits<br data-start=\"1473\" data-end=\"1476\" \/>\u2705 Mini-format \u2013 diskret och bekv\u00e4mt under l\u00e4ppen<br data-start=\"1524\" data-end=\"1527\" \/>\u2705 White portion \u2013 l\u00e5g rinnighet och l\u00e5ng smakrelease<br data-start=\"1579\" data-end=\"1582\" \/>\u2705 Perfekt f\u00f6r snusare som s\u00f6ker n\u00e5got ut\u00f6ver det vanliga<br data-start=\"1638\" data-end=\"1641\" \/>\u2705 Alltid snabb och s\u00e4ker leverans fr\u00e5n Veloop.se<\/p>\n<hr data-start=\"1691\" data-end=\"1694\" \/>\n<p data-start=\"1696\" data-end=\"1851\">Best\u00e4ll <strong data-start=\"1704\" data-end=\"1739\">Kapten Lakrits Vit Portion Mini<\/strong> fr\u00e5n <strong data-start=\"1745\" data-end=\"1758\">Veloop.se<\/strong> och upplev en smakrik miniportion med lakritstoner och klassisk tobaksbas i perfekt harmoni.<\/p>","protected":false},"excerpt":{"rendered":"<h1 class=\"mb-16 sm:mb-24\">Kapten Lakrits Vit Portion Mini<\/h1>\n<h2 data-start=\"254\" data-end=\"328\">Kapten Lakrits Vit Portion Mini \u2013 Klassisk tobakssmak med lakritstvist<\/h2>\n<p><strong data-start=\"1876\" data-end=\"1911\">Kapten Lakrits Vit Portion Mini<\/strong> bjuder p\u00e5 en unik smak av lakrits och tobak i ett diskret mini-format med l\u00e5g rinnighet.<br data-start=\"2000\" data-end=\"2003\" \/>\ud83d\udc49 Se fler vita portioner i v\u00e5rt <a class=\"\" href=\"https:\/\/snus-malmo.se\/sv\/white-portion\/\" target=\"_new\" rel=\"noopener\" data-start=\"2036\" data-end=\"2103\"><strong data-start=\"2037\" data-end=\"2068\">White Portion-sortiment h\u00e4r<\/strong><\/a>.<\/p>","protected":false},"featured_media":61539,"comment_status":"open","ping_status":"closed","template":"","meta":[],"product_brand":[373],"product_cat":[96,79,73,368,135],"product_tag":[],"class_list":{"0":"post-54685","1":"product","2":"type-product","3":"status-publish","4":"has-post-thumbnail","6":"product_brand-kapten-snus","7":"product_cat-kapten","8":"product_cat-mini-portion","9":"product_cat-portionssnus","10":"product_cat-snus-tobakssnus-traditionellt-snus","11":"product_cat-white-portion","13":"first","14":"instock","15":"taxable","16":"shipping-taxable","17":"purchasable","18":"product-type-variable"},"_links":{"self":[{"href":"https:\/\/snus-malmo.se\/sv\/wp-json\/wp\/v2\/product\/54685","targetHints":{"allow":["GET"]}}],"collection":[{"href":"https:\/\/snus-malmo.se\/sv\/wp-json\/wp\/v2\/product"}],"about":[{"href":"https:\/\/snus-malmo.se\/sv\/wp-json\/wp\/v2\/types\/product"}],"replies":[{"embeddable":true,"href":"https:\/\/snus-malmo.se\/sv\/wp-json\/wp\/v2\/comments?post=54685"}],"version-history":[{"count":0,"href":"https:\/\/snus-malmo.se\/sv\/wp-json\/wp\/v2\/product\/54685\/revisions"}],"wp:featuredmedia":[{"embeddable":true,"href":"https:\/\/snus-malmo.se\/sv\/wp-json\/wp\/v2\/media\/61539"}],"wp:attachment":[{"href":"https:\/\/snus-malmo.se\/sv\/wp-json\/wp\/v2\/media?parent=54685"}],"wp:term":[{"taxonomy":"product_brand","embeddable":true,"href":"https:\/\/snus-malmo.se\/sv\/wp-json\/wp\/v2\/product_brand?post=54685"},{"taxonomy":"product_cat","embeddable":true,"href":"https:\/\/snus-malmo.se\/sv\/wp-json\/wp\/v2\/product_cat?post=54685"},{"taxonomy":"product_tag","embeddable":true,"href":"https:\/\/snus-malmo.se\/sv\/wp-json\/wp\/v2\/product_tag?post=54685"}],"curies":[{"name":"wp","href":"https:\/\/api.w.org\/{rel}","templated":true}]}}