{"id":54690,"date":"2025-05-23T16:58:34","date_gmt":"2025-05-23T16:58:34","guid":{"rendered":"https:\/\/snus-malmo.se\/?post_type=product&#038;p=54690"},"modified":"2025-07-23T22:22:42","modified_gmt":"2025-07-23T22:22:42","slug":"general-white-mini","status":"publish","type":"product","link":"https:\/\/snus-malmo.se\/sv\/produkt\/general-white-mini\/","title":{"rendered":"General White Mini"},"content":{"rendered":"<h1 class=\"mb-16 sm:mb-24\">General White Mini<\/h1>\n<h2 data-start=\"241\" data-end=\"307\">General White Mini \u2013 Klassisk Generalsmak i smidigt miniformat<\/h2>\n<p data-start=\"309\" data-end=\"663\"><strong data-start=\"309\" data-end=\"331\">General White Mini<\/strong> \u00e4r det perfekta valet f\u00f6r dig som \u00e4lskar den klassiska Generalsmaken men f\u00f6redrar ett <strong data-start=\"418\" data-end=\"450\">diskretare och mindre format<\/strong>. Med sin <strong data-start=\"460\" data-end=\"546\">ljusa tobakskarakt\u00e4r och tydliga toner av bergamott, citrus och en l\u00e4tt pepprighet<\/strong>, levererar denna prilla allt det du f\u00f6rv\u00e4ntar dig av en premiumprodukt fr\u00e5n General \u2013 fast i en mer kompakt storlek.<\/p>\n<p data-start=\"665\" data-end=\"951\">Tack vare <strong data-start=\"675\" data-end=\"701\">white portion-tekniken<\/strong> har prillan en <strong data-start=\"717\" data-end=\"751\">torr yta f\u00f6r minimal rinnighet<\/strong>, samtidigt som den fuktiga insidan ger en <strong data-start=\"794\" data-end=\"828\">j\u00e4mn och l\u00e5ngvarig smakrelease<\/strong>. Det lilla formatet g\u00f6r snuset <strong data-start=\"860\" data-end=\"889\">extra diskret och bekv\u00e4mt<\/strong>, perfekt f\u00f6r dig som vill snusa n\u00e4r som helst, var som helst.<\/p>\n<p data-start=\"953\" data-end=\"1084\">\ud83d\udfe6 Vill du utforska fler diskreta vita portioner? Se hela v\u00e5rt <a class=\"\" href=\"https:\/\/snus-malmo.se\/sv\/white-portion\/\" target=\"_new\" rel=\"noopener\" data-start=\"1016\" data-end=\"1083\"><strong data-start=\"1017\" data-end=\"1048\">White Portion-sortiment h\u00e4r<\/strong><\/a>.<\/p>\n<hr data-start=\"1086\" data-end=\"1089\" \/>\n<h3 data-start=\"1091\" data-end=\"1115\">Produktinformation:<\/h3>\n<ul data-start=\"1117\" data-end=\"1477\">\n<li data-start=\"1117\" data-end=\"1143\">\n<p data-start=\"1119\" data-end=\"1143\"><strong data-start=\"1119\" data-end=\"1133\">Varum\u00e4rke:<\/strong> General<\/p>\n<\/li>\n<li data-start=\"1144\" data-end=\"1177\">\n<p data-start=\"1146\" data-end=\"1177\"><strong data-start=\"1146\" data-end=\"1161\">Produkttyp:<\/strong> White Portion<\/p>\n<\/li>\n<li data-start=\"1178\" data-end=\"1198\">\n<p data-start=\"1180\" data-end=\"1198\"><strong data-start=\"1180\" data-end=\"1191\">Format:<\/strong> Mini<\/p>\n<\/li>\n<li data-start=\"1199\" data-end=\"1255\">\n<p data-start=\"1201\" data-end=\"1255\"><strong data-start=\"1201\" data-end=\"1216\">Smakprofil:<\/strong> Tobak, Bergamott, Citrus, Kryddighet<\/p>\n<\/li>\n<li data-start=\"1256\" data-end=\"1278\">\n<p data-start=\"1258\" data-end=\"1278\"><strong data-start=\"1258\" data-end=\"1269\">Styrka:<\/strong> Normal<\/p>\n<\/li>\n<li data-start=\"1279\" data-end=\"1308\">\n<p data-start=\"1281\" data-end=\"1308\"><strong data-start=\"1281\" data-end=\"1297\">Nikotinhalt:<\/strong> ca 0,8 %<\/p>\n<\/li>\n<li data-start=\"1309\" data-end=\"1344\">\n<p data-start=\"1311\" data-end=\"1344\"><strong data-start=\"1311\" data-end=\"1334\">Nikotin per prilla:<\/strong> ca 4 mg<\/p>\n<\/li>\n<li data-start=\"1345\" data-end=\"1385\">\n<p data-start=\"1347\" data-end=\"1385\"><strong data-start=\"1347\" data-end=\"1374\">Antal prillor per dosa:<\/strong> ca 20 st<\/p>\n<\/li>\n<li data-start=\"1386\" data-end=\"1411\">\n<p data-start=\"1388\" data-end=\"1411\"><strong data-start=\"1388\" data-end=\"1401\">Fukthalt:<\/strong> ca 45 %<\/p>\n<\/li>\n<li data-start=\"1412\" data-end=\"1445\">\n<p data-start=\"1414\" data-end=\"1445\"><strong data-start=\"1414\" data-end=\"1434\">Vikt per prilla:<\/strong> ca 0,5 g<\/p>\n<\/li>\n<li data-start=\"1446\" data-end=\"1477\">\n<p data-start=\"1448\" data-end=\"1477\"><strong data-start=\"1448\" data-end=\"1467\">Nettovikt\/dosa:<\/strong> ca 10 g<\/p>\n<\/li>\n<\/ul>\n<hr data-start=\"1479\" data-end=\"1482\" \/>\n<h3 data-start=\"1484\" data-end=\"1529\">D\u00e4rf\u00f6r v\u00e4ljer snusare General White Mini:<\/h3>\n<p data-start=\"1531\" data-end=\"1772\">\u2705 Klassisk Generalsmak \u2013 bergamott, citrus &amp; kryddor<br data-start=\"1583\" data-end=\"1586\" \/>\u2705 Mini-format \u2013 extremt diskret och l\u00e4tt att b\u00e4ra med sig<br data-start=\"1643\" data-end=\"1646\" \/>\u2705 White portion \u2013 l\u00e5g rinnighet, l\u00e5ng smak<br data-start=\"1688\" data-end=\"1691\" \/>\u2705 Perfekt f\u00f6r dig som snusar i farten<br data-start=\"1728\" data-end=\"1731\" \/>\u2705 Snabb och s\u00e4ker leverans fr\u00e5n Veloop.se<\/p>\n<hr data-start=\"1774\" data-end=\"1777\" \/>\n<p data-start=\"1779\" data-end=\"1883\">Best\u00e4ll <strong data-start=\"1787\" data-end=\"1809\">General White Mini<\/strong> fr\u00e5n <strong data-start=\"1815\" data-end=\"1828\">Veloop.se<\/strong> \u2013 den klassiska smaken i ett mindre, smidigare format.<\/p>\n<hr data-start=\"1885\" data-end=\"1888\" \/>\n<h3 data-start=\"1890\" data-end=\"1906\">Kortversion:<\/h3>","protected":false},"excerpt":{"rendered":"<h1 class=\"mb-16 sm:mb-24\">General White Mini<\/h1>\n<h2 data-start=\"241\" data-end=\"307\">General White Mini \u2013 Klassisk Generalsmak i smidigt miniformat<\/h2>\n<p><strong data-start=\"1908\" data-end=\"1930\">General White Mini<\/strong> \u00e4r en diskret mini white portion med klassisk Generalsmak av bergamott och tobak.<br data-start=\"2012\" data-end=\"2015\" \/>\ud83d\udc49 Utforska fler <a class=\"\" href=\"https:\/\/snus-malmo.se\/sv\/white-portion\/\" target=\"_new\" rel=\"noopener\" data-start=\"2032\" data-end=\"2099\"><strong data-start=\"2033\" data-end=\"2064\">White Portion-produkter h\u00e4r<\/strong><\/a>.<\/p>","protected":false},"featured_media":61473,"comment_status":"open","ping_status":"closed","template":"","meta":[],"product_brand":[],"product_cat":[88,79,73,368,135],"product_tag":[],"class_list":{"0":"post-54690","1":"product","2":"type-product","3":"status-publish","4":"has-post-thumbnail","6":"product_cat-general","7":"product_cat-mini-portion","8":"product_cat-portionssnus","9":"product_cat-snus-tobakssnus-traditionellt-snus","10":"product_cat-white-portion","12":"first","13":"instock","14":"taxable","15":"shipping-taxable","16":"purchasable","17":"product-type-variable"},"_links":{"self":[{"href":"https:\/\/snus-malmo.se\/sv\/wp-json\/wp\/v2\/product\/54690","targetHints":{"allow":["GET"]}}],"collection":[{"href":"https:\/\/snus-malmo.se\/sv\/wp-json\/wp\/v2\/product"}],"about":[{"href":"https:\/\/snus-malmo.se\/sv\/wp-json\/wp\/v2\/types\/product"}],"replies":[{"embeddable":true,"href":"https:\/\/snus-malmo.se\/sv\/wp-json\/wp\/v2\/comments?post=54690"}],"version-history":[{"count":0,"href":"https:\/\/snus-malmo.se\/sv\/wp-json\/wp\/v2\/product\/54690\/revisions"}],"wp:featuredmedia":[{"embeddable":true,"href":"https:\/\/snus-malmo.se\/sv\/wp-json\/wp\/v2\/media\/61473"}],"wp:attachment":[{"href":"https:\/\/snus-malmo.se\/sv\/wp-json\/wp\/v2\/media?parent=54690"}],"wp:term":[{"taxonomy":"product_brand","embeddable":true,"href":"https:\/\/snus-malmo.se\/sv\/wp-json\/wp\/v2\/product_brand?post=54690"},{"taxonomy":"product_cat","embeddable":true,"href":"https:\/\/snus-malmo.se\/sv\/wp-json\/wp\/v2\/product_cat?post=54690"},{"taxonomy":"product_tag","embeddable":true,"href":"https:\/\/snus-malmo.se\/sv\/wp-json\/wp\/v2\/product_tag?post=54690"}],"curies":[{"name":"wp","href":"https:\/\/api.w.org\/{rel}","templated":true}]}}