{"id":54695,"date":"2025-05-23T16:58:34","date_gmt":"2025-05-23T16:58:34","guid":{"rendered":"https:\/\/snus-malmo.se\/?post_type=product&#038;p=54695"},"modified":"2025-11-24T20:32:37","modified_gmt":"2025-11-24T20:32:37","slug":"velo-groovy-grape-mini","status":"publish","type":"product","link":"https:\/\/snus-malmo.se\/sv\/produkt\/velo-groovy-grape-mini\/","title":{"rendered":"VELO Groovy Grape Mini"},"content":{"rendered":"<h1><strong data-start=\"2315\" data-end=\"2341\">VELO Groovy Grape Mini<\/strong><\/h1>\n<h2 data-start=\"242\" data-end=\"308\">VELO Groovy Grape Mini \u2013 S\u00f6t och fruktig druvsmak i mini-format<\/h2>\n<p data-start=\"310\" data-end=\"595\"><strong data-start=\"310\" data-end=\"336\">VELO Groovy Grape Mini<\/strong> \u00e4r ett <strong data-start=\"344\" data-end=\"369\">tobaksfritt vitt snus<\/strong> med en <strong data-start=\"377\" data-end=\"419\">s\u00f6t, rund och fruktig smak av vindruva<\/strong>. Detta \u00e4r ett mini-format snus som passar dig som vill ha en mildare och mer diskret upplevelse, med en <strong data-start=\"524\" data-end=\"546\">lekfull smakprofil<\/strong> som sticker ut fr\u00e5n det klassiska mintsegmentet.<\/p>\n<p data-start=\"597\" data-end=\"834\">Den lilla storleken g\u00f6r portionerna <strong data-start=\"633\" data-end=\"670\">bekv\u00e4ma och osynliga under l\u00e4ppen<\/strong>, vilket g\u00f6r VELO Groovy Grape Mini till ett utm\u00e4rkt val f\u00f6r dig som vill njuta av smakfulla nikotinportioner med l\u00e5g profil \u2013 utan att kompromissa med upplevelsen.<\/p>\n<hr data-start=\"836\" data-end=\"839\" \/>\n<h3 data-start=\"841\" data-end=\"883\">\u2714\ufe0f F\u00f6rdelar med VELO Groovy Grape Mini<\/h3>\n<ul data-start=\"885\" data-end=\"1095\">\n<li data-start=\"885\" data-end=\"917\">\n<p data-start=\"887\" data-end=\"917\"><strong data-start=\"887\" data-end=\"915\">Fruktig och s\u00f6t druvsmak<\/strong><\/p>\n<\/li>\n<li data-start=\"918\" data-end=\"959\">\n<p data-start=\"920\" data-end=\"959\"><strong data-start=\"920\" data-end=\"957\">Mini-format \u2013 diskret och bekv\u00e4mt<\/strong><\/p>\n<\/li>\n<li data-start=\"960\" data-end=\"1001\">\n<p data-start=\"962\" data-end=\"1001\"><strong data-start=\"962\" data-end=\"999\">Tobaksfritt vitt snus med nikotin<\/strong><\/p>\n<\/li>\n<li data-start=\"1002\" data-end=\"1054\">\n<p data-start=\"1004\" data-end=\"1054\"><strong data-start=\"1004\" data-end=\"1052\">Tillverkad av British American Tobacco (BAT)<\/strong><\/p>\n<\/li>\n<li data-start=\"1055\" data-end=\"1095\">\n<p data-start=\"1057\" data-end=\"1095\"><strong data-start=\"1057\" data-end=\"1095\">Mild till medelstark nikotinstyrka<\/strong><\/p>\n<\/li>\n<\/ul>\n<hr data-start=\"1097\" data-end=\"1100\" \/>\n<h3 data-start=\"1102\" data-end=\"1132\">\ud83c\udf47 Produktspecifikationer:<\/h3>\n<ul data-start=\"1134\" data-end=\"1360\">\n<li data-start=\"1134\" data-end=\"1173\">\n<p data-start=\"1136\" data-end=\"1173\"><strong data-start=\"1136\" data-end=\"1148\">Produkt:<\/strong> VELO Groovy Grape Mini<\/p>\n<\/li>\n<li data-start=\"1174\" data-end=\"1193\">\n<p data-start=\"1176\" data-end=\"1193\"><strong data-start=\"1176\" data-end=\"1185\">Smak:<\/strong> Druva<\/p>\n<\/li>\n<li data-start=\"1194\" data-end=\"1230\">\n<p data-start=\"1196\" data-end=\"1230\"><strong data-start=\"1196\" data-end=\"1204\">Typ:<\/strong> Vitt snus (tobaksfritt)<\/p>\n<\/li>\n<li data-start=\"1231\" data-end=\"1251\">\n<p data-start=\"1233\" data-end=\"1251\"><strong data-start=\"1233\" data-end=\"1244\">Format:<\/strong> Mini<\/p>\n<\/li>\n<li data-start=\"1252\" data-end=\"1273\">\n<p data-start=\"1254\" data-end=\"1273\"><strong data-start=\"1254\" data-end=\"1265\">Styrka:<\/strong> Medel<\/p>\n<\/li>\n<li data-start=\"1274\" data-end=\"1310\">\n<p data-start=\"1276\" data-end=\"1310\"><strong data-start=\"1276\" data-end=\"1305\">Antal portioner per dosa:<\/strong> 20<\/p>\n<\/li>\n<li data-start=\"1311\" data-end=\"1360\">\n<p data-start=\"1313\" data-end=\"1360\"><strong data-start=\"1313\" data-end=\"1329\">Tillverkare:<\/strong> British American Tobacco (BAT)<\/p>\n<\/li>\n<\/ul>\n<hr data-start=\"1362\" data-end=\"1365\" \/>\n<h2 data-start=\"1367\" data-end=\"1417\">\ud83c\udf08 Utforska hela VELO-sortimentet hos Veloop.se<\/h2>\n<p data-start=\"1419\" data-end=\"1532\">Oavsett om du gillar mint, b\u00e4r, citrus eller nikotinfria alternativ \u2013 h\u00e4r \u00e4r hela VELO-sortimentet hos Veloop.se:<\/p>\n<ul data-start=\"1534\" data-end=\"3463\">\n<li data-start=\"1534\" data-end=\"1597\">\n<p data-start=\"1536\" data-end=\"1597\"><strong data-start=\"1536\" data-end=\"1562\">VELO Arctic Grapefruit<\/strong> \u2013 Frisk grapefrukt med kylig ton<\/p>\n<\/li>\n<li data-start=\"1598\" data-end=\"1653\">\n<p data-start=\"1600\" data-end=\"1653\"><strong data-start=\"1600\" data-end=\"1623\">VELO Blue Raspberry<\/strong> \u2013 S\u00f6t och syrlig bl\u00e5 hallon<\/p>\n<\/li>\n<li data-start=\"1654\" data-end=\"1704\">\n<p data-start=\"1656\" data-end=\"1704\"><strong data-start=\"1656\" data-end=\"1677\">VELO Blushy Berry<\/strong> \u2013 Mjuk smak av ljusa b\u00e4r<\/p>\n<\/li>\n<li data-start=\"1705\" data-end=\"1758\">\n<p data-start=\"1707\" data-end=\"1758\"><strong data-start=\"1707\" data-end=\"1728\">VELO Breezy Mango<\/strong> \u2013 L\u00e4tt och tropisk mangoton<\/p>\n<\/li>\n<li data-start=\"1759\" data-end=\"1818\">\n<p data-start=\"1761\" data-end=\"1818\"><strong data-start=\"1761\" data-end=\"1791\">VELO Bright Spearmint Mini<\/strong> \u2013 Mild och s\u00f6t spearmint<\/p>\n<\/li>\n<li data-start=\"1819\" data-end=\"1887\">\n<p data-start=\"1821\" data-end=\"1887\"><strong data-start=\"1821\" data-end=\"1852\">VELO Crispy Peppermint Mini<\/strong> \u2013 Stark pepparmint i mini-format<\/p>\n<\/li>\n<li data-start=\"1888\" data-end=\"1964\">\n<p data-start=\"1890\" data-end=\"1964\"><strong data-start=\"1890\" data-end=\"1921\">VELO Crispy Peppermint Slim<\/strong> \u2013 Klassisk pepparmint med kylande effekt<\/p>\n<\/li>\n<li data-start=\"1965\" data-end=\"2038\">\n<p data-start=\"1967\" data-end=\"2038\"><strong data-start=\"1967\" data-end=\"1998\">VELO Crispy Peppermint Zero<\/strong> \u2013 Tobaksfri och nikotinfri pepparmint<\/p>\n<\/li>\n<li data-start=\"2039\" data-end=\"2122\">\n<p data-start=\"2041\" data-end=\"2122\"><strong data-start=\"2041\" data-end=\"2077\">VELO Freezing Peppermint 10,9 MG<\/strong> \u2013 Isig och frisk pepparmint, medium styrka<\/p>\n<\/li>\n<li data-start=\"2123\" data-end=\"2195\">\n<p data-start=\"2125\" data-end=\"2195\"><strong data-start=\"2125\" data-end=\"2159\">VELO Freezing Peppermint 14 MG<\/strong> \u2013 Iskall pepparmint, stark styrka<\/p>\n<\/li>\n<li data-start=\"2196\" data-end=\"2265\">\n<p data-start=\"2198\" data-end=\"2265\"><strong data-start=\"2198\" data-end=\"2232\">VELO Freezing Peppermint 17 MG<\/strong> \u2013 Maxad kyla och nikotinstyrka<\/p>\n<\/li>\n<li data-start=\"2266\" data-end=\"2331\">\n<p data-start=\"2268\" data-end=\"2331\"><strong data-start=\"2268\" data-end=\"2292\">VELO Green Spearmint<\/strong> \u2013 Fr\u00e4sch spearmint med mjuk karakt\u00e4r<\/p>\n<\/li>\n<li data-start=\"2332\" data-end=\"2400\">\n<p data-start=\"2334\" data-end=\"2400\"><strong data-start=\"2334\" data-end=\"2360\">VELO Groovy Grape Mini<\/strong> \u2013 L\u00e4tt och s\u00f6t druvsmak i mini-format<\/p>\n<\/li>\n<li data-start=\"2401\" data-end=\"2453\">\n<p data-start=\"2403\" data-end=\"2453\"><strong data-start=\"2403\" data-end=\"2423\">VELO Icy Berries<\/strong> \u2013 B\u00e4rmix med kylande k\u00e4nsla<\/p>\n<\/li>\n<li data-start=\"2454\" data-end=\"2510\">\n<p data-start=\"2456\" data-end=\"2510\"><strong data-start=\"2456\" data-end=\"2475\">VELO Icy Cherry<\/strong> \u2013 S\u00f6t k\u00f6rsb\u00e4rssmak med sval mint<\/p>\n<\/li>\n<li data-start=\"2511\" data-end=\"2564\">\n<p data-start=\"2513\" data-end=\"2564\"><strong data-start=\"2513\" data-end=\"2532\">VELO Lime Flame<\/strong> \u2013 Syrlig lime med citrussting<\/p>\n<\/li>\n<li data-start=\"2565\" data-end=\"2623\">\n<p data-start=\"2567\" data-end=\"2623\"><strong data-start=\"2567\" data-end=\"2587\">VELO Mango Flame<\/strong> \u2013 Fruktig mango med kryddig hetta<\/p>\n<\/li>\n<li data-start=\"2624\" data-end=\"2682\">\n<p data-start=\"2626\" data-end=\"2682\"><strong data-start=\"2626\" data-end=\"2655\">VELO McLaren Sweet Papaya<\/strong> \u2013 Exotisk och s\u00f6t papaya<\/p>\n<\/li>\n<li data-start=\"2683\" data-end=\"2739\">\n<p data-start=\"2685\" data-end=\"2739\"><strong data-start=\"2685\" data-end=\"2706\">VELO Orange Spark<\/strong> \u2013 Frisk apelsin med citruskick<\/p>\n<\/li>\n<li data-start=\"2740\" data-end=\"2812\">\n<p data-start=\"2742\" data-end=\"2812\"><strong data-start=\"2742\" data-end=\"2767\">VELO Peppermint Storm<\/strong> \u2013 Intensiv pepparmint med kraftfull effekt<\/p>\n<\/li>\n<li data-start=\"2813\" data-end=\"2872\">\n<p data-start=\"2815\" data-end=\"2872\"><strong data-start=\"2815\" data-end=\"2840\">VELO Punchy Lime Mini<\/strong> \u2013 Skarp lime i kompakt format<\/p>\n<\/li>\n<li data-start=\"2873\" data-end=\"2940\">\n<p data-start=\"2875\" data-end=\"2940\"><strong data-start=\"2875\" data-end=\"2901\">VELO Purple Grape Mini<\/strong> \u2013 S\u00f6t och saftig druva i mini-format<\/p>\n<\/li>\n<li data-start=\"2941\" data-end=\"3011\">\n<p data-start=\"2943\" data-end=\"3011\"><strong data-start=\"2943\" data-end=\"2971\">VELO Purple Grape Strong<\/strong> \u2013 Djup druvsmak med stark nikotinkick<\/p>\n<\/li>\n<li data-start=\"3012\" data-end=\"3075\">\n<p data-start=\"3014\" data-end=\"3075\"><strong data-start=\"3014\" data-end=\"3038\">VELO Salty Liquorice<\/strong> \u2013 Saltlakrits med kraftig karakt\u00e4r<\/p>\n<\/li>\n<li data-start=\"3076\" data-end=\"3139\">\n<p data-start=\"3078\" data-end=\"3139\"><strong data-start=\"3078\" data-end=\"3108\">VELO Simply Spearmint Mini<\/strong> \u2013 Enkel och fr\u00e4sch spearmint<\/p>\n<\/li>\n<li data-start=\"3140\" data-end=\"3205\">\n<p data-start=\"3142\" data-end=\"3205\"><strong data-start=\"3142\" data-end=\"3165\">VELO Sour Lime Mini<\/strong> \u2013 Syrlig lime med tydlig citrusprofil<\/p>\n<\/li>\n<li data-start=\"3206\" data-end=\"3273\">\n<p data-start=\"3208\" data-end=\"3273\"><strong data-start=\"3208\" data-end=\"3237\">VELO Tropical Mango 14 MG<\/strong> \u2013 S\u00f6t mango med tropisk fyllighet<\/p>\n<\/li>\n<li data-start=\"3274\" data-end=\"3327\">\n<p data-start=\"3276\" data-end=\"3327\"><strong data-start=\"3276\" data-end=\"3304\">VELO Tropical Mango Zero<\/strong> \u2013 Mango utan nikotin<\/p>\n<\/li>\n<li data-start=\"3328\" data-end=\"3393\">\n<p data-start=\"3330\" data-end=\"3393\"><strong data-start=\"3330\" data-end=\"3361\">VELO Wintry Watermelon Mini<\/strong> \u2013 Vattenmelon med mintig kyla<\/p>\n<\/li>\n<li data-start=\"3394\" data-end=\"3463\">\n<p data-start=\"3396\" data-end=\"3463\"><strong data-start=\"3396\" data-end=\"3422\">VELO Zesty Elderflower<\/strong> \u2013 Blommig fl\u00e4der med frisk citrusnyans<\/p>\n<\/li>\n<\/ul>\n<hr data-start=\"3465\" data-end=\"3468\" \/>\n<h2 data-start=\"3470\" data-end=\"3520\">\ud83d\ude80 Best\u00e4ll VELO Groovy Grape Mini hos Veloop.se<\/h2>\n<p data-start=\"3522\" data-end=\"3666\">Letar du efter en <strong data-start=\"3540\" data-end=\"3578\">diskret och fruktig snusupplevelse<\/strong> med mild styrka? D\u00e5 \u00e4r VELO Groovy Grape Mini ett perfekt val. S\u00f6t, smidig och smakrik!<\/p>\n<p data-start=\"3668\" data-end=\"3778\">\ud83d\uded2 <strong data-start=\"3671\" data-end=\"3778\"><a class=\"\" href=\"https:\/\/snus-malmo.se\/sv\/produkt-kategori\/velo\/\" target=\"_new\" rel=\"noopener\" data-start=\"3673\" data-end=\"3776\">Klicka hem din favorit fr\u00e5n VELO idag \u2013 bara hos Veloop.se!<\/a><\/strong><\/p>","protected":false},"excerpt":{"rendered":"<h1><strong data-start=\"2315\" data-end=\"2341\">VELO Groovy Grape Mini<\/strong><\/h1>\n<h2>VELO Groovy Grape Mini \u2013 S\u00f6t druvsmak | Veloop.se<\/h2>\n<p>VELO Groovy Grape Mini \u2013 fruktigt vitt snus i mini-format med s\u00f6t druvsmak. Diskret, tobaksfritt och smakfullt. K\u00f6p VELO online hos Veloop.se!<\/p>\n<p>\ud83d\uded2 <strong data-start=\"3671\" data-end=\"3778\"><a class=\"\" href=\"https:\/\/snus-malmo.se\/sv\/produkt-kategori\/velo\/\" target=\"_new\" rel=\"noopener\" data-start=\"3673\" data-end=\"3776\">Klicka hem din favorit fr\u00e5n VELO idag \u2013 bara hos Veloop.se!<\/a><\/strong><\/p>","protected":false},"featured_media":60576,"comment_status":"open","ping_status":"closed","template":"","meta":[],"product_brand":[326],"product_cat":[136,79,255],"product_tag":[],"class_list":{"0":"post-54695","1":"product","2":"type-product","3":"status-publish","4":"has-post-thumbnail","6":"product_brand-velo","7":"product_cat-all-whites","8":"product_cat-mini-portion","9":"product_cat-velo","11":"first","12":"instock","13":"taxable","14":"shipping-taxable","15":"purchasable","16":"product-type-variable"},"_links":{"self":[{"href":"https:\/\/snus-malmo.se\/sv\/wp-json\/wp\/v2\/product\/54695","targetHints":{"allow":["GET"]}}],"collection":[{"href":"https:\/\/snus-malmo.se\/sv\/wp-json\/wp\/v2\/product"}],"about":[{"href":"https:\/\/snus-malmo.se\/sv\/wp-json\/wp\/v2\/types\/product"}],"replies":[{"embeddable":true,"href":"https:\/\/snus-malmo.se\/sv\/wp-json\/wp\/v2\/comments?post=54695"}],"version-history":[{"count":0,"href":"https:\/\/snus-malmo.se\/sv\/wp-json\/wp\/v2\/product\/54695\/revisions"}],"wp:featuredmedia":[{"embeddable":true,"href":"https:\/\/snus-malmo.se\/sv\/wp-json\/wp\/v2\/media\/60576"}],"wp:attachment":[{"href":"https:\/\/snus-malmo.se\/sv\/wp-json\/wp\/v2\/media?parent=54695"}],"wp:term":[{"taxonomy":"product_brand","embeddable":true,"href":"https:\/\/snus-malmo.se\/sv\/wp-json\/wp\/v2\/product_brand?post=54695"},{"taxonomy":"product_cat","embeddable":true,"href":"https:\/\/snus-malmo.se\/sv\/wp-json\/wp\/v2\/product_cat?post=54695"},{"taxonomy":"product_tag","embeddable":true,"href":"https:\/\/snus-malmo.se\/sv\/wp-json\/wp\/v2\/product_tag?post=54695"}],"curies":[{"name":"wp","href":"https:\/\/api.w.org\/{rel}","templated":true}]}}