{"id":54721,"date":"2025-05-23T16:58:36","date_gmt":"2025-05-23T16:58:36","guid":{"rendered":"https:\/\/snus-malmo.se\/?post_type=product&#038;p=54721"},"modified":"2025-07-27T23:53:54","modified_gmt":"2025-07-27T23:53:54","slug":"siberia-80-white-dry-mini-portion-2","status":"publish","type":"product","link":"https:\/\/snus-malmo.se\/sv\/produkt\/siberia-80-white-dry-mini-portion-2\/","title":{"rendered":"Siberia -80 White Dry Mini Portion"},"content":{"rendered":"<p>Siberia -80 White Dry Mini har en kraftig tobaksblandning med en speciell och tydlig mintsmak. Portionerna \u00e4r i mini format och har en extra stark nikotinhalt.<\/p>\n<p>En av de starkaste nikotinupplevelser p\u00e5 markanden. Kommer i torra mini-portioner och med l\u00e4gre fukthalt i snuset. Rinner mindre och h\u00e5ller \u00e4ven l\u00e4ngre \u00e4n vanliga \u2019White\u2019 portioner. Mini portionerna sitter bekv\u00e4mt och diskret under l\u00e4ppen.<\/p>\n<table class=\"product-specs\">\n<thead>\n<tr>\n<th>Fakta om produkten<\/th>\n<th class=\"text-right\"><\/th>\n<\/tr>\n<\/thead>\n<tbody>\n<tr>\n<td class=\"spec-key\">Varum\u00e4rke<\/td>\n<td class=\"spec-value text-right\">Siberia Snus<\/td>\n<\/tr>\n<tr>\n<td class=\"spec-key\">Produkttyp<\/td>\n<td class=\"spec -value text-right\">white portion<\/td>\n<\/tr>\n<tr>\n<td class=\"spec-key\">Nikotinstyrka<\/td>\n<td class=\"spec -value text-right\">Extra Stark<\/td>\n<\/tr>\n<tr>\n<td class=\"spec-key\">Nikotinhalt<\/td>\n<td class=\"spec -value text-right\">43 mg\/g<\/td>\n<\/tr>\n<tr>\n<td class=\"spec-key\">Smak<\/td>\n<td class=\"spec -value text-right\">mint<\/td>\n<\/tr>\n<tr>\n<td class=\"spec-key\">Inneh\u00e5ll\/f\u00f6rpackning<\/td>\n<td class=\"spec -value text-right\">9 g<\/td>\n<\/tr>\n<tr>\n<td class=\"spec-key\">Snustyp<\/td>\n<td class=\"spec -value text-right\">Extra Stark<\/td>\n<\/tr>\n<tr>\n<td class=\"spec-key\">Format<\/td>\n<td class=\"spec -value text-right\">Mini<\/td>\n<\/tr>\n<tr>\n<td class=\"spec-key\">Producent<\/td>\n<td class=\"spec-value text-right\">GN Tobacco<\/td>\n<\/tr>\n<\/tbody>\n<\/table>","protected":false},"excerpt":{"rendered":"<p>Siberia -80 White Dry Mini har en kraftig tobaksblandning med en speciell och tydlig mintsmak. Portionerna \u00e4r i mini format och har en extra stark nikotinhalt.<\/p>\n<p>En av de starkaste nikotinupplevelser p\u00e5 markanden. Kommer i torra mini-portioner och med l\u00e4gre fukthalt i snuset. Rinner mindre och h\u00e5ller \u00e4ven l\u00e4ngre \u00e4n vanliga \u2019White\u2019 portioner. Mini portionerna sitter bekv\u00e4mt och diskret under l\u00e4ppen.<\/p>","protected":false},"featured_media":20353,"comment_status":"open","ping_status":"closed","template":"","meta":[],"product_brand":[],"product_cat":[79,116],"product_tag":[],"class_list":{"0":"post-54721","1":"product","2":"type-product","3":"status-publish","4":"has-post-thumbnail","6":"product_cat-mini-portion","7":"product_cat-siberia","9":"first","10":"instock","11":"taxable","12":"shipping-taxable","13":"purchasable","14":"product-type-variable"},"_links":{"self":[{"href":"https:\/\/snus-malmo.se\/sv\/wp-json\/wp\/v2\/product\/54721","targetHints":{"allow":["GET"]}}],"collection":[{"href":"https:\/\/snus-malmo.se\/sv\/wp-json\/wp\/v2\/product"}],"about":[{"href":"https:\/\/snus-malmo.se\/sv\/wp-json\/wp\/v2\/types\/product"}],"replies":[{"embeddable":true,"href":"https:\/\/snus-malmo.se\/sv\/wp-json\/wp\/v2\/comments?post=54721"}],"version-history":[{"count":0,"href":"https:\/\/snus-malmo.se\/sv\/wp-json\/wp\/v2\/product\/54721\/revisions"}],"wp:featuredmedia":[{"embeddable":true,"href":"https:\/\/snus-malmo.se\/sv\/wp-json\/wp\/v2\/media\/20353"}],"wp:attachment":[{"href":"https:\/\/snus-malmo.se\/sv\/wp-json\/wp\/v2\/media?parent=54721"}],"wp:term":[{"taxonomy":"product_brand","embeddable":true,"href":"https:\/\/snus-malmo.se\/sv\/wp-json\/wp\/v2\/product_brand?post=54721"},{"taxonomy":"product_cat","embeddable":true,"href":"https:\/\/snus-malmo.se\/sv\/wp-json\/wp\/v2\/product_cat?post=54721"},{"taxonomy":"product_tag","embeddable":true,"href":"https:\/\/snus-malmo.se\/sv\/wp-json\/wp\/v2\/product_tag?post=54721"}],"curies":[{"name":"wp","href":"https:\/\/api.w.org\/{rel}","templated":true}]}}