{"id":54742,"date":"2025-05-23T16:58:39","date_gmt":"2025-05-23T16:58:39","guid":{"rendered":"https:\/\/snus-malmo.se\/?post_type=product&#038;p=54742"},"modified":"2025-11-24T20:32:33","modified_gmt":"2025-11-24T20:32:33","slug":"velo-bright-spearmint-mini","status":"publish","type":"product","link":"https:\/\/snus-malmo.se\/sv\/produkt\/velo-bright-spearmint-mini\/","title":{"rendered":"VELO Bright Spearmint Mini"},"content":{"rendered":"<h1>VELO Bright Spearmint Mini<\/h1>\n<h2 data-start=\"281\" data-end=\"357\">VELO Bright Spearmint Mini \u2013 Frisk och s\u00f6t spearmint i smidigt miniformat<\/h2>\n<p data-start=\"359\" data-end=\"687\"><strong data-start=\"359\" data-end=\"389\">VELO Bright Spearmint Mini<\/strong> \u00e4r ett <strong data-start=\"397\" data-end=\"422\">tobaksfritt vitt snus<\/strong> i ett extra diskret <strong data-start=\"443\" data-end=\"458\">mini-format<\/strong>, med en <strong data-start=\"467\" data-end=\"501\">mild och s\u00f6t smak av spearmint<\/strong>. Den l\u00e4tta fr\u00e4sch\u00f6ren kombinerat med en balanserad nikotinhalt g\u00f6r detta till ett perfekt val f\u00f6r dig som s\u00f6ker en <strong data-start=\"617\" data-end=\"653\">mild men uppfriskande upplevelse<\/strong>, utan att kompromissa med smaken.<\/p>\n<p data-start=\"689\" data-end=\"857\">Det lilla formatet g\u00f6r produkten idealisk f\u00f6r dig som vill ha <strong data-start=\"751\" data-end=\"773\">diskret anv\u00e4ndning<\/strong>, samtidigt som den fr\u00e4scha mintsmaken h\u00e5ller dig fr\u00e4sch och alert under hela dagen.<\/p>\n<hr data-start=\"859\" data-end=\"862\" \/>\n<h3 data-start=\"864\" data-end=\"910\">\u2714\ufe0f F\u00f6rdelar med VELO Bright Spearmint Mini<\/h3>\n<ul data-start=\"912\" data-end=\"1134\">\n<li data-start=\"912\" data-end=\"947\">\n<p data-start=\"914\" data-end=\"947\"><strong data-start=\"914\" data-end=\"945\">S\u00f6t och frisk spearmintsmak<\/strong><\/p>\n<\/li>\n<li data-start=\"948\" data-end=\"1000\">\n<p data-start=\"950\" data-end=\"1000\"><strong data-start=\"950\" data-end=\"998\">Mini-format \u2013 perfekt f\u00f6r diskret anv\u00e4ndning<\/strong><\/p>\n<\/li>\n<li data-start=\"1001\" data-end=\"1043\">\n<p data-start=\"1003\" data-end=\"1043\"><strong data-start=\"1003\" data-end=\"1041\">Mild till medelstark nikotinstyrka<\/strong><\/p>\n<\/li>\n<li data-start=\"1044\" data-end=\"1083\">\n<p data-start=\"1046\" data-end=\"1083\"><strong data-start=\"1046\" data-end=\"1081\">Tobaksfritt vitt snus fr\u00e5n VELO<\/strong><\/p>\n<\/li>\n<li data-start=\"1084\" data-end=\"1134\">\n<p data-start=\"1086\" data-end=\"1134\"><strong data-start=\"1086\" data-end=\"1134\">Tillverkas av British American Tobacco (BAT)<\/strong><\/p>\n<\/li>\n<\/ul>\n<hr data-start=\"1136\" data-end=\"1139\" \/>\n<h3 data-start=\"1141\" data-end=\"1171\">\ud83c\udf3f Produktspecifikationer:<\/h3>\n<ul data-start=\"1173\" data-end=\"1417\">\n<li data-start=\"1173\" data-end=\"1216\">\n<p data-start=\"1175\" data-end=\"1216\"><strong data-start=\"1175\" data-end=\"1187\">Produkt:<\/strong> VELO Bright Spearmint Mini<\/p>\n<\/li>\n<li data-start=\"1217\" data-end=\"1240\">\n<p data-start=\"1219\" data-end=\"1240\"><strong data-start=\"1219\" data-end=\"1228\">Smak:<\/strong> Spearmint<\/p>\n<\/li>\n<li data-start=\"1241\" data-end=\"1277\">\n<p data-start=\"1243\" data-end=\"1277\"><strong data-start=\"1243\" data-end=\"1251\">Typ:<\/strong> Vitt snus (tobaksfritt)<\/p>\n<\/li>\n<li data-start=\"1278\" data-end=\"1298\">\n<p data-start=\"1280\" data-end=\"1298\"><strong data-start=\"1280\" data-end=\"1291\">Format:<\/strong> Mini<\/p>\n<\/li>\n<li data-start=\"1299\" data-end=\"1330\">\n<p data-start=\"1301\" data-end=\"1330\"><strong data-start=\"1301\" data-end=\"1312\">Styrka:<\/strong> Mild till medel<\/p>\n<\/li>\n<li data-start=\"1331\" data-end=\"1367\">\n<p data-start=\"1333\" data-end=\"1367\"><strong data-start=\"1333\" data-end=\"1362\">Antal portioner per dosa:<\/strong> 20<\/p>\n<\/li>\n<li data-start=\"1368\" data-end=\"1417\">\n<p data-start=\"1370\" data-end=\"1417\"><strong data-start=\"1370\" data-end=\"1386\">Tillverkare:<\/strong> British American Tobacco (BAT)<\/p>\n<\/li>\n<\/ul>\n<hr data-start=\"1419\" data-end=\"1422\" \/>\n<h2 data-start=\"1424\" data-end=\"1460\">\ud83c\udf08 VELO-sortimentet hos Veloop.se<\/h2>\n<p data-start=\"1462\" data-end=\"1577\">Hitta din nya favorit bland hela VELO-sortimentet \u2013 fr\u00e5n sval mint till fruktiga smaker och nikotinfria alternativ:<\/p>\n<ul data-start=\"1579\" data-end=\"3508\">\n<li data-start=\"1579\" data-end=\"1642\">\n<p data-start=\"1581\" data-end=\"1642\"><strong data-start=\"1581\" data-end=\"1607\">VELO Arctic Grapefruit<\/strong> \u2013 Frisk grapefrukt med kylig ton<\/p>\n<\/li>\n<li data-start=\"1643\" data-end=\"1698\">\n<p data-start=\"1645\" data-end=\"1698\"><strong data-start=\"1645\" data-end=\"1668\">VELO Blue Raspberry<\/strong> \u2013 S\u00f6t och syrlig bl\u00e5 hallon<\/p>\n<\/li>\n<li data-start=\"1699\" data-end=\"1749\">\n<p data-start=\"1701\" data-end=\"1749\"><strong data-start=\"1701\" data-end=\"1722\">VELO Blushy Berry<\/strong> \u2013 Mjuk smak av ljusa b\u00e4r<\/p>\n<\/li>\n<li data-start=\"1750\" data-end=\"1803\">\n<p data-start=\"1752\" data-end=\"1803\"><strong data-start=\"1752\" data-end=\"1773\">VELO Breezy Mango<\/strong> \u2013 L\u00e4tt och tropisk mangoton<\/p>\n<\/li>\n<li data-start=\"1804\" data-end=\"1863\">\n<p data-start=\"1806\" data-end=\"1863\"><strong data-start=\"1806\" data-end=\"1836\">VELO Bright Spearmint Mini<\/strong> \u2013 Mild och s\u00f6t spearmint<\/p>\n<\/li>\n<li data-start=\"1864\" data-end=\"1932\">\n<p data-start=\"1866\" data-end=\"1932\"><strong data-start=\"1866\" data-end=\"1897\">VELO Crispy Peppermint Mini<\/strong> \u2013 Stark pepparmint i mini-format<\/p>\n<\/li>\n<li data-start=\"1933\" data-end=\"2009\">\n<p data-start=\"1935\" data-end=\"2009\"><strong data-start=\"1935\" data-end=\"1966\">VELO Crispy Peppermint Slim<\/strong> \u2013 Klassisk pepparmint med kylande effekt<\/p>\n<\/li>\n<li data-start=\"2010\" data-end=\"2083\">\n<p data-start=\"2012\" data-end=\"2083\"><strong data-start=\"2012\" data-end=\"2043\">VELO Crispy Peppermint Zero<\/strong> \u2013 Tobaksfri och nikotinfri pepparmint<\/p>\n<\/li>\n<li data-start=\"2084\" data-end=\"2167\">\n<p data-start=\"2086\" data-end=\"2167\"><strong data-start=\"2086\" data-end=\"2122\">VELO Freezing Peppermint 10,9 MG<\/strong> \u2013 Isig och frisk pepparmint, medium styrka<\/p>\n<\/li>\n<li data-start=\"2168\" data-end=\"2240\">\n<p data-start=\"2170\" data-end=\"2240\"><strong data-start=\"2170\" data-end=\"2204\">VELO Freezing Peppermint 14 MG<\/strong> \u2013 Iskall pepparmint, stark styrka<\/p>\n<\/li>\n<li data-start=\"2241\" data-end=\"2310\">\n<p data-start=\"2243\" data-end=\"2310\"><strong data-start=\"2243\" data-end=\"2277\">VELO Freezing Peppermint 17 MG<\/strong> \u2013 Maxad kyla och nikotinstyrka<\/p>\n<\/li>\n<li data-start=\"2311\" data-end=\"2376\">\n<p data-start=\"2313\" data-end=\"2376\"><strong data-start=\"2313\" data-end=\"2337\">VELO Green Spearmint<\/strong> \u2013 Fr\u00e4sch spearmint med mjuk karakt\u00e4r<\/p>\n<\/li>\n<li data-start=\"2377\" data-end=\"2445\">\n<p data-start=\"2379\" data-end=\"2445\"><strong data-start=\"2379\" data-end=\"2405\">VELO Groovy Grape Mini<\/strong> \u2013 L\u00e4tt och s\u00f6t druvsmak i mini-format<\/p>\n<\/li>\n<li data-start=\"2446\" data-end=\"2498\">\n<p data-start=\"2448\" data-end=\"2498\"><strong data-start=\"2448\" data-end=\"2468\">VELO Icy Berries<\/strong> \u2013 B\u00e4rmix med kylande k\u00e4nsla<\/p>\n<\/li>\n<li data-start=\"2499\" data-end=\"2555\">\n<p data-start=\"2501\" data-end=\"2555\"><strong data-start=\"2501\" data-end=\"2520\">VELO Icy Cherry<\/strong> \u2013 S\u00f6t k\u00f6rsb\u00e4rssmak med sval mint<\/p>\n<\/li>\n<li data-start=\"2556\" data-end=\"2609\">\n<p data-start=\"2558\" data-end=\"2609\"><strong data-start=\"2558\" data-end=\"2577\">VELO Lime Flame<\/strong> \u2013 Syrlig lime med citrussting<\/p>\n<\/li>\n<li data-start=\"2610\" data-end=\"2668\">\n<p data-start=\"2612\" data-end=\"2668\"><strong data-start=\"2612\" data-end=\"2632\">VELO Mango Flame<\/strong> \u2013 Fruktig mango med kryddig hetta<\/p>\n<\/li>\n<li data-start=\"2669\" data-end=\"2727\">\n<p data-start=\"2671\" data-end=\"2727\"><strong data-start=\"2671\" data-end=\"2700\">VELO McLaren Sweet Papaya<\/strong> \u2013 Exotisk och s\u00f6t papaya<\/p>\n<\/li>\n<li data-start=\"2728\" data-end=\"2784\">\n<p data-start=\"2730\" data-end=\"2784\"><strong data-start=\"2730\" data-end=\"2751\">VELO Orange Spark<\/strong> \u2013 Frisk apelsin med citruskick<\/p>\n<\/li>\n<li data-start=\"2785\" data-end=\"2857\">\n<p data-start=\"2787\" data-end=\"2857\"><strong data-start=\"2787\" data-end=\"2812\">VELO Peppermint Storm<\/strong> \u2013 Intensiv pepparmint med kraftfull effekt<\/p>\n<\/li>\n<li data-start=\"2858\" data-end=\"2917\">\n<p data-start=\"2860\" data-end=\"2917\"><strong data-start=\"2860\" data-end=\"2885\">VELO Punchy Lime Mini<\/strong> \u2013 Skarp lime i kompakt format<\/p>\n<\/li>\n<li data-start=\"2918\" data-end=\"2985\">\n<p data-start=\"2920\" data-end=\"2985\"><strong data-start=\"2920\" data-end=\"2946\">VELO Purple Grape Mini<\/strong> \u2013 S\u00f6t och saftig druva i mini-format<\/p>\n<\/li>\n<li data-start=\"2986\" data-end=\"3056\">\n<p data-start=\"2988\" data-end=\"3056\"><strong data-start=\"2988\" data-end=\"3016\">VELO Purple Grape Strong<\/strong> \u2013 Djup druvsmak med stark nikotinkick<\/p>\n<\/li>\n<li data-start=\"3057\" data-end=\"3120\">\n<p data-start=\"3059\" data-end=\"3120\"><strong data-start=\"3059\" data-end=\"3083\">VELO Salty Liquorice<\/strong> \u2013 Saltlakrits med kraftig karakt\u00e4r<\/p>\n<\/li>\n<li data-start=\"3121\" data-end=\"3184\">\n<p data-start=\"3123\" data-end=\"3184\"><strong data-start=\"3123\" data-end=\"3153\">VELO Simply Spearmint Mini<\/strong> \u2013 Enkel och fr\u00e4sch spearmint<\/p>\n<\/li>\n<li data-start=\"3185\" data-end=\"3250\">\n<p data-start=\"3187\" data-end=\"3250\"><strong data-start=\"3187\" data-end=\"3210\">VELO Sour Lime Mini<\/strong> \u2013 Syrlig lime med tydlig citrusprofil<\/p>\n<\/li>\n<li data-start=\"3251\" data-end=\"3318\">\n<p data-start=\"3253\" data-end=\"3318\"><strong data-start=\"3253\" data-end=\"3282\">VELO Tropical Mango 14 MG<\/strong> \u2013 S\u00f6t mango med tropisk fyllighet<\/p>\n<\/li>\n<li data-start=\"3319\" data-end=\"3372\">\n<p data-start=\"3321\" data-end=\"3372\"><strong data-start=\"3321\" data-end=\"3349\">VELO Tropical Mango Zero<\/strong> \u2013 Mango utan nikotin<\/p>\n<\/li>\n<li data-start=\"3373\" data-end=\"3438\">\n<p data-start=\"3375\" data-end=\"3438\"><strong data-start=\"3375\" data-end=\"3406\">VELO Wintry Watermelon Mini<\/strong> \u2013 Vattenmelon med mintig kyla<\/p>\n<\/li>\n<li data-start=\"3439\" data-end=\"3508\">\n<p data-start=\"3441\" data-end=\"3508\"><strong data-start=\"3441\" data-end=\"3467\">VELO Zesty Elderflower<\/strong> \u2013 Blommig fl\u00e4der med frisk citrusnyans<\/p>\n<\/li>\n<\/ul>\n<hr data-start=\"3510\" data-end=\"3513\" \/>\n<h2 data-start=\"3515\" data-end=\"3569\">\ud83d\ude80 Best\u00e4ll VELO Bright Spearmint Mini hos Veloop.se<\/h2>\n<p data-start=\"3571\" data-end=\"3766\">Letar du efter <strong data-start=\"3586\" data-end=\"3644\">ett diskret, tobaksfritt snus med fr\u00e4sch spearmintsmak<\/strong>? D\u00e5 \u00e4r VELO Bright Spearmint Mini ett utm\u00e4rkt val. Best\u00e4ll enkelt online och uppt\u00e4ck hela VELO-sortimentet hos Veloop.se!<\/p>\n<p data-start=\"3768\" data-end=\"3878\">\ud83d\uded2 <strong data-start=\"3771\" data-end=\"3878\"><a class=\"\" href=\"https:\/\/snus-malmo.se\/sv\/produkt-kategori\/velo\/\" target=\"_new\" rel=\"noopener\" data-start=\"3773\" data-end=\"3876\">Klicka hem din favorit fr\u00e5n VELO idag \u2013 bara hos Veloop.se!<\/a><\/strong><\/p>\n<p>&nbsp;<\/p>","protected":false},"excerpt":{"rendered":"<h1>VELO Bright Spearmint Mini<\/h1>\n<h2>VELO Bright Spearmint Mini \u2013 Fr\u00e4sch spearmint | Veloop.se<\/h2>\n<p>VELO Bright Spearmint Mini \u2013 vitt snus med mild spearmintsmak i mini-format. Diskret, fr\u00e4scht och tobaksfritt. K\u00f6p online hos Veloop.se!<\/p>\n<p>\ud83d\uded2 <strong data-start=\"3771\" data-end=\"3878\"><a class=\"\" href=\"https:\/\/snus-malmo.se\/sv\/produkt-kategori\/velo\/\" target=\"_new\" rel=\"noopener\" data-start=\"3773\" data-end=\"3876\">Klicka hem din favorit fr\u00e5n VELO idag \u2013 bara hos Veloop.se!<\/a><\/strong><\/p>","protected":false},"featured_media":60583,"comment_status":"open","ping_status":"closed","template":"","meta":[],"product_brand":[326],"product_cat":[136,79,255],"product_tag":[],"class_list":{"0":"post-54742","1":"product","2":"type-product","3":"status-publish","4":"has-post-thumbnail","6":"product_brand-velo","7":"product_cat-all-whites","8":"product_cat-mini-portion","9":"product_cat-velo","11":"first","12":"instock","13":"taxable","14":"shipping-taxable","15":"purchasable","16":"product-type-variable"},"_links":{"self":[{"href":"https:\/\/snus-malmo.se\/sv\/wp-json\/wp\/v2\/product\/54742","targetHints":{"allow":["GET"]}}],"collection":[{"href":"https:\/\/snus-malmo.se\/sv\/wp-json\/wp\/v2\/product"}],"about":[{"href":"https:\/\/snus-malmo.se\/sv\/wp-json\/wp\/v2\/types\/product"}],"replies":[{"embeddable":true,"href":"https:\/\/snus-malmo.se\/sv\/wp-json\/wp\/v2\/comments?post=54742"}],"version-history":[{"count":0,"href":"https:\/\/snus-malmo.se\/sv\/wp-json\/wp\/v2\/product\/54742\/revisions"}],"wp:featuredmedia":[{"embeddable":true,"href":"https:\/\/snus-malmo.se\/sv\/wp-json\/wp\/v2\/media\/60583"}],"wp:attachment":[{"href":"https:\/\/snus-malmo.se\/sv\/wp-json\/wp\/v2\/media?parent=54742"}],"wp:term":[{"taxonomy":"product_brand","embeddable":true,"href":"https:\/\/snus-malmo.se\/sv\/wp-json\/wp\/v2\/product_brand?post=54742"},{"taxonomy":"product_cat","embeddable":true,"href":"https:\/\/snus-malmo.se\/sv\/wp-json\/wp\/v2\/product_cat?post=54742"},{"taxonomy":"product_tag","embeddable":true,"href":"https:\/\/snus-malmo.se\/sv\/wp-json\/wp\/v2\/product_tag?post=54742"}],"curies":[{"name":"wp","href":"https:\/\/api.w.org\/{rel}","templated":true}]}}