{"id":54752,"date":"2025-05-23T16:58:39","date_gmt":"2025-05-23T16:58:39","guid":{"rendered":"https:\/\/snus-malmo.se\/?post_type=product&#038;p=54752"},"modified":"2025-11-24T20:32:28","modified_gmt":"2025-11-24T20:32:28","slug":"velo-sour-lime-mini","status":"publish","type":"product","link":"https:\/\/snus-malmo.se\/sv\/produkt\/velo-sour-lime-mini\/","title":{"rendered":"VELO Sour Lime Mini"},"content":{"rendered":"<h1><strong data-start=\"4228\" data-end=\"4246\">VELO Sour Lime Mini<\/strong><\/h1>\n<h2 data-start=\"223\" data-end=\"281\">VELO Sour Lime Mini \u2013 Syrlig lime i smidigt mini-format<\/h2>\n<p data-start=\"283\" data-end=\"567\"><strong data-start=\"283\" data-end=\"306\">VELO Sour Lime Mini<\/strong> \u00e4r ett <strong data-start=\"314\" data-end=\"339\">tobaksfritt vitt snus<\/strong> med en <strong data-start=\"347\" data-end=\"380\">frisk och syrlig smak av lime<\/strong> \u2013 perfekt f\u00f6r dig som f\u00f6redrar en fruktig men uppiggande nikotinupplevelse. Den tydliga syran fr\u00e5n limefrukten kombineras med en mild kyla som ger en <strong data-start=\"531\" data-end=\"566\">krispig och uppfriskande k\u00e4nsla<\/strong>.<\/p>\n<p data-start=\"569\" data-end=\"739\">Med sitt <strong data-start=\"578\" data-end=\"593\">mini-format<\/strong> sitter portionerna extra diskret och bekv\u00e4mt under l\u00e4ppen. Ett sj\u00e4lvklart val f\u00f6r dig som vill njuta av <strong data-start=\"698\" data-end=\"738\">fruktig fr\u00e4schhet i ett litet format<\/strong>.<\/p>\n<hr data-start=\"741\" data-end=\"744\" \/>\n<h3 data-start=\"746\" data-end=\"785\">\u2714\ufe0f F\u00f6rdelar med VELO Sour Lime Mini<\/h3>\n<ul data-start=\"787\" data-end=\"1034\">\n<li data-start=\"787\" data-end=\"825\">\n<p data-start=\"789\" data-end=\"825\"><strong data-start=\"789\" data-end=\"823\">Syrlig och fr\u00e4sch smak av lime<\/strong><\/p>\n<\/li>\n<li data-start=\"826\" data-end=\"874\">\n<p data-start=\"828\" data-end=\"874\"><strong data-start=\"828\" data-end=\"872\">Mini-format \u2013 litet, diskret och bekv\u00e4mt<\/strong><\/p>\n<\/li>\n<li data-start=\"875\" data-end=\"916\">\n<p data-start=\"877\" data-end=\"916\"><strong data-start=\"877\" data-end=\"914\">Tobaksfritt vitt snus med nikotin<\/strong><\/p>\n<\/li>\n<li data-start=\"917\" data-end=\"983\">\n<p data-start=\"919\" data-end=\"983\"><strong data-start=\"919\" data-end=\"981\">Perfekt f\u00f6r dig som gillar fruktiga smaker med tydlig syra<\/strong><\/p>\n<\/li>\n<li data-start=\"984\" data-end=\"1034\">\n<p data-start=\"986\" data-end=\"1034\"><strong data-start=\"986\" data-end=\"1034\">Tillverkad av British American Tobacco (BAT)<\/strong><\/p>\n<\/li>\n<\/ul>\n<hr data-start=\"1036\" data-end=\"1039\" \/>\n<h3 data-start=\"1041\" data-end=\"1071\">\ud83c\udf4b Produktspecifikationer:<\/h3>\n<ul data-start=\"1073\" data-end=\"1296\">\n<li data-start=\"1073\" data-end=\"1109\">\n<p data-start=\"1075\" data-end=\"1109\"><strong data-start=\"1075\" data-end=\"1087\">Produkt:<\/strong> VELO Sour Lime Mini<\/p>\n<\/li>\n<li data-start=\"1110\" data-end=\"1128\">\n<p data-start=\"1112\" data-end=\"1128\"><strong data-start=\"1112\" data-end=\"1121\">Smak:<\/strong> Lime<\/p>\n<\/li>\n<li data-start=\"1129\" data-end=\"1165\">\n<p data-start=\"1131\" data-end=\"1165\"><strong data-start=\"1131\" data-end=\"1139\">Typ:<\/strong> Vitt snus (tobaksfritt)<\/p>\n<\/li>\n<li data-start=\"1166\" data-end=\"1186\">\n<p data-start=\"1168\" data-end=\"1186\"><strong data-start=\"1168\" data-end=\"1179\">Format:<\/strong> Mini<\/p>\n<\/li>\n<li data-start=\"1187\" data-end=\"1209\">\n<p data-start=\"1189\" data-end=\"1209\"><strong data-start=\"1189\" data-end=\"1200\">Styrka:<\/strong> Normal<\/p>\n<\/li>\n<li data-start=\"1210\" data-end=\"1246\">\n<p data-start=\"1212\" data-end=\"1246\"><strong data-start=\"1212\" data-end=\"1241\">Antal portioner per dosa:<\/strong> 20<\/p>\n<\/li>\n<li data-start=\"1247\" data-end=\"1296\">\n<p data-start=\"1249\" data-end=\"1296\"><strong data-start=\"1249\" data-end=\"1265\">Tillverkare:<\/strong> British American Tobacco (BAT)<\/p>\n<\/li>\n<\/ul>\n<hr data-start=\"1298\" data-end=\"1301\" \/>\n<h2 data-start=\"1303\" data-end=\"1352\">\ud83c\udf08 Uppt\u00e4ck hela VELO-sortimentet hos Veloop.se<\/h2>\n<p data-start=\"1354\" data-end=\"1455\">VELO har n\u00e5got f\u00f6r alla \u2013 oavsett om du gillar mint, frukt eller nikotinfritt. Utforska hela utbudet:<\/p>\n<ul data-start=\"1457\" data-end=\"3386\">\n<li data-start=\"1457\" data-end=\"1520\">\n<p data-start=\"1459\" data-end=\"1520\"><strong data-start=\"1459\" data-end=\"1485\">VELO Arctic Grapefruit<\/strong> \u2013 Frisk grapefrukt med kylig ton<\/p>\n<\/li>\n<li data-start=\"1521\" data-end=\"1576\">\n<p data-start=\"1523\" data-end=\"1576\"><strong data-start=\"1523\" data-end=\"1546\">VELO Blue Raspberry<\/strong> \u2013 S\u00f6t och syrlig bl\u00e5 hallon<\/p>\n<\/li>\n<li data-start=\"1577\" data-end=\"1627\">\n<p data-start=\"1579\" data-end=\"1627\"><strong data-start=\"1579\" data-end=\"1600\">VELO Blushy Berry<\/strong> \u2013 Mjuk smak av ljusa b\u00e4r<\/p>\n<\/li>\n<li data-start=\"1628\" data-end=\"1681\">\n<p data-start=\"1630\" data-end=\"1681\"><strong data-start=\"1630\" data-end=\"1651\">VELO Breezy Mango<\/strong> \u2013 L\u00e4tt och tropisk mangoton<\/p>\n<\/li>\n<li data-start=\"1682\" data-end=\"1741\">\n<p data-start=\"1684\" data-end=\"1741\"><strong data-start=\"1684\" data-end=\"1714\">VELO Bright Spearmint Mini<\/strong> \u2013 Mild och s\u00f6t spearmint<\/p>\n<\/li>\n<li data-start=\"1742\" data-end=\"1810\">\n<p data-start=\"1744\" data-end=\"1810\"><strong data-start=\"1744\" data-end=\"1775\">VELO Crispy Peppermint Mini<\/strong> \u2013 Stark pepparmint i mini-format<\/p>\n<\/li>\n<li data-start=\"1811\" data-end=\"1887\">\n<p data-start=\"1813\" data-end=\"1887\"><strong data-start=\"1813\" data-end=\"1844\">VELO Crispy Peppermint Slim<\/strong> \u2013 Klassisk pepparmint med kylande effekt<\/p>\n<\/li>\n<li data-start=\"1888\" data-end=\"1961\">\n<p data-start=\"1890\" data-end=\"1961\"><strong data-start=\"1890\" data-end=\"1921\">VELO Crispy Peppermint Zero<\/strong> \u2013 Tobaksfri och nikotinfri pepparmint<\/p>\n<\/li>\n<li data-start=\"1962\" data-end=\"2045\">\n<p data-start=\"1964\" data-end=\"2045\"><strong data-start=\"1964\" data-end=\"2000\">VELO Freezing Peppermint 10,9 MG<\/strong> \u2013 Isig och frisk pepparmint, medium styrka<\/p>\n<\/li>\n<li data-start=\"2046\" data-end=\"2118\">\n<p data-start=\"2048\" data-end=\"2118\"><strong data-start=\"2048\" data-end=\"2082\">VELO Freezing Peppermint 14 MG<\/strong> \u2013 Iskall pepparmint, stark styrka<\/p>\n<\/li>\n<li data-start=\"2119\" data-end=\"2188\">\n<p data-start=\"2121\" data-end=\"2188\"><strong data-start=\"2121\" data-end=\"2155\">VELO Freezing Peppermint 17 MG<\/strong> \u2013 Maxad kyla och nikotinstyrka<\/p>\n<\/li>\n<li data-start=\"2189\" data-end=\"2254\">\n<p data-start=\"2191\" data-end=\"2254\"><strong data-start=\"2191\" data-end=\"2215\">VELO Green Spearmint<\/strong> \u2013 Fr\u00e4sch spearmint med mjuk karakt\u00e4r<\/p>\n<\/li>\n<li data-start=\"2255\" data-end=\"2323\">\n<p data-start=\"2257\" data-end=\"2323\"><strong data-start=\"2257\" data-end=\"2283\">VELO Groovy Grape Mini<\/strong> \u2013 L\u00e4tt och s\u00f6t druvsmak i mini-format<\/p>\n<\/li>\n<li data-start=\"2324\" data-end=\"2376\">\n<p data-start=\"2326\" data-end=\"2376\"><strong data-start=\"2326\" data-end=\"2346\">VELO Icy Berries<\/strong> \u2013 B\u00e4rmix med kylande k\u00e4nsla<\/p>\n<\/li>\n<li data-start=\"2377\" data-end=\"2433\">\n<p data-start=\"2379\" data-end=\"2433\"><strong data-start=\"2379\" data-end=\"2398\">VELO Icy Cherry<\/strong> \u2013 S\u00f6t k\u00f6rsb\u00e4rssmak med sval mint<\/p>\n<\/li>\n<li data-start=\"2434\" data-end=\"2487\">\n<p data-start=\"2436\" data-end=\"2487\"><strong data-start=\"2436\" data-end=\"2455\">VELO Lime Flame<\/strong> \u2013 Syrlig lime med citrussting<\/p>\n<\/li>\n<li data-start=\"2488\" data-end=\"2546\">\n<p data-start=\"2490\" data-end=\"2546\"><strong data-start=\"2490\" data-end=\"2510\">VELO Mango Flame<\/strong> \u2013 Fruktig mango med kryddig hetta<\/p>\n<\/li>\n<li data-start=\"2547\" data-end=\"2605\">\n<p data-start=\"2549\" data-end=\"2605\"><strong data-start=\"2549\" data-end=\"2578\">VELO McLaren Sweet Papaya<\/strong> \u2013 Exotisk och s\u00f6t papaya<\/p>\n<\/li>\n<li data-start=\"2606\" data-end=\"2662\">\n<p data-start=\"2608\" data-end=\"2662\"><strong data-start=\"2608\" data-end=\"2629\">VELO Orange Spark<\/strong> \u2013 Frisk apelsin med citruskick<\/p>\n<\/li>\n<li data-start=\"2663\" data-end=\"2735\">\n<p data-start=\"2665\" data-end=\"2735\"><strong data-start=\"2665\" data-end=\"2690\">VELO Peppermint Storm<\/strong> \u2013 Intensiv pepparmint med kraftfull effekt<\/p>\n<\/li>\n<li data-start=\"2736\" data-end=\"2795\">\n<p data-start=\"2738\" data-end=\"2795\"><strong data-start=\"2738\" data-end=\"2763\">VELO Punchy Lime Mini<\/strong> \u2013 Skarp lime i kompakt format<\/p>\n<\/li>\n<li data-start=\"2796\" data-end=\"2863\">\n<p data-start=\"2798\" data-end=\"2863\"><strong data-start=\"2798\" data-end=\"2824\">VELO Purple Grape Mini<\/strong> \u2013 S\u00f6t och saftig druva i mini-format<\/p>\n<\/li>\n<li data-start=\"2864\" data-end=\"2934\">\n<p data-start=\"2866\" data-end=\"2934\"><strong data-start=\"2866\" data-end=\"2894\">VELO Purple Grape Strong<\/strong> \u2013 Djup druvsmak med stark nikotinkick<\/p>\n<\/li>\n<li data-start=\"2935\" data-end=\"2998\">\n<p data-start=\"2937\" data-end=\"2998\"><strong data-start=\"2937\" data-end=\"2961\">VELO Salty Liquorice<\/strong> \u2013 Saltlakrits med kraftig karakt\u00e4r<\/p>\n<\/li>\n<li data-start=\"2999\" data-end=\"3062\">\n<p data-start=\"3001\" data-end=\"3062\"><strong data-start=\"3001\" data-end=\"3031\">VELO Simply Spearmint Mini<\/strong> \u2013 Enkel och fr\u00e4sch spearmint<\/p>\n<\/li>\n<li data-start=\"3063\" data-end=\"3128\">\n<p data-start=\"3065\" data-end=\"3128\"><strong data-start=\"3065\" data-end=\"3088\">VELO Sour Lime Mini<\/strong> \u2013 Syrlig lime med tydlig citrusprofil<\/p>\n<\/li>\n<li data-start=\"3129\" data-end=\"3196\">\n<p data-start=\"3131\" data-end=\"3196\"><strong data-start=\"3131\" data-end=\"3160\">VELO Tropical Mango 14 MG<\/strong> \u2013 S\u00f6t mango med tropisk fyllighet<\/p>\n<\/li>\n<li data-start=\"3197\" data-end=\"3250\">\n<p data-start=\"3199\" data-end=\"3250\"><strong data-start=\"3199\" data-end=\"3227\">VELO Tropical Mango Zero<\/strong> \u2013 Mango utan nikotin<\/p>\n<\/li>\n<li data-start=\"3251\" data-end=\"3316\">\n<p data-start=\"3253\" data-end=\"3316\"><strong data-start=\"3253\" data-end=\"3284\">VELO Wintry Watermelon Mini<\/strong> \u2013 Vattenmelon med mintig kyla<\/p>\n<\/li>\n<li data-start=\"3317\" data-end=\"3386\">\n<p data-start=\"3319\" data-end=\"3386\"><strong data-start=\"3319\" data-end=\"3345\">VELO Zesty Elderflower<\/strong> \u2013 Blommig fl\u00e4der med frisk citrusnyans<\/p>\n<\/li>\n<\/ul>\n<hr data-start=\"3388\" data-end=\"3391\" \/>\n<h2 data-start=\"3393\" data-end=\"3443\">\ud83d\ude80 K\u00f6p VELO Sour Lime Mini online hos Veloop.se<\/h2>\n<p data-start=\"3445\" data-end=\"3610\">Letar du efter <strong data-start=\"3460\" data-end=\"3487\">fr\u00e4sch och fruktig lime<\/strong> i ett <strong data-start=\"3494\" data-end=\"3517\">diskret mini-format<\/strong>? VELO Sour Lime Mini \u00e4r perfekt f\u00f6r dig som vill ha en uppiggande snusupplevelse utan tobak.<\/p>\n<p data-start=\"3612\" data-end=\"3722\">\ud83d\uded2 <strong data-start=\"3615\" data-end=\"3722\"><a class=\"\" href=\"https:\/\/snus-malmo.se\/sv\/produkt-kategori\/velo\/\" target=\"_new\" rel=\"noopener\" data-start=\"3617\" data-end=\"3720\">Klicka hem din favorit fr\u00e5n VELO idag \u2013 bara hos Veloop.se!<\/a><\/strong><\/p>\n<p>&nbsp;<\/p>","protected":false},"excerpt":{"rendered":"<h1><strong data-start=\"4228\" data-end=\"4246\">VELO Sour Lime Mini<\/strong><\/h1>\n<h2>VELO Sour Lime Mini \u2013 Syrlig lime i mini-format | Veloop.se<\/h2>\n<p>VELO Sour Lime Mini \u2013 vitt snus med frisk och syrlig limesmak. Litet mini-format, diskret och tobaksfritt. Best\u00e4ll smidigt hos Veloop.se!<\/p>\n<p>\ud83d\uded2 <strong data-start=\"3615\" data-end=\"3722\"><a class=\"\" href=\"https:\/\/snus-malmo.se\/sv\/produkt-kategori\/velo\/\" target=\"_new\" rel=\"noopener\" data-start=\"3617\" data-end=\"3720\">Klicka hem din favorit fr\u00e5n VELO idag \u2013 bara hos Veloop.se!<\/a><\/strong><\/p>","protected":false},"featured_media":60564,"comment_status":"open","ping_status":"closed","template":"","meta":[],"product_brand":[326],"product_cat":[136,79,255],"product_tag":[],"class_list":{"0":"post-54752","1":"product","2":"type-product","3":"status-publish","4":"has-post-thumbnail","6":"product_brand-velo","7":"product_cat-all-whites","8":"product_cat-mini-portion","9":"product_cat-velo","11":"first","12":"instock","13":"taxable","14":"shipping-taxable","15":"purchasable","16":"product-type-variable"},"_links":{"self":[{"href":"https:\/\/snus-malmo.se\/sv\/wp-json\/wp\/v2\/product\/54752","targetHints":{"allow":["GET"]}}],"collection":[{"href":"https:\/\/snus-malmo.se\/sv\/wp-json\/wp\/v2\/product"}],"about":[{"href":"https:\/\/snus-malmo.se\/sv\/wp-json\/wp\/v2\/types\/product"}],"replies":[{"embeddable":true,"href":"https:\/\/snus-malmo.se\/sv\/wp-json\/wp\/v2\/comments?post=54752"}],"version-history":[{"count":0,"href":"https:\/\/snus-malmo.se\/sv\/wp-json\/wp\/v2\/product\/54752\/revisions"}],"wp:featuredmedia":[{"embeddable":true,"href":"https:\/\/snus-malmo.se\/sv\/wp-json\/wp\/v2\/media\/60564"}],"wp:attachment":[{"href":"https:\/\/snus-malmo.se\/sv\/wp-json\/wp\/v2\/media?parent=54752"}],"wp:term":[{"taxonomy":"product_brand","embeddable":true,"href":"https:\/\/snus-malmo.se\/sv\/wp-json\/wp\/v2\/product_brand?post=54752"},{"taxonomy":"product_cat","embeddable":true,"href":"https:\/\/snus-malmo.se\/sv\/wp-json\/wp\/v2\/product_cat?post=54752"},{"taxonomy":"product_tag","embeddable":true,"href":"https:\/\/snus-malmo.se\/sv\/wp-json\/wp\/v2\/product_tag?post=54752"}],"curies":[{"name":"wp","href":"https:\/\/api.w.org\/{rel}","templated":true}]}}