{"id":54792,"date":"2025-05-23T16:58:42","date_gmt":"2025-05-23T16:58:42","guid":{"rendered":"https:\/\/snus-malmo.se\/?post_type=product&#038;p=54792"},"modified":"2025-11-24T20:32:25","modified_gmt":"2025-11-24T20:32:25","slug":"velo-wintery-watermelon-mini","status":"publish","type":"product","link":"https:\/\/snus-malmo.se\/sv\/produkt\/velo-wintery-watermelon-mini\/","title":{"rendered":"VELO Wintery Watermelon Mini"},"content":{"rendered":"<p><strong>VELO Wintery Watermelon Mini<\/strong>\u00a0tillverkas av\u00a0BAT. Huvudsmakerna i produkten \u00e4r vattenmelon och mint, dess intensitet \u00e4r normal och dess form \u00e4r\u00a0mini. Varje dosa inkluderar 20 portioner och definieras som\u00a0tobaksfritt snus.<\/p>\n<p>Under 2024 lanseras VELO Wintery Watermelon Mini! En redesign av VELO Mini Iced Melon men med samma smak som idag.<\/p>\n<p><strong>OBS! Ny dosdesign. Under en \u00f6verg\u00e5ngsperiod s\u00e5 kan nya och \u00e4ldre dos-versioner f\u00f6rekomma.<\/strong><\/p>\n<h2>Om produkten VELO Wintery Watermelon Mini<\/h2>\n<p>VELO Wintery Watermelon Mini \u00e4r av\u00a0varum\u00e4rket VELO, framst\u00e4llt av BAT. Denna produkt h\u00f6r till kategorin vitt snus, och kommer i ett miniformat. VELO Wintery Watermelon Mini inneh\u00e5ller inte tobak men inneh\u00e5ller nikotin. Denna produkts styrka identifieras som normal.<\/p>\n<h2>VELO Wintery Watermelon Mini: Smak &amp; Styrka<\/h2>\n<p>VELO Wintery Watermelon Mini, som \u00e4r ett vitt snus, och b\u00e4r smaken av vattenmelon och mint. Denna produkt kommer i miniformat och har normal styrka. Nikotinhalten per portion \u00e4r 6 mg och nikotinhalten per gram \u00e4r 11,9 mg. H\u00e4r finns mer\u00a0velo 2 pluppar.<\/p>\n<h3>Information om VELO Wintery Watermelon Mini:<\/h3>\n<ul>\n<li><strong>Kategori:<\/strong>\u00a0Vitt snus<\/li>\n<li><strong>Smaksegment:<\/strong>\u00a0Vattenmelon och\u00a0mint<\/li>\n<li><strong>Styrka:<\/strong>\u00a0Normal<\/li>\n<li><strong>Framst\u00e4llare:<\/strong>\u00a0British American Tobacco<\/li>\n<li><strong>Nikotin mg\/portion:<\/strong>\u00a06 mg<\/li>\n<li><strong>Antal portioner per dosa:<\/strong>\u00a020<\/li>\n<\/ul>\n<p>&nbsp;<\/p>\n<table class=\"product-specs\">\n<thead>\n<tr>\n<th>Fakta om produkten<\/th>\n<th class=\"text-right\"><\/th>\n<\/tr>\n<\/thead>\n<tbody>\n<tr>\n<td class=\"spec-key\">Varum\u00e4rke<\/td>\n<td class=\"spec-value text-right\">VELO<\/td>\n<\/tr>\n<tr>\n<td class=\"spec-key\">Produkttyp<\/td>\n<td class=\"spec -value text-right\">all white portion<\/td>\n<\/tr>\n<tr>\n<td class=\"spec-key\">Nikotinstyrka<\/td>\n<td class=\"spec -value text-right\">Normal<\/td>\n<\/tr>\n<tr>\n<td class=\"spec-key\">Nikotinhalt<\/td>\n<td class=\"spec -value text-right\">11.9 mg\/g<\/td>\n<\/tr>\n<tr>\n<td class=\"spec-key\">Smak<\/td>\n<td class=\"spec -value text-right\">Frukt<\/td>\n<\/tr>\n<tr>\n<td class=\"spec-key\">Inneh\u00e5ll\/f\u00f6rpackning<\/td>\n<td class=\"spec -value text-right\">10 g<\/td>\n<\/tr>\n<tr>\n<td class=\"spec-key\">Snustyp<\/td>\n<td class=\"spec -value text-right\">All White Portion<\/td>\n<\/tr>\n<tr>\n<td class=\"spec-key\">Format<\/td>\n<td class=\"spec -value text-right\">Mini<\/td>\n<\/tr>\n<tr>\n<td class=\"spec-key\">Producent<\/td>\n<td class=\"spec-value text-right\">BAT<\/td>\n<\/tr>\n<\/tbody>\n<\/table>","protected":false},"excerpt":{"rendered":"<p><strong>VELO Wintery Watermelon Mini<\/strong>\u00a0tillverkas av\u00a0BAT. Huvudsmakerna i produkten \u00e4r vattenmelon och mint, dess intensitet \u00e4r normal och dess form \u00e4r\u00a0mini. Varje dosa inkluderar 20 portioner och definieras som\u00a0tobaksfritt snus.<\/p>\n<p>Under 2024 lanseras VELO Wintery Watermelon Mini! En redesign av VELO Mini Iced Melon men med samma smak som idag.<\/p>\n<p><strong>OBS! Ny dosdesign. Under en \u00f6verg\u00e5ngsperiod s\u00e5 kan nya och \u00e4ldre dos-versioner f\u00f6rekomma.<\/strong><\/p>\n<h2>Om produkten VELO Wintery Watermelon Mini<\/h2>\n<p>VELO Wintery Watermelon Mini \u00e4r av\u00a0varum\u00e4rket VELO, framst\u00e4llt av BAT. Denna produkt h\u00f6r till kategorin vitt snus, och kommer i ett miniformat. VELO Wintery Watermelon Mini inneh\u00e5ller inte tobak men inneh\u00e5ller nikotin. Denna produkts styrka identifieras som normal.<\/p>","protected":false},"featured_media":60575,"comment_status":"open","ping_status":"closed","template":"","meta":[],"product_brand":[326],"product_cat":[136,79,255],"product_tag":[],"class_list":{"0":"post-54792","1":"product","2":"type-product","3":"status-publish","4":"has-post-thumbnail","6":"product_brand-velo","7":"product_cat-all-whites","8":"product_cat-mini-portion","9":"product_cat-velo","11":"first","12":"instock","13":"taxable","14":"shipping-taxable","15":"purchasable","16":"product-type-variable"},"_links":{"self":[{"href":"https:\/\/snus-malmo.se\/sv\/wp-json\/wp\/v2\/product\/54792","targetHints":{"allow":["GET"]}}],"collection":[{"href":"https:\/\/snus-malmo.se\/sv\/wp-json\/wp\/v2\/product"}],"about":[{"href":"https:\/\/snus-malmo.se\/sv\/wp-json\/wp\/v2\/types\/product"}],"replies":[{"embeddable":true,"href":"https:\/\/snus-malmo.se\/sv\/wp-json\/wp\/v2\/comments?post=54792"}],"version-history":[{"count":0,"href":"https:\/\/snus-malmo.se\/sv\/wp-json\/wp\/v2\/product\/54792\/revisions"}],"wp:featuredmedia":[{"embeddable":true,"href":"https:\/\/snus-malmo.se\/sv\/wp-json\/wp\/v2\/media\/60575"}],"wp:attachment":[{"href":"https:\/\/snus-malmo.se\/sv\/wp-json\/wp\/v2\/media?parent=54792"}],"wp:term":[{"taxonomy":"product_brand","embeddable":true,"href":"https:\/\/snus-malmo.se\/sv\/wp-json\/wp\/v2\/product_brand?post=54792"},{"taxonomy":"product_cat","embeddable":true,"href":"https:\/\/snus-malmo.se\/sv\/wp-json\/wp\/v2\/product_cat?post=54792"},{"taxonomy":"product_tag","embeddable":true,"href":"https:\/\/snus-malmo.se\/sv\/wp-json\/wp\/v2\/product_tag?post=54792"}],"curies":[{"name":"wp","href":"https:\/\/api.w.org\/{rel}","templated":true}]}}