{"id":54830,"date":"2025-05-23T16:58:46","date_gmt":"2025-05-23T16:58:46","guid":{"rendered":"https:\/\/snus-malmo.se\/?post_type=product&#038;p=54830"},"modified":"2025-11-29T10:48:12","modified_gmt":"2025-11-29T10:48:12","slug":"on-berry-3mg","status":"publish","type":"product","link":"https:\/\/snus-malmo.se\/sv\/produkt\/on-berry-3mg\/","title":{"rendered":"On! Berry 3mg"},"content":{"rendered":"<h1>On! Berry 3mg<\/h1>\n<p>on! Berry 3mg \u00e4r vita tobaksfria nikotinp\u00e5sar med smak av vinb\u00e4r och bj\u00f6rnb\u00e4r. De torra portionerna kommer i mini format och har en light nikotinhalt p\u00e5 3mg nikotin per portion. Smakar l\u00e4nge, rinner lite.<\/p>\n<p>on! Berry 3mg \u00e4r en av de senaste nyheterna fr\u00e5n On! De torra vita portionerna levererar en genuin b\u00e4rsmak s\u00e5 fort de blir lite fuktiga. On! mini portioner \u00e4r bland de minsta p\u00e5 marknaden &#8211; perfekt f\u00f6r dig som inte vill att det ska synas eller k\u00e4nnas s\u00e4rskilt mycket. On! Berry finns i tv\u00e5 styrkor: 3mg och\u00a06mg.<\/p>\n<table class=\"product-specs\">\n<thead>\n<tr>\n<th>Fakta om produkten<\/th>\n<th class=\"text-right\"><\/th>\n<\/tr>\n<\/thead>\n<tbody>\n<tr>\n<td class=\"spec-key\">Varum\u00e4rke<\/td>\n<td class=\"spec-value text-right\">On!<\/td>\n<\/tr>\n<tr>\n<td class=\"spec-key\">Produkttyp<\/td>\n<td class=\"spec -value text-right\">all white portion<\/td>\n<\/tr>\n<tr>\n<td class=\"spec-key\">Nikotinstyrka<\/td>\n<td class=\"spec -value text-right\">Light<\/td>\n<\/tr>\n<tr>\n<td class=\"spec-key\">Nikotinhalt<\/td>\n<td class=\"spec -value text-right\">9,5 mg\/g<\/td>\n<\/tr>\n<tr>\n<td class=\"spec-key\">Smak<\/td>\n<td class=\"spec -value text-right\">b\u00e4r<\/td>\n<\/tr>\n<tr>\n<td class=\"spec-key\">Inneh\u00e5ll\/f\u00f6rpackning<\/td>\n<td class=\"spec -value text-right\">6,4 g<\/td>\n<\/tr>\n<tr>\n<td class=\"spec-key\">Snustyp<\/td>\n<td class=\"spec -value text-right\">All White Portion<\/td>\n<\/tr>\n<tr>\n<td class=\"spec-key\">Format<\/td>\n<td class=\"spec -value text-right\">Mini<\/td>\n<\/tr>\n<tr>\n<td class=\"spec-key\">Producent<\/td>\n<td class=\"spec-value text-right\">Helix AB<\/td>\n<\/tr>\n<\/tbody>\n<\/table>","protected":false},"excerpt":{"rendered":"<h1>On! Berry 3mg<\/h1>\n<p>on! Berry 3mg \u00e4r vita tobaksfria nikotinp\u00e5sar med smak av vinb\u00e4r och bj\u00f6rnb\u00e4r. De torra portionerna kommer i mini format och har en light nikotinhalt p\u00e5 3mg nikotin per portion. Smakar l\u00e4nge, rinner lite.<\/p>\n<p>on! Berry 3mg \u00e4r en av de senaste nyheterna fr\u00e5n On! De torra vita portionerna levererar en genuin b\u00e4rsmak s\u00e5 fort de blir lite fuktiga. On! mini portioner \u00e4r bland de minsta p\u00e5 marknaden &#8211; perfekt f\u00f6r dig som inte vill att det ska synas eller k\u00e4nnas s\u00e4rskilt mycket. On! Berry finns i tv\u00e5 styrkor: 3mg och\u00a06mg.<\/p>","protected":false},"featured_media":20641,"comment_status":"open","ping_status":"closed","template":"","meta":[],"product_brand":[],"product_cat":[136,79,110],"product_tag":[],"class_list":{"0":"post-54830","1":"product","2":"type-product","3":"status-publish","4":"has-post-thumbnail","6":"product_cat-all-whites","7":"product_cat-mini-portion","8":"product_cat-on","10":"first","11":"instock","12":"taxable","13":"shipping-taxable","14":"purchasable","15":"product-type-variable"},"_links":{"self":[{"href":"https:\/\/snus-malmo.se\/sv\/wp-json\/wp\/v2\/product\/54830","targetHints":{"allow":["GET"]}}],"collection":[{"href":"https:\/\/snus-malmo.se\/sv\/wp-json\/wp\/v2\/product"}],"about":[{"href":"https:\/\/snus-malmo.se\/sv\/wp-json\/wp\/v2\/types\/product"}],"replies":[{"embeddable":true,"href":"https:\/\/snus-malmo.se\/sv\/wp-json\/wp\/v2\/comments?post=54830"}],"version-history":[{"count":0,"href":"https:\/\/snus-malmo.se\/sv\/wp-json\/wp\/v2\/product\/54830\/revisions"}],"wp:featuredmedia":[{"embeddable":true,"href":"https:\/\/snus-malmo.se\/sv\/wp-json\/wp\/v2\/media\/20641"}],"wp:attachment":[{"href":"https:\/\/snus-malmo.se\/sv\/wp-json\/wp\/v2\/media?parent=54830"}],"wp:term":[{"taxonomy":"product_brand","embeddable":true,"href":"https:\/\/snus-malmo.se\/sv\/wp-json\/wp\/v2\/product_brand?post=54830"},{"taxonomy":"product_cat","embeddable":true,"href":"https:\/\/snus-malmo.se\/sv\/wp-json\/wp\/v2\/product_cat?post=54830"},{"taxonomy":"product_tag","embeddable":true,"href":"https:\/\/snus-malmo.se\/sv\/wp-json\/wp\/v2\/product_tag?post=54830"}],"curies":[{"name":"wp","href":"https:\/\/api.w.org\/{rel}","templated":true}]}}