{"id":54899,"date":"2025-05-23T16:58:52","date_gmt":"2025-05-23T16:58:52","guid":{"rendered":"https:\/\/snus-malmo.se\/?post_type=product&#038;p=54899"},"modified":"2025-11-22T09:34:18","modified_gmt":"2025-11-22T09:34:18","slug":"fix-peach-rhubarb-2","status":"publish","type":"product","link":"https:\/\/snus-malmo.se\/sv\/produkt\/fix-peach-rhubarb-2\/","title":{"rendered":"FIX Peach Rhubarb #2"},"content":{"rendered":"<h2>FIX Peach Rhubarb #2<\/h2>\n<p>FIX Peach Rhubarb #2 \u00e4r ett vitt snus med en fruktig smak fr\u00e5n varum\u00e4rket FIX, tillverkat av Habit Factory In Sweden AB. Detta snus har en normal styrkeklassificering och kommer i ett slimmat format.<\/p>\n<p><strong>FIX Peach Rhubarb #2: Produktinformation<\/strong><\/p>\n<ul>\n<li>Smak: Persika och rabarber<\/li>\n<li>Styrkeklassificering: Normal<\/li>\n<li>Nikotin mg\/portion: 5,6 mg<\/li>\n<li>Nikotin mg\/g: 8 mg<\/li>\n<li>Antal portioner per dosa: 20<\/li>\n<li>Tillverkare: Habit Factory In Sweden AB<\/li>\n<\/ul>\n<p><strong>Egenskaper och anv\u00e4ndning:<\/strong>\u00a0FIX Peach Rhubarb #2 \u00e4r ett vitt snus med en fruktig karakt\u00e4r som ger en somrig smak. Den normala styrkan g\u00f6r den till ett passande alternativ f\u00f6r snusare som f\u00f6redrar en m\u00e5ttlig nikotinhalt. Varje dosa inneh\u00e5ller 20 portioner f\u00f6r enkel anv\u00e4ndning.<\/p>\n<p><strong>Nikotinstyrka i FIX Peach Rhubarb #2:<\/strong>\u00a0Med en nikotinhalt p\u00e5 5,6 mg per portion och ett totalt nikotininneh\u00e5ll p\u00e5 8 mg\/g, \u00e4r FIX Peach Rhubarb #2 klassificerad som normalstark.<\/p>\n<p><strong>Om varum\u00e4rket FIX:<\/strong>\u00a0FIX \u00e4r ett varum\u00e4rke som specialiserar sig p\u00e5 att producera olika typer av vitt snus. Deras produkter \u00e4r tillverkade av Habit Factory In Sweden AB och erbjuder olika smaker och styrkor f\u00f6r snusare att v\u00e4lja mellan.<\/p>\n<p>Ingredienser:\u00a0Vatten, fyllnadsmedel (E460), aromer, smakf\u00f6rst\u00e4rkare (koksalt), xylitol, nikotin, s\u00f6tningsmedel (E955), f\u00f6rtjockningsmedel (E406), surhetsreglerande medel (E500)<\/p>","protected":false},"excerpt":{"rendered":"<h2>FIX Peach Rhubarb #2<\/h2>\n<p>FIX Peach Rhubarb #2 \u00e4r ett vitt snus med en fruktig smak fr\u00e5n varum\u00e4rket FIX, tillverkat av Habit Factory In Sweden AB. Detta snus har en normal styrkeklassificering och kommer i ett slimmat format.<\/p>\n<p><strong>FIX Peach Rhubarb #2: Produktinformation<\/strong><\/p>\n<ul>\n<li>Smak: Persika och rabarber<\/li>\n<li>Styrkeklassificering: Normal<\/li>\n<li>Nikotin mg\/portion: 5,6 mg<\/li>\n<li>Nikotin mg\/g: 8 mg<\/li>\n<li>Antal portioner per dosa: 20<\/li>\n<li>Tillverkare: Habit Factory In Sweden AB<\/li>\n<\/ul>","protected":false},"featured_media":20892,"comment_status":"open","ping_status":"closed","template":"","meta":[],"product_brand":[419],"product_cat":[136,200,137],"product_tag":[],"class_list":{"0":"post-54899","1":"product","2":"type-product","3":"status-publish","4":"has-post-thumbnail","6":"product_brand-fix","7":"product_cat-all-whites","8":"product_cat-fix","9":"product_cat-slim","11":"first","12":"instock","13":"taxable","14":"shipping-taxable","15":"purchasable","16":"product-type-variable"},"_links":{"self":[{"href":"https:\/\/snus-malmo.se\/sv\/wp-json\/wp\/v2\/product\/54899","targetHints":{"allow":["GET"]}}],"collection":[{"href":"https:\/\/snus-malmo.se\/sv\/wp-json\/wp\/v2\/product"}],"about":[{"href":"https:\/\/snus-malmo.se\/sv\/wp-json\/wp\/v2\/types\/product"}],"replies":[{"embeddable":true,"href":"https:\/\/snus-malmo.se\/sv\/wp-json\/wp\/v2\/comments?post=54899"}],"version-history":[{"count":0,"href":"https:\/\/snus-malmo.se\/sv\/wp-json\/wp\/v2\/product\/54899\/revisions"}],"wp:featuredmedia":[{"embeddable":true,"href":"https:\/\/snus-malmo.se\/sv\/wp-json\/wp\/v2\/media\/20892"}],"wp:attachment":[{"href":"https:\/\/snus-malmo.se\/sv\/wp-json\/wp\/v2\/media?parent=54899"}],"wp:term":[{"taxonomy":"product_brand","embeddable":true,"href":"https:\/\/snus-malmo.se\/sv\/wp-json\/wp\/v2\/product_brand?post=54899"},{"taxonomy":"product_cat","embeddable":true,"href":"https:\/\/snus-malmo.se\/sv\/wp-json\/wp\/v2\/product_cat?post=54899"},{"taxonomy":"product_tag","embeddable":true,"href":"https:\/\/snus-malmo.se\/sv\/wp-json\/wp\/v2\/product_tag?post=54899"}],"curies":[{"name":"wp","href":"https:\/\/api.w.org\/{rel}","templated":true}]}}