{"id":54930,"date":"2025-05-23T16:58:55","date_gmt":"2025-05-23T16:58:55","guid":{"rendered":"https:\/\/snus-malmo.se\/?post_type=product&#038;p=54930"},"modified":"2025-11-22T09:34:07","modified_gmt":"2025-11-22T09:34:07","slug":"fix-blueberry-ice-5","status":"publish","type":"product","link":"https:\/\/snus-malmo.se\/sv\/produkt\/fix-blueberry-ice-5\/","title":{"rendered":"FIX Blueberry Ice #5"},"content":{"rendered":"<article class=\"product-text\">Portionen FIX Blueberry Ice #5 \u00e4r en all white nikotinp\u00e5se. Den h\u00e4r varianten av FIX: Flavour Index snus har en smak av bland annat bl\u00e5b\u00e4r och inneh\u00e5ller en extra h\u00f6g nikotinstyrka.<\/article>\n<div class=\"buy-pane\">\n<div class=\"tab-content buy-tabs-content\">\n<div id=\"buy\" class=\"tab-pane active\">\n<div>\n<div class=\"variants list\">\n<h2>Om produkten FIX Blueberry Ice #5<\/h2>\n<p><strong>FIX Blueberry Ice #5 med smak av b\u00e4r<\/strong><br \/>\nAll white FIX Blueberry Ice #5 \u00e4r en nikotinp\u00e5se helt fri fr\u00e5n tobak. Den vita p\u00e5sen best\u00e5r av v\u00e4xtfiber och har en torr yta, ett fuktigt inneh\u00e5ll och en l\u00e5g rinnighet. I den slimmade prillan finns tillsatt nikotin samt aromer av bl\u00e5b\u00e4r, \u00e5kerb\u00e4r och andra b\u00e4r. En dosa Blueberry Ice #5 rymmer 20 nikotinp\u00e5sar.<\/p>\n<ul>\n<li>Varum\u00e4rke: FIX: Flavour Index<\/li>\n<li>Tillverkare: Habit Factory in Sweden AB<\/li>\n<li>Smak: Bl\u00e5b\u00e4r<\/li>\n<li>Format: Slim<\/li>\n<li>Produkttyp: All white<\/li>\n<li>Nikotinhalt: 16,4 mg\/g<\/li>\n<li>Styrka: Extra stark<\/li>\n<li>Portioner per dosa: 20<\/li>\n<\/ul>\n<p><strong>Nikotinstyrkan i FIX Blueberry Ice #5<\/strong><br \/>\nBlueberry Ice #5 fr\u00e5n FIX \u00e4r nikotinp\u00e5sar med ett nikotininneh\u00e5ll som \u00e4r klassificerat som extra starkt. En portion av Blueberry Ice #5 har en nikotinhalt p\u00e5 16,4 milligram per gram.<\/p>\n<p><strong>Om FIX med extra stark styrka<\/strong><br \/>\nVarum\u00e4rket FIX produceras i Sverige av tillverkaren Habit Factory in Sweden AB. FIX har ett brett sortiment med olika smaker och styrkor, s\u00e5som Blueberry Ice #5 med nikotinstyrka s5.<\/p>\n<div class=\"row\">\n<div class=\"col-xs-12 content-section\"><\/div>\n<\/div>\n<table class=\"product-specs\">\n<thead>\n<tr>\n<th>Fakta om produkten<\/th>\n<th class=\"text-right\"><\/th>\n<\/tr>\n<\/thead>\n<tbody>\n<tr>\n<td class=\"spec-key\">Varum\u00e4rke<\/td>\n<td class=\"spec-value text-right\">FIX<\/td>\n<\/tr>\n<tr>\n<td class=\"spec-key\">Produkttyp<\/td>\n<td class=\"spec -value text-right\">all white portion<\/td>\n<\/tr>\n<tr>\n<td class=\"spec-key\">Nikotinstyrka<\/td>\n<td class=\"spec -value text-right\">extra stark<\/td>\n<\/tr>\n<tr>\n<td class=\"spec-key\">Nikotinhalt<\/td>\n<td class=\"spec -value text-right\">16,4 mg\/g<\/td>\n<\/tr>\n<tr>\n<td class=\"spec-key\">Smak<\/td>\n<td class=\"spec -value text-right\">b\u00e4r<\/td>\n<\/tr>\n<tr>\n<td class=\"spec-key\">Inneh\u00e5ll\/f\u00f6rpackning<\/td>\n<td class=\"spec -value text-right\">14 g<\/td>\n<\/tr>\n<tr>\n<td class=\"spec-key\">Snustyp<\/td>\n<td class=\"spec -value text-right\">Slim All White<\/td>\n<\/tr>\n<tr>\n<td class=\"spec-key\">Format<\/td>\n<td class=\"spec -value text-right\">Slim<\/td>\n<\/tr>\n<tr>\n<td class=\"spec-key\">Producent<\/td>\n<td class=\"spec-value text-right\">Habit Factory In Sweden AB<\/td>\n<\/tr>\n<\/tbody>\n<\/table>\n<\/div>\n<\/div>\n<\/div>\n<\/div>\n<\/div>","protected":false},"excerpt":{"rendered":"<article class=\"product-text\">Portionen FIX Blueberry Ice #5 \u00e4r en all white nikotinp\u00e5se. Den h\u00e4r varianten av FIX: Flavour Index snus har en smak av bland annat bl\u00e5b\u00e4r och inneh\u00e5ller en extra h\u00f6g nikotinstyrka.<\/article>\n<div class=\"buy-pane\">\n<div class=\"tab-content buy-tabs-content\">\n<div id=\"buy\" class=\"tab-pane active\">\n<div>\n<div class=\"variants list\">\n<h2>Om produkten FIX Blueberry Ice #5<\/h2>\n<p><strong>FIX Blueberry Ice #5 med smak av b\u00e4r<\/strong><br \/>\nAll white FIX Blueberry Ice #5 \u00e4r en nikotinp\u00e5se helt fri fr\u00e5n tobak. Den vita p\u00e5sen best\u00e5r av v\u00e4xtfiber och har en torr yta, ett fuktigt inneh\u00e5ll och en l\u00e5g rinnighet. I den slimmade prillan finns tillsatt nikotin samt aromer av bl\u00e5b\u00e4r, \u00e5kerb\u00e4r och andra b\u00e4r. En dosa Blueberry Ice #5 rymmer 20 nikotinp\u00e5sar.<\/p>\n<ul>\n<li>Varum\u00e4rke: FIX: Flavour Index<\/li>\n<li>Tillverkare: Habit Factory in Sweden AB<\/li>\n<li>Smak: Bl\u00e5b\u00e4r<\/li>\n<li>Format: Slim<\/li>\n<li>Produkttyp: All white<\/li>\n<li>Nikotinhalt: 16,4 mg\/g<\/li>\n<li>Styrka: Extra stark<\/li>\n<li>Portioner per dosa: 20<\/li>\n<\/ul>\n<\/div>\n<\/div>\n<\/div>\n<\/div>\n<\/div>","protected":false},"featured_media":20937,"comment_status":"open","ping_status":"closed","template":"","meta":[],"product_brand":[419],"product_cat":[136,200,137],"product_tag":[],"class_list":{"0":"post-54930","1":"product","2":"type-product","3":"status-publish","4":"has-post-thumbnail","6":"product_brand-fix","7":"product_cat-all-whites","8":"product_cat-fix","9":"product_cat-slim","11":"first","12":"instock","13":"taxable","14":"shipping-taxable","15":"purchasable","16":"product-type-variable"},"_links":{"self":[{"href":"https:\/\/snus-malmo.se\/sv\/wp-json\/wp\/v2\/product\/54930","targetHints":{"allow":["GET"]}}],"collection":[{"href":"https:\/\/snus-malmo.se\/sv\/wp-json\/wp\/v2\/product"}],"about":[{"href":"https:\/\/snus-malmo.se\/sv\/wp-json\/wp\/v2\/types\/product"}],"replies":[{"embeddable":true,"href":"https:\/\/snus-malmo.se\/sv\/wp-json\/wp\/v2\/comments?post=54930"}],"version-history":[{"count":0,"href":"https:\/\/snus-malmo.se\/sv\/wp-json\/wp\/v2\/product\/54930\/revisions"}],"wp:featuredmedia":[{"embeddable":true,"href":"https:\/\/snus-malmo.se\/sv\/wp-json\/wp\/v2\/media\/20937"}],"wp:attachment":[{"href":"https:\/\/snus-malmo.se\/sv\/wp-json\/wp\/v2\/media?parent=54930"}],"wp:term":[{"taxonomy":"product_brand","embeddable":true,"href":"https:\/\/snus-malmo.se\/sv\/wp-json\/wp\/v2\/product_brand?post=54930"},{"taxonomy":"product_cat","embeddable":true,"href":"https:\/\/snus-malmo.se\/sv\/wp-json\/wp\/v2\/product_cat?post=54930"},{"taxonomy":"product_tag","embeddable":true,"href":"https:\/\/snus-malmo.se\/sv\/wp-json\/wp\/v2\/product_tag?post=54930"}],"curies":[{"name":"wp","href":"https:\/\/api.w.org\/{rel}","templated":true}]}}