{"id":54954,"date":"2025-05-23T16:58:56","date_gmt":"2025-05-23T16:58:56","guid":{"rendered":"https:\/\/snus-malmo.se\/?post_type=product&#038;p=54954"},"modified":"2025-11-24T20:32:22","modified_gmt":"2025-11-24T20:32:22","slug":"velo-green-spearmint","status":"publish","type":"product","link":"https:\/\/snus-malmo.se\/sv\/produkt\/velo-green-spearmint\/","title":{"rendered":"VELO Green Spearmint"},"content":{"rendered":"<h1><strong data-start=\"2376\" data-end=\"2400\">VELO Green Spearmint<\/strong><\/h1>\n<h2 data-start=\"222\" data-end=\"291\">VELO Green Spearmint \u2013 Fr\u00e4sch och mjuk spearmintsmak i slim-format<\/h2>\n<p data-start=\"293\" data-end=\"581\"><strong data-start=\"293\" data-end=\"317\">VELO Green Spearmint<\/strong> \u00e4r ett <strong data-start=\"325\" data-end=\"350\">tobaksfritt vitt snus<\/strong> med en <strong data-start=\"358\" data-end=\"395\">mild och fr\u00e4sch smak av spearmint<\/strong> \u2013 perfekt f\u00f6r dig som vill ha en uppfriskande men mjuk snusupplevelse. Produkten kommer i <strong data-start=\"486\" data-end=\"501\">slim-format<\/strong>, vilket g\u00f6r den diskret, bekv\u00e4m och l\u00e4tt att anv\u00e4nda n\u00e4r som helst under dagen.<\/p>\n<p data-start=\"583\" data-end=\"795\">Smaken bjuder p\u00e5 <strong data-start=\"600\" data-end=\"626\">s\u00f6t och rund spearmint<\/strong>, med en balanserad styrka som passar b\u00e5de vana anv\u00e4ndare och nyb\u00f6rjare inom nikotinportioner. Ett utm\u00e4rkt val f\u00f6r dig som vill ha n\u00e5got <strong data-start=\"763\" data-end=\"794\">mintigt men inte f\u00f6r starkt<\/strong>.<\/p>\n<hr data-start=\"797\" data-end=\"800\" \/>\n<h3 data-start=\"802\" data-end=\"842\">\u2714\ufe0f F\u00f6rdelar med VELO Green Spearmint<\/h3>\n<ul data-start=\"844\" data-end=\"1084\">\n<li data-start=\"844\" data-end=\"878\">\n<p data-start=\"846\" data-end=\"878\"><strong data-start=\"846\" data-end=\"876\">Mild och s\u00f6t spearmintsmak<\/strong><\/p>\n<\/li>\n<li data-start=\"879\" data-end=\"931\">\n<p data-start=\"881\" data-end=\"931\"><strong data-start=\"881\" data-end=\"929\">Slim-format \u2013 perfekt f\u00f6r diskret anv\u00e4ndning<\/strong><\/p>\n<\/li>\n<li data-start=\"932\" data-end=\"973\">\n<p data-start=\"934\" data-end=\"973\"><strong data-start=\"934\" data-end=\"971\">Tobaksfritt vitt snus med nikotin<\/strong><\/p>\n<\/li>\n<li data-start=\"974\" data-end=\"1026\">\n<p data-start=\"976\" data-end=\"1026\"><strong data-start=\"976\" data-end=\"1024\">Tillverkad av British American Tobacco (BAT)<\/strong><\/p>\n<\/li>\n<li data-start=\"1027\" data-end=\"1084\">\n<p data-start=\"1029\" data-end=\"1084\"><strong data-start=\"1029\" data-end=\"1084\">Balanserad styrka \u2013 varken f\u00f6r svag eller f\u00f6r stark<\/strong><\/p>\n<\/li>\n<\/ul>\n<hr data-start=\"1086\" data-end=\"1089\" \/>\n<h3 data-start=\"1091\" data-end=\"1121\">\ud83c\udf3f Produktspecifikationer:<\/h3>\n<ul data-start=\"1123\" data-end=\"1351\">\n<li data-start=\"1123\" data-end=\"1160\">\n<p data-start=\"1125\" data-end=\"1160\"><strong data-start=\"1125\" data-end=\"1137\">Produkt:<\/strong> VELO Green Spearmint<\/p>\n<\/li>\n<li data-start=\"1161\" data-end=\"1184\">\n<p data-start=\"1163\" data-end=\"1184\"><strong data-start=\"1163\" data-end=\"1172\">Smak:<\/strong> Spearmint<\/p>\n<\/li>\n<li data-start=\"1185\" data-end=\"1221\">\n<p data-start=\"1187\" data-end=\"1221\"><strong data-start=\"1187\" data-end=\"1195\">Typ:<\/strong> Vitt snus (tobaksfritt)<\/p>\n<\/li>\n<li data-start=\"1222\" data-end=\"1242\">\n<p data-start=\"1224\" data-end=\"1242\"><strong data-start=\"1224\" data-end=\"1235\">Format:<\/strong> Slim<\/p>\n<\/li>\n<li data-start=\"1243\" data-end=\"1264\">\n<p data-start=\"1245\" data-end=\"1264\"><strong data-start=\"1245\" data-end=\"1256\">Styrka:<\/strong> Medel<\/p>\n<\/li>\n<li data-start=\"1265\" data-end=\"1301\">\n<p data-start=\"1267\" data-end=\"1301\"><strong data-start=\"1267\" data-end=\"1296\">Antal portioner per dosa:<\/strong> 20<\/p>\n<\/li>\n<li data-start=\"1302\" data-end=\"1351\">\n<p data-start=\"1304\" data-end=\"1351\"><strong data-start=\"1304\" data-end=\"1320\">Tillverkare:<\/strong> British American Tobacco (BAT)<\/p>\n<\/li>\n<\/ul>\n<hr data-start=\"1353\" data-end=\"1356\" \/>\n<h2 data-start=\"1358\" data-end=\"1408\">\ud83c\udf08 Utforska hela VELO-sortimentet hos Veloop.se<\/h2>\n<p data-start=\"1410\" data-end=\"1513\">Hos oss hittar du hela VELO-familjen \u2013 fr\u00e5n isigt mint till fruktiga smaker och nikotinfria alternativ:<\/p>\n<ul data-start=\"1515\" data-end=\"3444\">\n<li data-start=\"1515\" data-end=\"1578\">\n<p data-start=\"1517\" data-end=\"1578\"><strong data-start=\"1517\" data-end=\"1543\">VELO Arctic Grapefruit<\/strong> \u2013 Frisk grapefrukt med kylig ton<\/p>\n<\/li>\n<li data-start=\"1579\" data-end=\"1634\">\n<p data-start=\"1581\" data-end=\"1634\"><strong data-start=\"1581\" data-end=\"1604\">VELO Blue Raspberry<\/strong> \u2013 S\u00f6t och syrlig bl\u00e5 hallon<\/p>\n<\/li>\n<li data-start=\"1635\" data-end=\"1685\">\n<p data-start=\"1637\" data-end=\"1685\"><strong data-start=\"1637\" data-end=\"1658\">VELO Blushy Berry<\/strong> \u2013 Mjuk smak av ljusa b\u00e4r<\/p>\n<\/li>\n<li data-start=\"1686\" data-end=\"1739\">\n<p data-start=\"1688\" data-end=\"1739\"><strong data-start=\"1688\" data-end=\"1709\">VELO Breezy Mango<\/strong> \u2013 L\u00e4tt och tropisk mangoton<\/p>\n<\/li>\n<li data-start=\"1740\" data-end=\"1799\">\n<p data-start=\"1742\" data-end=\"1799\"><strong data-start=\"1742\" data-end=\"1772\">VELO Bright Spearmint Mini<\/strong> \u2013 Mild och s\u00f6t spearmint<\/p>\n<\/li>\n<li data-start=\"1800\" data-end=\"1868\">\n<p data-start=\"1802\" data-end=\"1868\"><strong data-start=\"1802\" data-end=\"1833\">VELO Crispy Peppermint Mini<\/strong> \u2013 Stark pepparmint i mini-format<\/p>\n<\/li>\n<li data-start=\"1869\" data-end=\"1945\">\n<p data-start=\"1871\" data-end=\"1945\"><strong data-start=\"1871\" data-end=\"1902\">VELO Crispy Peppermint Slim<\/strong> \u2013 Klassisk pepparmint med kylande effekt<\/p>\n<\/li>\n<li data-start=\"1946\" data-end=\"2019\">\n<p data-start=\"1948\" data-end=\"2019\"><strong data-start=\"1948\" data-end=\"1979\">VELO Crispy Peppermint Zero<\/strong> \u2013 Tobaksfri och nikotinfri pepparmint<\/p>\n<\/li>\n<li data-start=\"2020\" data-end=\"2103\">\n<p data-start=\"2022\" data-end=\"2103\"><strong data-start=\"2022\" data-end=\"2058\">VELO Freezing Peppermint 10,9 MG<\/strong> \u2013 Isig och frisk pepparmint, medium styrka<\/p>\n<\/li>\n<li data-start=\"2104\" data-end=\"2176\">\n<p data-start=\"2106\" data-end=\"2176\"><strong data-start=\"2106\" data-end=\"2140\">VELO Freezing Peppermint 14 MG<\/strong> \u2013 Iskall pepparmint, stark styrka<\/p>\n<\/li>\n<li data-start=\"2177\" data-end=\"2246\">\n<p data-start=\"2179\" data-end=\"2246\"><strong data-start=\"2179\" data-end=\"2213\">VELO Freezing Peppermint 17 MG<\/strong> \u2013 Maxad kyla och nikotinstyrka<\/p>\n<\/li>\n<li data-start=\"2247\" data-end=\"2312\">\n<p data-start=\"2249\" data-end=\"2312\"><strong data-start=\"2249\" data-end=\"2273\">VELO Green Spearmint<\/strong> \u2013 Fr\u00e4sch spearmint med mjuk karakt\u00e4r<\/p>\n<\/li>\n<li data-start=\"2313\" data-end=\"2381\">\n<p data-start=\"2315\" data-end=\"2381\"><strong data-start=\"2315\" data-end=\"2341\">VELO Groovy Grape Mini<\/strong> \u2013 L\u00e4tt och s\u00f6t druvsmak i mini-format<\/p>\n<\/li>\n<li data-start=\"2382\" data-end=\"2434\">\n<p data-start=\"2384\" data-end=\"2434\"><strong data-start=\"2384\" data-end=\"2404\">VELO Icy Berries<\/strong> \u2013 B\u00e4rmix med kylande k\u00e4nsla<\/p>\n<\/li>\n<li data-start=\"2435\" data-end=\"2491\">\n<p data-start=\"2437\" data-end=\"2491\"><strong data-start=\"2437\" data-end=\"2456\">VELO Icy Cherry<\/strong> \u2013 S\u00f6t k\u00f6rsb\u00e4rssmak med sval mint<\/p>\n<\/li>\n<li data-start=\"2492\" data-end=\"2545\">\n<p data-start=\"2494\" data-end=\"2545\"><strong data-start=\"2494\" data-end=\"2513\">VELO Lime Flame<\/strong> \u2013 Syrlig lime med citrussting<\/p>\n<\/li>\n<li data-start=\"2546\" data-end=\"2604\">\n<p data-start=\"2548\" data-end=\"2604\"><strong data-start=\"2548\" data-end=\"2568\">VELO Mango Flame<\/strong> \u2013 Fruktig mango med kryddig hetta<\/p>\n<\/li>\n<li data-start=\"2605\" data-end=\"2663\">\n<p data-start=\"2607\" data-end=\"2663\"><strong data-start=\"2607\" data-end=\"2636\">VELO McLaren Sweet Papaya<\/strong> \u2013 Exotisk och s\u00f6t papaya<\/p>\n<\/li>\n<li data-start=\"2664\" data-end=\"2720\">\n<p data-start=\"2666\" data-end=\"2720\"><strong data-start=\"2666\" data-end=\"2687\">VELO Orange Spark<\/strong> \u2013 Frisk apelsin med citruskick<\/p>\n<\/li>\n<li data-start=\"2721\" data-end=\"2793\">\n<p data-start=\"2723\" data-end=\"2793\"><strong data-start=\"2723\" data-end=\"2748\">VELO Peppermint Storm<\/strong> \u2013 Intensiv pepparmint med kraftfull effekt<\/p>\n<\/li>\n<li data-start=\"2794\" data-end=\"2853\">\n<p data-start=\"2796\" data-end=\"2853\"><strong data-start=\"2796\" data-end=\"2821\">VELO Punchy Lime Mini<\/strong> \u2013 Skarp lime i kompakt format<\/p>\n<\/li>\n<li data-start=\"2854\" data-end=\"2921\">\n<p data-start=\"2856\" data-end=\"2921\"><strong data-start=\"2856\" data-end=\"2882\">VELO Purple Grape Mini<\/strong> \u2013 S\u00f6t och saftig druva i mini-format<\/p>\n<\/li>\n<li data-start=\"2922\" data-end=\"2992\">\n<p data-start=\"2924\" data-end=\"2992\"><strong data-start=\"2924\" data-end=\"2952\">VELO Purple Grape Strong<\/strong> \u2013 Djup druvsmak med stark nikotinkick<\/p>\n<\/li>\n<li data-start=\"2993\" data-end=\"3056\">\n<p data-start=\"2995\" data-end=\"3056\"><strong data-start=\"2995\" data-end=\"3019\">VELO Salty Liquorice<\/strong> \u2013 Saltlakrits med kraftig karakt\u00e4r<\/p>\n<\/li>\n<li data-start=\"3057\" data-end=\"3120\">\n<p data-start=\"3059\" data-end=\"3120\"><strong data-start=\"3059\" data-end=\"3089\">VELO Simply Spearmint Mini<\/strong> \u2013 Enkel och fr\u00e4sch spearmint<\/p>\n<\/li>\n<li data-start=\"3121\" data-end=\"3186\">\n<p data-start=\"3123\" data-end=\"3186\"><strong data-start=\"3123\" data-end=\"3146\">VELO Sour Lime Mini<\/strong> \u2013 Syrlig lime med tydlig citrusprofil<\/p>\n<\/li>\n<li data-start=\"3187\" data-end=\"3254\">\n<p data-start=\"3189\" data-end=\"3254\"><strong data-start=\"3189\" data-end=\"3218\">VELO Tropical Mango 14 MG<\/strong> \u2013 S\u00f6t mango med tropisk fyllighet<\/p>\n<\/li>\n<li data-start=\"3255\" data-end=\"3308\">\n<p data-start=\"3257\" data-end=\"3308\"><strong data-start=\"3257\" data-end=\"3285\">VELO Tropical Mango Zero<\/strong> \u2013 Mango utan nikotin<\/p>\n<\/li>\n<li data-start=\"3309\" data-end=\"3374\">\n<p data-start=\"3311\" data-end=\"3374\"><strong data-start=\"3311\" data-end=\"3342\">VELO Wintry Watermelon Mini<\/strong> \u2013 Vattenmelon med mintig kyla<\/p>\n<\/li>\n<li data-start=\"3375\" data-end=\"3444\">\n<p data-start=\"3377\" data-end=\"3444\"><strong data-start=\"3377\" data-end=\"3403\">VELO Zesty Elderflower<\/strong> \u2013 Blommig fl\u00e4der med frisk citrusnyans<\/p>\n<\/li>\n<\/ul>\n<hr data-start=\"3446\" data-end=\"3449\" \/>\n<h2 data-start=\"3451\" data-end=\"3499\">\ud83d\ude80 Best\u00e4ll VELO Green Spearmint hos Veloop.se<\/h2>\n<p data-start=\"3501\" data-end=\"3661\">Letar du efter ett <strong data-start=\"3520\" data-end=\"3564\">balanserat snus med fr\u00e4sch spearmintsmak<\/strong>? VELO Green Spearmint erbjuder smakfulla portioner i diskret slim-format. Best\u00e4ll enkelt online!<\/p>\n<p data-start=\"3663\" data-end=\"3773\">\ud83d\uded2 <strong data-start=\"3666\" data-end=\"3773\"><a class=\"\" href=\"https:\/\/snus-malmo.se\/sv\/produkt-kategori\/velo\/\" target=\"_new\" rel=\"noopener\" data-start=\"3668\" data-end=\"3771\">Klicka hem din favorit fr\u00e5n VELO idag \u2013 bara hos Veloop.se!<\/a><\/strong><\/p>","protected":false},"excerpt":{"rendered":"<h1><strong data-start=\"2376\" data-end=\"2400\">VELO Green Spearmint<\/strong><\/h1>\n<h2>VELO Green Spearmint \u2013 Fr\u00e4sch spearmint | Veloop.se<\/h2>\n<p>VELO Green Spearmint \u2013 tobaksfritt snus med mild spearmintsmak i slim-format. Perfekt balans i styrka. K\u00f6p online hos Veloop.se!<\/p>\n<p>\ud83d\uded2 <strong data-start=\"3666\" data-end=\"3773\"><a class=\"\" href=\"https:\/\/snus-malmo.se\/sv\/produkt-kategori\/velo\/\" target=\"_new\" rel=\"noopener\" data-start=\"3668\" data-end=\"3771\">Klicka hem din favorit fr\u00e5n VELO idag \u2013 bara hos Veloop.se!<\/a><\/strong><\/p>","protected":false},"featured_media":60568,"comment_status":"open","ping_status":"closed","template":"","meta":[],"product_brand":[326],"product_cat":[136,137,255],"product_tag":[],"class_list":{"0":"post-54954","1":"product","2":"type-product","3":"status-publish","4":"has-post-thumbnail","6":"product_brand-velo","7":"product_cat-all-whites","8":"product_cat-slim","9":"product_cat-velo","11":"first","12":"instock","13":"taxable","14":"shipping-taxable","15":"purchasable","16":"product-type-variable"},"_links":{"self":[{"href":"https:\/\/snus-malmo.se\/sv\/wp-json\/wp\/v2\/product\/54954","targetHints":{"allow":["GET"]}}],"collection":[{"href":"https:\/\/snus-malmo.se\/sv\/wp-json\/wp\/v2\/product"}],"about":[{"href":"https:\/\/snus-malmo.se\/sv\/wp-json\/wp\/v2\/types\/product"}],"replies":[{"embeddable":true,"href":"https:\/\/snus-malmo.se\/sv\/wp-json\/wp\/v2\/comments?post=54954"}],"version-history":[{"count":0,"href":"https:\/\/snus-malmo.se\/sv\/wp-json\/wp\/v2\/product\/54954\/revisions"}],"wp:featuredmedia":[{"embeddable":true,"href":"https:\/\/snus-malmo.se\/sv\/wp-json\/wp\/v2\/media\/60568"}],"wp:attachment":[{"href":"https:\/\/snus-malmo.se\/sv\/wp-json\/wp\/v2\/media?parent=54954"}],"wp:term":[{"taxonomy":"product_brand","embeddable":true,"href":"https:\/\/snus-malmo.se\/sv\/wp-json\/wp\/v2\/product_brand?post=54954"},{"taxonomy":"product_cat","embeddable":true,"href":"https:\/\/snus-malmo.se\/sv\/wp-json\/wp\/v2\/product_cat?post=54954"},{"taxonomy":"product_tag","embeddable":true,"href":"https:\/\/snus-malmo.se\/sv\/wp-json\/wp\/v2\/product_tag?post=54954"}],"curies":[{"name":"wp","href":"https:\/\/api.w.org\/{rel}","templated":true}]}}