{"id":54966,"date":"2025-05-23T16:58:58","date_gmt":"2025-05-23T16:58:58","guid":{"rendered":"https:\/\/snus-malmo.se\/?post_type=product&#038;p=54966"},"modified":"2025-07-27T17:25:43","modified_gmt":"2025-07-27T17:25:43","slug":"avant-coffee-mocha","status":"publish","type":"product","link":"https:\/\/snus-malmo.se\/sv\/produkt\/avant-coffee-mocha\/","title":{"rendered":"Avant Coffee Mocha"},"content":{"rendered":"<h1>Avant Coffee Mocha<\/h1>\n<article class=\"product-text\">Avant, med smak av\u00a0<strong>kaffe<\/strong>, mj\u00f6lk och choklad, har en normal styrka, kommer i slim-format och inneh\u00e5ller 20 portioner. Det \u00e4r en produkt inom kategorin vitt snus.<\/article>\n<div class=\"buy-pane\">\n<div class=\"tab-content buy-tabs-content\">\n<div id=\"buy\" class=\"tab-pane active\">\n<div>\n<div class=\"variants list\">\n<h2>Om produkten Avant Caff\u00e8 Mocha<\/h2>\n<p>Avant Caff\u00e8 Mocha \u00e4r en produkt fr\u00e5n varum\u00e4rket Avant, tillverkad av Kurbits Snus AB. Denna produkt \u00e4r ett vitt snus i slim-format och inneh\u00e5ller ingen tobak, men inneh\u00e5ller nikotin. Produkttypen \u00e4r vitt snus. Produkten har en normal styrka. Dessutom har den ett format som \u00e4r slim.<\/p>\n<h2>Avant Caff\u00e8 Mocha: Smak &amp; Styrka<\/h2>\n<p>Produkten \u00e4r ett vitt snus med smak av kaffe, mj\u00f6lk och choklad i slim-format. Den har en normal styrka med en nikotinhalt p\u00e5 7,8 mg\/portion och 12 mg\/g.<\/p>\n<h3>Format: Slim<\/h3>\n<p>Avant Caff\u00e8 Mocha kommer i ett slim-format.<\/p>\n<h3>Fakta om Avant Caff\u00e8 Mocha:<\/h3>\n<ul>\n<li><strong>Kategori:<\/strong>\u00a0Vitt snus<\/li>\n<li><strong>Smaksegment:<\/strong>\u00a0Kaffe, mj\u00f6lk, choklad<\/li>\n<li><strong>Styrkedefinition:<\/strong>\u00a0Normal<\/li>\n<li><strong>Tillverkare:<\/strong>\u00a0Kurbits Snus AB<\/li>\n<li><strong>Nikotinhalt mg\/portion:<\/strong>\u00a07,8<\/li>\n<li><strong>Antal prillor per dosa:<\/strong>\u00a020<\/li>\n<\/ul>\n<h3>Mer om Avant<\/h3>\n<p>Avant \u00e4r ett varum\u00e4rke som lanserades 2023 och tillverkas av Kurbits Snus AB i Sverige. M\u00e4rket erbjuder ett utbud av smaker och specialiserar sig p\u00e5 nikotinportioner.<\/p>\n<\/div>\n<\/div>\n<\/div>\n<\/div>\n<\/div>","protected":false},"excerpt":{"rendered":"<h1 class=\"product-text\">Avant Coffee Mocha<\/h1>\n<article class=\"product-text\">Avant, med smak av\u00a0<strong>kaffe<\/strong>, mj\u00f6lk och choklad, har en normal styrka, kommer i slim-format och inneh\u00e5ller 20 portioner. Det \u00e4r en produkt inom kategorin vitt snus.<\/article>\n<div class=\"buy-pane\">\n<div class=\"tab-content buy-tabs-content\">\n<div id=\"buy\" class=\"tab-pane active\">\n<div>\n<div class=\"variants list\">\n<h2>Om produkten Avant Caff\u00e8 Mocha<\/h2>\n<p>Avant Caff\u00e8 Mocha \u00e4r en produkt fr\u00e5n varum\u00e4rket Avant, tillverkad av Kurbits Snus AB. Denna produkt \u00e4r ett vitt snus i slim-format och inneh\u00e5ller ingen tobak, men inneh\u00e5ller nikotin. Produkttypen \u00e4r vitt snus. Produkten har en normal styrka. Dessutom har den ett format som \u00e4r slim.<\/p>\n<h2>Avant Caff\u00e8 Mocha: Smak &amp; Styrka<\/h2>\n<\/div>\n<\/div>\n<\/div>\n<\/div>\n<\/div>","protected":false},"featured_media":21033,"comment_status":"open","ping_status":"closed","template":"","meta":[],"product_brand":[],"product_cat":[136,174,137],"product_tag":[],"class_list":{"0":"post-54966","1":"product","2":"type-product","3":"status-publish","4":"has-post-thumbnail","6":"product_cat-all-whites","7":"product_cat-avant","8":"product_cat-slim","10":"first","11":"instock","12":"taxable","13":"shipping-taxable","14":"purchasable","15":"product-type-variable"},"_links":{"self":[{"href":"https:\/\/snus-malmo.se\/sv\/wp-json\/wp\/v2\/product\/54966","targetHints":{"allow":["GET"]}}],"collection":[{"href":"https:\/\/snus-malmo.se\/sv\/wp-json\/wp\/v2\/product"}],"about":[{"href":"https:\/\/snus-malmo.se\/sv\/wp-json\/wp\/v2\/types\/product"}],"replies":[{"embeddable":true,"href":"https:\/\/snus-malmo.se\/sv\/wp-json\/wp\/v2\/comments?post=54966"}],"version-history":[{"count":0,"href":"https:\/\/snus-malmo.se\/sv\/wp-json\/wp\/v2\/product\/54966\/revisions"}],"wp:featuredmedia":[{"embeddable":true,"href":"https:\/\/snus-malmo.se\/sv\/wp-json\/wp\/v2\/media\/21033"}],"wp:attachment":[{"href":"https:\/\/snus-malmo.se\/sv\/wp-json\/wp\/v2\/media?parent=54966"}],"wp:term":[{"taxonomy":"product_brand","embeddable":true,"href":"https:\/\/snus-malmo.se\/sv\/wp-json\/wp\/v2\/product_brand?post=54966"},{"taxonomy":"product_cat","embeddable":true,"href":"https:\/\/snus-malmo.se\/sv\/wp-json\/wp\/v2\/product_cat?post=54966"},{"taxonomy":"product_tag","embeddable":true,"href":"https:\/\/snus-malmo.se\/sv\/wp-json\/wp\/v2\/product_tag?post=54966"}],"curies":[{"name":"wp","href":"https:\/\/api.w.org\/{rel}","templated":true}]}}