{"id":54971,"date":"2025-05-23T16:58:58","date_gmt":"2025-05-23T16:58:58","guid":{"rendered":"https:\/\/snus-malmo.se\/?post_type=product&#038;p=54971"},"modified":"2025-11-22T09:34:03","modified_gmt":"2025-11-22T09:34:03","slug":"fix-watermelon-ice-5","status":"publish","type":"product","link":"https:\/\/snus-malmo.se\/sv\/produkt\/fix-watermelon-ice-5\/","title":{"rendered":"FIX Watermelon Ice #5"},"content":{"rendered":"<article class=\"product-text\">Prillorna FIX Watermelon Ice #5 har en smak av olika frukter och kommer i ett l\u00e5ngsmalt format. De inneh\u00e5ller en h\u00f6g halt nikotin, vilket \u00e4r angivet som nikotinstyrka s5 p\u00e5 dosan.<\/article>\n<div class=\"buy-pane\">\n<div class=\"tab-content buy-tabs-content\">\n<div id=\"buy\" class=\"tab-pane active\">\n<div>\n<div class=\"variants list\">\n<h2>Om produkten FIX Watermelon Ice #5<\/h2>\n<p>FIX Watermelon Ice #5 \u00e4r en all white-portion d\u00e4r prillorna \u00e4r slimmade. Smaks\u00e4ttningen kommer fr\u00e5n vattenmelon, gr\u00f6na \u00e4pplen, lychee och guava. FIX snus tillverkas av v\u00e4xtfiber och har en torr, perforerad yta med ett fuktigt inneh\u00e5ll. Det ger en successiv fris\u00e4ttning av smak som bidrar till att prillan rinner mindre. Varje dosa inneh\u00e5ller 20 portionsp\u00e5sar.<\/p>\n<ul>\n<li>Varum\u00e4rke: FIX<\/li>\n<li>Tillverkare: Habit Factory in Sweden AB<\/li>\n<li>Smak: Frukt<\/li>\n<li>Format: Slim<\/li>\n<li>Antal portioner per dosa: 20 stycken<\/li>\n<li>Produkttyp: All white portion<\/li>\n<li>Nikotinhalt: 16,4 mg\/g<\/li>\n<li>Styrka: S5<\/li>\n<\/ul>\n<h2>Nikotinstyrka i FIX Watermelon Ice #5<\/h2>\n<p>Watermelon Ice #5 \u00e4r nikotinp\u00e5sar som har en extra stark styrka. Nikotinhalten ligger p\u00e5 16,4 milligram per gram. Nikotinet \u00e4r tillsatt, eftersom det h\u00e4r \u00e4r en helt tobaksfri produkt.<\/p>\n<h2>Om FIX helt vitt snus<\/h2>\n<p>Varum\u00e4rket FIX\u00a0tillverkas av Habit Factory in Sweden AB\u00a0och deras utbud best\u00e5r av helt vitt snus i flera smaks\u00e4ttningar. Deras prillor har varierande nikotinhalt, s\u00e5som det h\u00e4r alternativet med extra stark styrka.<\/p>\n<\/div>\n<\/div>\n<\/div>\n<\/div>\n<\/div>","protected":false},"excerpt":{"rendered":"<article class=\"product-text\">Prillorna FIX Watermelon Ice #5 har en smak av olika frukter och kommer i ett l\u00e5ngsmalt format. De inneh\u00e5ller en h\u00f6g halt nikotin, vilket \u00e4r angivet som nikotinstyrka s5 p\u00e5 dosan.<\/article>\n<div class=\"buy-pane\">\n<div class=\"tab-content buy-tabs-content\">\n<div id=\"buy\" class=\"tab-pane active\">\n<div>\n<div class=\"variants list\">\n<h2>Om produkten FIX Watermelon Ice #5<\/h2>\n<p>FIX Watermelon Ice #5 \u00e4r en all white-portion d\u00e4r prillorna \u00e4r slimmade. Smaks\u00e4ttningen kommer fr\u00e5n vattenmelon, gr\u00f6na \u00e4pplen, lychee och guava. FIX snus tillverkas av v\u00e4xtfiber och har en torr, perforerad yta med ett fuktigt inneh\u00e5ll. Det ger en successiv fris\u00e4ttning av smak som bidrar till att prillan rinner mindre. Varje dosa inneh\u00e5ller 20 portionsp\u00e5sar.<\/p>\n<ul>\n<li>Varum\u00e4rke: FIX<\/li>\n<li>Tillverkare: Habit Factory in Sweden AB<\/li>\n<li>Smak: Frukt<\/li>\n<li>Format: Slim<\/li>\n<li>Antal portioner per dosa: 20 stycken<\/li>\n<li>Produkttyp: All white portion<\/li>\n<li>Nikotinhalt: 16,4 mg\/g<\/li>\n<li>Styrka: S5<\/li>\n<\/ul>\n<\/div>\n<\/div>\n<\/div>\n<\/div>\n<\/div>","protected":false},"featured_media":21040,"comment_status":"open","ping_status":"closed","template":"","meta":[],"product_brand":[419],"product_cat":[136,200,137],"product_tag":[],"class_list":{"0":"post-54971","1":"product","2":"type-product","3":"status-publish","4":"has-post-thumbnail","6":"product_brand-fix","7":"product_cat-all-whites","8":"product_cat-fix","9":"product_cat-slim","11":"first","12":"instock","13":"taxable","14":"shipping-taxable","15":"purchasable","16":"product-type-variable"},"_links":{"self":[{"href":"https:\/\/snus-malmo.se\/sv\/wp-json\/wp\/v2\/product\/54971","targetHints":{"allow":["GET"]}}],"collection":[{"href":"https:\/\/snus-malmo.se\/sv\/wp-json\/wp\/v2\/product"}],"about":[{"href":"https:\/\/snus-malmo.se\/sv\/wp-json\/wp\/v2\/types\/product"}],"replies":[{"embeddable":true,"href":"https:\/\/snus-malmo.se\/sv\/wp-json\/wp\/v2\/comments?post=54971"}],"version-history":[{"count":0,"href":"https:\/\/snus-malmo.se\/sv\/wp-json\/wp\/v2\/product\/54971\/revisions"}],"wp:featuredmedia":[{"embeddable":true,"href":"https:\/\/snus-malmo.se\/sv\/wp-json\/wp\/v2\/media\/21040"}],"wp:attachment":[{"href":"https:\/\/snus-malmo.se\/sv\/wp-json\/wp\/v2\/media?parent=54971"}],"wp:term":[{"taxonomy":"product_brand","embeddable":true,"href":"https:\/\/snus-malmo.se\/sv\/wp-json\/wp\/v2\/product_brand?post=54971"},{"taxonomy":"product_cat","embeddable":true,"href":"https:\/\/snus-malmo.se\/sv\/wp-json\/wp\/v2\/product_cat?post=54971"},{"taxonomy":"product_tag","embeddable":true,"href":"https:\/\/snus-malmo.se\/sv\/wp-json\/wp\/v2\/product_tag?post=54971"}],"curies":[{"name":"wp","href":"https:\/\/api.w.org\/{rel}","templated":true}]}}