{"id":54976,"date":"2025-05-23T16:58:58","date_gmt":"2025-05-23T16:58:58","guid":{"rendered":"https:\/\/snus-malmo.se\/?post_type=product&#038;p=54976"},"modified":"2025-11-29T10:42:12","modified_gmt":"2025-11-29T10:42:12","slug":"loop-hot-rhubarb-strong","status":"publish","type":"product","link":"https:\/\/snus-malmo.se\/sv\/produkt\/loop-hot-rhubarb-strong\/","title":{"rendered":"Loop Hot Rhubarb Strong"},"content":{"rendered":"<div class=\"product__description rte quick-add-hidden\">\n<article class=\"product-text\">Nikotinp\u00e5sarna Loop Hot Rhubarb Strong \u00e4r ett helt vitt snus med s\u00f6tma fr\u00e5n rabarber och en hint av hetta fr\u00e5n chili. Loop Rabarber har en nikotinhalt som r\u00e4knas som stark (styrka 3 av 4).<\/article>\n<div class=\"buy-pane\">\n<div class=\"tab-content buy-tabs-content\">\n<div id=\"buy\" class=\"tab-pane active\">\n<div>\n<div class=\"variants list\"><\/div>\n<div class=\"variants list\">\n<h2>Om produkten Loop Hot Rhubarb Strong<\/h2>\n<p>Loop Hot Rhubarb Strong s\u00e4ljs i en dosa med 22 stycken prillor, d\u00e4r dosan \u00e4r tillverkad av 100 % bioplast. Prillorna i Loop Rabarber \u00e4r tillverkade av v\u00e4xtfiber och har en torr yta med fuktigt inneh\u00e5ll. P\u00e5sen har ett l\u00e5ngsmalt format som g\u00f6r att den ligger diskret under l\u00e4ppen.<\/p>\n<ul>\n<li>Varum\u00e4rke: LOOP<\/li>\n<li>Smak: Frukt<\/li>\n<li>Produkttyp: All white<\/li>\n<li>Format: Slim<\/li>\n<li>Nikotinstyrka: 15 mg\/g<\/li>\n<li>Antal portioner per dosa: 22 stycken<\/li>\n<li>Styrka: Stark<\/li>\n<li>Tillverkare: Another Snus Factory<\/li>\n<\/ul>\n<h2>Nikotinstyrka i Loop Hot Rhubarb Strong<\/h2>\n<p>Hot Rhubarb Strong fr\u00e5n Loop \u00e4r nikotinp\u00e5sar utan tobak. De inneh\u00e5ller tillsatt nikotin och har en styrka p\u00e5 15 milligram nikotin per gram. Nikotinhalten r\u00e4knas d\u00e4rf\u00f6r som stark nikotinstyrka.<\/p>\n<h2>Om LOOP med stark styrka<\/h2>\n<p>Varum\u00e4rket\u00a0LOOP\u00a0tillverkar vita och mjuka nikotinp\u00e5sar. Det helvita snuset finns i m\u00e5nga olika smaker och nikotinhalter. Produkten Loop Hot Rhubarb Strong har nikotinstyrka 3\/4.<\/p>\n<table class=\"product-specs\">\n<thead>\n<tr>\n<th>Fakta om produkten<\/th>\n<th class=\"text-right\"><\/th>\n<\/tr>\n<\/thead>\n<tbody>\n<tr>\n<td class=\"spec-key\">Varum\u00e4rke<\/td>\n<td class=\"spec-value text-right\">Loop<\/td>\n<\/tr>\n<tr>\n<td class=\"spec-key\">Produkttyp<\/td>\n<td class=\"spec -value text-right\">all white portion<\/td>\n<\/tr>\n<tr>\n<td class=\"spec-key\">Nikotinstyrka<\/td>\n<td class=\"spec -value text-right\">stark<\/td>\n<\/tr>\n<tr>\n<td class=\"spec-key\">Nikotinhalt<\/td>\n<td class=\"spec -value text-right\">15 mg\/g<\/td>\n<\/tr>\n<tr>\n<td class=\"spec-key\">Smak<\/td>\n<td class=\"spec -value text-right\">frukt<\/td>\n<\/tr>\n<tr>\n<td class=\"spec-key\">Inneh\u00e5ll\/f\u00f6rpackning<\/td>\n<td class=\"spec -value text-right\">13,75 g<\/td>\n<\/tr>\n<tr>\n<td class=\"spec-key\">Snustyp<\/td>\n<td class=\"spec -value text-right\">All White Portion Slim<\/td>\n<\/tr>\n<tr>\n<td class=\"spec-key\">Format<\/td>\n<td class=\"spec -value text-right\">Slim<\/td>\n<\/tr>\n<tr>\n<td class=\"spec-key\">Producent<\/td>\n<td class=\"spec-value text-right\">Another Snus Factory<\/td>\n<\/tr>\n<\/tbody>\n<\/table>\n<\/div>\n<\/div>\n<\/div>\n<\/div>\n<\/div>\n<\/div>\n<p>&nbsp;<\/p>","protected":false},"excerpt":{"rendered":"<article class=\"product-text\">Nikotinp\u00e5sarna Loop Hot Rhubarb Strong \u00e4r ett helt vitt snus med s\u00f6tma fr\u00e5n rabarber och en hint av hetta fr\u00e5n chili. Loop Rabarber har en nikotinhalt som r\u00e4knas som stark (styrka 3 av 4).<\/article>\n<div class=\"buy-pane\">\n<div class=\"tab-content buy-tabs-content\">\n<div id=\"buy\" class=\"tab-pane active\">\n<div>\n<div class=\"variants list\"><\/div>\n<div class=\"variants list\">\n<h2>Om produkten Loop Hot Rhubarb Strong<\/h2>\n<p>Loop Hot Rhubarb Strong s\u00e4ljs i en dosa med 22 stycken prillor, d\u00e4r dosan \u00e4r tillverkad av 100 % bioplast. Prillorna i Loop Rabarber \u00e4r tillverkade av v\u00e4xtfiber och har en torr yta med fuktigt inneh\u00e5ll. P\u00e5sen har ett l\u00e5ngsmalt format som g\u00f6r att den ligger diskret under l\u00e4ppen.<\/p>\n<ul>\n<li>Varum\u00e4rke: LOOP<\/li>\n<li>Smak: Frukt<\/li>\n<li>Produkttyp: All white<\/li>\n<li>Format: Slim<\/li>\n<li>Nikotinstyrka: 15 mg\/g<\/li>\n<li>Antal portioner per dosa: 22 stycken<\/li>\n<li>Styrka: Stark<\/li>\n<li>Tillverkare: Another Snus Factory<\/li>\n<\/ul>\n<\/div>\n<\/div>\n<\/div>\n<\/div>\n<\/div>","protected":false},"featured_media":21063,"comment_status":"open","ping_status":"closed","template":"","meta":[],"product_brand":[],"product_cat":[136,103,137,354],"product_tag":[],"class_list":{"0":"post-54976","1":"product","2":"type-product","3":"status-publish","4":"has-post-thumbnail","6":"product_cat-all-whites","7":"product_cat-loop","8":"product_cat-slim","9":"product_cat-strongstark","11":"first","12":"instock","13":"taxable","14":"shipping-taxable","15":"purchasable","16":"product-type-variable"},"_links":{"self":[{"href":"https:\/\/snus-malmo.se\/sv\/wp-json\/wp\/v2\/product\/54976","targetHints":{"allow":["GET"]}}],"collection":[{"href":"https:\/\/snus-malmo.se\/sv\/wp-json\/wp\/v2\/product"}],"about":[{"href":"https:\/\/snus-malmo.se\/sv\/wp-json\/wp\/v2\/types\/product"}],"replies":[{"embeddable":true,"href":"https:\/\/snus-malmo.se\/sv\/wp-json\/wp\/v2\/comments?post=54976"}],"version-history":[{"count":0,"href":"https:\/\/snus-malmo.se\/sv\/wp-json\/wp\/v2\/product\/54976\/revisions"}],"wp:featuredmedia":[{"embeddable":true,"href":"https:\/\/snus-malmo.se\/sv\/wp-json\/wp\/v2\/media\/21063"}],"wp:attachment":[{"href":"https:\/\/snus-malmo.se\/sv\/wp-json\/wp\/v2\/media?parent=54976"}],"wp:term":[{"taxonomy":"product_brand","embeddable":true,"href":"https:\/\/snus-malmo.se\/sv\/wp-json\/wp\/v2\/product_brand?post=54976"},{"taxonomy":"product_cat","embeddable":true,"href":"https:\/\/snus-malmo.se\/sv\/wp-json\/wp\/v2\/product_cat?post=54976"},{"taxonomy":"product_tag","embeddable":true,"href":"https:\/\/snus-malmo.se\/sv\/wp-json\/wp\/v2\/product_tag?post=54976"}],"curies":[{"name":"wp","href":"https:\/\/api.w.org\/{rel}","templated":true}]}}