{"id":55016,"date":"2025-05-23T16:59:01","date_gmt":"2025-05-23T16:59:01","guid":{"rendered":"https:\/\/snus-malmo.se\/?post_type=product&#038;p=55016"},"modified":"2025-11-22T09:34:00","modified_gmt":"2025-11-22T09:34:00","slug":"fix-green-mango-lemongrass-5","status":"publish","type":"product","link":"https:\/\/snus-malmo.se\/sv\/produkt\/fix-green-mango-lemongrass-5\/","title":{"rendered":"FIX Green Mango Lemongrass #5"},"content":{"rendered":"<article class=\"product-text\">Nikotinp\u00e5sar FIX Green Mango Lemongrass #5 \u00e4r en ny svenskproducerad all white-produkt med smak av citrus. Den h\u00e4r varianten av FIX: Flavour Index snus har en extra h\u00f6g nikotinhalt.<\/article>\n<div class=\"buy-pane\">\n<div class=\"tab-content buy-tabs-content\">\n<div id=\"buy\" class=\"tab-pane active\">\n<div>\n<div class=\"variants list\">\n<h2>Om produkten FIX Green Mango Lemongrass #5<\/h2>\n<p><strong>All white FIX Green Mango Lemongrass #5<\/strong><br \/>\nNikotinportionen FIX Green Mango Lemongrass #5 \u00e4r en prilla i slimmat format och med l\u00e5g rinnighet. P\u00e5sen har en torr utsida med ett fuktigt inneh\u00e5ll. Eftersom det h\u00e4r \u00e4r en all white-produkt \u00e4r prillorna fria fr\u00e5n tobak. I en dosa Green Mango Lemongrass #5 finns 20 nikotinp\u00e5sar och i dosans lock finns ett utrymme f\u00f6r anv\u00e4nda portioner.<\/p>\n<ul>\n<li>Varum\u00e4rke: FIX: Flavour Index<\/li>\n<li>Tillverkare: Habit Factory in Sweden AB<\/li>\n<li>Format: Slim<\/li>\n<li>Produkttyp: All white<\/li>\n<li>Smak: Citrus<\/li>\n<li>Nikotinhalt: 16,4 mg\/g<\/li>\n<li>Styrka: Extra stark<\/li>\n<li>Antal portioner per dosa: 20<\/li>\n<\/ul>\n<p><strong>Nikotinstyrkan i FIX Green Mango Lemongrass #5<\/strong><br \/>\nNikotinp\u00e5sar Green Mango Lemongrass #5 fr\u00e5n FIX har en halt av nikotin som \u00e4r klassificerad som extra stark. Den h\u00e4r prillan har en nikotinhalt p\u00e5 16,4 milligram per gram.<\/p>\n<p><strong>Om FIX med extra stark styrka<\/strong><br \/>\nFIX \u00e4r ett svenskt varum\u00e4rke som produceras av Habit Factory in Sweden AB. Green Mango Lemongrass #5 har nikotinstyrka s5 och tillh\u00f6r varum\u00e4rkets starkare nikotinprodukter.<\/p>\n<div class=\"row\">\n<div class=\"col-xs-12 content-section\"><\/div>\n<\/div>\n<table class=\"product-specs\">\n<thead>\n<tr>\n<th>Fakta om produkten<\/th>\n<th class=\"text-right\"><\/th>\n<\/tr>\n<\/thead>\n<tbody>\n<tr>\n<td class=\"spec-key\">Varum\u00e4rke<\/td>\n<td class=\"spec-value text-right\">FIX<\/td>\n<\/tr>\n<tr>\n<td class=\"spec-key\">Produkttyp<\/td>\n<td class=\"spec -value text-right\">all white portion<\/td>\n<\/tr>\n<tr>\n<td class=\"spec-key\">Nikotinstyrka<\/td>\n<td class=\"spec -value text-right\">extra stark<\/td>\n<\/tr>\n<tr>\n<td class=\"spec-key\">Nikotinhalt<\/td>\n<td class=\"spec -value text-right\">16,4 mg\/g<\/td>\n<\/tr>\n<tr>\n<td class=\"spec-key\">Smak<\/td>\n<td class=\"spec -value text-right\">frukt<\/td>\n<\/tr>\n<tr>\n<td class=\"spec-key\">Inneh\u00e5ll\/f\u00f6rpackning<\/td>\n<td class=\"spec -value text-right\">14 g<\/td>\n<\/tr>\n<tr>\n<td class=\"spec-key\">Snustyp<\/td>\n<td class=\"spec -value text-right\">Slim All White<\/td>\n<\/tr>\n<tr>\n<td class=\"spec-key\">Format<\/td>\n<td class=\"spec -value text-right\">Slim<\/td>\n<\/tr>\n<tr>\n<td class=\"spec-key\">Producent<\/td>\n<td class=\"spec-value text-right\">Habit Factory In Sweden AB<\/td>\n<\/tr>\n<\/tbody>\n<\/table>\n<\/div>\n<\/div>\n<\/div>\n<\/div>\n<\/div>","protected":false},"excerpt":{"rendered":"<article class=\"product-text\">Nikotinp\u00e5sar FIX Green Mango Lemongrass #5 \u00e4r en ny svenskproducerad all white-produkt med smak av citrus. Den h\u00e4r varianten av FIX: Flavour Index snus har en extra h\u00f6g nikotinhalt.<\/article>\n<div class=\"buy-pane\">\n<div class=\"tab-content buy-tabs-content\">\n<div id=\"buy\" class=\"tab-pane active\">\n<div>\n<div class=\"variants list\">\n<h2>Om produkten FIX Green Mango Lemongrass #5<\/h2>\n<p><strong>All white FIX Green Mango Lemongrass #5<\/strong><br \/>\nNikotinportionen FIX Green Mango Lemongrass #5 \u00e4r en prilla i slimmat format och med l\u00e5g rinnighet. P\u00e5sen har en torr utsida med ett fuktigt inneh\u00e5ll. Eftersom det h\u00e4r \u00e4r en all white-produkt \u00e4r prillorna fria fr\u00e5n tobak. I en dosa Green Mango Lemongrass #5 finns 20 nikotinp\u00e5sar och i dosans lock finns ett utrymme f\u00f6r anv\u00e4nda portioner.<\/p>\n<ul>\n<li>Varum\u00e4rke: FIX: Flavour Index<\/li>\n<li>Tillverkare: Habit Factory in Sweden AB<\/li>\n<li>Format: Slim<\/li>\n<li>Produkttyp: All white<\/li>\n<li>Smak: Citrus<\/li>\n<li>Nikotinhalt: 16,4 mg\/g<\/li>\n<li>Styrka: Extra stark<\/li>\n<li>Antal portioner per dosa: 20<\/li>\n<\/ul>\n<\/div>\n<\/div>\n<\/div>\n<\/div>\n<\/div>","protected":false},"featured_media":21144,"comment_status":"open","ping_status":"closed","template":"","meta":[],"product_brand":[419],"product_cat":[136,200,137],"product_tag":[],"class_list":{"0":"post-55016","1":"product","2":"type-product","3":"status-publish","4":"has-post-thumbnail","6":"product_brand-fix","7":"product_cat-all-whites","8":"product_cat-fix","9":"product_cat-slim","11":"first","12":"instock","13":"taxable","14":"shipping-taxable","15":"purchasable","16":"product-type-variable"},"_links":{"self":[{"href":"https:\/\/snus-malmo.se\/sv\/wp-json\/wp\/v2\/product\/55016","targetHints":{"allow":["GET"]}}],"collection":[{"href":"https:\/\/snus-malmo.se\/sv\/wp-json\/wp\/v2\/product"}],"about":[{"href":"https:\/\/snus-malmo.se\/sv\/wp-json\/wp\/v2\/types\/product"}],"replies":[{"embeddable":true,"href":"https:\/\/snus-malmo.se\/sv\/wp-json\/wp\/v2\/comments?post=55016"}],"version-history":[{"count":0,"href":"https:\/\/snus-malmo.se\/sv\/wp-json\/wp\/v2\/product\/55016\/revisions"}],"wp:featuredmedia":[{"embeddable":true,"href":"https:\/\/snus-malmo.se\/sv\/wp-json\/wp\/v2\/media\/21144"}],"wp:attachment":[{"href":"https:\/\/snus-malmo.se\/sv\/wp-json\/wp\/v2\/media?parent=55016"}],"wp:term":[{"taxonomy":"product_brand","embeddable":true,"href":"https:\/\/snus-malmo.se\/sv\/wp-json\/wp\/v2\/product_brand?post=55016"},{"taxonomy":"product_cat","embeddable":true,"href":"https:\/\/snus-malmo.se\/sv\/wp-json\/wp\/v2\/product_cat?post=55016"},{"taxonomy":"product_tag","embeddable":true,"href":"https:\/\/snus-malmo.se\/sv\/wp-json\/wp\/v2\/product_tag?post=55016"}],"curies":[{"name":"wp","href":"https:\/\/api.w.org\/{rel}","templated":true}]}}