{"id":55021,"date":"2025-05-23T16:59:01","date_gmt":"2025-05-23T16:59:01","guid":{"rendered":"https:\/\/snus-malmo.se\/?post_type=product&#038;p=55021"},"modified":"2025-11-22T09:33:56","modified_gmt":"2025-11-22T09:33:56","slug":"fix-cherry-blossom-5","status":"publish","type":"product","link":"https:\/\/snus-malmo.se\/sv\/produkt\/fix-cherry-blossom-5\/","title":{"rendered":"FIX Cherry Blossom #5"},"content":{"rendered":"<article class=\"product-text\">Nikotinp\u00e5sen FIX Cherry Blossom #5 \u00e4r en all white-portion i slimmat format med en extra h\u00f6g halt av nikotin. FIX: Flavour Index snus har en smakkombination av k\u00f6rsb\u00e4r och hallon.<\/article>\n<div class=\"buy-pane\">\n<div class=\"tab-content buy-tabs-content\">\n<div id=\"buy\" class=\"tab-pane active\">\n<div>\n<div class=\"variants list\">\n<h2>Om produkten FIX Cherry Blossom #5<\/h2>\n<p><strong>Om FIX Cherry Blossom #5 extra strong<\/strong><br \/>\nDet helvita snuset FIX Cherry Blossom #5 \u00e4r portionsp\u00e5sar som best\u00e5r av cellulosa, smaks\u00e4ttning och tillsatt nikotin. Inneh\u00e5llet \u00e4r fuktigt medan prillans utsida \u00e4r torr, vilket g\u00f6r att produkten inte rinner n\u00e4r den ligger under l\u00e4ppen. Den perforerade p\u00e5sen g\u00f6r att portionen successivt sl\u00e4pper ifr\u00e5n sig smak och nikotin. En dosa Cherry Blossom #5 inneh\u00e5ller 20 stycken nikotinp\u00e5sar.<\/p>\n<ul>\n<li>Varum\u00e4rke: FIX: Flavour Index<\/li>\n<li>Tillverkare: Habit Factory in Sweden AB<\/li>\n<li>Smak: K\u00f6rsb\u00e4r och hallon<\/li>\n<li>Format: Slim<\/li>\n<li>Produkttyp: All white<\/li>\n<li>Portioner per dosa: 20 stycken<\/li>\n<li>Nikotinhalt: 16,4 mg\/g<\/li>\n<li>Styrka: Extra strong<\/li>\n<\/ul>\n<p><strong>Nikotinstyrka i FIX Cherry Blossom #5<\/strong><br \/>\nNikotinp\u00e5sar FIX Cherry Blossom #5 har en halt av nikotin som \u00e4r definierad som extra stark. Prillorna har d\u00e4rmed ett nikotininneh\u00e5ll som ligger p\u00e5 16,4 milligram nikotin per gram.<\/p>\n<p><strong>FIX med extra stark styrka<\/strong><br \/>\nVarum\u00e4rket FIX \u00e4r ett nytt varum\u00e4rke p\u00e5 marknaden som tillverkas av Habit Factory in Sweden AB. FIX har nikotinp\u00e5sar med olika smaker och varierande nikotinhalt. Produkten FIX Cherry Blossom #5 har nikotinstyrka s5.<\/p>\n<div class=\"row\">\n<div class=\"col-xs-12 content-section\"><\/div>\n<\/div>\n<table class=\"product-specs\">\n<thead>\n<tr>\n<th>Fakta om produkten<\/th>\n<th class=\"text-right\"><\/th>\n<\/tr>\n<\/thead>\n<tbody>\n<tr>\n<td class=\"spec-key\">Varum\u00e4rke<\/td>\n<td class=\"spec-value text-right\">FIX<\/td>\n<\/tr>\n<tr>\n<td class=\"spec-key\">Produkttyp<\/td>\n<td class=\"spec -value text-right\">all white portion<\/td>\n<\/tr>\n<tr>\n<td class=\"spec-key\">Nikotinstyrka<\/td>\n<td class=\"spec -value text-right\">extra stark<\/td>\n<\/tr>\n<tr>\n<td class=\"spec-key\">Nikotinhalt<\/td>\n<td class=\"spec -value text-right\">16,4 mg\/g<\/td>\n<\/tr>\n<tr>\n<td class=\"spec-key\">Smak<\/td>\n<td class=\"spec -value text-right\">b\u00e4r<\/td>\n<\/tr>\n<tr>\n<td class=\"spec-key\">Inneh\u00e5ll\/f\u00f6rpackning<\/td>\n<td class=\"spec -value text-right\">14 g<\/td>\n<\/tr>\n<tr>\n<td class=\"spec-key\">Snustyp<\/td>\n<td class=\"spec -value text-right\">Slim All White<\/td>\n<\/tr>\n<tr>\n<td class=\"spec-key\">Format<\/td>\n<td class=\"spec -value text-right\">Slim<\/td>\n<\/tr>\n<tr>\n<td class=\"spec-key\">Producent<\/td>\n<td class=\"spec-value text-right\">Habit Factory In Sweden AB<\/td>\n<\/tr>\n<\/tbody>\n<\/table>\n<\/div>\n<\/div>\n<\/div>\n<\/div>\n<\/div>","protected":false},"excerpt":{"rendered":"<article class=\"product-text\">Nikotinp\u00e5sen FIX Cherry Blossom #5 \u00e4r en all white-portion i slimmat format med en extra h\u00f6g halt av nikotin. FIX: Flavour Index snus har en smakkombination av k\u00f6rsb\u00e4r och hallon.<\/article>\n<div class=\"buy-pane\">\n<div class=\"tab-content buy-tabs-content\">\n<div id=\"buy\" class=\"tab-pane active\">\n<div>\n<div class=\"variants list\">\n<h2>Om produkten FIX Cherry Blossom #5<\/h2>\n<p><strong>Om FIX Cherry Blossom #5 extra strong<\/strong><br \/>\nDet helvita snuset FIX Cherry Blossom #5 \u00e4r portionsp\u00e5sar som best\u00e5r av cellulosa, smaks\u00e4ttning och tillsatt nikotin. Inneh\u00e5llet \u00e4r fuktigt medan prillans utsida \u00e4r torr, vilket g\u00f6r att produkten inte rinner n\u00e4r den ligger under l\u00e4ppen. Den perforerade p\u00e5sen g\u00f6r att portionen successivt sl\u00e4pper ifr\u00e5n sig smak och nikotin. En dosa Cherry Blossom #5 inneh\u00e5ller 20 stycken nikotinp\u00e5sar.<\/p>\n<ul>\n<li>Varum\u00e4rke: FIX: Flavour Index<\/li>\n<li>Tillverkare: Habit Factory in Sweden AB<\/li>\n<li>Smak: K\u00f6rsb\u00e4r och hallon<\/li>\n<li>Format: Slim<\/li>\n<li>Produkttyp: All white<\/li>\n<li>Portioner per dosa: 20 stycken<\/li>\n<li>Nikotinhalt: 16,4 mg\/g<\/li>\n<li>Styrka: Extra strong<\/li>\n<\/ul>\n<\/div>\n<\/div>\n<\/div>\n<\/div>\n<\/div>","protected":false},"featured_media":21151,"comment_status":"open","ping_status":"closed","template":"","meta":[],"product_brand":[419],"product_cat":[136,200,137],"product_tag":[],"class_list":{"0":"post-55021","1":"product","2":"type-product","3":"status-publish","4":"has-post-thumbnail","6":"product_brand-fix","7":"product_cat-all-whites","8":"product_cat-fix","9":"product_cat-slim","11":"first","12":"instock","13":"taxable","14":"shipping-taxable","15":"purchasable","16":"product-type-variable"},"_links":{"self":[{"href":"https:\/\/snus-malmo.se\/sv\/wp-json\/wp\/v2\/product\/55021","targetHints":{"allow":["GET"]}}],"collection":[{"href":"https:\/\/snus-malmo.se\/sv\/wp-json\/wp\/v2\/product"}],"about":[{"href":"https:\/\/snus-malmo.se\/sv\/wp-json\/wp\/v2\/types\/product"}],"replies":[{"embeddable":true,"href":"https:\/\/snus-malmo.se\/sv\/wp-json\/wp\/v2\/comments?post=55021"}],"version-history":[{"count":0,"href":"https:\/\/snus-malmo.se\/sv\/wp-json\/wp\/v2\/product\/55021\/revisions"}],"wp:featuredmedia":[{"embeddable":true,"href":"https:\/\/snus-malmo.se\/sv\/wp-json\/wp\/v2\/media\/21151"}],"wp:attachment":[{"href":"https:\/\/snus-malmo.se\/sv\/wp-json\/wp\/v2\/media?parent=55021"}],"wp:term":[{"taxonomy":"product_brand","embeddable":true,"href":"https:\/\/snus-malmo.se\/sv\/wp-json\/wp\/v2\/product_brand?post=55021"},{"taxonomy":"product_cat","embeddable":true,"href":"https:\/\/snus-malmo.se\/sv\/wp-json\/wp\/v2\/product_cat?post=55021"},{"taxonomy":"product_tag","embeddable":true,"href":"https:\/\/snus-malmo.se\/sv\/wp-json\/wp\/v2\/product_tag?post=55021"}],"curies":[{"name":"wp","href":"https:\/\/api.w.org\/{rel}","templated":true}]}}