{"id":55026,"date":"2025-05-23T16:59:02","date_gmt":"2025-05-23T16:59:02","guid":{"rendered":"https:\/\/snus-malmo.se\/?post_type=product&#038;p=55026"},"modified":"2025-11-22T09:33:52","modified_gmt":"2025-11-22T09:33:52","slug":"fix-strawberry-kiwi-4","status":"publish","type":"product","link":"https:\/\/snus-malmo.se\/sv\/produkt\/fix-strawberry-kiwi-4\/","title":{"rendered":"FIX Strawberry Kiwi #4"},"content":{"rendered":"<article class=\"product-text\">Nikotinp\u00e5sarna i FIX Strawberry Kiwi #4 har ett slimmat format och smak av frukt och b\u00e4r. Det h\u00e4r \u00e4r ett FIX: Flavour Index snus med extra stark nikotinhalt som \u00e4r helt utan tobak.<\/article>\n<div class=\"buy-pane\">\n<div class=\"tab-content buy-tabs-content\">\n<div id=\"buy\" class=\"tab-pane active\">\n<div>\n<div class=\"variants list\">\n<h2>Om produkten FIX Strawberry Kiwi #4<\/h2>\n<p><strong>Om FIX Strawberry Kiwi #4<\/strong><br \/>\nFIX Strawberry Kiwi #4 har en smaks\u00e4ttning av kiwi och jordgubbar i kombination med lychee och guava. Prillorna har ett l\u00e5ngsmalt format och en torr, perforerad yta. Inneh\u00e5llet \u00e4r fuktigt och ger en successiv frisl\u00e4ppning av smak. Produkten \u00e4r ett all white-snus som \u00e4r tillverkat av v\u00e4xtfiber. Varje dosa best\u00e5r av 20 stycken nikotinportioner.<\/p>\n<ul>\n<li>Varum\u00e4rke: FIX: Flavour Index<\/li>\n<li>Tillverkare: Habit Factory in Sweden AB<\/li>\n<li>Smak: Jordgubb och kiwi<\/li>\n<li>Format: Slim<\/li>\n<li>Produkttyp: All white<\/li>\n<li>Antal portioner per dosa: 20<\/li>\n<li>Nikotinhalt: 14 mg\/g<\/li>\n<li>Styrka: Extra stark<\/li>\n<\/ul>\n<p><strong>Nikotinstyrka i FIX Strawberry Kiwi #4<\/strong><br \/>\nStrawberry Kiwi \u00e4r nikotinp\u00e5sar med en nikotinhalt som ligger p\u00e5 14 milligram per gram produkt. Det \u00e4r klassificerat som portioner med extra stark styrka. Prillorna \u00e4r helt fria fr\u00e5n tobak.<\/p>\n<p><strong>FIX med extra stark styrka<\/strong><br \/>\nHabit Factory in Sweden AB tillverkar det vita snuset fr\u00e5n FIX: Flavour Index. FIX har nikotinp\u00e5sar i en m\u00e4ngd smaker och styrkor, s\u00e5som Strawberry Kiwi #4 med nikotinstyrka s4.<\/p>\n<div class=\"row\">\n<div class=\"col-xs-12 content-section\"><\/div>\n<\/div>\n<table class=\"product-specs\">\n<thead>\n<tr>\n<th>Fakta om produkten<\/th>\n<th class=\"text-right\"><\/th>\n<\/tr>\n<\/thead>\n<tbody>\n<tr>\n<td class=\"spec-key\">Varum\u00e4rke<\/td>\n<td class=\"spec-value text-right\">FIX<\/td>\n<\/tr>\n<tr>\n<td class=\"spec-key\">Produkttyp<\/td>\n<td class=\"spec -value text-right\">all white portion<\/td>\n<\/tr>\n<tr>\n<td class=\"spec-key\">Nikotinstyrka<\/td>\n<td class=\"spec -value text-right\">extra stark<\/td>\n<\/tr>\n<tr>\n<td class=\"spec-key\">Nikotinhalt<\/td>\n<td class=\"spec -value text-right\">14 mg\/g<\/td>\n<\/tr>\n<tr>\n<td class=\"spec-key\">Smak<\/td>\n<td class=\"spec -value text-right\">b\u00e4r<\/td>\n<\/tr>\n<tr>\n<td class=\"spec-key\">Inneh\u00e5ll\/f\u00f6rpackning<\/td>\n<td class=\"spec -value text-right\">14 g<\/td>\n<\/tr>\n<tr>\n<td class=\"spec-key\">Snustyp<\/td>\n<td class=\"spec -value text-right\">Slim All White<\/td>\n<\/tr>\n<tr>\n<td class=\"spec-key\">Format<\/td>\n<td class=\"spec -value text-right\">Slim<\/td>\n<\/tr>\n<tr>\n<td class=\"spec-key\">Producent<\/td>\n<td class=\"spec-value text-right\">Habit Factory In Sweden AB<\/td>\n<\/tr>\n<\/tbody>\n<\/table>\n<\/div>\n<\/div>\n<\/div>\n<\/div>\n<\/div>","protected":false},"excerpt":{"rendered":"<article class=\"product-text\">Nikotinp\u00e5sarna i FIX Strawberry Kiwi #4 har ett slimmat format och smak av frukt och b\u00e4r. Det h\u00e4r \u00e4r ett FIX: Flavour Index snus med extra stark nikotinhalt som \u00e4r helt utan tobak.<\/article>\n<div class=\"buy-pane\">\n<div class=\"tab-content buy-tabs-content\">\n<div id=\"buy\" class=\"tab-pane active\">\n<div>\n<div class=\"variants list\">\n<h2>Om produkten FIX Strawberry Kiwi #4<\/h2>\n<p><strong>Om FIX Strawberry Kiwi #4<\/strong><br \/>\nFIX Strawberry Kiwi #4 har en smaks\u00e4ttning av kiwi och jordgubbar i kombination med lychee och guava. Prillorna har ett l\u00e5ngsmalt format och en torr, perforerad yta. Inneh\u00e5llet \u00e4r fuktigt och ger en successiv frisl\u00e4ppning av smak. Produkten \u00e4r ett all white-snus som \u00e4r tillverkat av v\u00e4xtfiber. Varje dosa best\u00e5r av 20 stycken nikotinportioner.<\/p>\n<\/div>\n<\/div>\n<\/div>\n<\/div>\n<\/div>","protected":false},"featured_media":21158,"comment_status":"open","ping_status":"closed","template":"","meta":[],"product_brand":[419],"product_cat":[136,200,137],"product_tag":[],"class_list":{"0":"post-55026","1":"product","2":"type-product","3":"status-publish","4":"has-post-thumbnail","6":"product_brand-fix","7":"product_cat-all-whites","8":"product_cat-fix","9":"product_cat-slim","11":"first","12":"instock","13":"taxable","14":"shipping-taxable","15":"purchasable","16":"product-type-variable"},"_links":{"self":[{"href":"https:\/\/snus-malmo.se\/sv\/wp-json\/wp\/v2\/product\/55026","targetHints":{"allow":["GET"]}}],"collection":[{"href":"https:\/\/snus-malmo.se\/sv\/wp-json\/wp\/v2\/product"}],"about":[{"href":"https:\/\/snus-malmo.se\/sv\/wp-json\/wp\/v2\/types\/product"}],"replies":[{"embeddable":true,"href":"https:\/\/snus-malmo.se\/sv\/wp-json\/wp\/v2\/comments?post=55026"}],"version-history":[{"count":0,"href":"https:\/\/snus-malmo.se\/sv\/wp-json\/wp\/v2\/product\/55026\/revisions"}],"wp:featuredmedia":[{"embeddable":true,"href":"https:\/\/snus-malmo.se\/sv\/wp-json\/wp\/v2\/media\/21158"}],"wp:attachment":[{"href":"https:\/\/snus-malmo.se\/sv\/wp-json\/wp\/v2\/media?parent=55026"}],"wp:term":[{"taxonomy":"product_brand","embeddable":true,"href":"https:\/\/snus-malmo.se\/sv\/wp-json\/wp\/v2\/product_brand?post=55026"},{"taxonomy":"product_cat","embeddable":true,"href":"https:\/\/snus-malmo.se\/sv\/wp-json\/wp\/v2\/product_cat?post=55026"},{"taxonomy":"product_tag","embeddable":true,"href":"https:\/\/snus-malmo.se\/sv\/wp-json\/wp\/v2\/product_tag?post=55026"}],"curies":[{"name":"wp","href":"https:\/\/api.w.org\/{rel}","templated":true}]}}