{"id":55044,"date":"2025-05-23T16:59:04","date_gmt":"2025-05-23T16:59:04","guid":{"rendered":"https:\/\/snus-malmo.se\/?post_type=product&#038;p=55044"},"modified":"2025-11-29T10:42:08","modified_gmt":"2025-11-29T10:42:08","slug":"loop-jalapeno-lime-slim-hyper-strong","status":"publish","type":"product","link":"https:\/\/snus-malmo.se\/sv\/produkt\/loop-jalapeno-lime-slim-hyper-strong\/","title":{"rendered":"Loop Jalapeno Lime Slim Hyper Strong"},"content":{"rendered":"<article class=\"product-text\">All white-p\u00e5sarna Loop Jalapeno Lime Hyper Strong med smak av chili och lime.<\/p>\n<\/article>\n<h2>Om produkten Loop Jalapeno Lime Slim Hyper Strong<\/h2>\n<p>Nikotinp\u00e5sarna Loop Jalapeno Lime Hyper Strong levereras i en dosa som de sj\u00e4lva kallar f\u00f6r PlantCan. Det \u00e4r den f\u00f6rsta dosan f\u00f6r all white produkter som \u00e4r tillverkad i 100 % v\u00e4xtbaserat material. Prillorna har formatet slim och ligger\u00a0diskret under l\u00e4ppen. I varje dosa finns 22 stycken portionsprillor av det vita\u00a0snuset.<\/p>\n<ul>\n<li>Varum\u00e4rke: Loop<\/li>\n<li>Smak: Jalapeno \/ Lime<\/li>\n<li>Format: Slim<\/li>\n<li>Nikotinhalt: 25 mg\/g<\/li>\n<li>Portioner per dosa: 22 stycken<\/li>\n<li>Tillverkare: Another Snus Factory<\/li>\n<\/ul>\n<h2>Nikotinstyrka i Loop Jalapeno Lime Hyper Strong<\/h2>\n<p>Nikotinp\u00e5sar Loop Jalapeno Lime Hyper Strong har en nikotinhalt p\u00e5 25 milligram per gram och har en klassificering som extra starka.<\/p>\n<h2>Loop med extra strong styrka<\/h2>\n<p>Varum\u00e4rket\u00a0Loop\u00a0tillverkar sina all white-produkter i Stockholm. De har som ambition att leverera tobaksfritt snus med maximal smak, men med minimal p\u00e5verkan p\u00e5 milj\u00f6n. Loop Jalapeno Lime Hyper Strong har nikotinstyrka 4\/4.<\/p>\n<table class=\"product-specs\">\n<thead>\n<tr>\n<th>Fakta om produkten<\/th>\n<th class=\"text-right\"><\/th>\n<\/tr>\n<\/thead>\n<tbody>\n<tr>\n<td class=\"spec-key\">Varum\u00e4rke<\/td>\n<td class=\"spec-value text-right\">Loop<\/td>\n<\/tr>\n<tr>\n<td class=\"spec-key\">Produkttyp<\/td>\n<td class=\"spec -value text-right\">all white portion<\/td>\n<\/tr>\n<tr>\n<td class=\"spec-key\">Nikotinstyrka<\/td>\n<td class=\"spec -value text-right\">Hyper\u00a0stark<\/td>\n<\/tr>\n<tr>\n<td class=\"spec-key\">Nikotinhalt<\/td>\n<td class=\"spec -value text-right\">25 mg\/g<\/td>\n<\/tr>\n<tr>\n<td class=\"spec-key\">Smak<\/td>\n<td class=\"spec -value text-right\">citrus<\/td>\n<\/tr>\n<tr>\n<td class=\"spec-key\">Inneh\u00e5ll\/f\u00f6rpackning<\/td>\n<td class=\"spec -value text-right\">13,75 g<\/td>\n<\/tr>\n<tr>\n<td class=\"spec-key\">Snustyp<\/td>\n<td class=\"spec -value text-right\">All White Portion Slim<\/td>\n<\/tr>\n<tr>\n<td class=\"spec-key\">Format<\/td>\n<td class=\"spec -value text-right\">Slim<\/td>\n<\/tr>\n<tr>\n<td class=\"spec-key\">Producent<\/td>\n<td class=\"spec-value text-right\">Another Snus Factory<\/td>\n<\/tr>\n<\/tbody>\n<\/table>","protected":false},"excerpt":{"rendered":"<article class=\"product-text\">All white-p\u00e5sarna Loop Jalapeno Lime Hyper Strong med smak av chili och lime.<\/p>\n<\/article>\n<h2>Om produkten Loop Jalapeno Lime Slim Hyper Strong<\/h2>\n<p>Nikotinp\u00e5sarna Loop Jalapeno Lime Hyper Strong levereras i en dosa som de sj\u00e4lva kallar f\u00f6r PlantCan. Det \u00e4r den f\u00f6rsta dosan f\u00f6r all white produkter som \u00e4r tillverkad i 100 % v\u00e4xtbaserat material. Prillorna har formatet slim och ligger\u00a0diskret under l\u00e4ppen. I varje dosa finns 22 stycken portionsprillor av det vita\u00a0snuset.<\/p>\n<ul>\n<li>Varum\u00e4rke: Loop<\/li>\n<li>Smak: Jalapeno \/ Lime<\/li>\n<li>Format: Slim<\/li>\n<li>Nikotinhalt: 25 mg\/g<\/li>\n<li>Portioner per dosa: 22 stycken<\/li>\n<li>Tillverkare: Another Snus Factory<\/li>\n<\/ul>","protected":false},"featured_media":21208,"comment_status":"open","ping_status":"closed","template":"","meta":[],"product_brand":[],"product_cat":[136,388,103,137],"product_tag":[],"class_list":{"0":"post-55044","1":"product","2":"type-product","3":"status-publish","4":"has-post-thumbnail","6":"product_cat-all-whites","7":"product_cat-hyper-strong","8":"product_cat-loop","9":"product_cat-slim","11":"first","12":"instock","13":"taxable","14":"shipping-taxable","15":"purchasable","16":"product-type-variable"},"_links":{"self":[{"href":"https:\/\/snus-malmo.se\/sv\/wp-json\/wp\/v2\/product\/55044","targetHints":{"allow":["GET"]}}],"collection":[{"href":"https:\/\/snus-malmo.se\/sv\/wp-json\/wp\/v2\/product"}],"about":[{"href":"https:\/\/snus-malmo.se\/sv\/wp-json\/wp\/v2\/types\/product"}],"replies":[{"embeddable":true,"href":"https:\/\/snus-malmo.se\/sv\/wp-json\/wp\/v2\/comments?post=55044"}],"version-history":[{"count":0,"href":"https:\/\/snus-malmo.se\/sv\/wp-json\/wp\/v2\/product\/55044\/revisions"}],"wp:featuredmedia":[{"embeddable":true,"href":"https:\/\/snus-malmo.se\/sv\/wp-json\/wp\/v2\/media\/21208"}],"wp:attachment":[{"href":"https:\/\/snus-malmo.se\/sv\/wp-json\/wp\/v2\/media?parent=55044"}],"wp:term":[{"taxonomy":"product_brand","embeddable":true,"href":"https:\/\/snus-malmo.se\/sv\/wp-json\/wp\/v2\/product_brand?post=55044"},{"taxonomy":"product_cat","embeddable":true,"href":"https:\/\/snus-malmo.se\/sv\/wp-json\/wp\/v2\/product_cat?post=55044"},{"taxonomy":"product_tag","embeddable":true,"href":"https:\/\/snus-malmo.se\/sv\/wp-json\/wp\/v2\/product_tag?post=55044"}],"curies":[{"name":"wp","href":"https:\/\/api.w.org\/{rel}","templated":true}]}}