{"id":55062,"date":"2025-05-23T16:59:05","date_gmt":"2025-05-23T16:59:05","guid":{"rendered":"https:\/\/snus-malmo.se\/?post_type=product&#038;p=55062"},"modified":"2025-11-29T10:42:04","modified_gmt":"2025-11-29T10:42:04","slug":"loop-hot-peach-strong","status":"publish","type":"product","link":"https:\/\/snus-malmo.se\/sv\/produkt\/loop-hot-peach-strong\/","title":{"rendered":"Loop Hot Peach Strong"},"content":{"rendered":"<article class=\"product-text\">Loop Hot Peach Strong fr\u00e5n Loop har smak av persika och chili i slim-format, klassificeras som stark, och inneh\u00e5ller 22 portioner per dosa av vitt snus.<\/p>\n<\/article>\n<div class=\"buy-pane\">\n<div class=\"tab-content buy-tabs-content\">\n<div id=\"buy\" class=\"tab-pane active\">\n<div>\n<div class=\"variants list\">\n<h2>Om produkten Loop Hot Peach Strong<\/h2>\n<p>Loop Hot Peach Strong fr\u00e5n varum\u00e4rket Loop, producerat av Another Snus Factory. Den \u00e4r en typ av vitt snus i slim-format, utan tobak men med nikotin.<\/p>\n<h2>Loop Hot Peach Strong: Smakbeskrivning och Nikotinhalt<\/h2>\n<p>Loop Hot Peach Strong \u00e4r vitt snus med smak av persika och chili i slim-format. Den har en stark styrka med nikotinhalt om 9,4 mg per portion och 15 mg\/g.<\/p>\n<h3>Format: Slim<\/h3>\n<p>Loop Hot Peach Strong har ett slimmat format.<\/p>\n<h3>Produktinformation:<\/h3>\n<ul>\n<li><strong>Kategori:<\/strong>\u00a0Vitt snus<\/li>\n<li><strong>Smak:<\/strong>\u00a0Persika, Chili<\/li>\n<li><strong>Produktens styrka:<\/strong>\u00a0Stark<\/li>\n<li><strong>Producent:<\/strong>\u00a0Another Snus Factory<\/li>\n<li><strong>Nikotinhalt mg\/portion:<\/strong>\u00a09,4<\/li>\n<li><strong>Antal portioner per dosa:<\/strong>\u00a022<\/li>\n<\/ul>\n<h3>Om Loop<\/h3>\n<p>Loop \u00e4r ett svenskt varum\u00e4rke som startade verksamheten \u00e5r 2019 genom Another Snus Factory, med fokus p\u00e5 tobaksfria, vita snusprodukter och milj\u00f6medveten f\u00f6rpackning.<\/p>\n<div class=\"row\">\n<div class=\"col-xs-12 content-section\"><\/div>\n<\/div>\n<table class=\"product-specs\">\n<thead>\n<tr>\n<th>Fakta om produkten<\/th>\n<th class=\"text-right\"><\/th>\n<\/tr>\n<\/thead>\n<tbody>\n<tr>\n<td class=\"spec-key\">Varum\u00e4rke<\/td>\n<td class=\"spec-value text-right\">Loop<\/td>\n<\/tr>\n<tr>\n<td class=\"spec-key\">Produkttyp<\/td>\n<td class=\"spec -value text-right\">vitt snus<\/td>\n<\/tr>\n<tr>\n<td class=\"spec-key\">Nikotinstyrka<\/td>\n<td class=\"spec -value text-right\">stark<\/td>\n<\/tr>\n<tr>\n<td class=\"spec-key\">Nikotinhalt<\/td>\n<td class=\"spec -value text-right\">15 mg\/g<\/td>\n<\/tr>\n<tr>\n<td class=\"spec-key\">Nikotinhalt (mg\/portion)<\/td>\n<td class=\"spec -value text-right\">9,4 mg\/portion<\/td>\n<\/tr>\n<tr>\n<td class=\"spec-key\">Smak<\/td>\n<td class=\"spec -value text-right\">chili<\/td>\n<\/tr>\n<tr>\n<td class=\"spec-key\">Inneh\u00e5ll\/f\u00f6rpackning<\/td>\n<td class=\"spec -value text-right\">13,8 g<\/td>\n<\/tr>\n<tr>\n<td class=\"spec-key\">Antal portioner\/f\u00f6rpackning<\/td>\n<td class=\"spec -value text-right\">22<\/td>\n<\/tr>\n<tr>\n<td class=\"spec-key\">Vikt per portion (gram)<\/td>\n<td class=\"spec -value text-right\">0,6 g<\/td>\n<\/tr>\n<tr>\n<td class=\"spec-key\">Format<\/td>\n<td class=\"spec -value text-right\">Slim<\/td>\n<\/tr>\n<tr>\n<td class=\"spec-key\">Lanseringsdatum<\/td>\n<td class=\"spec -value text-right\">2024-05-06<\/td>\n<\/tr>\n<tr>\n<td class=\"spec-key\">Ingredienser<\/td>\n<td class=\"spec -value text-right\">Vatten, Fiber, S\u00f6tningsmedel (E968), Aromer, Nikotinresinat, Surhetsreglerande medel (E500), Klumpf\u00f6rebyggande medel (E551), Koksalt, Stabiliseringsmedel (E450), Fuktighetsbevarande medel (E401), S\u00f6tningsmedel (E950), Surhetsreglerande medel (E339), Stabiliseringsmedel (E516), Konserveringsmedel (E202), S\u00f6tningsmedel (E955).<\/td>\n<\/tr>\n<tr>\n<td class=\"spec-key\">Producent<\/td>\n<td class=\"spec-value text-right\">Another Snus Factory<\/td>\n<\/tr>\n<\/tbody>\n<\/table>\n<\/div>\n<\/div>\n<\/div>\n<\/div>\n<\/div>","protected":false},"excerpt":{"rendered":"<article class=\"product-text\">Loop Hot Peach Strong fr\u00e5n Loop har smak av persika och chili i slim-format, klassificeras som stark, och inneh\u00e5ller 22 portioner per dosa av vitt snus.<\/p>\n<\/article>\n<div class=\"buy-pane\">\n<div class=\"tab-content buy-tabs-content\">\n<div id=\"buy\" class=\"tab-pane active\">\n<div>\n<div class=\"variants list\">\n<h2>Om produkten Loop Hot Peach Strong<\/h2>\n<p>Loop Hot Peach Strong fr\u00e5n varum\u00e4rket Loop, producerat av Another Snus Factory. Den \u00e4r en typ av vitt snus i slim-format, utan tobak men med nikotin.<\/p>\n<h2>Loop Hot Peach Strong: Smakbeskrivning och Nikotinhalt<\/h2>\n<p>Loop Hot Peach Strong \u00e4r vitt snus med smak av persika och chili i slim-format. Den har en stark styrka med nikotinhalt om 9,4 mg per portion och 15 mg\/g.<\/p>\n<h3>Format: Slim<\/h3>\n<p>Loop Hot Peach Strong har ett slimmat format.<\/p>\n<\/div>\n<\/div>\n<\/div>\n<\/div>\n<\/div>","protected":false},"featured_media":21242,"comment_status":"open","ping_status":"closed","template":"","meta":[],"product_brand":[],"product_cat":[136,103,137,354],"product_tag":[],"class_list":{"0":"post-55062","1":"product","2":"type-product","3":"status-publish","4":"has-post-thumbnail","6":"product_cat-all-whites","7":"product_cat-loop","8":"product_cat-slim","9":"product_cat-strongstark","11":"first","12":"instock","13":"taxable","14":"shipping-taxable","15":"purchasable","16":"product-type-variable"},"_links":{"self":[{"href":"https:\/\/snus-malmo.se\/sv\/wp-json\/wp\/v2\/product\/55062","targetHints":{"allow":["GET"]}}],"collection":[{"href":"https:\/\/snus-malmo.se\/sv\/wp-json\/wp\/v2\/product"}],"about":[{"href":"https:\/\/snus-malmo.se\/sv\/wp-json\/wp\/v2\/types\/product"}],"replies":[{"embeddable":true,"href":"https:\/\/snus-malmo.se\/sv\/wp-json\/wp\/v2\/comments?post=55062"}],"version-history":[{"count":0,"href":"https:\/\/snus-malmo.se\/sv\/wp-json\/wp\/v2\/product\/55062\/revisions"}],"wp:featuredmedia":[{"embeddable":true,"href":"https:\/\/snus-malmo.se\/sv\/wp-json\/wp\/v2\/media\/21242"}],"wp:attachment":[{"href":"https:\/\/snus-malmo.se\/sv\/wp-json\/wp\/v2\/media?parent=55062"}],"wp:term":[{"taxonomy":"product_brand","embeddable":true,"href":"https:\/\/snus-malmo.se\/sv\/wp-json\/wp\/v2\/product_brand?post=55062"},{"taxonomy":"product_cat","embeddable":true,"href":"https:\/\/snus-malmo.se\/sv\/wp-json\/wp\/v2\/product_cat?post=55062"},{"taxonomy":"product_tag","embeddable":true,"href":"https:\/\/snus-malmo.se\/sv\/wp-json\/wp\/v2\/product_tag?post=55062"}],"curies":[{"name":"wp","href":"https:\/\/api.w.org\/{rel}","templated":true}]}}