{"id":55081,"date":"2025-05-23T16:59:07","date_gmt":"2025-05-23T16:59:07","guid":{"rendered":"https:\/\/snus-malmo.se\/?post_type=product&#038;p=55081"},"modified":"2025-11-29T10:42:01","modified_gmt":"2025-11-29T10:42:01","slug":"loop-licorice-fusion-strong","status":"publish","type":"product","link":"https:\/\/snus-malmo.se\/sv\/produkt\/loop-licorice-fusion-strong\/","title":{"rendered":"Loop Licorice Fusion Strong"},"content":{"rendered":"<article class=\"product-text\">Smaken i Loop Licorice Fusion Strong (f\u00f6re detta Salty Ludicris) \u00e4r salt lakrits\u00a0och hallon i en styrka 3 av 4. Loop Licorice Fusion kommer i slimformat och \u00e4r ett tobaksfritt snus.<\/p>\n<\/article>\n<div class=\"buy-pane\">\n<div class=\"tab-content buy-tabs-content\">\n<div id=\"buy\" class=\"tab-pane active\">\n<div>\n<div class=\"variants list\">\n<h2>Om produkten Loop Licorice Fusion Strong<\/h2>\n<p>Loop Licorice Fusion har en\u00a0Stark nikotinstyrka\u00a0med 15\u00a0mg nikotin\/g. LOOP kommer i ett diskret slim-format och ger en fuktig upplevelse utan n\u00e5got rinn.<\/p>\n<p>Loop Licorice Fusion\u00a0\u00e4r en av det senaste nyheterna bland nikotinp\u00e5sar.\u00a0G\u00e4nget bakom Loop \u00e4r nystartade Another Snus Factory som har tillsammans 50+ \u00e5r erfarenhet av nikotinprodukter.<\/p>\n<div class=\"row\">\n<div class=\"col-xs-12 content-section\"><\/div>\n<\/div>\n<table class=\"product-specs\">\n<thead>\n<tr>\n<th>Fakta om produkten<\/th>\n<th class=\"text-right\"><\/th>\n<\/tr>\n<\/thead>\n<tbody>\n<tr>\n<td class=\"spec-key\">Varum\u00e4rke<\/td>\n<td class=\"spec-value text-right\">Loop<\/td>\n<\/tr>\n<tr>\n<td class=\"spec-key\">Produkttyp<\/td>\n<td class=\"spec -value text-right\">all white portion<\/td>\n<\/tr>\n<tr>\n<td class=\"spec-key\">Nikotinstyrka<\/td>\n<td class=\"spec -value text-right\">stark<\/td>\n<\/tr>\n<tr>\n<td class=\"spec-key\">Nikotinhalt<\/td>\n<td class=\"spec -value text-right\">15 mg\/g<\/td>\n<\/tr>\n<tr>\n<td class=\"spec-key\">Smak<\/td>\n<td class=\"spec -value text-right\">lakrits<\/td>\n<\/tr>\n<tr>\n<td class=\"spec-key\">Inneh\u00e5ll\/f\u00f6rpackning<\/td>\n<td class=\"spec -value text-right\">13,75 g<\/td>\n<\/tr>\n<tr>\n<td class=\"spec-key\">Snustyp<\/td>\n<td class=\"spec -value text-right\">All White Portion Slim<\/td>\n<\/tr>\n<tr>\n<td class=\"spec-key\">Format<\/td>\n<td class=\"spec -value text-right\">Slim<\/td>\n<\/tr>\n<tr>\n<td class=\"spec-key\">Producent<\/td>\n<td class=\"spec-value text-right\">Another Snus Factory<\/td>\n<\/tr>\n<\/tbody>\n<\/table>\n<\/div>\n<\/div>\n<\/div>\n<\/div>\n<\/div>","protected":false},"excerpt":{"rendered":"<article class=\"product-text\">Smaken i Loop Licorice Fusion Strong (f\u00f6re detta Salty Ludicris) \u00e4r salt lakrits\u00a0och hallon i en styrka 3 av 4. Loop Licorice Fusion kommer i slimformat och \u00e4r ett tobaksfritt snus.<\/p>\n<\/article>\n<div class=\"buy-pane\">\n<div class=\"tab-content buy-tabs-content\">\n<div id=\"buy\" class=\"tab-pane active\">\n<div>\n<div class=\"variants list\">\n<h2>Om produkten Loop Licorice Fusion Strong<\/h2>\n<p>Loop Licorice Fusion har en\u00a0Stark nikotinstyrka\u00a0med 15\u00a0mg nikotin\/g. LOOP kommer i ett diskret slim-format och ger en fuktig upplevelse utan n\u00e5got rinn.<\/p>\n<p>Loop Licorice Fusion\u00a0\u00e4r en av det senaste nyheterna bland nikotinp\u00e5sar.\u00a0G\u00e4nget bakom Loop \u00e4r nystartade Another Snus Factory som har tillsammans 50+ \u00e5r erfarenhet av nikotinprodukter.<\/p>\n<\/div>\n<\/div>\n<\/div>\n<\/div>\n<\/div>","protected":false},"featured_media":21279,"comment_status":"open","ping_status":"closed","template":"","meta":[],"product_brand":[],"product_cat":[136,103,137,354],"product_tag":[],"class_list":{"0":"post-55081","1":"product","2":"type-product","3":"status-publish","4":"has-post-thumbnail","6":"product_cat-all-whites","7":"product_cat-loop","8":"product_cat-slim","9":"product_cat-strongstark","11":"first","12":"instock","13":"taxable","14":"shipping-taxable","15":"purchasable","16":"product-type-variable"},"_links":{"self":[{"href":"https:\/\/snus-malmo.se\/sv\/wp-json\/wp\/v2\/product\/55081","targetHints":{"allow":["GET"]}}],"collection":[{"href":"https:\/\/snus-malmo.se\/sv\/wp-json\/wp\/v2\/product"}],"about":[{"href":"https:\/\/snus-malmo.se\/sv\/wp-json\/wp\/v2\/types\/product"}],"replies":[{"embeddable":true,"href":"https:\/\/snus-malmo.se\/sv\/wp-json\/wp\/v2\/comments?post=55081"}],"version-history":[{"count":0,"href":"https:\/\/snus-malmo.se\/sv\/wp-json\/wp\/v2\/product\/55081\/revisions"}],"wp:featuredmedia":[{"embeddable":true,"href":"https:\/\/snus-malmo.se\/sv\/wp-json\/wp\/v2\/media\/21279"}],"wp:attachment":[{"href":"https:\/\/snus-malmo.se\/sv\/wp-json\/wp\/v2\/media?parent=55081"}],"wp:term":[{"taxonomy":"product_brand","embeddable":true,"href":"https:\/\/snus-malmo.se\/sv\/wp-json\/wp\/v2\/product_brand?post=55081"},{"taxonomy":"product_cat","embeddable":true,"href":"https:\/\/snus-malmo.se\/sv\/wp-json\/wp\/v2\/product_cat?post=55081"},{"taxonomy":"product_tag","embeddable":true,"href":"https:\/\/snus-malmo.se\/sv\/wp-json\/wp\/v2\/product_tag?post=55081"}],"curies":[{"name":"wp","href":"https:\/\/api.w.org\/{rel}","templated":true}]}}