{"id":55084,"date":"2025-05-23T16:59:07","date_gmt":"2025-05-23T16:59:07","guid":{"rendered":"https:\/\/snus-malmo.se\/?post_type=product&#038;p=55084"},"modified":"2025-07-27T23:52:53","modified_gmt":"2025-07-27T23:52:53","slug":"siberia-80-degrees-white-dry-slim-portionssnus-2","status":"publish","type":"product","link":"https:\/\/snus-malmo.se\/sv\/produkt\/siberia-80-degrees-white-dry-slim-portionssnus-2\/","title":{"rendered":"Siberia -80 Degrees White Dry Slim Portionssnus"},"content":{"rendered":"<article class=\"product-text\">snussorter. 43 mg\/g och torra, l\u00e5ngsmala portioner med tydlig mintsmak.<\/article>\n<article class=\"product-text\">Siberia -80 Degrees White Dry Slim Portion levererar\u00a0en av de h\u00f6gsta nikotinhalterna p\u00e5 marknaden. Hela 43 mg\/g! Siberia\u00a0har annars en stark mintsmak med en tydlig tobakskarakt\u00e4r i botten.De l\u00e5ngsmala portionerna sitter diskret under l\u00e4ppen och har\u00a0en l\u00e4gre fukthalt \u00e4n vanligt snus. Detta\u00a0g\u00f6r att snuset rinner mindre\u00a0och smakar l\u00e4ngre.<\/p>\n<table class=\"product-specs\">\n<thead>\n<tr>\n<th>Fakta om produkten<\/th>\n<th class=\"text-right\"><\/th>\n<\/tr>\n<\/thead>\n<tbody>\n<tr>\n<td class=\"spec-key\">Varum\u00e4rke<\/td>\n<td class=\"spec-value text-right\">Siberia Snus<\/td>\n<\/tr>\n<tr>\n<td class=\"spec-key\">Produkttyp<\/td>\n<td class=\"spec -value text-right\">white portion<\/td>\n<\/tr>\n<tr>\n<td class=\"spec-key\">Nikotinstyrka<\/td>\n<td class=\"spec -value text-right\">Extra Stark<\/td>\n<\/tr>\n<tr>\n<td class=\"spec-key\">Nikotinhalt<\/td>\n<td class=\"spec -value text-right\">43 mg\/g<\/td>\n<\/tr>\n<tr>\n<td class=\"spec-key\">Smak<\/td>\n<td class=\"spec -value text-right\">mint<\/td>\n<\/tr>\n<tr>\n<td class=\"spec-key\">Inneh\u00e5ll\/f\u00f6rpackning<\/td>\n<td class=\"spec -value text-right\">13 g<\/td>\n<\/tr>\n<tr>\n<td class=\"spec-key\">Snustyp<\/td>\n<td class=\"spec -value text-right\">Superstark Slim White Portion<\/td>\n<\/tr>\n<tr>\n<td class=\"spec-key\">Format<\/td>\n<td class=\"spec -value text-right\">Slim<\/td>\n<\/tr>\n<tr>\n<td class=\"spec-key\">Producent<\/td>\n<td class=\"spec-value text-right\">GN Tobacco<\/td>\n<\/tr>\n<\/tbody>\n<\/table>\n<\/article>","protected":false},"excerpt":{"rendered":"<article class=\"product-text\">snussorter. 43 mg\/g och torra, l\u00e5ngsmala portioner med tydlig mintsmak.<\/article>\n<article class=\"product-text\">Siberia -80 Degrees White Dry Slim Portion levererar\u00a0en av de h\u00f6gsta nikotinhalterna p\u00e5 marknaden. Hela 43 mg\/g! Siberia\u00a0har annars en stark mintsmak med en tydlig tobakskarakt\u00e4r i botten.De l\u00e5ngsmala portionerna sitter diskret under l\u00e4ppen och har\u00a0en l\u00e4gre fukthalt \u00e4n vanligt snus. Detta\u00a0g\u00f6r att snuset rinner mindre\u00a0och smakar l\u00e4ngre.<\/p>\n<\/article>","protected":false},"featured_media":21298,"comment_status":"open","ping_status":"closed","template":"","meta":[],"product_brand":[],"product_cat":[116,137],"product_tag":[],"class_list":{"0":"post-55084","1":"product","2":"type-product","3":"status-publish","4":"has-post-thumbnail","6":"product_cat-siberia","7":"product_cat-slim","9":"first","10":"instock","11":"taxable","12":"shipping-taxable","13":"purchasable","14":"product-type-variable"},"_links":{"self":[{"href":"https:\/\/snus-malmo.se\/sv\/wp-json\/wp\/v2\/product\/55084","targetHints":{"allow":["GET"]}}],"collection":[{"href":"https:\/\/snus-malmo.se\/sv\/wp-json\/wp\/v2\/product"}],"about":[{"href":"https:\/\/snus-malmo.se\/sv\/wp-json\/wp\/v2\/types\/product"}],"replies":[{"embeddable":true,"href":"https:\/\/snus-malmo.se\/sv\/wp-json\/wp\/v2\/comments?post=55084"}],"version-history":[{"count":0,"href":"https:\/\/snus-malmo.se\/sv\/wp-json\/wp\/v2\/product\/55084\/revisions"}],"wp:featuredmedia":[{"embeddable":true,"href":"https:\/\/snus-malmo.se\/sv\/wp-json\/wp\/v2\/media\/21298"}],"wp:attachment":[{"href":"https:\/\/snus-malmo.se\/sv\/wp-json\/wp\/v2\/media?parent=55084"}],"wp:term":[{"taxonomy":"product_brand","embeddable":true,"href":"https:\/\/snus-malmo.se\/sv\/wp-json\/wp\/v2\/product_brand?post=55084"},{"taxonomy":"product_cat","embeddable":true,"href":"https:\/\/snus-malmo.se\/sv\/wp-json\/wp\/v2\/product_cat?post=55084"},{"taxonomy":"product_tag","embeddable":true,"href":"https:\/\/snus-malmo.se\/sv\/wp-json\/wp\/v2\/product_tag?post=55084"}],"curies":[{"name":"wp","href":"https:\/\/api.w.org\/{rel}","templated":true}]}}