{"id":55088,"date":"2025-05-23T16:59:07","date_gmt":"2025-05-23T16:59:07","guid":{"rendered":"https:\/\/snus-malmo.se\/?post_type=product&#038;p=55088"},"modified":"2025-11-22T09:33:48","modified_gmt":"2025-11-22T09:33:48","slug":"fix-pomelo-lime-4","status":"publish","type":"product","link":"https:\/\/snus-malmo.se\/sv\/produkt\/fix-pomelo-lime-4\/","title":{"rendered":"FIX Pomelo Lime #4"},"content":{"rendered":"<div class=\"product__description rte quick-add-hidden\">\n<h2>FIX Pomelo Lime #4<\/h2>\n<p>FIX Pomelo Lime #4 \u00e4r en vitt snus med citrus smak och extra stark styrka fr\u00e5n varum\u00e4rket FIX, tillverkat av Habit Factory In Sweden AB. H\u00e4r \u00e4r mer information om produkten:<\/p>\n<p><strong>FIX Pomelo Lime #4: Produktinformation<\/strong><\/p>\n<ul>\n<li>Smak: Citrus<\/li>\n<li>Styrka: Extra stark<\/li>\n<li>Nikotin mg\/portion: 9,8 mg<\/li>\n<li>Nikotin mg\/g: 14 mg<\/li>\n<li>Antal portioner per dosa: 20<\/li>\n<li>Tillverkare: Habit Factory In Sweden AB<\/li>\n<\/ul>\n<p><strong>Egenskaper och anv\u00e4ndning:<\/strong>\u00a0FIX Pomelo Lime #4 \u00e4r en All White Portion som levereras i slim-format och ger en huvudsaklig smak av citrus, med inslag av b\u00e5de pomelo och lime. Den extra starka styrkan g\u00f6r den till ett kraftfullt val f\u00f6r snusare som f\u00f6redrar en intensiv nikotinkick. Varje dosa inneh\u00e5ller 20 portioner.<\/p>\n<p><strong>Nikotinstyrka i FIX Pomelo Lime #4:<\/strong>\u00a0Med en nikotinhalt p\u00e5 9,8 mg per portion och ett totalt nikotininneh\u00e5ll p\u00e5 14 mg\/g, klassificeras FIX Pomelo Lime #4 som extra stark.<\/p>\n<p><strong>Om varum\u00e4rket FIX:<\/strong>\u00a0FIX \u00e4r k\u00e4nt f\u00f6r att erbjuda en m\u00e4ngd olika vitt snus-artiklar som varierar i smak, format och styrka. Deras produkter \u00e4r tillverkade av Habit Factory In Sweden AB och \u00e4r popul\u00e4ra bland snusare som s\u00f6ker olika smaker och nikotinstyrkor.<\/p>\n<p>Ingredienser: Vatten, fyllnadsmedel (E460), aromer, smakf\u00f6rst\u00e4rkare (koksalt), xylitol, nikotin, s\u00f6tningsmedel (E955), f\u00f6rtjockningsmedel (E406), surhetsreglerande medel (E500).<\/p>\n<\/div>\n<p>&nbsp;<\/p>","protected":false},"excerpt":{"rendered":"<h2>FIX Pomelo Lime #4<\/h2>\n<p>FIX Pomelo Lime #4 \u00e4r en vitt snus med citrus smak och extra stark styrka fr\u00e5n varum\u00e4rket FIX, tillverkat av Habit Factory In Sweden AB. H\u00e4r \u00e4r mer information om produkten:<\/p>\n<p><strong>FIX Pomelo Lime #4: Produktinformation<\/strong><\/p>\n<ul>\n<li>Smak: Citrus<\/li>\n<li>Styrka: Extra stark<\/li>\n<li>Nikotin mg\/portion: 9,8 mg<\/li>\n<li>Nikotin mg\/g: 14 mg<\/li>\n<li>Antal portioner per dosa: 20<\/li>\n<li>Tillverkare: Habit Factory In Sweden AB<\/li>\n<\/ul>","protected":false},"featured_media":21324,"comment_status":"open","ping_status":"closed","template":"","meta":[],"product_brand":[419],"product_cat":[136,200,137],"product_tag":[],"class_list":{"0":"post-55088","1":"product","2":"type-product","3":"status-publish","4":"has-post-thumbnail","6":"product_brand-fix","7":"product_cat-all-whites","8":"product_cat-fix","9":"product_cat-slim","11":"first","12":"instock","13":"taxable","14":"shipping-taxable","15":"purchasable","16":"product-type-variable"},"_links":{"self":[{"href":"https:\/\/snus-malmo.se\/sv\/wp-json\/wp\/v2\/product\/55088","targetHints":{"allow":["GET"]}}],"collection":[{"href":"https:\/\/snus-malmo.se\/sv\/wp-json\/wp\/v2\/product"}],"about":[{"href":"https:\/\/snus-malmo.se\/sv\/wp-json\/wp\/v2\/types\/product"}],"replies":[{"embeddable":true,"href":"https:\/\/snus-malmo.se\/sv\/wp-json\/wp\/v2\/comments?post=55088"}],"version-history":[{"count":0,"href":"https:\/\/snus-malmo.se\/sv\/wp-json\/wp\/v2\/product\/55088\/revisions"}],"wp:featuredmedia":[{"embeddable":true,"href":"https:\/\/snus-malmo.se\/sv\/wp-json\/wp\/v2\/media\/21324"}],"wp:attachment":[{"href":"https:\/\/snus-malmo.se\/sv\/wp-json\/wp\/v2\/media?parent=55088"}],"wp:term":[{"taxonomy":"product_brand","embeddable":true,"href":"https:\/\/snus-malmo.se\/sv\/wp-json\/wp\/v2\/product_brand?post=55088"},{"taxonomy":"product_cat","embeddable":true,"href":"https:\/\/snus-malmo.se\/sv\/wp-json\/wp\/v2\/product_cat?post=55088"},{"taxonomy":"product_tag","embeddable":true,"href":"https:\/\/snus-malmo.se\/sv\/wp-json\/wp\/v2\/product_tag?post=55088"}],"curies":[{"name":"wp","href":"https:\/\/api.w.org\/{rel}","templated":true}]}}