{"id":55130,"date":"2025-05-23T16:59:11","date_gmt":"2025-05-23T16:59:11","guid":{"rendered":"https:\/\/snus-malmo.se\/?post_type=product&#038;p=55130"},"modified":"2025-11-22T09:33:45","modified_gmt":"2025-11-22T09:33:45","slug":"fix-sweet-mint-lemon-2","status":"publish","type":"product","link":"https:\/\/snus-malmo.se\/sv\/produkt\/fix-sweet-mint-lemon-2\/","title":{"rendered":"FIX Sweet Mint Lemon #2"},"content":{"rendered":"<h2>FIX Sweet Mint Lemon #2<\/h2>\n<p>FIX Sweet Mint Lemon #2 \u00e4r en variant av vitt snus som kombinerar smaken av mint med en citrustwist.<\/p>\n<p><strong>FIX Sweet Mint Lemon #2:\u00a0<\/strong><\/p>\n<ul>\n<li>Smak: Mint med citrustoner<\/li>\n<li>Styrka: Normal<\/li>\n<li>Nikotin mg\/portion: 5,6 mg<\/li>\n<li>Nikotin mg\/g: 8 mg<\/li>\n<li>.Antal prillor per dosa: 20 st<\/li>\n<li>Tillverkare: Habit Factory In Sweden AB<\/li>\n<\/ul>\n<p><strong>Egenskaper och anv\u00e4ndning:<\/strong>\u00a0FIX Sweet Mint Lemon #2 erbjuder en balanserad smakprofil d\u00e4r mint kombineras med den syrliga smaken av citron. Snuset levereras i ett slim-format f\u00f6r en bekv\u00e4m passform under l\u00e4ppen. Varje dosa inneh\u00e5ller 20 portioner, vilket g\u00f6r det enkelt att ta med sig och anv\u00e4nda n\u00e4r som helst<\/p>\n<p><strong>Nikotinstyrka i FIX Sweet Mint Lemon #2:<\/strong>\u00a0Med en nikotinhalt p\u00e5 5,6 mg per portion och ett totalt nikotininneh\u00e5ll p\u00e5 8,0 mg\/g klassificeras FIX Sweet Mint Lemon #2 som normalstark.<\/p>\n<p><strong>Om varum\u00e4rket FIX:<\/strong>\u00a0FIX \u00e4r ett v\u00e4lk\u00e4nt varum\u00e4rke fr\u00e5n Habit Factory In Sweden AB som fokuserar p\u00e5 att tillhandah\u00e5lla nikotinprodukter utan tobak. Deras produkter \u00e4r k\u00e4nda f\u00f6r sin variation av smaker och styrkor, vilket g\u00f6r dem popul\u00e4ra bland snusare som letar efter olika alternativ f\u00f6r sin snusning.<\/p>\n<p>Ingredienser:\u00a0Vatten, fyllnadsmedel (E460), aromer, smakf\u00f6rst\u00e4rkare (koksalt), xylitol, nikotin, s\u00f6tningsmedel (E955), f\u00f6rtjockningsmedel (E406), surhetsreglerande medel (E500).<\/p>","protected":false},"excerpt":{"rendered":"<h2>FIX Sweet Mint Lemon #2<\/h2>\n<p>FIX Sweet Mint Lemon #2 \u00e4r en variant av vitt snus som kombinerar smaken av mint med en citrustwist.<\/p>\n<p><strong>FIX Sweet Mint Lemon #2:\u00a0<\/strong><\/p>\n<ul>\n<li>Smak: Mint med citrustoner<\/li>\n<li>Styrka: Normal<\/li>\n<li>Nikotin mg\/portion: 5,6 mg<\/li>\n<li>Nikotin mg\/g: 8 mg<\/li>\n<li>.Antal prillor per dosa: 20 st<\/li>\n<li>Tillverkare: Habit Factory In Sweden AB<\/li>\n<\/ul>\n<p><strong>Egenskaper och anv\u00e4ndning:<\/strong>\u00a0FIX Sweet Mint Lemon #2 erbjuder en balanserad smakprofil d\u00e4r mint kombineras med den syrliga smaken av citron. Snuset levereras i ett slim-format f\u00f6r en bekv\u00e4m passform under l\u00e4ppen. Varje dosa inneh\u00e5ller 20 portioner, vilket g\u00f6r det enkelt att ta med sig och anv\u00e4nda n\u00e4r som helst<\/p>","protected":false},"featured_media":26664,"comment_status":"open","ping_status":"closed","template":"","meta":[],"product_brand":[419],"product_cat":[136,200,137],"product_tag":[],"class_list":{"0":"post-55130","1":"product","2":"type-product","3":"status-publish","4":"has-post-thumbnail","6":"product_brand-fix","7":"product_cat-all-whites","8":"product_cat-fix","9":"product_cat-slim","11":"first","12":"instock","13":"taxable","14":"shipping-taxable","15":"purchasable","16":"product-type-variable"},"_links":{"self":[{"href":"https:\/\/snus-malmo.se\/sv\/wp-json\/wp\/v2\/product\/55130","targetHints":{"allow":["GET"]}}],"collection":[{"href":"https:\/\/snus-malmo.se\/sv\/wp-json\/wp\/v2\/product"}],"about":[{"href":"https:\/\/snus-malmo.se\/sv\/wp-json\/wp\/v2\/types\/product"}],"replies":[{"embeddable":true,"href":"https:\/\/snus-malmo.se\/sv\/wp-json\/wp\/v2\/comments?post=55130"}],"version-history":[{"count":0,"href":"https:\/\/snus-malmo.se\/sv\/wp-json\/wp\/v2\/product\/55130\/revisions"}],"wp:featuredmedia":[{"embeddable":true,"href":"https:\/\/snus-malmo.se\/sv\/wp-json\/wp\/v2\/media\/26664"}],"wp:attachment":[{"href":"https:\/\/snus-malmo.se\/sv\/wp-json\/wp\/v2\/media?parent=55130"}],"wp:term":[{"taxonomy":"product_brand","embeddable":true,"href":"https:\/\/snus-malmo.se\/sv\/wp-json\/wp\/v2\/product_brand?post=55130"},{"taxonomy":"product_cat","embeddable":true,"href":"https:\/\/snus-malmo.se\/sv\/wp-json\/wp\/v2\/product_cat?post=55130"},{"taxonomy":"product_tag","embeddable":true,"href":"https:\/\/snus-malmo.se\/sv\/wp-json\/wp\/v2\/product_tag?post=55130"}],"curies":[{"name":"wp","href":"https:\/\/api.w.org\/{rel}","templated":true}]}}