{"id":55135,"date":"2025-05-23T16:59:11","date_gmt":"2025-05-23T16:59:11","guid":{"rendered":"https:\/\/snus-malmo.se\/?post_type=product&#038;p=55135"},"modified":"2025-07-23T16:59:39","modified_gmt":"2025-07-23T16:59:39","slug":"fix-irish-coffee-4","status":"publish","type":"product","link":"https:\/\/snus-malmo.se\/sv\/produkt\/fix-irish-coffee-4\/","title":{"rendered":"FIX Irish Coffee #4"},"content":{"rendered":"<h2>FIX Irish Coffee #4<\/h2>\n<p>FIX Irish Coffee #4 \u00e4r ett vitt snus fr\u00e5n varum\u00e4rket FIX, tillverkat av Habit Factory In Sweden AB. Detta snus \u00e4r kategoriserat som extra starkt och kommer i ett slimmat format. Det \u00e4r f\u00f6rsett med en smak av irish coffee, vilket \u00e4r en popul\u00e4r kaffedrink med whiskey.<\/p>\n<p><strong>Info om FIX Irish Coffee #4:\u00a0<\/strong><\/p>\n<ul>\n<li>Smak: Kaffedrink med whisky<\/li>\n<li>Styrka: Extra stark<\/li>\n<li>Nikotin mg\/portion: 9,8 mg<\/li>\n<li>Nikotin mg\/g: 14 mg<\/li>\n<li>Antal portioner per dosa: 20<\/li>\n<li>Tillverkare: Habit Factory In Sweden AB<\/li>\n<\/ul>\n<p><strong>Egenskaper och anv\u00e4ndning:<\/strong>\u00a0FIX Irish Coffee #4 \u00e4r ett vitt snus som \u00e4r smaksatt med whisky. Den extra starka styrkan g\u00f6r den till ett kraftfullt alternativ f\u00f6r snusare som f\u00f6redrar en h\u00f6gre nikotinhalt. Varje dosa inneh\u00e5ller 20 portioner f\u00f6r bekv\u00e4m anv\u00e4ndning.<\/p>\n<p><strong>Nikotinstyrka i FIX Irish Coffee #4:<\/strong>\u00a0Med en nikotinhalt p\u00e5 9,8 mg per portion och en total nikotinhalt p\u00e5 14 mg\/g, \u00e4r FIX Irish Coffee #4 kategoriserad som extra stark.<\/p>\n<p><strong>Om varum\u00e4rket FIX:<\/strong>\u00a0FIX \u00e4r ett varum\u00e4rke som specialiserar sig p\u00e5 att producera vitt snus. Deras produkter \u00e4r tillverkade av Habit Factory In Sweden AB och erbjuder olika smaker och styrkor f\u00f6r snusare att v\u00e4lja mellan.<\/p>","protected":false},"excerpt":{"rendered":"<h2>FIX Irish Coffee #4<\/h2>\n<p>FIX Irish Coffee #4 \u00e4r ett vitt snus fr\u00e5n varum\u00e4rket FIX, tillverkat av Habit Factory In Sweden AB. Detta snus \u00e4r kategoriserat som extra starkt och kommer i ett slimmat format. Det \u00e4r f\u00f6rsett med en smak av irish coffee, vilket \u00e4r en popul\u00e4r kaffedrink med whiskey.<\/p>\n<p><strong>Info om FIX Irish Coffee #4:\u00a0<\/strong><\/p>\n<ul>\n<li>Smak: Kaffedrink med whisky<\/li>\n<li>Styrka: Extra stark<\/li>\n<li>Nikotin mg\/portion: 9,8 mg<\/li>\n<li>Nikotin mg\/g: 14 mg<\/li>\n<li>Antal portioner per dosa: 20<\/li>\n<li>Tillverkare: Habit Factory In Sweden AB<\/li>\n<\/ul>","protected":false},"featured_media":21442,"comment_status":"open","ping_status":"closed","template":"","meta":[],"product_brand":[419],"product_cat":[136,200,137],"product_tag":[],"class_list":{"0":"post-55135","1":"product","2":"type-product","3":"status-publish","4":"has-post-thumbnail","6":"product_brand-fix","7":"product_cat-all-whites","8":"product_cat-fix","9":"product_cat-slim","11":"first","12":"instock","13":"taxable","14":"shipping-taxable","15":"purchasable","16":"product-type-variable"},"_links":{"self":[{"href":"https:\/\/snus-malmo.se\/sv\/wp-json\/wp\/v2\/product\/55135","targetHints":{"allow":["GET"]}}],"collection":[{"href":"https:\/\/snus-malmo.se\/sv\/wp-json\/wp\/v2\/product"}],"about":[{"href":"https:\/\/snus-malmo.se\/sv\/wp-json\/wp\/v2\/types\/product"}],"replies":[{"embeddable":true,"href":"https:\/\/snus-malmo.se\/sv\/wp-json\/wp\/v2\/comments?post=55135"}],"version-history":[{"count":0,"href":"https:\/\/snus-malmo.se\/sv\/wp-json\/wp\/v2\/product\/55135\/revisions"}],"wp:featuredmedia":[{"embeddable":true,"href":"https:\/\/snus-malmo.se\/sv\/wp-json\/wp\/v2\/media\/21442"}],"wp:attachment":[{"href":"https:\/\/snus-malmo.se\/sv\/wp-json\/wp\/v2\/media?parent=55135"}],"wp:term":[{"taxonomy":"product_brand","embeddable":true,"href":"https:\/\/snus-malmo.se\/sv\/wp-json\/wp\/v2\/product_brand?post=55135"},{"taxonomy":"product_cat","embeddable":true,"href":"https:\/\/snus-malmo.se\/sv\/wp-json\/wp\/v2\/product_cat?post=55135"},{"taxonomy":"product_tag","embeddable":true,"href":"https:\/\/snus-malmo.se\/sv\/wp-json\/wp\/v2\/product_tag?post=55135"}],"curies":[{"name":"wp","href":"https:\/\/api.w.org\/{rel}","templated":true}]}}