{"id":55154,"date":"2025-05-23T16:59:12","date_gmt":"2025-05-23T16:59:12","guid":{"rendered":"https:\/\/snus-malmo.se\/?post_type=product&#038;p=55154"},"modified":"2025-07-22T16:40:28","modified_gmt":"2025-07-22T16:40:28","slug":"skruf-superwhite-nordic-no-58","status":"publish","type":"product","link":"https:\/\/snus-malmo.se\/sv\/produkt\/skruf-superwhite-nordic-no-58\/","title":{"rendered":"Skruf Superwhite Nordic no.58"},"content":{"rendered":"<article class=\"product-text\"><\/article>\n<div class=\"buy-pane\">\n<div class=\"tab-content buy-tabs-content\">\n<div id=\"buy\" class=\"tab-pane active\">\n<div>\n<h1 class=\"variants list\">Skruf Superwhite Nordic no.58<\/h1>\n<h2 data-start=\"194\" data-end=\"280\">\ud83c\udf32 Skruf Superwhite Nordic No.58 \u2013 Tobaksfri nikotinp\u00e5se med frisk nordisk karakt\u00e4r<\/h2>\n<p data-start=\"282\" data-end=\"641\"><strong data-start=\"282\" data-end=\"315\">Skruf Superwhite Nordic No.58<\/strong> \u00e4r en <strong data-start=\"322\" data-end=\"347\">tobaksfri nikotinp\u00e5se<\/strong> med en <strong data-start=\"355\" data-end=\"403\">kraftig mintsmak och en frisk, nordisk twist<\/strong>. Den unika smakprofilen \u00e4r inspirerad av skandinavisk natur \u2013 ren, uppfriskande och balanserad med en tydlig kyla. Denna prilla passar dig som s\u00f6ker en <strong data-start=\"556\" data-end=\"596\">starkare mintupplevelse med karakt\u00e4r<\/strong>, utan att beh\u00f6va anv\u00e4nda traditionellt snus.<\/p>\n<p data-start=\"643\" data-end=\"924\">Tack vare det slimmade formatet och helvita inneh\u00e5llet f\u00e5r du en <strong data-start=\"708\" data-end=\"741\">diskret och bekv\u00e4m anv\u00e4ndning<\/strong> som inte missf\u00e4rgar t\u00e4nderna. Med en stark nikotinhalt och l\u00e5g rinnighet \u00e4r <strong data-start=\"818\" data-end=\"834\">Nordic No.58<\/strong> ett perfekt val f\u00f6r dig som vill ha <strong data-start=\"871\" data-end=\"923\">effekt, smak och stil \u2013 i ett tobaksfritt format<\/strong>.<\/p>\n<hr data-start=\"926\" data-end=\"929\" \/>\n<h3 data-start=\"931\" data-end=\"987\">\u2705 Produktinformation \u2013 Skruf Superwhite Nordic No.58<\/h3>\n<ul data-start=\"989\" data-end=\"1334\">\n<li data-start=\"989\" data-end=\"1034\">\n<p data-start=\"991\" data-end=\"1034\"><strong data-start=\"991\" data-end=\"1000\">Smak:<\/strong> Kraftig mint med nordisk k\u00e4nsla<\/p>\n<\/li>\n<li data-start=\"1035\" data-end=\"1087\">\n<p data-start=\"1037\" data-end=\"1087\"><strong data-start=\"1037\" data-end=\"1048\">Format:<\/strong> Slim \u2013 smal och diskret under l\u00e4ppen<\/p>\n<\/li>\n<li data-start=\"1088\" data-end=\"1140\">\n<p data-start=\"1090\" data-end=\"1140\"><strong data-start=\"1090\" data-end=\"1098\">Typ:<\/strong> All White \u2013 100 % tobaksfri nikotinp\u00e5se<\/p>\n<\/li>\n<li data-start=\"1141\" data-end=\"1162\">\n<p data-start=\"1143\" data-end=\"1162\"><strong data-start=\"1143\" data-end=\"1154\">Styrka:<\/strong> Stark<\/p>\n<\/li>\n<li data-start=\"1163\" data-end=\"1212\">\n<p data-start=\"1165\" data-end=\"1212\"><strong data-start=\"1165\" data-end=\"1181\">Nikotinhalt:<\/strong> 12 mg\/g (ca 8 mg per prilla)<\/p>\n<\/li>\n<li data-start=\"1213\" data-end=\"1247\">\n<p data-start=\"1215\" data-end=\"1247\"><strong data-start=\"1215\" data-end=\"1242\">Antal prillor per dosa:<\/strong> 24<\/p>\n<\/li>\n<li data-start=\"1248\" data-end=\"1276\">\n<p data-start=\"1250\" data-end=\"1276\"><strong data-start=\"1250\" data-end=\"1264\">Totalvikt:<\/strong> 17,3 gram<\/p>\n<\/li>\n<li data-start=\"1277\" data-end=\"1334\">\n<p data-start=\"1279\" data-end=\"1334\"><strong data-start=\"1279\" data-end=\"1295\">Tillverkare:<\/strong> Skruf Snus AB \u2013 tillverkat i Sverige<\/p>\n<\/li>\n<\/ul>\n<hr data-start=\"1336\" data-end=\"1339\" \/>\n<h3 data-start=\"1341\" data-end=\"1391\">\ud83d\udca1 Varf\u00f6r v\u00e4lja Skruf Superwhite Nordic No.58?<\/h3>\n<ul data-start=\"1393\" data-end=\"1709\">\n<li data-start=\"1393\" data-end=\"1454\">\n<p data-start=\"1395\" data-end=\"1454\">\ud83c\udf2c <strong data-start=\"1398\" data-end=\"1426\">Stark och frisk mintsmak<\/strong> \u2013 med en nordisk karakt\u00e4r<\/p>\n<\/li>\n<li data-start=\"1455\" data-end=\"1517\">\n<p data-start=\"1457\" data-end=\"1517\">\u2705 <strong data-start=\"1459\" data-end=\"1483\">Tobaksfritt inneh\u00e5ll<\/strong> \u2013 helvit nikotinp\u00e5se utan tobak<\/p>\n<\/li>\n<li data-start=\"1518\" data-end=\"1585\">\n<p data-start=\"1520\" data-end=\"1585\">\ud83e\uddb7 <strong data-start=\"1523\" data-end=\"1551\">Missf\u00e4rdar inte t\u00e4nderna<\/strong> \u2013 diskret och fr\u00e4sch hela dagen<\/p>\n<\/li>\n<li data-start=\"1586\" data-end=\"1647\">\n<p data-start=\"1588\" data-end=\"1647\">\ud83d\udd76 <strong data-start=\"1591\" data-end=\"1606\">Slim-format<\/strong> \u2013 perfekt passform, bekv\u00e4m att anv\u00e4nda<\/p>\n<\/li>\n<li data-start=\"1648\" data-end=\"1709\">\n<p data-start=\"1650\" data-end=\"1709\">\ud83c\uddf8\ud83c\uddea <strong data-start=\"1655\" data-end=\"1684\">Svensktillverkad kvalitet<\/strong> \u2013 fr\u00e5n p\u00e5litliga Skruf<\/p>\n<\/li>\n<\/ul>\n<hr data-start=\"1711\" data-end=\"1714\" \/>\n<h3 data-start=\"1716\" data-end=\"1765\">\ud83c\udf1f En del av popul\u00e4ra Skruf Superwhite-serien<\/h3>\n<p data-start=\"1767\" data-end=\"2028\"><strong data-start=\"1767\" data-end=\"1787\">Skruf Superwhite<\/strong> \u00e4r en av Sveriges mest omtyckta serier med <strong data-start=\"1831\" data-end=\"1858\">tobaksfria nikotinp\u00e5sar<\/strong> \u2013 k\u00e4nda f\u00f6r sina rena smaker, bekv\u00e4ma format och snygga design. Alla produkter \u00e4r <strong data-start=\"1941\" data-end=\"1983\">100 % tobaksfria, helvita och diskreta<\/strong>, och finns i flera smakprofiler och styrkor.<\/p>\n<p data-start=\"2030\" data-end=\"2055\">Andra favoriter i serien:<\/p>\n<ul data-start=\"2057\" data-end=\"2608\">\n<li data-start=\"2057\" data-end=\"2109\">\n<p data-start=\"2059\" data-end=\"2109\"><strong data-start=\"2059\" data-end=\"2075\">Nordic No.58<\/strong> \u2013 Stark mint med nordisk k\u00e4nsla<\/p>\n<\/li>\n<li data-start=\"2110\" data-end=\"2164\">\n<p data-start=\"2112\" data-end=\"2164\"><strong data-start=\"2112\" data-end=\"2128\">Nordic No.56<\/strong> \u2013 Mjukare mintprofil i samma stil<\/p>\n<\/li>\n<li data-start=\"2165\" data-end=\"2217\">\n<p data-start=\"2167\" data-end=\"2217\"><strong data-start=\"2167\" data-end=\"2192\">Fresh No.53 \/ 52 \/ 54<\/strong> \u2013 Klassiska mintsmaker<\/p>\n<\/li>\n<li data-start=\"2218\" data-end=\"2276\">\n<p data-start=\"2220\" data-end=\"2276\"><strong data-start=\"2220\" data-end=\"2241\">Frozen Mint No.60<\/strong> \u2013 Frusen mint med l\u00e5ngvarig smak<\/p>\n<\/li>\n<li data-start=\"2277\" data-end=\"2324\">\n<p data-start=\"2279\" data-end=\"2324\"><strong data-start=\"2279\" data-end=\"2301\">Fresh Freeze No.67<\/strong> \u2013 Extra stark mentol<\/p>\n<\/li>\n<li data-start=\"2325\" data-end=\"2374\">\n<p data-start=\"2327\" data-end=\"2374\"><strong data-start=\"2327\" data-end=\"2342\">Fresh Apple<\/strong> \u2013 Gr\u00f6nt \u00e4pple med fr\u00e4sch mint<\/p>\n<\/li>\n<li data-start=\"2375\" data-end=\"2430\">\n<p data-start=\"2377\" data-end=\"2430\"><strong data-start=\"2377\" data-end=\"2397\">Slim Polar No.57<\/strong> \u2013 Iskall smak i diskret format<\/p>\n<\/li>\n<li data-start=\"2431\" data-end=\"2485\">\n<p data-start=\"2433\" data-end=\"2485\"><strong data-start=\"2433\" data-end=\"2450\">Crystal Fresh<\/strong> \u2013 Klar mint f\u00f6r en fr\u00e4sch k\u00e4nsla<\/p>\n<\/li>\n<li data-start=\"2486\" data-end=\"2537\">\n<p data-start=\"2488\" data-end=\"2537\"><strong data-start=\"2488\" data-end=\"2504\">Indigo No.62<\/strong> \u2013 B\u00e4rig och fruktig mint-twist<\/p>\n<\/li>\n<li data-start=\"2538\" data-end=\"2608\">\n<p data-start=\"2540\" data-end=\"2608\"><strong data-start=\"2540\" data-end=\"2572\">Purple Cassice No.63 \/ No.71<\/strong> \u2013 Svarta vinb\u00e4r med s\u00f6t syrlighet<\/p>\n<\/li>\n<\/ul>\n<hr data-start=\"2610\" data-end=\"2613\" \/>\n<h3 data-start=\"2615\" data-end=\"2662\">\ud83d\uded2 K\u00f6p Skruf Superwhite Nordic No.58 online<\/h3>\n<p data-start=\"2664\" data-end=\"2973\">Letar du efter ett <strong data-start=\"2683\" data-end=\"2735\">starkt och tobaksfritt snus med nordisk mintsmak<\/strong>? D\u00e5 \u00e4r <strong data-start=\"2743\" data-end=\"2776\">Skruf Superwhite Nordic No.58<\/strong> r\u00e4tt val. K\u00f6p den snabbt och smidigt online hos <a class=\"\" href=\"https:\/\/snus-malmo.se\/sv\/produkt-kategori\/alla-produkter\/skruf\/\" target=\"_new\" rel=\"noopener\" data-start=\"2825\" data-end=\"2894\">Veloop.se<\/a> \u2013 stort utbud av <strong data-start=\"2912\" data-end=\"2945\">Skruf nikotinp\u00e5sar utan tobak<\/strong> i olika smaker och styrkor.<\/p>\n<p>&nbsp;<\/p>\n<\/div>\n<\/div>\n<\/div>\n<\/div>","protected":false},"excerpt":{"rendered":"<h1>Skruf Superwhite Nordic no.58<\/h1>\n<h2 data-start=\"194\" data-end=\"280\">Skruf Superwhite Nordic No.58 \u2013 Tobaksfri nikotinp\u00e5se med frisk nordisk karakt\u00e4r<\/h2>\n<p data-start=\"282\" data-end=\"641\"><strong data-start=\"282\" data-end=\"315\">Skruf Superwhite Nordic No.58<\/strong> \u00e4r en <strong data-start=\"322\" data-end=\"347\">tobaksfri nikotinp\u00e5se<\/strong> med en <strong data-start=\"355\" data-end=\"403\">kraftig mintsmak och en frisk, nordisk twist<\/strong>. Den unika smakprofilen \u00e4r inspirerad av skandinavisk natur \u2013 ren, uppfriskande och balanserad med en tydlig kyla. Denna prilla passar dig som s\u00f6ker en <strong data-start=\"556\" data-end=\"596\">starkare mintupplevelse med karakt\u00e4r<\/strong>, utan att beh\u00f6va anv\u00e4nda traditionellt snus.<\/p>","protected":false},"featured_media":62432,"comment_status":"open","ping_status":"closed","template":"","meta":[],"product_brand":[360],"product_cat":[136,117,118,137],"product_tag":[],"class_list":{"0":"post-55154","1":"product","2":"type-product","3":"status-publish","4":"has-post-thumbnail","6":"product_brand-skruf","7":"product_cat-all-whites","8":"product_cat-skruf","9":"product_cat-skruf-super-white","10":"product_cat-slim","12":"first","13":"instock","14":"taxable","15":"shipping-taxable","16":"purchasable","17":"product-type-variable"},"_links":{"self":[{"href":"https:\/\/snus-malmo.se\/sv\/wp-json\/wp\/v2\/product\/55154","targetHints":{"allow":["GET"]}}],"collection":[{"href":"https:\/\/snus-malmo.se\/sv\/wp-json\/wp\/v2\/product"}],"about":[{"href":"https:\/\/snus-malmo.se\/sv\/wp-json\/wp\/v2\/types\/product"}],"replies":[{"embeddable":true,"href":"https:\/\/snus-malmo.se\/sv\/wp-json\/wp\/v2\/comments?post=55154"}],"version-history":[{"count":0,"href":"https:\/\/snus-malmo.se\/sv\/wp-json\/wp\/v2\/product\/55154\/revisions"}],"wp:featuredmedia":[{"embeddable":true,"href":"https:\/\/snus-malmo.se\/sv\/wp-json\/wp\/v2\/media\/62432"}],"wp:attachment":[{"href":"https:\/\/snus-malmo.se\/sv\/wp-json\/wp\/v2\/media?parent=55154"}],"wp:term":[{"taxonomy":"product_brand","embeddable":true,"href":"https:\/\/snus-malmo.se\/sv\/wp-json\/wp\/v2\/product_brand?post=55154"},{"taxonomy":"product_cat","embeddable":true,"href":"https:\/\/snus-malmo.se\/sv\/wp-json\/wp\/v2\/product_cat?post=55154"},{"taxonomy":"product_tag","embeddable":true,"href":"https:\/\/snus-malmo.se\/sv\/wp-json\/wp\/v2\/product_tag?post=55154"}],"curies":[{"name":"wp","href":"https:\/\/api.w.org\/{rel}","templated":true}]}}