{"id":55439,"date":"2025-05-23T16:59:36","date_gmt":"2025-05-23T16:59:36","guid":{"rendered":"https:\/\/snus-malmo.se\/?post_type=product&#038;p=55439"},"modified":"2025-11-22T09:27:31","modified_gmt":"2025-11-22T09:27:31","slug":"xqs-orange-apple-slim-medium","status":"publish","type":"product","link":"https:\/\/snus-malmo.se\/sv\/produkt\/xqs-orange-apple-slim-medium\/","title":{"rendered":"XQS Orange Apple Slim Medium"},"content":{"rendered":"<h1>XQS Orange Apple Slim Medium<\/h1>\n<h2 data-start=\"371\" data-end=\"461\">XQS Orange Apple Slim Medium \u2013 Fruktig friskhet i tobaksfritt snus | K\u00f6p hos Veloop.se<\/h2>\n<p data-start=\"463\" data-end=\"738\">Letar du efter ett smakfullt, tobaksfritt snus med balanserad nikotinstyrka och fruktig karakt\u00e4r? <strong data-start=\"561\" data-end=\"593\">XQS Orange Apple Slim Medium<\/strong> bjuder p\u00e5 en <strong data-start=\"607\" data-end=\"656\">uppfriskande kombination av apelsin och \u00e4pple<\/strong>, vilket ger en h\u00e4rlig s\u00f6t-syrlig smakupplevelse i varje prilla \u2013 helt utan tobak.<\/p>\n<p data-start=\"740\" data-end=\"1150\">Denna nikotinp\u00e5se tillh\u00f6r serien <strong data-start=\"773\" data-end=\"797\">XQS Nicotine Pouches<\/strong>, utvecklad i Sverige och tillverkad av <strong data-start=\"837\" data-end=\"862\">Insurgent Ventures II<\/strong> i samarbete med <strong data-start=\"879\" data-end=\"915\">Scandinavian Tobacco Group (STG)<\/strong>. Med en <strong data-start=\"924\" data-end=\"969\">nikotinhalt p\u00e5 12 mg\/g (6 mg per portion)<\/strong> \u00e4r den klassificerad som <strong data-start=\"995\" data-end=\"1010\">mediumstark<\/strong>, vilket g\u00f6r den till ett utm\u00e4rkt alternativ f\u00f6r b\u00e5de nya och vana anv\u00e4ndare som vill ha en lagom nikotinkick utan att kompromissa med smak.<\/p>\n<p data-start=\"1152\" data-end=\"1481\"><strong data-start=\"1152\" data-end=\"1179\">XQS Orange Apple Medium<\/strong> kommer i <strong data-start=\"1189\" data-end=\"1204\">slim-format<\/strong>, vilket inneb\u00e4r diskreta, smala portioner som sitter bekv\u00e4mt under l\u00e4ppen. Varje dosa inneh\u00e5ller <strong data-start=\"1302\" data-end=\"1316\">20 prillor<\/strong> och v\u00e4ger totalt 10 gram. Eftersom produkten \u00e4r tobaksfri slipper du missf\u00e4rgningar p\u00e5 t\u00e4nderna \u2013 perfekt f\u00f6r dig som vill kombinera smak, diskretion och fr\u00e4schhet.<\/p>\n<hr data-start=\"1483\" data-end=\"1486\" \/>\n<h3 data-start=\"1488\" data-end=\"1512\">\u2705 Produktinformation<\/h3>\n<div class=\"_tableContainer_80l1q_1\">\n<div class=\"_tableWrapper_80l1q_14 group flex w-fit flex-col-reverse\" tabindex=\"-1\">\n<table class=\"w-fit min-w-(--thread-content-width)\" data-start=\"1513\" data-end=\"2318\">\n<thead data-start=\"1513\" data-end=\"1574\">\n<tr data-start=\"1513\" data-end=\"1574\">\n<th data-start=\"1513\" data-end=\"1537\" data-col-size=\"sm\">Egenskap<\/th>\n<th data-start=\"1537\" data-end=\"1574\" data-col-size=\"sm\">Detalj<\/th>\n<\/tr>\n<\/thead>\n<tbody data-start=\"1637\" data-end=\"2318\">\n<tr data-start=\"1637\" data-end=\"1698\">\n<td data-start=\"1637\" data-end=\"1661\" data-col-size=\"sm\"><strong data-start=\"1639\" data-end=\"1652\">Varum\u00e4rke<\/strong><\/td>\n<td data-start=\"1661\" data-end=\"1698\" data-col-size=\"sm\">XQS<\/td>\n<\/tr>\n<tr data-start=\"1699\" data-end=\"1760\">\n<td data-start=\"1699\" data-end=\"1723\" data-col-size=\"sm\"><strong data-start=\"1701\" data-end=\"1715\">Produkttyp<\/strong><\/td>\n<td data-start=\"1723\" data-end=\"1760\" data-col-size=\"sm\">Vitt snus \/ All White Portion<\/td>\n<\/tr>\n<tr data-start=\"1761\" data-end=\"1822\">\n<td data-start=\"1761\" data-end=\"1785\" data-col-size=\"sm\"><strong data-start=\"1763\" data-end=\"1773\">Styrka<\/strong><\/td>\n<td data-start=\"1785\" data-end=\"1822\" data-col-size=\"sm\">Medium<\/td>\n<\/tr>\n<tr data-start=\"1823\" data-end=\"1884\">\n<td data-start=\"1823\" data-end=\"1847\" data-col-size=\"sm\"><strong data-start=\"1825\" data-end=\"1840\">Nikotinhalt<\/strong><\/td>\n<td data-start=\"1847\" data-end=\"1884\" data-col-size=\"sm\">12 mg\/g \u2013 6 mg\/portion<\/td>\n<\/tr>\n<tr data-start=\"1885\" data-end=\"1946\">\n<td data-start=\"1885\" data-end=\"1909\" data-col-size=\"sm\"><strong data-start=\"1887\" data-end=\"1897\">Format<\/strong><\/td>\n<td data-start=\"1909\" data-end=\"1946\" data-col-size=\"sm\">Slim<\/td>\n<\/tr>\n<tr data-start=\"1947\" data-end=\"2008\">\n<td data-start=\"1947\" data-end=\"1971\" data-col-size=\"sm\"><strong data-start=\"1949\" data-end=\"1963\">Smakprofil<\/strong><\/td>\n<td data-start=\"1971\" data-end=\"2008\" data-col-size=\"sm\">Apelsin, \u00e4pple, frukt<\/td>\n<\/tr>\n<tr data-start=\"2009\" data-end=\"2070\">\n<td data-start=\"2009\" data-end=\"2033\" data-col-size=\"sm\"><strong data-start=\"2011\" data-end=\"2024\">Tobaksfri<\/strong><\/td>\n<td data-start=\"2033\" data-end=\"2070\" data-col-size=\"sm\">Ja<\/td>\n<\/tr>\n<tr data-start=\"2071\" data-end=\"2132\">\n<td data-start=\"2071\" data-end=\"2095\" data-col-size=\"sm\"><strong data-start=\"2073\" data-end=\"2092\">Antal portioner<\/strong><\/td>\n<td data-start=\"2095\" data-end=\"2132\" data-col-size=\"sm\">20 st per dosa<\/td>\n<\/tr>\n<tr data-start=\"2133\" data-end=\"2194\">\n<td data-start=\"2133\" data-end=\"2157\" data-col-size=\"sm\"><strong data-start=\"2135\" data-end=\"2148\">Nettovikt<\/strong><\/td>\n<td data-start=\"2157\" data-end=\"2194\" data-col-size=\"sm\">10 gram<\/td>\n<\/tr>\n<tr data-start=\"2195\" data-end=\"2256\">\n<td data-start=\"2195\" data-end=\"2219\" data-col-size=\"sm\"><strong data-start=\"2197\" data-end=\"2212\">Tillverkare<\/strong><\/td>\n<td data-start=\"2219\" data-end=\"2256\" data-col-size=\"sm\">Insurgent Ventures II \/ STG<\/td>\n<\/tr>\n<tr data-start=\"2257\" data-end=\"2318\">\n<td data-start=\"2257\" data-end=\"2281\" data-col-size=\"sm\"><strong data-start=\"2259\" data-end=\"2280\">Tillverkningsland<\/strong><\/td>\n<td data-start=\"2281\" data-end=\"2318\" data-col-size=\"sm\">Sverige<\/td>\n<\/tr>\n<\/tbody>\n<\/table>\n<div class=\"sticky end-(--thread-content-margin) h-0 self-end select-none\">\n<div class=\"absolute end-0 flex items-end\"><\/div>\n<\/div>\n<\/div>\n<\/div>\n<hr data-start=\"2320\" data-end=\"2323\" \/>\n<h2 data-start=\"2325\" data-end=\"2378\">\ud83d\udd04 XQS \u2013 Stort utbud av nikotinp\u00e5sar hos Veloop.se<\/h2>\n<p data-start=\"2380\" data-end=\"2581\">Hos <strong data-start=\"2384\" data-end=\"2397\">Veloop.se<\/strong> hittar du hela XQS-sortimentet \u2013 ett brett urval av smaker och styrkor f\u00f6r alla preferenser. Oavsett om du gillar frukt, mint, toffee eller n\u00e5got syrligt finns det en variant f\u00f6r dig:<\/p>\n<ul data-start=\"2583\" data-end=\"3427\">\n<li data-start=\"2583\" data-end=\"2625\">\n<p data-start=\"2585\" data-end=\"2625\"><strong data-start=\"2585\" data-end=\"2623\">XQS Blueberry Mint Medium \/ Strong<\/strong><\/p>\n<\/li>\n<li data-start=\"2626\" data-end=\"2666\">\n<p data-start=\"2628\" data-end=\"2666\"><strong data-start=\"2628\" data-end=\"2664\">XQS Black Cherry Medium \/ Strong<\/strong><\/p>\n<\/li>\n<li data-start=\"2667\" data-end=\"2706\">\n<p data-start=\"2669\" data-end=\"2706\"><strong data-start=\"2669\" data-end=\"2704\">XQS Cactus Sour Medium \/ Strong<\/strong><\/p>\n<\/li>\n<li data-start=\"2707\" data-end=\"2748\">\n<p data-start=\"2709\" data-end=\"2748\"><strong data-start=\"2709\" data-end=\"2746\">XQS Cool Ice Mini Medium \/ Strong<\/strong><\/p>\n<\/li>\n<li data-start=\"2749\" data-end=\"2795\">\n<p data-start=\"2751\" data-end=\"2795\"><strong data-start=\"2751\" data-end=\"2793\">XQS Arctic Freeze X-tra \/ Ultra Strong<\/strong><\/p>\n<\/li>\n<li data-start=\"2796\" data-end=\"2831\">\n<p data-start=\"2798\" data-end=\"2831\"><strong data-start=\"2798\" data-end=\"2829\">XQS Fr\u00f6s Bit \/ Ultra Strong<\/strong><\/p>\n<\/li>\n<li data-start=\"2832\" data-end=\"2874\">\n<p data-start=\"2834\" data-end=\"2874\"><strong data-start=\"2834\" data-end=\"2872\">XQS Fr\u00f6s Double Mint \/ Crispy Mint<\/strong><\/p>\n<\/li>\n<li data-start=\"2875\" data-end=\"2911\">\n<p data-start=\"2877\" data-end=\"2911\"><strong data-start=\"2877\" data-end=\"2909\">XQS Tropical Medium \/ Strong<\/strong><\/p>\n<\/li>\n<li data-start=\"2912\" data-end=\"2954\">\n<p data-start=\"2914\" data-end=\"2954\"><strong data-start=\"2914\" data-end=\"2952\">XQS Citrus Cooling Medium \/ Strong<\/strong><\/p>\n<\/li>\n<li data-start=\"2955\" data-end=\"2985\">\n<p data-start=\"2957\" data-end=\"2985\"><strong data-start=\"2957\" data-end=\"2983\">XQS Soft Toffee Strong<\/strong><\/p>\n<\/li>\n<li data-start=\"2986\" data-end=\"3024\">\n<p data-start=\"2988\" data-end=\"3024\"><strong data-start=\"2988\" data-end=\"3022\">XQS Fizzy Cola Medium \/ Strong<\/strong><\/p>\n<\/li>\n<li data-start=\"3025\" data-end=\"3065\">\n<p data-start=\"3027\" data-end=\"3065\"><strong data-start=\"3027\" data-end=\"3063\">XQS Elder Flower Medium \/ Strong<\/strong><\/p>\n<\/li>\n<li data-start=\"3066\" data-end=\"3096\">\n<p data-start=\"3068\" data-end=\"3096\"><strong data-start=\"3068\" data-end=\"3094\">XQS Wintergreen Medium<\/strong><\/p>\n<\/li>\n<li data-start=\"3097\" data-end=\"3125\">\n<p data-start=\"3099\" data-end=\"3125\"><strong data-start=\"3099\" data-end=\"3123\">XQS Spearmint Strong<\/strong><\/p>\n<\/li>\n<li data-start=\"3126\" data-end=\"3156\">\n<p data-start=\"3128\" data-end=\"3156\"><strong data-start=\"3128\" data-end=\"3154\">XQS Chili Mango Strong<\/strong><\/p>\n<\/li>\n<li data-start=\"3157\" data-end=\"3197\">\n<p data-start=\"3159\" data-end=\"3197\"><strong data-start=\"3159\" data-end=\"3195\">XQS Orange Apple Medium \/ Strong<\/strong><\/p>\n<\/li>\n<li data-start=\"3198\" data-end=\"3232\">\n<p data-start=\"3200\" data-end=\"3232\"><strong data-start=\"3200\" data-end=\"3230\">XQS Strawberry Kiwi Strong<\/strong><\/p>\n<\/li>\n<li data-start=\"3233\" data-end=\"3267\">\n<p data-start=\"3235\" data-end=\"3267\"><strong data-start=\"3235\" data-end=\"3265\">XQS Berrynana Twist Strong<\/strong><\/p>\n<\/li>\n<li data-start=\"3268\" data-end=\"3298\">\n<p data-start=\"3270\" data-end=\"3298\"><strong data-start=\"3270\" data-end=\"3296\">XQS Hallon Soda Strong<\/strong><\/p>\n<\/li>\n<li data-start=\"3299\" data-end=\"3325\">\n<p data-start=\"3301\" data-end=\"3325\"><strong data-start=\"3301\" data-end=\"3323\">XQS Hallon Lakrits<\/strong><\/p>\n<\/li>\n<li data-start=\"3326\" data-end=\"3367\">\n<p data-start=\"3328\" data-end=\"3367\"><strong data-start=\"3328\" data-end=\"3365\">XQS Raspberry Blackcurrant Strong<\/strong><\/p>\n<\/li>\n<li data-start=\"3368\" data-end=\"3399\">\n<p data-start=\"3370\" data-end=\"3399\"><strong data-start=\"3370\" data-end=\"3397\">XQS Fruzzly Slim Strong<\/strong><\/p>\n<\/li>\n<li data-start=\"3400\" data-end=\"3427\">\n<p data-start=\"3402\" data-end=\"3427\"><strong data-start=\"3402\" data-end=\"3427\">XQS Twin Apple Strong<\/strong><\/p>\n<\/li>\n<\/ul>\n<p data-start=\"3429\" data-end=\"3498\">\ud83d\udc49 <a class=\"\" href=\"https:\/\/snus-malmo.se\/sv\/xqs\/\" target=\"_new\" rel=\"noopener\" data-start=\"3432\" data-end=\"3498\">Se hela XQS-utbudet p\u00e5 snus-malmo.se<\/a><\/p>\n<hr data-start=\"3500\" data-end=\"3503\" \/>\n<p data-start=\"3505\" data-end=\"3732\">\ud83d\uded2 <strong data-start=\"3508\" data-end=\"3558\">K\u00f6p XQS Orange Apple Slim Medium hos Veloop.se<\/strong> \u2013 ett tobaksfritt snus med uppfriskande fruktsmak, perfekt f\u00f6r dig som vill ha smak, balans och diskretion i varje prilla. Snabb leverans och bra priser \u2013 alltid hos Veloop!<\/p>","protected":false},"excerpt":{"rendered":"<h1>XQS Orange Apple Slim Medium<\/h1>\n<h2 data-start=\"371\" data-end=\"461\"><img decoding=\"async\" class=\"wp-image-62925 alignleft\" src=\"https:\/\/snus-malmo.se\/wp-content\/uploads\/2025\/05\/xqs-logo.png\" alt=\"\" width=\"109\" height=\"48\" srcset=\"https:\/\/snus-malmo.se\/wp-content\/uploads\/2025\/05\/xqs-logo.png 269w, https:\/\/snus-malmo.se\/wp-content\/uploads\/2025\/05\/xqs-logo-18x8.png 18w\" sizes=\"(max-width: 109px) 100vw, 109px\" \/><\/h2>\n<h2 data-start=\"371\" data-end=\"461\">XQS Orange Apple Slim Medium \u2013 Fruktig friskhet i tobaksfritt snus | K\u00f6p hos Veloop.se<\/h2>\n<p data-start=\"3803\" data-end=\"4062\"><strong data-start=\"3803\" data-end=\"3835\">XQS Orange Apple Slim Medium<\/strong> \u00e4r ett tobaksfritt vitt snus i slim-format med smak av apelsin och \u00e4pple. Med en nikotinhalt p\u00e5 12 mg\/g (6 mg per portion) och 20 prillor per dosa ger den en fruktig och balanserad nikotinupplevelse \u2013 perfekt f\u00f6r dagligt bruk.<\/p>\n<p data-start=\"4064\" data-end=\"4137\">\ud83d\udd17 <a class=\"\" href=\"https:\/\/snus-malmo.se\/sv\/xqs\/\" target=\"_new\" rel=\"noopener\" data-start=\"4067\" data-end=\"4137\">Se hela XQS-sortimentet p\u00e5 snus-malmo.se<\/a><\/p>","protected":false},"featured_media":62954,"comment_status":"open","ping_status":"closed","template":"","meta":[],"product_brand":[],"product_cat":[136,389,137,127],"product_tag":[],"class_list":{"0":"post-55439","1":"product","2":"type-product","3":"status-publish","4":"has-post-thumbnail","6":"product_cat-all-whites","7":"product_cat-medium-normal","8":"product_cat-slim","9":"product_cat-xqs","11":"first","12":"instock","13":"taxable","14":"shipping-taxable","15":"purchasable","16":"product-type-variable"},"_links":{"self":[{"href":"https:\/\/snus-malmo.se\/sv\/wp-json\/wp\/v2\/product\/55439","targetHints":{"allow":["GET"]}}],"collection":[{"href":"https:\/\/snus-malmo.se\/sv\/wp-json\/wp\/v2\/product"}],"about":[{"href":"https:\/\/snus-malmo.se\/sv\/wp-json\/wp\/v2\/types\/product"}],"replies":[{"embeddable":true,"href":"https:\/\/snus-malmo.se\/sv\/wp-json\/wp\/v2\/comments?post=55439"}],"version-history":[{"count":0,"href":"https:\/\/snus-malmo.se\/sv\/wp-json\/wp\/v2\/product\/55439\/revisions"}],"wp:featuredmedia":[{"embeddable":true,"href":"https:\/\/snus-malmo.se\/sv\/wp-json\/wp\/v2\/media\/62954"}],"wp:attachment":[{"href":"https:\/\/snus-malmo.se\/sv\/wp-json\/wp\/v2\/media?parent=55439"}],"wp:term":[{"taxonomy":"product_brand","embeddable":true,"href":"https:\/\/snus-malmo.se\/sv\/wp-json\/wp\/v2\/product_brand?post=55439"},{"taxonomy":"product_cat","embeddable":true,"href":"https:\/\/snus-malmo.se\/sv\/wp-json\/wp\/v2\/product_cat?post=55439"},{"taxonomy":"product_tag","embeddable":true,"href":"https:\/\/snus-malmo.se\/sv\/wp-json\/wp\/v2\/product_tag?post=55439"}],"curies":[{"name":"wp","href":"https:\/\/api.w.org\/{rel}","templated":true}]}}