{"id":55444,"date":"2025-05-23T16:59:36","date_gmt":"2025-05-23T16:59:36","guid":{"rendered":"https:\/\/snus-malmo.se\/?post_type=product&#038;p=55444"},"modified":"2025-11-22T09:27:27","modified_gmt":"2025-11-22T09:27:27","slug":"xqs-orange-apple-slim-strong","status":"publish","type":"product","link":"https:\/\/snus-malmo.se\/sv\/produkt\/xqs-orange-apple-slim-strong\/","title":{"rendered":"XQS Orange Apple Slim Strong"},"content":{"rendered":"<h1>XQS Orange Apple Slim Strong<\/h1>\n<h2 data-start=\"382\" data-end=\"477\">XQS Orange Apple Slim Strong \u2013 Syrlig fruktexplosion i tobaksfritt snus | K\u00f6p hos Veloop.se<\/h2>\n<p data-start=\"479\" data-end=\"727\">Letar du efter ett kraftfullt tobaksfritt snus med fruktig smak? <strong data-start=\"544\" data-end=\"576\">XQS Orange Apple Slim Strong<\/strong> bjuder p\u00e5 en <strong data-start=\"590\" data-end=\"641\">frisk och syrlig blandning av apelsin och \u00e4pple<\/strong> \u2013 perfekt f\u00f6r dig som vill ha n\u00e5got uppfriskande, smakrikt och med h\u00f6g nikotinstyrka.<\/p>\n<p data-start=\"729\" data-end=\"1087\">Produkten ing\u00e5r i den popul\u00e4ra serien <strong data-start=\"767\" data-end=\"791\">XQS Nicotine Pouches<\/strong>, framtagen i Sverige och tillverkad av <strong data-start=\"831\" data-end=\"856\">Insurgent Ventures II<\/strong> i samarbete med <strong data-start=\"873\" data-end=\"909\">Scandinavian Tobacco Group (STG)<\/strong>. Den inneh\u00e5ller ingen tobak men har en <strong data-start=\"949\" data-end=\"1000\">stark nikotinhalt p\u00e5 16 mg\/g (8 mg per portion)<\/strong>, vilket g\u00f6r den s\u00e4rskilt l\u00e4mplig f\u00f6r vana anv\u00e4ndare som s\u00f6ker en tydlig nikotineffekt.<\/p>\n<p data-start=\"1089\" data-end=\"1354\"><strong data-start=\"1089\" data-end=\"1116\">XQS Orange Apple Strong<\/strong> levereras i ett <strong data-start=\"1133\" data-end=\"1148\">slim-format<\/strong>, vilket inneb\u00e4r smala och diskreta portioner som passar perfekt under l\u00e4ppen. Varje dosa inneh\u00e5ller <strong data-start=\"1249\" data-end=\"1274\">20 tobaksfria prillor<\/strong>, vilket ger dig en ren och fr\u00e4sch upplevelse \u2013 utan missf\u00e4rgningar p\u00e5 t\u00e4nderna.<\/p>\n<p data-start=\"1356\" data-end=\"1551\">Smakkombinationen av s\u00f6tma fr\u00e5n apelsin och syra fr\u00e5n \u00e4pple ger denna produkt en <strong data-start=\"1437\" data-end=\"1472\">v\u00e4lbalanserad och fr\u00e4sch profil<\/strong>, perfekt att anv\u00e4nda b\u00e5de till vardags och n\u00e4r du vill ha en extra energikick.<\/p>\n<hr data-start=\"1553\" data-end=\"1556\" \/>\n<h3 data-start=\"1558\" data-end=\"1582\">\u2705 Produktinformation<\/h3>\n<div class=\"_tableContainer_80l1q_1\">\n<div class=\"_tableWrapper_80l1q_14 group flex w-fit flex-col-reverse\" tabindex=\"-1\">\n<table class=\"w-fit min-w-(--thread-content-width)\" data-start=\"1583\" data-end=\"2414\">\n<thead data-start=\"1583\" data-end=\"1646\">\n<tr data-start=\"1583\" data-end=\"1646\">\n<th data-start=\"1583\" data-end=\"1607\" data-col-size=\"sm\">Egenskap<\/th>\n<th data-start=\"1607\" data-end=\"1646\" data-col-size=\"sm\">Detalj<\/th>\n<\/tr>\n<\/thead>\n<tbody data-start=\"1711\" data-end=\"2414\">\n<tr data-start=\"1711\" data-end=\"1774\">\n<td data-start=\"1711\" data-end=\"1735\" data-col-size=\"sm\"><strong data-start=\"1713\" data-end=\"1726\">Varum\u00e4rke<\/strong><\/td>\n<td data-start=\"1735\" data-end=\"1774\" data-col-size=\"sm\">XQS<\/td>\n<\/tr>\n<tr data-start=\"1775\" data-end=\"1838\">\n<td data-start=\"1775\" data-end=\"1799\" data-col-size=\"sm\"><strong data-start=\"1777\" data-end=\"1791\">Produkttyp<\/strong><\/td>\n<td data-start=\"1799\" data-end=\"1838\" data-col-size=\"sm\">Vitt snus \/ All White Portion<\/td>\n<\/tr>\n<tr data-start=\"1839\" data-end=\"1902\">\n<td data-start=\"1839\" data-end=\"1863\" data-col-size=\"sm\"><strong data-start=\"1841\" data-end=\"1851\">Styrka<\/strong><\/td>\n<td data-start=\"1863\" data-end=\"1902\" data-col-size=\"sm\">Stark<\/td>\n<\/tr>\n<tr data-start=\"1903\" data-end=\"1966\">\n<td data-start=\"1903\" data-end=\"1927\" data-col-size=\"sm\"><strong data-start=\"1905\" data-end=\"1920\">Nikotinhalt<\/strong><\/td>\n<td data-start=\"1927\" data-end=\"1966\" data-col-size=\"sm\">16 mg\/g \u2013 8 mg\/portion<\/td>\n<\/tr>\n<tr data-start=\"1967\" data-end=\"2030\">\n<td data-start=\"1967\" data-end=\"1991\" data-col-size=\"sm\"><strong data-start=\"1969\" data-end=\"1979\">Format<\/strong><\/td>\n<td data-start=\"1991\" data-end=\"2030\" data-col-size=\"sm\">Slim<\/td>\n<\/tr>\n<tr data-start=\"2031\" data-end=\"2094\">\n<td data-start=\"2031\" data-end=\"2055\" data-col-size=\"sm\"><strong data-start=\"2033\" data-end=\"2047\">Smakprofil<\/strong><\/td>\n<td data-start=\"2055\" data-end=\"2094\" data-col-size=\"sm\">Apelsin, \u00e4pple, fruktigt, syrligt<\/td>\n<\/tr>\n<tr data-start=\"2095\" data-end=\"2158\">\n<td data-start=\"2095\" data-end=\"2119\" data-col-size=\"sm\"><strong data-start=\"2097\" data-end=\"2110\">Tobaksfri<\/strong><\/td>\n<td data-start=\"2119\" data-end=\"2158\" data-col-size=\"sm\">Ja<\/td>\n<\/tr>\n<tr data-start=\"2159\" data-end=\"2222\">\n<td data-start=\"2159\" data-end=\"2183\" data-col-size=\"sm\"><strong data-start=\"2161\" data-end=\"2180\">Antal portioner<\/strong><\/td>\n<td data-start=\"2183\" data-end=\"2222\" data-col-size=\"sm\">20 st per dosa<\/td>\n<\/tr>\n<tr data-start=\"2223\" data-end=\"2286\">\n<td data-start=\"2223\" data-end=\"2247\" data-col-size=\"sm\"><strong data-start=\"2225\" data-end=\"2238\">Nettovikt<\/strong><\/td>\n<td data-start=\"2247\" data-end=\"2286\" data-col-size=\"sm\">10 gram<\/td>\n<\/tr>\n<tr data-start=\"2287\" data-end=\"2350\">\n<td data-start=\"2287\" data-end=\"2311\" data-col-size=\"sm\"><strong data-start=\"2289\" data-end=\"2304\">Tillverkare<\/strong><\/td>\n<td data-start=\"2311\" data-end=\"2350\" data-col-size=\"sm\">Insurgent Ventures II \/ STG<\/td>\n<\/tr>\n<tr data-start=\"2351\" data-end=\"2414\">\n<td data-start=\"2351\" data-end=\"2375\" data-col-size=\"sm\"><strong data-start=\"2353\" data-end=\"2374\">Tillverkningsland<\/strong><\/td>\n<td data-start=\"2375\" data-end=\"2414\" data-col-size=\"sm\">Sverige<\/td>\n<\/tr>\n<\/tbody>\n<\/table>\n<div class=\"sticky end-(--thread-content-margin) h-0 self-end select-none\">\n<div class=\"absolute end-0 flex items-end\"><\/div>\n<\/div>\n<\/div>\n<\/div>\n<hr data-start=\"2416\" data-end=\"2419\" \/>\n<h2 data-start=\"2421\" data-end=\"2470\">\ud83d\udd04 Utforska hela XQS-sortimentet hos Veloop.se<\/h2>\n<p data-start=\"2472\" data-end=\"2639\">XQS erbjuder ett komplett utbud av nikotinp\u00e5sar i m\u00e5nga smaker och styrkor \u2013 fr\u00e5n friska frukter till isande mint och dessertinspirerade varianter. N\u00e5gra favoriter \u00e4r:<\/p>\n<ul data-start=\"2641\" data-end=\"3485\">\n<li data-start=\"2641\" data-end=\"2683\">\n<p data-start=\"2643\" data-end=\"2683\"><strong data-start=\"2643\" data-end=\"2681\">XQS Blueberry Mint Medium \/ Strong<\/strong><\/p>\n<\/li>\n<li data-start=\"2684\" data-end=\"2724\">\n<p data-start=\"2686\" data-end=\"2724\"><strong data-start=\"2686\" data-end=\"2722\">XQS Black Cherry Medium \/ Strong<\/strong><\/p>\n<\/li>\n<li data-start=\"2725\" data-end=\"2764\">\n<p data-start=\"2727\" data-end=\"2764\"><strong data-start=\"2727\" data-end=\"2762\">XQS Cactus Sour Medium \/ Strong<\/strong><\/p>\n<\/li>\n<li data-start=\"2765\" data-end=\"2806\">\n<p data-start=\"2767\" data-end=\"2806\"><strong data-start=\"2767\" data-end=\"2804\">XQS Cool Ice Mini Medium \/ Strong<\/strong><\/p>\n<\/li>\n<li data-start=\"2807\" data-end=\"2853\">\n<p data-start=\"2809\" data-end=\"2853\"><strong data-start=\"2809\" data-end=\"2851\">XQS Arctic Freeze X-tra \/ Ultra Strong<\/strong><\/p>\n<\/li>\n<li data-start=\"2854\" data-end=\"2889\">\n<p data-start=\"2856\" data-end=\"2889\"><strong data-start=\"2856\" data-end=\"2887\">XQS Fr\u00f6s Bit \/ Ultra Strong<\/strong><\/p>\n<\/li>\n<li data-start=\"2890\" data-end=\"2932\">\n<p data-start=\"2892\" data-end=\"2932\"><strong data-start=\"2892\" data-end=\"2930\">XQS Fr\u00f6s Double Mint \/ Crispy Mint<\/strong><\/p>\n<\/li>\n<li data-start=\"2933\" data-end=\"2969\">\n<p data-start=\"2935\" data-end=\"2969\"><strong data-start=\"2935\" data-end=\"2967\">XQS Tropical Medium \/ Strong<\/strong><\/p>\n<\/li>\n<li data-start=\"2970\" data-end=\"3012\">\n<p data-start=\"2972\" data-end=\"3012\"><strong data-start=\"2972\" data-end=\"3010\">XQS Citrus Cooling Medium \/ Strong<\/strong><\/p>\n<\/li>\n<li data-start=\"3013\" data-end=\"3043\">\n<p data-start=\"3015\" data-end=\"3043\"><strong data-start=\"3015\" data-end=\"3041\">XQS Soft Toffee Strong<\/strong><\/p>\n<\/li>\n<li data-start=\"3044\" data-end=\"3082\">\n<p data-start=\"3046\" data-end=\"3082\"><strong data-start=\"3046\" data-end=\"3080\">XQS Fizzy Cola Medium \/ Strong<\/strong><\/p>\n<\/li>\n<li data-start=\"3083\" data-end=\"3123\">\n<p data-start=\"3085\" data-end=\"3123\"><strong data-start=\"3085\" data-end=\"3121\">XQS Elder Flower Medium \/ Strong<\/strong><\/p>\n<\/li>\n<li data-start=\"3124\" data-end=\"3154\">\n<p data-start=\"3126\" data-end=\"3154\"><strong data-start=\"3126\" data-end=\"3152\">XQS Wintergreen Medium<\/strong><\/p>\n<\/li>\n<li data-start=\"3155\" data-end=\"3183\">\n<p data-start=\"3157\" data-end=\"3183\"><strong data-start=\"3157\" data-end=\"3181\">XQS Spearmint Strong<\/strong><\/p>\n<\/li>\n<li data-start=\"3184\" data-end=\"3214\">\n<p data-start=\"3186\" data-end=\"3214\"><strong data-start=\"3186\" data-end=\"3212\">XQS Chili Mango Strong<\/strong><\/p>\n<\/li>\n<li data-start=\"3215\" data-end=\"3255\">\n<p data-start=\"3217\" data-end=\"3255\"><strong data-start=\"3217\" data-end=\"3253\">XQS Orange Apple Medium \/ Strong<\/strong><\/p>\n<\/li>\n<li data-start=\"3256\" data-end=\"3290\">\n<p data-start=\"3258\" data-end=\"3290\"><strong data-start=\"3258\" data-end=\"3288\">XQS Strawberry Kiwi Strong<\/strong><\/p>\n<\/li>\n<li data-start=\"3291\" data-end=\"3325\">\n<p data-start=\"3293\" data-end=\"3325\"><strong data-start=\"3293\" data-end=\"3323\">XQS Berrynana Twist Strong<\/strong><\/p>\n<\/li>\n<li data-start=\"3326\" data-end=\"3356\">\n<p data-start=\"3328\" data-end=\"3356\"><strong data-start=\"3328\" data-end=\"3354\">XQS Hallon Soda Strong<\/strong><\/p>\n<\/li>\n<li data-start=\"3357\" data-end=\"3383\">\n<p data-start=\"3359\" data-end=\"3383\"><strong data-start=\"3359\" data-end=\"3381\">XQS Hallon Lakrits<\/strong><\/p>\n<\/li>\n<li data-start=\"3384\" data-end=\"3425\">\n<p data-start=\"3386\" data-end=\"3425\"><strong data-start=\"3386\" data-end=\"3423\">XQS Raspberry Blackcurrant Strong<\/strong><\/p>\n<\/li>\n<li data-start=\"3426\" data-end=\"3457\">\n<p data-start=\"3428\" data-end=\"3457\"><strong data-start=\"3428\" data-end=\"3455\">XQS Fruzzly Slim Strong<\/strong><\/p>\n<\/li>\n<li data-start=\"3458\" data-end=\"3485\">\n<p data-start=\"3460\" data-end=\"3485\"><strong data-start=\"3460\" data-end=\"3485\">XQS Twin Apple Strong<\/strong><\/p>\n<\/li>\n<\/ul>\n<p data-start=\"3487\" data-end=\"3556\">\ud83d\udc49 <a class=\"\" href=\"https:\/\/snus-malmo.se\/sv\/xqs\/\" target=\"_new\" rel=\"noopener\" data-start=\"3490\" data-end=\"3556\">Se hela XQS-utbudet p\u00e5 snus-malmo.se<\/a><\/p>\n<hr data-start=\"3558\" data-end=\"3561\" \/>\n<p data-start=\"3563\" data-end=\"3763\">\ud83d\uded2 <strong data-start=\"3566\" data-end=\"3616\">K\u00f6p XQS Orange Apple Slim Strong hos Veloop.se<\/strong> \u2013 ett starkt och friskt vitt snus med fruktig smak och diskret format. Snabba leveranser, stort sortiment och alltid bra priser \u2013 bara hos Veloop!<\/p>","protected":false},"excerpt":{"rendered":"<h1>XQS Orange Apple Slim Strong<\/h1>\n<h1><img decoding=\"async\" class=\"wp-image-62925 alignleft\" src=\"https:\/\/snus-malmo.se\/wp-content\/uploads\/2025\/05\/xqs-logo.png\" alt=\"\" width=\"107\" height=\"47\" srcset=\"https:\/\/snus-malmo.se\/wp-content\/uploads\/2025\/05\/xqs-logo.png 269w, https:\/\/snus-malmo.se\/wp-content\/uploads\/2025\/05\/xqs-logo-18x8.png 18w\" sizes=\"(max-width: 107px) 100vw, 107px\" \/><\/h1>\n<h2 data-start=\"382\" data-end=\"477\">XQS Orange Apple Slim Strong \u2013 Syrlig fruktexplosion i tobaksfritt snus | K\u00f6p hos Veloop.se<\/h2>\n<p data-start=\"3834\" data-end=\"4053\"><strong data-start=\"3834\" data-end=\"3866\">XQS Orange Apple Slim Strong<\/strong> \u00e4r ett tobaksfritt vitt snus i slim-format med smak av apelsin och \u00e4pple. Nikotinhalt: 16 mg\/g (8 mg per portion). En stark, fruktig och syrlig nikotinupplevelse i 20 diskreta portioner.<\/p>\n<p data-start=\"4055\" data-end=\"4128\">\ud83d\udd17 <a class=\"\" href=\"https:\/\/snus-malmo.se\/sv\/xqs\/\" target=\"_new\" rel=\"noopener\" data-start=\"4058\" data-end=\"4128\">Se hela XQS-sortimentet p\u00e5 snus-malmo.se<\/a><\/p>","protected":false},"featured_media":21997,"comment_status":"open","ping_status":"closed","template":"","meta":[],"product_brand":[],"product_cat":[136,137,354,127],"product_tag":[],"class_list":{"0":"post-55444","1":"product","2":"type-product","3":"status-publish","4":"has-post-thumbnail","6":"product_cat-all-whites","7":"product_cat-slim","8":"product_cat-strongstark","9":"product_cat-xqs","11":"first","12":"instock","13":"taxable","14":"shipping-taxable","15":"purchasable","16":"product-type-variable"},"_links":{"self":[{"href":"https:\/\/snus-malmo.se\/sv\/wp-json\/wp\/v2\/product\/55444","targetHints":{"allow":["GET"]}}],"collection":[{"href":"https:\/\/snus-malmo.se\/sv\/wp-json\/wp\/v2\/product"}],"about":[{"href":"https:\/\/snus-malmo.se\/sv\/wp-json\/wp\/v2\/types\/product"}],"replies":[{"embeddable":true,"href":"https:\/\/snus-malmo.se\/sv\/wp-json\/wp\/v2\/comments?post=55444"}],"version-history":[{"count":0,"href":"https:\/\/snus-malmo.se\/sv\/wp-json\/wp\/v2\/product\/55444\/revisions"}],"wp:featuredmedia":[{"embeddable":true,"href":"https:\/\/snus-malmo.se\/sv\/wp-json\/wp\/v2\/media\/21997"}],"wp:attachment":[{"href":"https:\/\/snus-malmo.se\/sv\/wp-json\/wp\/v2\/media?parent=55444"}],"wp:term":[{"taxonomy":"product_brand","embeddable":true,"href":"https:\/\/snus-malmo.se\/sv\/wp-json\/wp\/v2\/product_brand?post=55444"},{"taxonomy":"product_cat","embeddable":true,"href":"https:\/\/snus-malmo.se\/sv\/wp-json\/wp\/v2\/product_cat?post=55444"},{"taxonomy":"product_tag","embeddable":true,"href":"https:\/\/snus-malmo.se\/sv\/wp-json\/wp\/v2\/product_tag?post=55444"}],"curies":[{"name":"wp","href":"https:\/\/api.w.org\/{rel}","templated":true}]}}