{"id":55524,"date":"2025-05-23T16:59:43","date_gmt":"2025-05-23T16:59:43","guid":{"rendered":"https:\/\/snus-malmo.se\/?post_type=product&#038;p=55524"},"modified":"2025-07-28T14:52:31","modified_gmt":"2025-07-28T14:52:31","slug":"vid-perfect-pear-strong","status":"publish","type":"product","link":"https:\/\/snus-malmo.se\/sv\/produkt\/vid-perfect-pear-strong\/","title":{"rendered":"VID Perfect Pear Strong"},"content":{"rendered":"<h2>Om produkten VID Vanilla Pear Strong<\/h2>\n<p>Den h\u00e4r produkten \u00e4r helt fri fr\u00e5n tobak och \u00e4r ist\u00e4llet tillverkad av kvalitativa material som bland annat cellulosa. P\u00e5sen VID Perfect Pear Slim Extra Strong All White Portion kommer i ett slimmat format och l\u00e4gger sig d\u00e4rf\u00f6r bekv\u00e4mt bakom l\u00e4ppen. Den \u00e4r dessutom fuktig p\u00e5 ytan men torr inuti f\u00f6r l\u00e5ngvarig smak.<\/p>\n<ul>\n<li>Varum\u00e4rke: VID<\/li>\n<li>Smak: P\u00e4ron \/ Vanilj<\/li>\n<li>Format: Slim<\/li>\n<li>Nikotinhalt: 16 mg\/g<\/li>\n<\/ul>\n<p><strong><big>Nikotinstyrka i VID Perfect Pear<\/big><\/strong><\/p>\n<p>Dessa vita nikotinp\u00e5sar inneh\u00e5ller 16 mg\/g nikotin per portion. Det g\u00f6r det h\u00e4r till en p\u00e5se f\u00f6r dig som vill ha extra starka nikotinportioner.<\/p>\n<p><strong><big>VID All White\u00a0<\/big><\/strong><\/p>\n<p>Produkten har en nikotinstyrka 4\/5\u00a0men VID har \u00e4ven p\u00e5sar med l\u00e4gre styrka i sitt sortiment. Dessutom \u00e4r bolagets dosor Co2-utsl\u00e4ppsneutrala vilket g\u00f6r det h\u00e4r till ett mer milj\u00f6v\u00e4nligt alternativ.<\/p>\n<div class=\"row\">\n<div class=\"col-xs-12 content-section\"><\/div>\n<\/div>\n<table class=\"product-specs\">\n<thead>\n<tr>\n<th>Fakta om produkten<\/th>\n<th class=\"text-right\"><\/th>\n<\/tr>\n<\/thead>\n<tbody>\n<tr>\n<td class=\"spec-key\">Varum\u00e4rke<\/td>\n<td class=\"spec-value text-right\">VID<\/td>\n<\/tr>\n<tr>\n<td class=\"spec-key\">Produkttyp<\/td>\n<td class=\"spec -value text-right\">all white portion<\/td>\n<\/tr>\n<tr>\n<td class=\"spec-key\">Nikotinstyrka<\/td>\n<td class=\"spec -value text-right\">extra stark<\/td>\n<\/tr>\n<tr>\n<td class=\"spec-key\">Nikotinhalt<\/td>\n<td class=\"spec -value text-right\">16 mg\/g<\/td>\n<\/tr>\n<tr>\n<td class=\"spec-key\">Smak<\/td>\n<td class=\"spec -value text-right\">frukt<\/td>\n<\/tr>\n<tr>\n<td class=\"spec-key\">Inneh\u00e5ll\/f\u00f6rpackning<\/td>\n<td class=\"spec -value text-right\">12 g<\/td>\n<\/tr>\n<tr>\n<td class=\"spec-key\">Snustyp<\/td>\n<td class=\"spec -value text-right\">Slim All White Extra Strong<\/td>\n<\/tr>\n<tr>\n<td class=\"spec-key\">Format<\/td>\n<td class=\"spec -value text-right\">Slim<\/td>\n<\/tr>\n<tr>\n<td class=\"spec-key\">Producent<\/td>\n<td class=\"spec-value text-right\">Kurbits Snus AB<\/td>\n<\/tr>\n<\/tbody>\n<\/table>","protected":false},"excerpt":{"rendered":"<p>Nikotinp\u00e5sen VID Perfect Pear Strong All White Portion har en smak av p\u00e4ron med toner av vanilj. Prillan har en Extra Stark nikotinhalt p\u00e5 16 mg\/g.<\/p>","protected":false},"featured_media":22155,"comment_status":"open","ping_status":"closed","template":"","meta":[],"product_brand":[],"product_cat":[123],"product_tag":[],"class_list":{"0":"post-55524","1":"product","2":"type-product","3":"status-publish","4":"has-post-thumbnail","6":"product_cat-vid","8":"first","9":"instock","10":"taxable","11":"shipping-taxable","12":"purchasable","13":"product-type-variable"},"_links":{"self":[{"href":"https:\/\/snus-malmo.se\/sv\/wp-json\/wp\/v2\/product\/55524","targetHints":{"allow":["GET"]}}],"collection":[{"href":"https:\/\/snus-malmo.se\/sv\/wp-json\/wp\/v2\/product"}],"about":[{"href":"https:\/\/snus-malmo.se\/sv\/wp-json\/wp\/v2\/types\/product"}],"replies":[{"embeddable":true,"href":"https:\/\/snus-malmo.se\/sv\/wp-json\/wp\/v2\/comments?post=55524"}],"version-history":[{"count":0,"href":"https:\/\/snus-malmo.se\/sv\/wp-json\/wp\/v2\/product\/55524\/revisions"}],"wp:featuredmedia":[{"embeddable":true,"href":"https:\/\/snus-malmo.se\/sv\/wp-json\/wp\/v2\/media\/22155"}],"wp:attachment":[{"href":"https:\/\/snus-malmo.se\/sv\/wp-json\/wp\/v2\/media?parent=55524"}],"wp:term":[{"taxonomy":"product_brand","embeddable":true,"href":"https:\/\/snus-malmo.se\/sv\/wp-json\/wp\/v2\/product_brand?post=55524"},{"taxonomy":"product_cat","embeddable":true,"href":"https:\/\/snus-malmo.se\/sv\/wp-json\/wp\/v2\/product_cat?post=55524"},{"taxonomy":"product_tag","embeddable":true,"href":"https:\/\/snus-malmo.se\/sv\/wp-json\/wp\/v2\/product_tag?post=55524"}],"curies":[{"name":"wp","href":"https:\/\/api.w.org\/{rel}","templated":true}]}}