{"id":55604,"date":"2025-05-23T16:59:49","date_gmt":"2025-05-23T16:59:49","guid":{"rendered":"https:\/\/snus-malmo.se\/?post_type=product&#038;p=55604"},"modified":"2025-11-22T09:33:38","modified_gmt":"2025-11-22T09:33:38","slug":"fix-fig-raspberry-3","status":"publish","type":"product","link":"https:\/\/snus-malmo.se\/sv\/produkt\/fix-fig-raspberry-3\/","title":{"rendered":"FIX Fig Raspberry #3"},"content":{"rendered":"<div class=\"product__description rte quick-add-hidden\">\n<article class=\"product-text\">Nikotinp\u00e5sarna FIX Fig Raspberry #3 har ett slimmat format med en smak av hallon och fikon. FIX: Flavour Index snus \u00e4r helvita prillor med en normal styrka av nikotin.<\/article>\n<div class=\"buy-pane\">\n<div class=\"tab-content buy-tabs-content\">\n<div id=\"buy\" class=\"tab-pane active\">\n<div>\n<div class=\"variants list\">\n<h2>Om produkten FIX Fig Raspberry #3<\/h2>\n<p><strong>Om FIX Fig Raspberry #3<\/strong><br \/>\nAll white-produkten FIX Fig Raspberry #3 \u00e4r nikotinp\u00e5sar med ett inneh\u00e5ll av framf\u00f6rallt v\u00e4xtfiber. Aromerna best\u00e5r i huvudsak av hallon och fikon, men har ocks\u00e5 inslag av rabarber. De perforerade p\u00e5sarna fris\u00e4tter smaken fr\u00e5n det fuktade inneh\u00e5llet och produkten har l\u00e5g rinnighet. Varje dosa fr\u00e5n FIX inneh\u00e5ller 20 stycken prillor i ett l\u00e5ngsmalt format.<\/p>\n<ul>\n<li>Varum\u00e4rke: FIX: Flavour Index<\/li>\n<li>Tillverkare: Habit Factory in Sweden AB<\/li>\n<li>Smak: Fikon och hallon<\/li>\n<li>Format: Slim<\/li>\n<li>Produkttyp: All white<\/li>\n<li>Antal portioner per dosa: 20 stycken<\/li>\n<li>Nikotinhalt: 12 mg\/g<\/li>\n<li>Styrka: Normal<\/li>\n<\/ul>\n<p><strong>Nikotinstyrka i FIX Fig Raspberry #3<\/strong><br \/>\nFig Raspberry #3 fr\u00e5n FIX \u00e4r nikotinp\u00e5sar som klassificeras som normalstarka. De har en nikotinhalt som ligger p\u00e5 12 milligram nikotin per gram. Produkten \u00e4r helt fri fr\u00e5n tobak.<\/p>\n<p><strong>FIX med normal styrka<\/strong><br \/>\nFIX \u00e4r ett nytt varum\u00e4rke som s\u00e4ljer nikotinp\u00e5sar med olika smaker och nikotinhalter. Produkten FIX Fig Raspberry #3 har nikotinstyrka s3. Tillverkaren bakom varum\u00e4rket \u00e4r Habit of Factory in Sweden AB.<\/p>\n<div class=\"row\">\n<div class=\"col-xs-12 content-section\"><\/div>\n<\/div>\n<table class=\"product-specs\">\n<thead>\n<tr>\n<th>Fakta om produkten<\/th>\n<th class=\"text-right\"><\/th>\n<\/tr>\n<\/thead>\n<tbody>\n<tr>\n<td class=\"spec-key\">Varum\u00e4rke<\/td>\n<td class=\"spec-value text-right\">FIX<\/td>\n<\/tr>\n<tr>\n<td class=\"spec-key\">Produkttyp<\/td>\n<td class=\"spec -value text-right\">all white portion<\/td>\n<\/tr>\n<tr>\n<td class=\"spec-key\">Nikotinstyrka<\/td>\n<td class=\"spec -value text-right\">stark<\/td>\n<\/tr>\n<tr>\n<td class=\"spec-key\">Nikotinhalt<\/td>\n<td class=\"spec -value text-right\">12 mg\/g<\/td>\n<\/tr>\n<tr>\n<td class=\"spec-key\">Smak<\/td>\n<td class=\"spec -value text-right\">b\u00e4r<\/td>\n<\/tr>\n<tr>\n<td class=\"spec-key\">Inneh\u00e5ll\/f\u00f6rpackning<\/td>\n<td class=\"spec -value text-right\">14 g<\/td>\n<\/tr>\n<tr>\n<td class=\"spec-key\">Snustyp<\/td>\n<td class=\"spec -value text-right\">Slim All White<\/td>\n<\/tr>\n<tr>\n<td class=\"spec-key\">Format<\/td>\n<td class=\"spec -value text-right\">Slim<\/td>\n<\/tr>\n<tr>\n<td class=\"spec-key\">Producent<\/td>\n<td class=\"spec-value text-right\">Habit Factory In Sweden AB<\/td>\n<\/tr>\n<\/tbody>\n<\/table>\n<\/div>\n<\/div>\n<\/div>\n<\/div>\n<\/div>\n<\/div>\n<p>&nbsp;<\/p>","protected":false},"excerpt":{"rendered":"<article class=\"product-text\">Nikotinp\u00e5sarna FIX Fig Raspberry #3 har ett slimmat format med en smak av hallon och fikon. FIX: Flavour Index snus \u00e4r helvita prillor med en normal styrka av nikotin.<\/article>\n<div class=\"buy-pane\">\n<div class=\"tab-content buy-tabs-content\">\n<div id=\"buy\" class=\"tab-pane active\">\n<div>\n<div class=\"variants list\">\n<h2>Om produkten FIX Fig Raspberry #3<\/h2>\n<p><strong>Om FIX Fig Raspberry #3<\/strong><br \/>\nAll white-produkten FIX Fig Raspberry #3 \u00e4r nikotinp\u00e5sar med ett inneh\u00e5ll av framf\u00f6rallt v\u00e4xtfiber. Aromerna best\u00e5r i huvudsak av hallon och fikon, men har ocks\u00e5 inslag av rabarber. De perforerade p\u00e5sarna fris\u00e4tter smaken fr\u00e5n det fuktade inneh\u00e5llet och produkten har l\u00e5g rinnighet. Varje dosa fr\u00e5n FIX inneh\u00e5ller 20 stycken prillor i ett l\u00e5ngsmalt format.<\/p>\n<ul>\n<li>Varum\u00e4rke: FIX: Flavour Index<\/li>\n<li>Tillverkare: Habit Factory in Sweden AB<\/li>\n<li>Smak: Fikon och hallon<\/li>\n<li>Format: Slim<\/li>\n<li>Produkttyp: All white<\/li>\n<li>Antal portioner per dosa: 20 stycken<\/li>\n<li>Nikotinhalt: 12 mg\/g<\/li>\n<li>Styrka: Normal<\/li>\n<\/ul>\n<\/div>\n<\/div>\n<\/div>\n<\/div>\n<\/div>","protected":false},"featured_media":22311,"comment_status":"open","ping_status":"closed","template":"","meta":[],"product_brand":[419],"product_cat":[136,200,137],"product_tag":[],"class_list":{"0":"post-55604","1":"product","2":"type-product","3":"status-publish","4":"has-post-thumbnail","6":"product_brand-fix","7":"product_cat-all-whites","8":"product_cat-fix","9":"product_cat-slim","11":"first","12":"instock","13":"taxable","14":"shipping-taxable","15":"purchasable","16":"product-type-variable"},"_links":{"self":[{"href":"https:\/\/snus-malmo.se\/sv\/wp-json\/wp\/v2\/product\/55604","targetHints":{"allow":["GET"]}}],"collection":[{"href":"https:\/\/snus-malmo.se\/sv\/wp-json\/wp\/v2\/product"}],"about":[{"href":"https:\/\/snus-malmo.se\/sv\/wp-json\/wp\/v2\/types\/product"}],"replies":[{"embeddable":true,"href":"https:\/\/snus-malmo.se\/sv\/wp-json\/wp\/v2\/comments?post=55604"}],"version-history":[{"count":0,"href":"https:\/\/snus-malmo.se\/sv\/wp-json\/wp\/v2\/product\/55604\/revisions"}],"wp:featuredmedia":[{"embeddable":true,"href":"https:\/\/snus-malmo.se\/sv\/wp-json\/wp\/v2\/media\/22311"}],"wp:attachment":[{"href":"https:\/\/snus-malmo.se\/sv\/wp-json\/wp\/v2\/media?parent=55604"}],"wp:term":[{"taxonomy":"product_brand","embeddable":true,"href":"https:\/\/snus-malmo.se\/sv\/wp-json\/wp\/v2\/product_brand?post=55604"},{"taxonomy":"product_cat","embeddable":true,"href":"https:\/\/snus-malmo.se\/sv\/wp-json\/wp\/v2\/product_cat?post=55604"},{"taxonomy":"product_tag","embeddable":true,"href":"https:\/\/snus-malmo.se\/sv\/wp-json\/wp\/v2\/product_tag?post=55604"}],"curies":[{"name":"wp","href":"https:\/\/api.w.org\/{rel}","templated":true}]}}