{"id":55675,"date":"2025-05-23T16:59:55","date_gmt":"2025-05-23T16:59:55","guid":{"rendered":"https:\/\/snus-malmo.se\/?post_type=product&#038;p=55675"},"modified":"2025-07-22T16:39:57","modified_gmt":"2025-07-22T16:39:57","slug":"skruf-superwhite-frozen-mint-no-60","status":"publish","type":"product","link":"https:\/\/snus-malmo.se\/sv\/produkt\/skruf-superwhite-frozen-mint-no-60\/","title":{"rendered":"Skruf Superwhite frozen mint no.60"},"content":{"rendered":"<article class=\"product-text\"><\/article>\n<article class=\"product-text\">\n<h1 class=\"material-item__headline\">Skruf Superwhite frozen mint no.60<\/h1>\n<h2 data-start=\"191\" data-end=\"281\">\u2744\ufe0f Skruf Superwhite Frozen Mint No.60 \u2013 Tobaksfri nikotinp\u00e5se med kraftfull frusen mint<\/h2>\n<p data-start=\"283\" data-end=\"620\"><strong data-start=\"283\" data-end=\"321\">Skruf Superwhite Frozen Mint No.60<\/strong> \u00e4r en <strong data-start=\"328\" data-end=\"353\">tobaksfri nikotinp\u00e5se<\/strong> med en <strong data-start=\"361\" data-end=\"386\">isande stark mintsmak<\/strong>, skapad f\u00f6r dig som s\u00f6ker en extra kraftfull och l\u00e5ngvarig fr\u00e4sch\u00f6r. Med sin intensiva <strong data-start=\"474\" data-end=\"495\">frysta mintprofil<\/strong> och h\u00f6gre nikotinstyrka levererar denna all white-prilla en uppfriskande och djup kyla \u2013 perfekt f\u00f6r den erfarna anv\u00e4ndaren.<\/p>\n<p data-start=\"622\" data-end=\"889\">Frozen Mint No.60 \u00e4r helvit b\u00e5de f\u00f6re och efter anv\u00e4ndning, vilket ger <strong data-start=\"693\" data-end=\"719\">minimalt med rinnighet<\/strong> och <strong data-start=\"724\" data-end=\"759\">inga missf\u00e4rgningar p\u00e5 t\u00e4nderna<\/strong>. I kombination med det slimmade formatet blir detta en <strong data-start=\"815\" data-end=\"857\">diskret och effektiv nikotinupplevelse<\/strong> \u2013 n\u00e4r som helst, var som helst.<\/p>\n<hr data-start=\"891\" data-end=\"894\" \/>\n<h3 data-start=\"896\" data-end=\"957\">\u2705 Produktinformation \u2013 Skruf Superwhite Frozen Mint No.60<\/h3>\n<ul data-start=\"959\" data-end=\"1332\">\n<li data-start=\"959\" data-end=\"1018\">\n<p data-start=\"961\" data-end=\"1018\"><strong data-start=\"961\" data-end=\"976\">Smakprofil:<\/strong> Frusen mint \u2013 stark, kall och l\u00e5ngvarig<\/p>\n<\/li>\n<li data-start=\"1019\" data-end=\"1087\">\n<p data-start=\"1021\" data-end=\"1087\"><strong data-start=\"1021\" data-end=\"1032\">Format:<\/strong> Slim \u2013 smal prilla f\u00f6r bekv\u00e4m och diskret anv\u00e4ndning<\/p>\n<\/li>\n<li data-start=\"1088\" data-end=\"1128\">\n<p data-start=\"1090\" data-end=\"1128\"><strong data-start=\"1090\" data-end=\"1098\">Typ:<\/strong> All White \u2013 100 % tobaksfri<\/p>\n<\/li>\n<li data-start=\"1129\" data-end=\"1150\">\n<p data-start=\"1131\" data-end=\"1150\"><strong data-start=\"1131\" data-end=\"1142\">Styrka:<\/strong> Stark<\/p>\n<\/li>\n<li data-start=\"1151\" data-end=\"1200\">\n<p data-start=\"1153\" data-end=\"1200\"><strong data-start=\"1153\" data-end=\"1169\">Nikotinhalt:<\/strong> 13 mg\/g (ca 9 mg per prilla)<\/p>\n<\/li>\n<li data-start=\"1201\" data-end=\"1235\">\n<p data-start=\"1203\" data-end=\"1235\"><strong data-start=\"1203\" data-end=\"1230\">Antal prillor per dosa:<\/strong> 24<\/p>\n<\/li>\n<li data-start=\"1236\" data-end=\"1264\">\n<p data-start=\"1238\" data-end=\"1264\"><strong data-start=\"1238\" data-end=\"1252\">Totalvikt:<\/strong> 17,3 gram<\/p>\n<\/li>\n<li data-start=\"1265\" data-end=\"1332\">\n<p data-start=\"1267\" data-end=\"1332\"><strong data-start=\"1267\" data-end=\"1283\">Tillverkare:<\/strong> Skruf Snus AB \u2013 svensk kvalitet och innovation<\/p>\n<\/li>\n<\/ul>\n<hr data-start=\"1334\" data-end=\"1337\" \/>\n<h3 data-start=\"1339\" data-end=\"1389\">\ud83d\udcaa D\u00e4rf\u00f6r ska du v\u00e4lja Skruf Frozen Mint No.60<\/h3>\n<ul data-start=\"1391\" data-end=\"1752\">\n<li data-start=\"1391\" data-end=\"1460\">\n<p data-start=\"1393\" data-end=\"1460\">\u2744\ufe0f <strong data-start=\"1396\" data-end=\"1422\">Extra kylande mintsmak<\/strong> \u2013 kraftfull och uppfriskande k\u00e4nsla<\/p>\n<\/li>\n<li data-start=\"1461\" data-end=\"1519\">\n<p data-start=\"1463\" data-end=\"1519\">\u2705 <strong data-start=\"1465\" data-end=\"1489\">Tobaksfritt inneh\u00e5ll<\/strong> \u2013 helt vitt snus utan tobak<\/p>\n<\/li>\n<li data-start=\"1520\" data-end=\"1587\">\n<p data-start=\"1522\" data-end=\"1587\">\ud83e\uddb7 <strong data-start=\"1525\" data-end=\"1547\">Diskret anv\u00e4ndning<\/strong> \u2013 inga missf\u00e4rgningar eller rinnighet<\/p>\n<\/li>\n<li data-start=\"1588\" data-end=\"1640\">\n<p data-start=\"1590\" data-end=\"1640\">\ud83d\udd76 <strong data-start=\"1593\" data-end=\"1608\">Slim-format<\/strong> \u2013 passar perfekt under l\u00e4ppen<\/p>\n<\/li>\n<li data-start=\"1641\" data-end=\"1692\">\n<p data-start=\"1643\" data-end=\"1692\">\ud83d\udd04 <strong data-start=\"1646\" data-end=\"1664\">L\u00e5ngvarig smak<\/strong> \u2013 h\u00e5ller sig fr\u00e4sch l\u00e4nge<\/p>\n<\/li>\n<li data-start=\"1693\" data-end=\"1752\">\n<p data-start=\"1695\" data-end=\"1752\">\ud83c\uddf8\ud83c\uddea <strong data-start=\"1700\" data-end=\"1720\">Svensktillverkat<\/strong> \u2013 fr\u00e5n v\u00e4lk\u00e4nda Skruf Snus AB<\/p>\n<\/li>\n<\/ul>\n<hr data-start=\"1754\" data-end=\"1757\" \/>\n<h3 data-start=\"1759\" data-end=\"1823\">\ud83c\udf1f Skruf Superwhite \u2013 Tobaksfritt snus i flera friska smaker<\/h3>\n<p data-start=\"1825\" data-end=\"2062\"><strong data-start=\"1825\" data-end=\"1852\">Skruf Superwhite-serien<\/strong> \u00e4r k\u00e4nd f\u00f6r sina <strong data-start=\"1870\" data-end=\"1897\">tobaksfria nikotinp\u00e5sar<\/strong> i h\u00f6g kvalitet, med rena smaker och diskret anv\u00e4ndning. Serien erbjuder b\u00e5de milda och starka alternativ, alltid i helvitt format och designade f\u00f6r modern livsstil.<\/p>\n<p data-start=\"2064\" data-end=\"2092\">Popul\u00e4ra varianter i serien:<\/p>\n<ul data-start=\"2094\" data-end=\"2628\">\n<li data-start=\"2094\" data-end=\"2150\">\n<p data-start=\"2096\" data-end=\"2150\"><strong data-start=\"2096\" data-end=\"2117\">Frozen Mint No.60<\/strong> \u2013 Frusen mint med extra styrka<\/p>\n<\/li>\n<li data-start=\"2151\" data-end=\"2203\">\n<p data-start=\"2153\" data-end=\"2203\"><strong data-start=\"2153\" data-end=\"2175\">Fresh Freeze No.67<\/strong> \u2013 Iskall och stark mentol<\/p>\n<\/li>\n<li data-start=\"2204\" data-end=\"2272\">\n<p data-start=\"2206\" data-end=\"2272\"><strong data-start=\"2206\" data-end=\"2231\">Fresh No.53 \/ 52 \/ 54<\/strong> \u2013 Klassiska mintsmaker i olika styrkor<\/p>\n<\/li>\n<li data-start=\"2273\" data-end=\"2325\">\n<p data-start=\"2275\" data-end=\"2325\"><strong data-start=\"2275\" data-end=\"2292\">Crystal Fresh<\/strong> \u2013 Klar mint med kylig fr\u00e4sch\u00f6r<\/p>\n<\/li>\n<li data-start=\"2326\" data-end=\"2379\">\n<p data-start=\"2328\" data-end=\"2379\"><strong data-start=\"2328\" data-end=\"2348\">Slim Polar No.57<\/strong> \u2013 Kraftig kyla i slim-format<\/p>\n<\/li>\n<li data-start=\"2380\" data-end=\"2443\">\n<p data-start=\"2382\" data-end=\"2443\"><strong data-start=\"2382\" data-end=\"2397\">Fresh Apple<\/strong> \u2013 Frisk kombination av gr\u00f6nt \u00e4pple och mint<\/p>\n<\/li>\n<li data-start=\"2444\" data-end=\"2498\">\n<p data-start=\"2446\" data-end=\"2498\"><strong data-start=\"2446\" data-end=\"2462\">Indigo No.62<\/strong> \u2013 Unik b\u00e4rig smak med frisk twist<\/p>\n<\/li>\n<li data-start=\"2499\" data-end=\"2564\">\n<p data-start=\"2501\" data-end=\"2564\"><strong data-start=\"2501\" data-end=\"2530\">Purple Cassice No.63 \/ 71<\/strong> \u2013 Fruktig smak av svarta vinb\u00e4r<\/p>\n<\/li>\n<li data-start=\"2565\" data-end=\"2628\">\n<p data-start=\"2567\" data-end=\"2628\"><strong data-start=\"2567\" data-end=\"2591\">Nordic No.56 \/ No.58<\/strong> \u2013 Skandinavisk friskhet utan tobak<\/p>\n<\/li>\n<\/ul>\n<hr data-start=\"2630\" data-end=\"2633\" \/>\n<h3 data-start=\"2635\" data-end=\"2687\">\ud83d\uded2 K\u00f6p Skruf Superwhite Frozen Mint No.60 online<\/h3>\n<p data-start=\"2689\" data-end=\"3010\">Letar du efter <strong data-start=\"2704\" data-end=\"2751\">starkt tobaksfritt snus med frusen mintsmak<\/strong>? <strong data-start=\"2753\" data-end=\"2791\">Skruf Superwhite Frozen Mint No.60<\/strong> levererar en <strong data-start=\"2805\" data-end=\"2835\">l\u00e5ngvarig och kraftig kyla<\/strong> i ett stilrent slim-format. Best\u00e4ll enkelt och snabbt hos <a class=\"\" href=\"https:\/\/snus-malmo.se\/sv\/produkt-kategori\/alla-produkter\/skruf\/\" target=\"_new\" rel=\"noopener\" data-start=\"2894\" data-end=\"2963\">Veloop.se<\/a> \u2013 din butik f\u00f6r <strong data-start=\"2980\" data-end=\"3009\">Skruf nikotinp\u00e5sar online<\/strong>.<\/p>\n<\/article>","protected":false},"excerpt":{"rendered":"<h1 class=\"material-item__headline\">Skruf Superwhite frozen mint no.60<\/h1>\n<h2 data-start=\"191\" data-end=\"281\">\u2744\ufe0f Skruf Superwhite Frozen Mint No.60 \u2013 Tobaksfri nikotinp\u00e5se med kraftfull frusen mint<\/h2>\n<p data-start=\"283\" data-end=\"620\"><strong data-start=\"283\" data-end=\"321\">Skruf Superwhite Frozen Mint No.60<\/strong> \u00e4r en <strong data-start=\"328\" data-end=\"353\">tobaksfri nikotinp\u00e5se<\/strong> med en <strong data-start=\"361\" data-end=\"386\">isande stark mintsmak<\/strong>, skapad f\u00f6r dig som s\u00f6ker en extra kraftfull och l\u00e5ngvarig fr\u00e4sch\u00f6r. Med sin intensiva <strong data-start=\"474\" data-end=\"495\">frysta mintprofil<\/strong> och h\u00f6gre nikotinstyrka levererar denna all white-prilla en uppfriskande och djup kyla \u2013 perfekt f\u00f6r den erfarna anv\u00e4ndaren.<\/p>\n<p data-start=\"283\" data-end=\"620\">\ud83d\udc49\u00a0<strong data-start=\"2659\" data-end=\"2798\" data-is-last-node=\"\">Uppt\u00e4ck Skruf Superwhite Fresh Freeze Ultra \u2013 en stark, fr\u00e4sch och limiterad smakupplevelse f\u00f6r dig som inte n\u00f6jer dig med det vanliga.<\/strong><\/p>","protected":false},"featured_media":62425,"comment_status":"open","ping_status":"closed","template":"","meta":[],"product_brand":[360],"product_cat":[136,117,118,137],"product_tag":[],"class_list":{"0":"post-55675","1":"product","2":"type-product","3":"status-publish","4":"has-post-thumbnail","6":"product_brand-skruf","7":"product_cat-all-whites","8":"product_cat-skruf","9":"product_cat-skruf-super-white","10":"product_cat-slim","12":"first","13":"instock","14":"taxable","15":"shipping-taxable","16":"purchasable","17":"product-type-variable"},"_links":{"self":[{"href":"https:\/\/snus-malmo.se\/sv\/wp-json\/wp\/v2\/product\/55675","targetHints":{"allow":["GET"]}}],"collection":[{"href":"https:\/\/snus-malmo.se\/sv\/wp-json\/wp\/v2\/product"}],"about":[{"href":"https:\/\/snus-malmo.se\/sv\/wp-json\/wp\/v2\/types\/product"}],"replies":[{"embeddable":true,"href":"https:\/\/snus-malmo.se\/sv\/wp-json\/wp\/v2\/comments?post=55675"}],"version-history":[{"count":0,"href":"https:\/\/snus-malmo.se\/sv\/wp-json\/wp\/v2\/product\/55675\/revisions"}],"wp:featuredmedia":[{"embeddable":true,"href":"https:\/\/snus-malmo.se\/sv\/wp-json\/wp\/v2\/media\/62425"}],"wp:attachment":[{"href":"https:\/\/snus-malmo.se\/sv\/wp-json\/wp\/v2\/media?parent=55675"}],"wp:term":[{"taxonomy":"product_brand","embeddable":true,"href":"https:\/\/snus-malmo.se\/sv\/wp-json\/wp\/v2\/product_brand?post=55675"},{"taxonomy":"product_cat","embeddable":true,"href":"https:\/\/snus-malmo.se\/sv\/wp-json\/wp\/v2\/product_cat?post=55675"},{"taxonomy":"product_tag","embeddable":true,"href":"https:\/\/snus-malmo.se\/sv\/wp-json\/wp\/v2\/product_tag?post=55675"}],"curies":[{"name":"wp","href":"https:\/\/api.w.org\/{rel}","templated":true}]}}