{"id":55686,"date":"2025-05-23T16:59:56","date_gmt":"2025-05-23T16:59:56","guid":{"rendered":"https:\/\/snus-malmo.se\/?post_type=product&#038;p=55686"},"modified":"2025-07-22T16:39:09","modified_gmt":"2025-07-22T16:39:09","slug":"skruf-superwhite-fresh-no-53","status":"publish","type":"product","link":"https:\/\/snus-malmo.se\/sv\/produkt\/skruf-superwhite-fresh-no-53\/","title":{"rendered":"Skruf Superwhite Fresh no.53"},"content":{"rendered":"<h1 class=\"material-item__headline\">Skruf Superwhite Fresh no.53<\/h1>\n<h2 data-start=\"152\" data-end=\"228\"><strong data-start=\"156\" data-end=\"228\">Skruf Superwhite Fresh No.53 \u2013 Mild mint i slimmat format utan tobak<\/strong><\/h2>\n<p data-start=\"230\" data-end=\"558\"><strong data-start=\"230\" data-end=\"262\">Skruf Superwhite Fresh No.53<\/strong> \u00e4r en stilren, tobaksfri nikotinp\u00e5se i slim-format med en <strong data-start=\"321\" data-end=\"353\">mild och balanserad mintsmak<\/strong>. Den h\u00e4r &#8220;all white&#8221;-portionen erbjuder en <strong data-start=\"397\" data-end=\"437\">fr\u00e4sch och diskret nikotinupplevelse<\/strong>, helt utan tobak och med l\u00e5g rinnighet \u2013 perfekt f\u00f6r dig som vill ha en l\u00e4tt, svalkande k\u00e4nsla utan att smaken tar \u00f6ver.<\/p>\n<p data-start=\"560\" data-end=\"835\">Prillorna \u00e4r vita b\u00e5de f\u00f6re och efter anv\u00e4ndning, vilket g\u00f6r dem extra diskreta och skonsamma mot t\u00e4nderna. Med <strong data-start=\"672\" data-end=\"720\">8 mg nikotin per gram (ca 5,6 mg per prilla)<\/strong> \u00e4r <strong data-start=\"724\" data-end=\"739\">Fresh No.53<\/strong> ett bra val f\u00f6r dig som s\u00f6ker en <strong data-start=\"773\" data-end=\"834\">mellanstark styrka i kombination med en fr\u00e4sch mintprofil<\/strong>.<\/p>\n<hr data-start=\"837\" data-end=\"840\" \/>\n<h3 data-start=\"842\" data-end=\"889\">\u2705 <strong data-start=\"844\" data-end=\"889\">Egenskaper \u2013 Skruf Superwhite Fresh No.53<\/strong><\/h3>\n<ul data-start=\"891\" data-end=\"1225\">\n<li data-start=\"891\" data-end=\"939\">\n<p data-start=\"893\" data-end=\"939\"><strong data-start=\"893\" data-end=\"902\">Smak:<\/strong> Mint \u2013 mild, fr\u00e4sch och balanserad<\/p>\n<\/li>\n<li data-start=\"940\" data-end=\"997\">\n<p data-start=\"942\" data-end=\"997\"><strong data-start=\"942\" data-end=\"953\">Format:<\/strong> Slim \u2013 smala prillor f\u00f6r optimal passform<\/p>\n<\/li>\n<li data-start=\"998\" data-end=\"1049\">\n<p data-start=\"1000\" data-end=\"1049\"><strong data-start=\"1000\" data-end=\"1008\">Typ:<\/strong> All White \u2013 helt tobaksfri nikotinp\u00e5se<\/p>\n<\/li>\n<li data-start=\"1050\" data-end=\"1078\">\n<p data-start=\"1052\" data-end=\"1078\"><strong data-start=\"1052\" data-end=\"1063\">Styrka:<\/strong> Normal\/stark<\/p>\n<\/li>\n<li data-start=\"1079\" data-end=\"1125\">\n<p data-start=\"1081\" data-end=\"1125\"><strong data-start=\"1081\" data-end=\"1097\">Nikotinhalt:<\/strong> 8 mg\/g (ca 5,6 mg\/prilla)<\/p>\n<\/li>\n<li data-start=\"1126\" data-end=\"1160\">\n<p data-start=\"1128\" data-end=\"1160\"><strong data-start=\"1128\" data-end=\"1155\">Antal prillor per dosa:<\/strong> 24<\/p>\n<\/li>\n<li data-start=\"1161\" data-end=\"1190\">\n<p data-start=\"1163\" data-end=\"1190\"><strong data-start=\"1163\" data-end=\"1181\">Vikt per dosa:<\/strong> 17,3 g<\/p>\n<\/li>\n<li data-start=\"1191\" data-end=\"1225\">\n<p data-start=\"1193\" data-end=\"1225\"><strong data-start=\"1193\" data-end=\"1209\">Tillverkare:<\/strong> Skruf Snus AB<\/p>\n<\/li>\n<\/ul>\n<hr data-start=\"1227\" data-end=\"1230\" \/>\n<h4 data-start=\"1232\" data-end=\"1308\">\ud83d\udd0e <strong data-start=\"1235\" data-end=\"1308\">En del av Skruf Superwhite \u2013 Tobaksfritt nikotinsnus i fr\u00e4scha smaker<\/strong><\/h4>\n<p data-start=\"1310\" data-end=\"1574\">Skruf Superwhite \u00e4r en v\u00e4letablerad serie med tobaksfria nikotinp\u00e5sar i flera olika smaker och styrkor. Alla produkter \u00e4r <strong data-start=\"1432\" data-end=\"1452\">100 % tobaksfria<\/strong>, helvita och utformade f\u00f6r att vara s\u00e5 <strong data-start=\"1492\" data-end=\"1528\">diskreta och fr\u00e4scha som m\u00f6jligt<\/strong> \u2013 utan att kompromissa med smak eller effekt.<\/p>\n<p data-start=\"1576\" data-end=\"1607\">I serien hittar du bland annat:<\/p>\n<ul data-start=\"1609\" data-end=\"2245\">\n<li data-start=\"1609\" data-end=\"1657\">\n<p data-start=\"1611\" data-end=\"1657\"><strong data-start=\"1611\" data-end=\"1626\">Fresh No.53<\/strong> \u2013 Mild mint med lagom styrka<\/p>\n<\/li>\n<li data-start=\"1658\" data-end=\"1714\">\n<p data-start=\"1660\" data-end=\"1714\"><strong data-start=\"1660\" data-end=\"1680\">Fresh No.52 \/ 54<\/strong> \u2013 Klassisk och extra frisk mint<\/p>\n<\/li>\n<li data-start=\"1715\" data-end=\"1774\">\n<p data-start=\"1717\" data-end=\"1774\"><strong data-start=\"1717\" data-end=\"1732\">Fresh Apple<\/strong> \u2013 Fruktig \u00e4ppelsmak med mintig fr\u00e4sch\u00f6r<\/p>\n<\/li>\n<li data-start=\"1775\" data-end=\"1833\">\n<p data-start=\"1777\" data-end=\"1833\"><strong data-start=\"1777\" data-end=\"1799\">Fresh Freeze No.67<\/strong> \u2013 Extra stark och iskall mentol<\/p>\n<\/li>\n<li data-start=\"1834\" data-end=\"1884\">\n<p data-start=\"1836\" data-end=\"1884\"><strong data-start=\"1836\" data-end=\"1853\">Crystal Fresh<\/strong> \u2013 Klar mint med kylig k\u00e4nsla<\/p>\n<\/li>\n<li data-start=\"1885\" data-end=\"1942\">\n<p data-start=\"1887\" data-end=\"1942\"><strong data-start=\"1887\" data-end=\"1908\">Frozen Mint No.60<\/strong> \u2013 Fryst mint med l\u00e5ngvarig smak<\/p>\n<\/li>\n<li data-start=\"1943\" data-end=\"2002\">\n<p data-start=\"1945\" data-end=\"2002\"><strong data-start=\"1945\" data-end=\"1965\">Slim Fresh No.55<\/strong> \u2013 Slim mint f\u00f6r diskret anv\u00e4ndning<\/p>\n<\/li>\n<li data-start=\"2003\" data-end=\"2065\">\n<p data-start=\"2005\" data-end=\"2065\"><strong data-start=\"2005\" data-end=\"2029\">Nordic No.56 \/ No.58<\/strong> \u2013 Frisk smak med nordisk karakt\u00e4r<\/p>\n<\/li>\n<li data-start=\"2066\" data-end=\"2118\">\n<p data-start=\"2068\" data-end=\"2118\"><strong data-start=\"2068\" data-end=\"2088\">Slim Polar No.57<\/strong> \u2013 Kylande smak i slimformat<\/p>\n<\/li>\n<li data-start=\"2119\" data-end=\"2169\">\n<p data-start=\"2121\" data-end=\"2169\"><strong data-start=\"2121\" data-end=\"2137\">Indigo No.62<\/strong> \u2013 Fruktig och unik b\u00e4rig smak<\/p>\n<\/li>\n<li data-start=\"2170\" data-end=\"2245\">\n<p data-start=\"2172\" data-end=\"2245\"><strong data-start=\"2172\" data-end=\"2204\">Purple Cassice No.63 \/ No.71<\/strong> \u2013 Svarta vinb\u00e4r med s\u00f6t och syrlig ton<\/p>\n<\/li>\n<\/ul>\n<hr data-start=\"2247\" data-end=\"2250\" \/>\n<p data-start=\"2252\" data-end=\"2364\">\ud83d\udc49 <strong data-start=\"2255\" data-end=\"2305\">K\u00f6p Skruf Superwhite Fresh No.53 hos veloop.se<\/strong><br data-start=\"2305\" data-end=\"2308\" \/><a class=\"\" href=\"https:\/\/snus-malmo.se\/sv\/produkt-kategori\/alla-produkter\/skruf\/\" target=\"_new\" rel=\"noopener\" data-start=\"2308\" data-end=\"2364\">https:\/\/snus-malmo.se\/product-category\/alla-produkter\/skruf\/<\/a><\/p>\n<p data-start=\"2366\" data-end=\"2535\" data-is-last-node=\"\" data-is-only-node=\"\">\u2705 Tobaksfri \u2013 100 % all white<br data-start=\"2395\" data-end=\"2398\" \/>\u2705 Mild mint f\u00f6r en balanserad smakupplevelse<br data-start=\"2442\" data-end=\"2445\" \/>\u2705 Slim-format \u2013 diskret och bekv\u00e4mt<br data-start=\"2480\" data-end=\"2483\" \/>\u2705 Mellanstark styrka \u2013 perfekt f\u00f6r daglig anv\u00e4ndning<\/p>\n<p>&nbsp;<\/p>","protected":false},"excerpt":{"rendered":"<h1 class=\"material-item__headline\">Skruf Superwhite Fresh no.53<\/h1>\n<h2 data-start=\"152\" data-end=\"228\"><strong data-start=\"156\" data-end=\"228\">Skruf Superwhite Fresh No.53 \u2013 Mild mint i slimmat format utan tobak<\/strong><\/h2>\n<p><strong data-start=\"230\" data-end=\"262\">Skruf Superwhite Fresh No.53<\/strong> \u00e4r en stilren, tobaksfri nikotinp\u00e5se i slim-format med en <strong data-start=\"321\" data-end=\"353\">mild och balanserad mintsmak<\/strong>. Den h\u00e4r &#8220;all white&#8221;-portionen erbjuder en <strong data-start=\"397\" data-end=\"437\">fr\u00e4sch och diskret nikotinupplevelse<\/strong>, helt utan tobak och med l\u00e5g rinnighet \u2013 perfekt f\u00f6r dig som vill ha en l\u00e4tt, svalkande k\u00e4nsla utan att smaken tar \u00f6ver.<\/p>\n<p>\ud83d\udc49 <strong data-start=\"2255\" data-end=\"2305\">K\u00f6p Skruf Superwhite Fresh No.53 hos veloop.se<\/strong><br data-start=\"2305\" data-end=\"2308\" \/><a class=\"\" href=\"https:\/\/snus-malmo.se\/sv\/produkt-kategori\/alla-produkter\/skruf\/\" target=\"_new\" rel=\"noopener\" data-start=\"2308\" data-end=\"2364\">https:\/\/snus-malmo.se\/product-category\/alla-produkter\/skruf\/<\/a><\/p>","protected":false},"featured_media":62417,"comment_status":"open","ping_status":"closed","template":"","meta":[],"product_brand":[360],"product_cat":[136,117,118,137],"product_tag":[],"class_list":{"0":"post-55686","1":"product","2":"type-product","3":"status-publish","4":"has-post-thumbnail","6":"product_brand-skruf","7":"product_cat-all-whites","8":"product_cat-skruf","9":"product_cat-skruf-super-white","10":"product_cat-slim","12":"first","13":"instock","14":"taxable","15":"shipping-taxable","16":"purchasable","17":"product-type-variable"},"_links":{"self":[{"href":"https:\/\/snus-malmo.se\/sv\/wp-json\/wp\/v2\/product\/55686","targetHints":{"allow":["GET"]}}],"collection":[{"href":"https:\/\/snus-malmo.se\/sv\/wp-json\/wp\/v2\/product"}],"about":[{"href":"https:\/\/snus-malmo.se\/sv\/wp-json\/wp\/v2\/types\/product"}],"replies":[{"embeddable":true,"href":"https:\/\/snus-malmo.se\/sv\/wp-json\/wp\/v2\/comments?post=55686"}],"version-history":[{"count":0,"href":"https:\/\/snus-malmo.se\/sv\/wp-json\/wp\/v2\/product\/55686\/revisions"}],"wp:featuredmedia":[{"embeddable":true,"href":"https:\/\/snus-malmo.se\/sv\/wp-json\/wp\/v2\/media\/62417"}],"wp:attachment":[{"href":"https:\/\/snus-malmo.se\/sv\/wp-json\/wp\/v2\/media?parent=55686"}],"wp:term":[{"taxonomy":"product_brand","embeddable":true,"href":"https:\/\/snus-malmo.se\/sv\/wp-json\/wp\/v2\/product_brand?post=55686"},{"taxonomy":"product_cat","embeddable":true,"href":"https:\/\/snus-malmo.se\/sv\/wp-json\/wp\/v2\/product_cat?post=55686"},{"taxonomy":"product_tag","embeddable":true,"href":"https:\/\/snus-malmo.se\/sv\/wp-json\/wp\/v2\/product_tag?post=55686"}],"curies":[{"name":"wp","href":"https:\/\/api.w.org\/{rel}","templated":true}]}}