{"id":55705,"date":"2025-05-23T16:59:58","date_gmt":"2025-05-23T16:59:58","guid":{"rendered":"https:\/\/snus-malmo.se\/?post_type=product&#038;p=55705"},"modified":"2025-07-22T16:38:07","modified_gmt":"2025-07-22T16:38:07","slug":"skruf-superwhite-purple-cassice-no-71","status":"publish","type":"product","link":"https:\/\/snus-malmo.se\/sv\/produkt\/skruf-superwhite-purple-cassice-no-71\/","title":{"rendered":"Skruf Superwhite Purple Cassice no.71"},"content":{"rendered":"<h1>Skruf Superwhite Purple Cassice no.71<\/h1>\n<h2 data-start=\"322\" data-end=\"411\"><strong data-start=\"326\" data-end=\"411\">Skruf Superwhite Purple Cassice No.71 \u2013 Svarta vinb\u00e4r i slimmat format utan tobak<\/strong><\/h2>\n<p data-start=\"413\" data-end=\"760\"><strong data-start=\"413\" data-end=\"454\">Skruf Superwhite Purple Cassice No.71<\/strong> \u00e4r en modern <strong data-start=\"468\" data-end=\"493\">tobaksfri nikotinp\u00e5se<\/strong> i <strong data-start=\"496\" data-end=\"511\">slim-format<\/strong>, med en fruktig och frisk smak av <strong data-start=\"546\" data-end=\"563\">svarta vinb\u00e4r<\/strong>. Denna &#8220;all white&#8221;-portion ger en <strong data-start=\"598\" data-end=\"631\">fr\u00e4sch och diskret upplevelse<\/strong>, helt utan tobak och med l\u00e5g rinnighet \u2013 perfekt f\u00f6r dig som vill ha smak, nikotin och stil, men utan den traditionella tobaken.<\/p>\n<p data-start=\"762\" data-end=\"1035\">Portionsp\u00e5sarna \u00e4r <strong data-start=\"781\" data-end=\"820\">vita b\u00e5de f\u00f6re och efter anv\u00e4ndning<\/strong>, vilket g\u00f6r dem extra diskreta. Med <strong data-start=\"857\" data-end=\"882\">8 mg nikotin per gram<\/strong> (ca 5 mg per prilla), \u00e4r detta ett bra val f\u00f6r dig som s\u00f6ker en <strong data-start=\"947\" data-end=\"980\">mellanstark nikotinupplevelse<\/strong> i kombination med en b\u00e4rig, s\u00f6t och syrlig smakprofil.<\/p>\n<hr data-start=\"1037\" data-end=\"1040\" \/>\n<h2 data-start=\"1042\" data-end=\"1103\">\u2705 <strong data-start=\"1049\" data-end=\"1103\">Egenskaper \u2013 Skruf Superwhite Purple Cassice No.71<\/strong><\/h2>\n<ul data-start=\"1104\" data-end=\"1413\">\n<li data-start=\"1104\" data-end=\"1166\">\n<p data-start=\"1106\" data-end=\"1166\"><strong data-start=\"1106\" data-end=\"1114\">Smak<\/strong>: Svarta vinb\u00e4r (cassis) \u2013 fruktig, syrlig och s\u00f6t<\/p>\n<\/li>\n<li data-start=\"1167\" data-end=\"1224\">\n<p data-start=\"1169\" data-end=\"1224\"><strong data-start=\"1169\" data-end=\"1179\">Format<\/strong>: Slim \u2013 smala prillor f\u00f6r diskret passform<\/p>\n<\/li>\n<li data-start=\"1225\" data-end=\"1264\">\n<p data-start=\"1227\" data-end=\"1264\"><strong data-start=\"1227\" data-end=\"1234\">Typ<\/strong>: All White \u2013 helt tobaksfri<\/p>\n<\/li>\n<li data-start=\"1265\" data-end=\"1315\">\n<p data-start=\"1267\" data-end=\"1315\"><strong data-start=\"1267\" data-end=\"1277\">Styrka<\/strong>: Normal\/stark (8 mg\/g, 5 mg\/prilla)<\/p>\n<\/li>\n<li data-start=\"1316\" data-end=\"1350\">\n<p data-start=\"1318\" data-end=\"1350\"><strong data-start=\"1318\" data-end=\"1344\">Antal prillor per dosa<\/strong>: 24<\/p>\n<\/li>\n<li data-start=\"1351\" data-end=\"1380\">\n<p data-start=\"1353\" data-end=\"1380\"><strong data-start=\"1353\" data-end=\"1370\">Vikt per dosa<\/strong>: 17,3 g<\/p>\n<\/li>\n<li data-start=\"1381\" data-end=\"1413\">\n<p data-start=\"1383\" data-end=\"1413\"><strong data-start=\"1383\" data-end=\"1398\">Tillverkare<\/strong>: Skruf Snus AB<\/p>\n<\/li>\n<\/ul>\n<hr data-start=\"1415\" data-end=\"1418\" \/>\n<h3 data-start=\"1420\" data-end=\"1500\">\ud83d\udd0e <strong data-start=\"1427\" data-end=\"1500\">En del av Skruf Superwhite \u2013 Tobaksfritt nikotinsnus i fr\u00e4scha smaker<\/strong><\/h3>\n<p data-start=\"1502\" data-end=\"1786\">Skruf Superwhite-serien erbjuder ett brett sortiment av <strong data-start=\"1558\" data-end=\"1585\">tobaksfria nikotinp\u00e5sar<\/strong> med varierande smaker, styrkor och format. Alla prillor \u00e4r vita, diskreta och designade f\u00f6r att ge en <strong data-start=\"1688\" data-end=\"1718\">ren smak utan missf\u00e4rgning<\/strong> av t\u00e4nderna. Du hittar b\u00e5de svalkande mint och fruktiga alternativ:<\/p>\n<ul data-start=\"1788\" data-end=\"2502\">\n<li data-start=\"1788\" data-end=\"1851\">\n<p data-start=\"1790\" data-end=\"1851\"><strong data-start=\"1790\" data-end=\"1822\">Skruf Superwhite Fresh Apple<\/strong> \u2013 S\u00f6t och syrlig \u00e4ppelsmak<\/p>\n<\/li>\n<li data-start=\"1852\" data-end=\"1910\">\n<p data-start=\"1854\" data-end=\"1910\"><strong data-start=\"1854\" data-end=\"1888\">Skruf Superwhite Crystal Fresh<\/strong> \u2013 Klar, fr\u00e4sch mint<\/p>\n<\/li>\n<li data-start=\"1911\" data-end=\"1980\">\n<p data-start=\"1913\" data-end=\"1980\"><strong data-start=\"1913\" data-end=\"1952\">Skruf Superwhite Fresh Freeze No.67<\/strong> \u2013 Stark och iskall mentol<\/p>\n<\/li>\n<li data-start=\"1981\" data-end=\"2053\">\n<p data-start=\"1983\" data-end=\"2053\"><strong data-start=\"1983\" data-end=\"2025\">Skruf Superwhite Fresh No.52 \/ 53 \/ 54<\/strong> \u2013 Klassiska mintvarianter<\/p>\n<\/li>\n<li data-start=\"2054\" data-end=\"2117\">\n<p data-start=\"2056\" data-end=\"2117\"><strong data-start=\"2056\" data-end=\"2093\">Skruf Superwhite Slim Fresh No.55<\/strong> \u2013 Slim mad fresh mint<\/p>\n<\/li>\n<li data-start=\"2118\" data-end=\"2200\">\n<p data-start=\"2120\" data-end=\"2200\"><strong data-start=\"2120\" data-end=\"2158\">Skruf Superwhite Nordic No.56 \/ 58<\/strong> \u2013 Neutral och ljus tobakston utan tobak<\/p>\n<\/li>\n<li data-start=\"2201\" data-end=\"2272\">\n<p data-start=\"2203\" data-end=\"2272\"><strong data-start=\"2203\" data-end=\"2240\">Skruf Superwhite Slim Polar No.57<\/strong> \u2013 Kraftig och kall smakprofil<\/p>\n<\/li>\n<li data-start=\"2273\" data-end=\"2345\">\n<p data-start=\"2275\" data-end=\"2345\"><strong data-start=\"2275\" data-end=\"2313\">Skruf Superwhite Frozen Mint No.60<\/strong> \u2013 Fryst mint med stark k\u00e4nsla<\/p>\n<\/li>\n<li data-start=\"2346\" data-end=\"2413\">\n<p data-start=\"2348\" data-end=\"2413\"><strong data-start=\"2348\" data-end=\"2381\">Skruf Superwhite Indigo No.62<\/strong> \u2013 Fruktig och unik smakprofil<\/p>\n<\/li>\n<li data-start=\"2414\" data-end=\"2502\">\n<p data-start=\"2416\" data-end=\"2502\"><strong data-start=\"2416\" data-end=\"2457\">Skruf Superwhite Purple Cassice No.63<\/strong> \u2013 Tidigare version av no.71 med cassissmak<\/p>\n<\/li>\n<\/ul>\n<hr data-start=\"2504\" data-end=\"2507\" \/>\n<p data-start=\"2509\" data-end=\"2690\">\ud83d\udc49 <strong data-start=\"2512\" data-end=\"2571\">K\u00f6p Skruf Superwhite Purple Cassice No.71 hos veloop.se<\/strong><br data-start=\"2571\" data-end=\"2574\" \/><a class=\"\" href=\"https:\/\/snus-malmo.se\/sv\/produkt-kategori\/alla-produkter\/skruf\/\" target=\"_new\" rel=\"noopener\" data-start=\"2574\" data-end=\"2690\">https:\/\/snus-malmo.se\/product-category\/alla-produkter\/skruf\/<\/a><\/p>\n<p data-start=\"2692\" data-end=\"2851\">\u2705 Tobaksfri \u2013 100% vit nikotinp\u00e5se<br data-start=\"2726\" data-end=\"2729\" \/>\u2705 Fruktig och frisk smak av svarta vinb\u00e4r<br data-start=\"2770\" data-end=\"2773\" \/>\u2705 Diskret slimformat \u2013 perfekt passform<br data-start=\"2812\" data-end=\"2815\" \/>\u2705 Lagom styrka f\u00f6r daglig anv\u00e4ndning<\/p>","protected":false},"excerpt":{"rendered":"<h1>Skruf Superwhite Purple Cassice no.71<\/h1>\n<h2 data-start=\"322\" data-end=\"411\"><strong data-start=\"326\" data-end=\"411\">Skruf Superwhite Purple Cassice No.71 \u2013 Svarta vinb\u00e4r i slimmat format utan tobak<\/strong><\/h2>\n<p><strong data-start=\"2935\" data-end=\"2976\">Skruf Superwhite Purple Cassice No.71<\/strong> \u00e4r en tobaksfri nikotinp\u00e5se med smak av svarta vinb\u00e4r. Slimmat format, 8 mg\/g nikotin och 24 portioner per dosa.<\/p>","protected":false},"featured_media":62408,"comment_status":"open","ping_status":"closed","template":"","meta":[],"product_brand":[360],"product_cat":[136,117,118,137],"product_tag":[],"class_list":{"0":"post-55705","1":"product","2":"type-product","3":"status-publish","4":"has-post-thumbnail","6":"product_brand-skruf","7":"product_cat-all-whites","8":"product_cat-skruf","9":"product_cat-skruf-super-white","10":"product_cat-slim","12":"first","13":"instock","14":"taxable","15":"shipping-taxable","16":"purchasable","17":"product-type-variable"},"_links":{"self":[{"href":"https:\/\/snus-malmo.se\/sv\/wp-json\/wp\/v2\/product\/55705","targetHints":{"allow":["GET"]}}],"collection":[{"href":"https:\/\/snus-malmo.se\/sv\/wp-json\/wp\/v2\/product"}],"about":[{"href":"https:\/\/snus-malmo.se\/sv\/wp-json\/wp\/v2\/types\/product"}],"replies":[{"embeddable":true,"href":"https:\/\/snus-malmo.se\/sv\/wp-json\/wp\/v2\/comments?post=55705"}],"version-history":[{"count":0,"href":"https:\/\/snus-malmo.se\/sv\/wp-json\/wp\/v2\/product\/55705\/revisions"}],"wp:featuredmedia":[{"embeddable":true,"href":"https:\/\/snus-malmo.se\/sv\/wp-json\/wp\/v2\/media\/62408"}],"wp:attachment":[{"href":"https:\/\/snus-malmo.se\/sv\/wp-json\/wp\/v2\/media?parent=55705"}],"wp:term":[{"taxonomy":"product_brand","embeddable":true,"href":"https:\/\/snus-malmo.se\/sv\/wp-json\/wp\/v2\/product_brand?post=55705"},{"taxonomy":"product_cat","embeddable":true,"href":"https:\/\/snus-malmo.se\/sv\/wp-json\/wp\/v2\/product_cat?post=55705"},{"taxonomy":"product_tag","embeddable":true,"href":"https:\/\/snus-malmo.se\/sv\/wp-json\/wp\/v2\/product_tag?post=55705"}],"curies":[{"name":"wp","href":"https:\/\/api.w.org\/{rel}","templated":true}]}}