{"id":55708,"date":"2025-05-23T16:59:58","date_gmt":"2025-05-23T16:59:58","guid":{"rendered":"https:\/\/snus-malmo.se\/?post_type=product&#038;p=55708"},"modified":"2025-07-22T20:55:10","modified_gmt":"2025-07-22T20:55:10","slug":"skruf-slim-fresh-white-no-02","status":"publish","type":"product","link":"https:\/\/snus-malmo.se\/sv\/produkt\/skruf-slim-fresh-white-no-02\/","title":{"rendered":"Skruf Slim Fresh White no.02"},"content":{"rendered":"<h1 class=\"material-item__headline\">Skruf Slim Fresh White no.02<\/h1>\n<h3 data-start=\"283\" data-end=\"360\"><strong data-start=\"287\" data-end=\"360\">Skruf Slim Fresh White No.02 \u2013 Fr\u00e4sch mintsmak i slimmat white-format<\/strong><\/h3>\n<p data-start=\"362\" data-end=\"692\"><strong data-start=\"362\" data-end=\"394\">Skruf Slim Fresh White No.02<\/strong> \u00e4r ett <strong data-start=\"402\" data-end=\"424\">white portionssnus<\/strong> med en <strong data-start=\"432\" data-end=\"470\">fr\u00e4sch och uppiggande smak av mint<\/strong>, kombinerad med en mild tobakskarakt\u00e4r. Snuset kommer i ett <strong data-start=\"531\" data-end=\"549\">slimmat format<\/strong>, vilket ger en diskret och bekv\u00e4m passform under l\u00e4ppen \u2013 perfekt f\u00f6r dig som vill ha en svalkande och smakrik snusupplevelse som varar l\u00e4nge.<\/p>\n<p data-start=\"694\" data-end=\"1010\">Eftersom det \u00e4r ett <strong data-start=\"714\" data-end=\"728\">white snus<\/strong>, \u00e4r prillorna torrare \u00e4n originalportioner, vilket g\u00f6r dem <strong data-start=\"788\" data-end=\"843\">mindre rinniga men fortfarande med full smakrelease<\/strong>. Nikotinstyrkan \u00e4r <strong data-start=\"863\" data-end=\"873\">medium<\/strong>, vilket g\u00f6r detta till ett snus som passar b\u00e5de vana anv\u00e4ndare och de som vill ha en balanserad upplevelse med fr\u00e4sch k\u00e4nsla hela dagen.<\/p>\n<hr data-start=\"1012\" data-end=\"1015\" \/>\n<h4 data-start=\"1017\" data-end=\"1075\"><strong data-start=\"1022\" data-end=\"1075\">Produktinformation \u2013 Skruf No.02 Slim Fresh White<\/strong><\/h4>\n<ul data-start=\"1076\" data-end=\"1449\">\n<li data-start=\"1076\" data-end=\"1126\">\n<p data-start=\"1078\" data-end=\"1126\"><strong data-start=\"1078\" data-end=\"1092\">Smakprofil<\/strong>: Frisk mint, med mild tobakston<\/p>\n<\/li>\n<li data-start=\"1127\" data-end=\"1188\">\n<p data-start=\"1129\" data-end=\"1188\"><strong data-start=\"1129\" data-end=\"1136\">Typ<\/strong>: White Portion \u2013 torra prillor med l\u00e5ngvarig smak<\/p>\n<\/li>\n<li data-start=\"1189\" data-end=\"1228\">\n<p data-start=\"1191\" data-end=\"1228\"><strong data-start=\"1191\" data-end=\"1201\">Format<\/strong>: Slim \u2013 diskret passform<\/p>\n<\/li>\n<li data-start=\"1229\" data-end=\"1258\">\n<p data-start=\"1231\" data-end=\"1258\"><strong data-start=\"1231\" data-end=\"1248\">Nikotinstyrka<\/strong>: Medium<\/p>\n<\/li>\n<li data-start=\"1259\" data-end=\"1343\">\n<p data-start=\"1261\" data-end=\"1343\"><strong data-start=\"1261\" data-end=\"1276\">Nikotinhalt<\/strong>: ca 8\u201310 mg\/g <em data-start=\"1291\" data-end=\"1341\">(specificeras ej exakt men typisk f\u00f6r produkten)<\/em><\/p>\n<\/li>\n<li data-start=\"1344\" data-end=\"1381\">\n<p data-start=\"1346\" data-end=\"1381\"><strong data-start=\"1346\" data-end=\"1372\">Antal prillor per dosa<\/strong>: 24 st<\/p>\n<\/li>\n<li data-start=\"1382\" data-end=\"1414\">\n<p data-start=\"1384\" data-end=\"1414\"><strong data-start=\"1384\" data-end=\"1401\">Vikt per dosa<\/strong>: ca 16,6 g<\/p>\n<\/li>\n<li data-start=\"1415\" data-end=\"1449\">\n<p data-start=\"1417\" data-end=\"1449\"><strong data-start=\"1417\" data-end=\"1436\">Vikt per prilla<\/strong>: ca 0,69 g<\/p>\n<\/li>\n<\/ul>\n<hr data-start=\"1451\" data-end=\"1454\" \/>\n<h4 data-start=\"1456\" data-end=\"1477\"><strong data-start=\"1461\" data-end=\"1477\">Ingredienser<\/strong><\/h4>\n<p data-start=\"1478\" data-end=\"1594\">Tobak, vatten, fuktighetsbevarande medel (E1520), surhetsreglerande medel (E500), smakf\u00f6rst\u00e4rkare (koksalt), aromer.<\/p>\n<hr data-start=\"1596\" data-end=\"1599\" \/>\n<p data-start=\"1601\" data-end=\"1774\">\ud83d\udc49 <strong data-start=\"1604\" data-end=\"1654\">K\u00f6p Skruf Slim Fresh White No.02 hos veloop.se<\/strong>:<br data-start=\"1655\" data-end=\"1658\" \/><a class=\"\" href=\"https:\/\/snus-malmo.se\/sv\/produkt-kategori\/alla-produkter\/skruf\/\" target=\"_new\" rel=\"noopener\" data-start=\"1658\" data-end=\"1774\">https:\/\/snus-malmo.se\/product-category\/alla-produkter\/skruf\/<\/a><\/p>\n<p data-start=\"1776\" data-end=\"2010\">\ud83c\udf3f <strong data-start=\"1779\" data-end=\"1882\">Uppt\u00e4ck fler <a class=\"\" href=\"https:\/\/snus-malmo.se\/sv\/produkt-kategori\/alla-produkter\/skruf\/\" target=\"_new\" rel=\"noopener\" data-start=\"1794\" data-end=\"1880\">mintsmakande snusprodukter<\/a><\/strong><br data-start=\"1882\" data-end=\"1885\" \/>\ud83d\udd0d Se hela v\u00e5rt utbud av <a class=\"\" href=\"https:\/\/snus-malmo.se\/sv\/produkt-kategori\/alla-produkter\/skruf\/\" target=\"_new\" rel=\"noopener\" data-start=\"1910\" data-end=\"1980\">Skruf snus<\/a> med olika smaker och styrkor.<\/p>","protected":false},"excerpt":{"rendered":"<h1 class=\"material-item__headline\">Skruf Slim Fresh White no.02<\/h1>\n<p><strong data-start=\"2085\" data-end=\"2117\">Skruf Slim Fresh White No.02<\/strong> \u00e4r ett slim-format white portionssnus med fr\u00e4sch mintsmak och mild tobakskarakt\u00e4r. Diskret passform, medium nikotinstyrka och l\u00e5ngvarig fr\u00e4sch smak.<\/p>\n<p data-start=\"1601\" data-end=\"1774\">\ud83d\udc49 <strong data-start=\"1604\" data-end=\"1654\">K\u00f6p Skruf Slim Fresh White No.02 hos veloop.se<\/strong>:<br data-start=\"1655\" data-end=\"1658\" \/><a class=\"\" href=\"https:\/\/snus-malmo.se\/sv\/produkt-kategori\/alla-produkter\/skruf\/\" target=\"_new\" rel=\"noopener\" data-start=\"1658\" data-end=\"1774\">https:\/\/snus-malmo.se\/product-category\/alla-produkter\/skruf\/<\/a><\/p>\n<p data-start=\"1776\" data-end=\"2010\">\ud83c\udf3f <strong data-start=\"1779\" data-end=\"1882\">Uppt\u00e4ck fler <a class=\"\" href=\"https:\/\/snus-malmo.se\/sv\/produkt-kategori\/alla-produkter\/skruf\/\" target=\"_new\" rel=\"noopener\" data-start=\"1794\" data-end=\"1880\">mintsmakande snusprodukter<\/a><\/strong><br data-start=\"1882\" data-end=\"1885\" \/>\ud83d\udd0d Se hela v\u00e5rt utbud av <a class=\"\" href=\"https:\/\/snus-malmo.se\/sv\/produkt-kategori\/alla-produkter\/skruf\/\" target=\"_new\" rel=\"noopener\" data-start=\"1910\" data-end=\"1980\">Skruf snus<\/a> med olika smaker och styrkor.<\/p>","protected":false},"featured_media":62405,"comment_status":"open","ping_status":"closed","template":"","meta":[],"product_brand":[360],"product_cat":[117,137],"product_tag":[],"class_list":{"0":"post-55708","1":"product","2":"type-product","3":"status-publish","4":"has-post-thumbnail","6":"product_brand-skruf","7":"product_cat-skruf","8":"product_cat-slim","10":"first","11":"instock","12":"taxable","13":"shipping-taxable","14":"purchasable","15":"product-type-variable"},"_links":{"self":[{"href":"https:\/\/snus-malmo.se\/sv\/wp-json\/wp\/v2\/product\/55708","targetHints":{"allow":["GET"]}}],"collection":[{"href":"https:\/\/snus-malmo.se\/sv\/wp-json\/wp\/v2\/product"}],"about":[{"href":"https:\/\/snus-malmo.se\/sv\/wp-json\/wp\/v2\/types\/product"}],"replies":[{"embeddable":true,"href":"https:\/\/snus-malmo.se\/sv\/wp-json\/wp\/v2\/comments?post=55708"}],"version-history":[{"count":0,"href":"https:\/\/snus-malmo.se\/sv\/wp-json\/wp\/v2\/product\/55708\/revisions"}],"wp:featuredmedia":[{"embeddable":true,"href":"https:\/\/snus-malmo.se\/sv\/wp-json\/wp\/v2\/media\/62405"}],"wp:attachment":[{"href":"https:\/\/snus-malmo.se\/sv\/wp-json\/wp\/v2\/media?parent=55708"}],"wp:term":[{"taxonomy":"product_brand","embeddable":true,"href":"https:\/\/snus-malmo.se\/sv\/wp-json\/wp\/v2\/product_brand?post=55708"},{"taxonomy":"product_cat","embeddable":true,"href":"https:\/\/snus-malmo.se\/sv\/wp-json\/wp\/v2\/product_cat?post=55708"},{"taxonomy":"product_tag","embeddable":true,"href":"https:\/\/snus-malmo.se\/sv\/wp-json\/wp\/v2\/product_tag?post=55708"}],"curies":[{"name":"wp","href":"https:\/\/api.w.org\/{rel}","templated":true}]}}