{"id":55909,"date":"2025-05-23T17:00:15","date_gmt":"2025-05-23T17:00:15","guid":{"rendered":"https:\/\/snus-malmo.se\/?post_type=product&#038;p=55909"},"modified":"2025-11-22T09:33:34","modified_gmt":"2025-11-22T09:33:34","slug":"fix-ruby-chocolate-2","status":"publish","type":"product","link":"https:\/\/snus-malmo.se\/sv\/produkt\/fix-ruby-chocolate-2\/","title":{"rendered":"FIX Ruby Chocolate #2"},"content":{"rendered":"<div class=\"product__description rte quick-add-hidden\">\n<h1>FIX Ruby Chocolate #2<\/h1>\n<p>FIX Ruby Chocolate #2 \u00e4r en vitt snus med en\u00a0smakprofil som inkluderar choklad, hallon, litchi och vanilj.<\/p>\n<p><strong>FIX Ruby Chocolate #2:\u00a0<\/strong><\/p>\n<ul>\n<li>Smak: Choklad, hallon, litchi, vanilj<\/li>\n<li>Styrka: Normal<\/li>\n<li>Nikotin mg\/portion: 5,6 mg<\/li>\n<li>Nikotin mg\/g: 8 mg<\/li>\n<li>Antal prillor per dosa: 20 st<\/li>\n<li>Tillverkare: Habit Factory In Sweden AB<\/li>\n<\/ul>\n<p><strong>Egenskaper och anv\u00e4ndning:<\/strong>\u00a0FIX Ruby Chocolate #2 \u00e4r en del av FIX-sortimentet och erbjuder en kombination av smaker, inklusive den sofistikerade tonen av choklad, friskheten fr\u00e5n hallon, s\u00f6tman fr\u00e5n litchi och den milda undertonen av vanilj. Prillorna kommer i slim-format f\u00f6r en bekv\u00e4m passform under l\u00e4ppen. Varje dosa inneh\u00e5ller 20 prillor, vilket g\u00f6r den enkel att ta med sig och anv\u00e4nda n\u00e4r som helst.<\/p>\n<p><strong>Nikotinstyrka i FIX Ruby Chocolate #2:<\/strong>\u00a0Med en nikotinhalt p\u00e5 5,6 mg per portion och ett totalt nikotininneh\u00e5ll p\u00e5 8 mg\/g klassificeras FIX Ruby Chocolate #2 som normalstark.<\/p>\n<p><strong>Om varum\u00e4rket FIX:<\/strong>\u00a0FIX \u00e4r ett v\u00e4lk\u00e4nt varum\u00e4rke fr\u00e5n Habit Factory In Sweden AB som specialiserat sig p\u00e5 att producera vitt snus med olika smaker och styrkor. Deras produkter \u00e4r popul\u00e4ra bland snusare som uppskattar variation och kvalitet i sina snusprodukter.<\/p>\n<p>Ingredienser:\u00a0Vatten, fyllnadsmedel (E460), aromer, smakf\u00f6rst\u00e4rkare (koksalt), xylitol, nikotin, s\u00f6tningsmedel (E955), f\u00f6rtjockningsmedel (E406), surhetsreglerande medel (E500)<\/p>\n<\/div>\n<p>&nbsp;<\/p>","protected":false},"excerpt":{"rendered":"<h2>FIX Ruby Chocolate #2<\/h2>\n<p>FIX Ruby Chocolate #2 \u00e4r en vitt snus med en\u00a0smakprofil som inkluderar choklad, hallon, litchi och vanilj.<\/p>\n<p><strong>FIX Ruby Chocolate #2:\u00a0<\/strong><\/p>\n<ul>\n<li>Smak: Choklad, hallon, litchi, vanilj<\/li>\n<li>Styrka: Normal<\/li>\n<li>Nikotin mg\/portion: 5,6 mg<\/li>\n<li>Nikotin mg\/g: 8 mg<\/li>\n<li>Antal prillor per dosa: 20 st<\/li>\n<li>Tillverkare: Habit Factory In Sweden AB<\/li>\n<\/ul>","protected":false},"featured_media":22861,"comment_status":"open","ping_status":"closed","template":"","meta":[],"product_brand":[419],"product_cat":[136,200,137],"product_tag":[],"class_list":{"0":"post-55909","1":"product","2":"type-product","3":"status-publish","4":"has-post-thumbnail","6":"product_brand-fix","7":"product_cat-all-whites","8":"product_cat-fix","9":"product_cat-slim","11":"first","12":"instock","13":"taxable","14":"shipping-taxable","15":"purchasable","16":"product-type-variable"},"_links":{"self":[{"href":"https:\/\/snus-malmo.se\/sv\/wp-json\/wp\/v2\/product\/55909","targetHints":{"allow":["GET"]}}],"collection":[{"href":"https:\/\/snus-malmo.se\/sv\/wp-json\/wp\/v2\/product"}],"about":[{"href":"https:\/\/snus-malmo.se\/sv\/wp-json\/wp\/v2\/types\/product"}],"replies":[{"embeddable":true,"href":"https:\/\/snus-malmo.se\/sv\/wp-json\/wp\/v2\/comments?post=55909"}],"version-history":[{"count":0,"href":"https:\/\/snus-malmo.se\/sv\/wp-json\/wp\/v2\/product\/55909\/revisions"}],"wp:featuredmedia":[{"embeddable":true,"href":"https:\/\/snus-malmo.se\/sv\/wp-json\/wp\/v2\/media\/22861"}],"wp:attachment":[{"href":"https:\/\/snus-malmo.se\/sv\/wp-json\/wp\/v2\/media?parent=55909"}],"wp:term":[{"taxonomy":"product_brand","embeddable":true,"href":"https:\/\/snus-malmo.se\/sv\/wp-json\/wp\/v2\/product_brand?post=55909"},{"taxonomy":"product_cat","embeddable":true,"href":"https:\/\/snus-malmo.se\/sv\/wp-json\/wp\/v2\/product_cat?post=55909"},{"taxonomy":"product_tag","embeddable":true,"href":"https:\/\/snus-malmo.se\/sv\/wp-json\/wp\/v2\/product_tag?post=55909"}],"curies":[{"name":"wp","href":"https:\/\/api.w.org\/{rel}","templated":true}]}}