{"id":55958,"date":"2025-05-23T17:00:19","date_gmt":"2025-05-23T17:00:19","guid":{"rendered":"https:\/\/snus-malmo.se\/?post_type=product&#038;p=55958"},"modified":"2025-11-22T09:30:00","modified_gmt":"2025-11-22T09:30:00","slug":"klint-arctic-mint-slim-x-strong","status":"publish","type":"product","link":"https:\/\/snus-malmo.se\/sv\/produkt\/klint-arctic-mint-slim-x-strong\/","title":{"rendered":"Klint Arctic Mint Slim X-Strong"},"content":{"rendered":"<article class=\"product-text\">Nikotinportionen Klint Arctic Mint Slim X-Strong\u00a0\u00e4r en tobaksfri nikotinp\u00e5se med en\u00a0 smak av mint. P\u00e5sen har ett slimmat format och har\u00a0en p\u00e5se med extra stark nikotinstyrka.<\/article>\n<div class=\"buy-pane\">\n<div class=\"tab-content buy-tabs-content\">\n<div id=\"buy\" class=\"tab-pane active\">\n<div>\n<div class=\"variants list\">\n<h2>Om produkten Klint Arctic Mint Slim X-Strong<\/h2>\n<p>Klint Arctic Mint Slim X-Strong\u00a0\u00e4r en all white-portion som \u00e4r tillverkad av cellulosa. P\u00e5sarna \u00e4r fuktiga p\u00e5 insidan och torra p\u00e5 utsidan. Det g\u00f6r dels att p\u00e5sarna inte rinner under l\u00e4ppen och\u00a0en l\u00e4ngre smakrelease av mintsmak. Portionens\u00a0slim-format.<\/p>\n<ul>\n<li>Varum\u00e4rke: Klint<\/li>\n<li>Smak: Mint<\/li>\n<li>Format: Slim<\/li>\n<li>Nikotinstyrka: 20 mg\/g<\/li>\n<li>Portioner per dosa: 20<\/li>\n<li>Tillverkare: Habit Factory<\/li>\n<\/ul>\n<p><strong><big>Nikotinstyrka i Klint Arctic Mint Slim X-Strong<\/big><\/strong><\/p>\n<p>Klint Arctic Mint Slim X-Strong \u00e4r en nikotinprodukt med h\u00f6g halt av nikotin, med en nikotinniv\u00e5 p\u00e5 20 milligram per gram.<\/p>\n<p><strong><big>Varum\u00e4rket Klint<\/big><\/strong><\/p>\n<p>Bland\u00a0 nikotinp\u00e5sarna fr\u00e5n\u00a0<strong>Klint<\/strong>\u00a0finns\u00a0produkter med olika styrka: allt fr\u00e5n normal till extra stark nikotinhalt. Produkter fr\u00e5n Klint finns \u00e4ven i m\u00e5nga olika smaker. Arctic Mint All White har nikotinstyrka 4\/4.<\/p>\n<div class=\"row\">\n<div class=\"col-xs-12 content-section\"><\/div>\n<\/div>\n<table class=\"product-specs\">\n<thead>\n<tr>\n<th>Fakta om produkten<\/th>\n<th class=\"text-right\"><\/th>\n<\/tr>\n<\/thead>\n<tbody>\n<tr>\n<td class=\"spec-key\">Varum\u00e4rke<\/td>\n<td class=\"spec-value text-right\">Klint<\/td>\n<\/tr>\n<tr>\n<td class=\"spec-key\">Produkttyp<\/td>\n<td class=\"spec -value text-right\">all white portion<\/td>\n<\/tr>\n<tr>\n<td class=\"spec-key\">Nikotinstyrka<\/td>\n<td class=\"spec -value text-right\">extra stark<\/td>\n<\/tr>\n<tr>\n<td class=\"spec-key\">Nikotinhalt<\/td>\n<td class=\"spec -value text-right\">20 mg\/g<\/td>\n<\/tr>\n<tr>\n<td class=\"spec-key\">Smak<\/td>\n<td class=\"spec -value text-right\">mint<\/td>\n<\/tr>\n<tr>\n<td class=\"spec-key\">Inneh\u00e5ll\/f\u00f6rpackning<\/td>\n<td class=\"spec -value text-right\">14 g<\/td>\n<\/tr>\n<tr>\n<td class=\"spec-key\">Snustyp<\/td>\n<td class=\"spec -value text-right\">Slim All White Extra Strong<\/td>\n<\/tr>\n<tr>\n<td class=\"spec-key\">Format<\/td>\n<td class=\"spec -value text-right\">Slim<\/td>\n<\/tr>\n<tr>\n<td class=\"spec-key\">Producent<\/td>\n<td class=\"spec-value text-right\">Habit Factory In Sweden AB<\/td>\n<\/tr>\n<\/tbody>\n<\/table>\n<\/div>\n<\/div>\n<\/div>\n<\/div>\n<\/div>","protected":false},"excerpt":{"rendered":"<article class=\"product-text\">Nikotinportionen Klint Arctic Mint Slim X-Strong\u00a0\u00e4r en tobaksfri nikotinp\u00e5se med en\u00a0 smak av mint. P\u00e5sen har ett slimmat format och har\u00a0en p\u00e5se med extra stark nikotinstyrka.<\/article>\n<div class=\"buy-pane\">\n<div class=\"tab-content buy-tabs-content\">\n<div id=\"buy\" class=\"tab-pane active\">\n<div>\n<div class=\"variants list\">\n<h2>Om produkten Klint Arctic Mint Slim X-Strong<\/h2>\n<p>Klint Arctic Mint Slim X-Strong\u00a0\u00e4r en all white-portion som \u00e4r tillverkad av cellulosa. P\u00e5sarna \u00e4r fuktiga p\u00e5 insidan och torra p\u00e5 utsidan. Det g\u00f6r dels att p\u00e5sarna inte rinner under l\u00e4ppen och\u00a0en l\u00e4ngre smakrelease av mintsmak. Portionens\u00a0slim-format.<\/p>\n<ul>\n<li>Varum\u00e4rke: Klint<\/li>\n<li>Smak: Mint<\/li>\n<li>Format: Slim<\/li>\n<li>Nikotinstyrka: 20 mg\/g<\/li>\n<li>Portioner per dosa: 20<\/li>\n<li>Tillverkare: Habit Factory<\/li>\n<\/ul>\n<p><strong><big>Nikotinstyrka i Klint Arctic Mint Slim X-Strong<\/big><\/strong><\/p>\n<\/div>\n<\/div>\n<\/div>\n<\/div>\n<\/div>","protected":false},"featured_media":22962,"comment_status":"open","ping_status":"closed","template":"","meta":[],"product_brand":[],"product_cat":[136,355,98,137],"product_tag":[],"class_list":{"0":"post-55958","1":"product","2":"type-product","3":"status-publish","4":"has-post-thumbnail","6":"product_cat-all-whites","7":"product_cat-extra-strongextra-stark","8":"product_cat-klint","9":"product_cat-slim","11":"first","12":"instock","13":"taxable","14":"shipping-taxable","15":"purchasable","16":"product-type-variable"},"_links":{"self":[{"href":"https:\/\/snus-malmo.se\/sv\/wp-json\/wp\/v2\/product\/55958","targetHints":{"allow":["GET"]}}],"collection":[{"href":"https:\/\/snus-malmo.se\/sv\/wp-json\/wp\/v2\/product"}],"about":[{"href":"https:\/\/snus-malmo.se\/sv\/wp-json\/wp\/v2\/types\/product"}],"replies":[{"embeddable":true,"href":"https:\/\/snus-malmo.se\/sv\/wp-json\/wp\/v2\/comments?post=55958"}],"version-history":[{"count":0,"href":"https:\/\/snus-malmo.se\/sv\/wp-json\/wp\/v2\/product\/55958\/revisions"}],"wp:featuredmedia":[{"embeddable":true,"href":"https:\/\/snus-malmo.se\/sv\/wp-json\/wp\/v2\/media\/22962"}],"wp:attachment":[{"href":"https:\/\/snus-malmo.se\/sv\/wp-json\/wp\/v2\/media?parent=55958"}],"wp:term":[{"taxonomy":"product_brand","embeddable":true,"href":"https:\/\/snus-malmo.se\/sv\/wp-json\/wp\/v2\/product_brand?post=55958"},{"taxonomy":"product_cat","embeddable":true,"href":"https:\/\/snus-malmo.se\/sv\/wp-json\/wp\/v2\/product_cat?post=55958"},{"taxonomy":"product_tag","embeddable":true,"href":"https:\/\/snus-malmo.se\/sv\/wp-json\/wp\/v2\/product_tag?post=55958"}],"curies":[{"name":"wp","href":"https:\/\/api.w.org\/{rel}","templated":true}]}}