{"id":55969,"date":"2025-05-23T17:00:20","date_gmt":"2025-05-23T17:00:20","guid":{"rendered":"https:\/\/snus-malmo.se\/?post_type=product&#038;p=55969"},"modified":"2025-07-23T18:23:59","modified_gmt":"2025-07-23T18:23:59","slug":"general-g-3-wire-slim-white-dry-super-strong-portionssnus-2","status":"publish","type":"product","link":"https:\/\/snus-malmo.se\/sv\/produkt\/general-g-3-wire-slim-white-dry-super-strong-portionssnus-2\/","title":{"rendered":"General G.3 WIRE Slim White Dry Super Strong Portionssnus"},"content":{"rendered":"<p>General G.3 WIRE Slim White Dry Super Strong &#8211; ett v\u00e4ldigt starkt snus med smak av r\u00f6da b\u00e4r och tropisk frukt. 30% h\u00f6gre nikotinhalt \u00e4n tidigare G.3-produkter.<\/p>\n<p>General G.3 WIRE\u00a0Slim White Dry Super Strong \u00e4r ett torrt whitesnus som levereras i slimmade portioner. Varje prilla\u00a0har en nikotinhalt som \u00e4r 30% h\u00f6gre j\u00e4mf\u00f6rt med de andra Extra Strong-produkterna fr\u00e5n G.3. Tillsammans med 20% l\u00e4gre rinnighet erbjuder Wire verkligen en stark snusupplevelse som h\u00e5ller i sig l\u00e4nge.<\/p>\n<p>Snusets smak\u00a0best\u00e5r fr\u00e4mst av\u00a0tropisk frukt och r\u00f6da b\u00e4r.<\/p>\n<table class=\"product-specs\">\n<thead>\n<tr>\n<th>Fakta om produkten<\/th>\n<th class=\"text-right\"><\/th>\n<\/tr>\n<\/thead>\n<tbody>\n<tr>\n<td class=\"spec-key\">Varum\u00e4rke<\/td>\n<td class=\"spec-value text-right\">G.3<\/td>\n<\/tr>\n<tr>\n<td class=\"spec-key\">Produkttyp<\/td>\n<td class=\"spec -value text-right\">white portion<\/td>\n<\/tr>\n<tr>\n<td class=\"spec-key\">Nikotinstyrka<\/td>\n<td class=\"spec -value text-right\">Extra Stark<\/td>\n<\/tr>\n<tr>\n<td class=\"spec-key\">Nikotinhalt<\/td>\n<td class=\"spec -value text-right\">26 mg\/g<\/td>\n<\/tr>\n<tr>\n<td class=\"spec-key\">Smak<\/td>\n<td class=\"spec -value text-right\">frukt<\/td>\n<\/tr>\n<tr>\n<td class=\"spec-key\">Inneh\u00e5ll\/f\u00f6rpackning<\/td>\n<td class=\"spec -value text-right\">16,6 g<\/td>\n<\/tr>\n<tr>\n<td class=\"spec-key\">Snustyp<\/td>\n<td class=\"spec -value text-right\">Extra Stark Slim White Dry<\/td>\n<\/tr>\n<tr>\n<td class=\"spec-key\">Format<\/td>\n<td class=\"spec -value text-right\">Slim<\/td>\n<\/tr>\n<tr>\n<td class=\"spec-key\">Producent<\/td>\n<td class=\"spec-value text-right\">Swedish Match<\/td>\n<\/tr>\n<\/tbody>\n<\/table>","protected":false},"excerpt":{"rendered":"<p>General G.3 WIRE Slim White Dry Super Strong &#8211; ett v\u00e4ldigt starkt snus med smak av r\u00f6da b\u00e4r och tropisk frukt. 30% h\u00f6gre nikotinhalt \u00e4n tidigare G.3-produkter.<\/p>\n<p>General G.3 WIRE\u00a0Slim White Dry Super Strong \u00e4r ett torrt whitesnus som levereras i slimmade portioner. Varje prilla\u00a0har en nikotinhalt som \u00e4r 30% h\u00f6gre j\u00e4mf\u00f6rt med de andra Extra Strong-produkterna fr\u00e5n G.3. Tillsammans med 20% l\u00e4gre rinnighet erbjuder Wire verkligen en stark snusupplevelse som h\u00e5ller i sig l\u00e4nge.<\/p>\n<p>Snusets smak\u00a0best\u00e5r fr\u00e4mst av\u00a0tropisk frukt och r\u00f6da b\u00e4r.<\/p>","protected":false},"featured_media":23007,"comment_status":"open","ping_status":"closed","template":"","meta":[],"product_brand":[366],"product_cat":[356,202,88,362,73,137,368],"product_tag":[],"class_list":{"0":"post-55969","1":"product","2":"type-product","3":"status-publish","4":"has-post-thumbnail","6":"product_brand-g-3","7":"product_cat-extreme","8":"product_cat-g-3","9":"product_cat-general","10":"product_cat-original-portion","11":"product_cat-portionssnus","12":"product_cat-slim","13":"product_cat-snus-tobakssnus-traditionellt-snus","15":"first","16":"instock","17":"taxable","18":"shipping-taxable","19":"purchasable","20":"product-type-variable"},"_links":{"self":[{"href":"https:\/\/snus-malmo.se\/sv\/wp-json\/wp\/v2\/product\/55969","targetHints":{"allow":["GET"]}}],"collection":[{"href":"https:\/\/snus-malmo.se\/sv\/wp-json\/wp\/v2\/product"}],"about":[{"href":"https:\/\/snus-malmo.se\/sv\/wp-json\/wp\/v2\/types\/product"}],"replies":[{"embeddable":true,"href":"https:\/\/snus-malmo.se\/sv\/wp-json\/wp\/v2\/comments?post=55969"}],"version-history":[{"count":0,"href":"https:\/\/snus-malmo.se\/sv\/wp-json\/wp\/v2\/product\/55969\/revisions"}],"wp:featuredmedia":[{"embeddable":true,"href":"https:\/\/snus-malmo.se\/sv\/wp-json\/wp\/v2\/media\/23007"}],"wp:attachment":[{"href":"https:\/\/snus-malmo.se\/sv\/wp-json\/wp\/v2\/media?parent=55969"}],"wp:term":[{"taxonomy":"product_brand","embeddable":true,"href":"https:\/\/snus-malmo.se\/sv\/wp-json\/wp\/v2\/product_brand?post=55969"},{"taxonomy":"product_cat","embeddable":true,"href":"https:\/\/snus-malmo.se\/sv\/wp-json\/wp\/v2\/product_cat?post=55969"},{"taxonomy":"product_tag","embeddable":true,"href":"https:\/\/snus-malmo.se\/sv\/wp-json\/wp\/v2\/product_tag?post=55969"}],"curies":[{"name":"wp","href":"https:\/\/api.w.org\/{rel}","templated":true}]}}