{"id":56000,"date":"2025-05-23T17:00:23","date_gmt":"2025-05-23T17:00:23","guid":{"rendered":"https:\/\/snus-malmo.se\/?post_type=product&#038;p=56000"},"modified":"2025-10-28T10:51:22","modified_gmt":"2025-10-28T10:51:22","slug":"clubmaster-mini-red-20","status":"publish","type":"product","link":"https:\/\/snus-malmo.se\/sv\/produkt\/clubmaster-mini-red-20\/","title":{"rendered":"Clubmaster Mini Red\/20"},"content":{"rendered":"<p><strong>Clubmaster Mini Vanilla Cigarill<\/strong><\/p>\n<p>Clubmaster Mini\u00a0Red Cigariller\u00a0\u00e4r n\u00e5got kortare cigariller inneh\u00e5llande flera tobaksblandningar med en\u00a0smak\u00a0av vanilj.\u00a020p.<\/p>","protected":false},"excerpt":{"rendered":"<p><strong>Clubmaster Mini Vanilla Cigarill<\/strong><\/p>\n<p>Clubmaster Mini\u00a0Red Cigariller\u00a0\u00e4r n\u00e5got kortare cigariller inneh\u00e5llande flera tobaksblandningar med en\u00a0smak\u00a0av vanilj.\u00a020p.<\/p>","protected":false},"featured_media":23124,"comment_status":"open","ping_status":"closed","template":"","meta":[],"product_brand":[],"product_cat":[32],"product_tag":[],"class_list":{"0":"post-56000","1":"product","2":"type-product","3":"status-publish","4":"has-post-thumbnail","6":"product_cat-cigariller","8":"first","9":"instock","10":"taxable","11":"shipping-taxable","12":"purchasable","13":"product-type-variable"},"_links":{"self":[{"href":"https:\/\/snus-malmo.se\/sv\/wp-json\/wp\/v2\/product\/56000","targetHints":{"allow":["GET"]}}],"collection":[{"href":"https:\/\/snus-malmo.se\/sv\/wp-json\/wp\/v2\/product"}],"about":[{"href":"https:\/\/snus-malmo.se\/sv\/wp-json\/wp\/v2\/types\/product"}],"replies":[{"embeddable":true,"href":"https:\/\/snus-malmo.se\/sv\/wp-json\/wp\/v2\/comments?post=56000"}],"version-history":[{"count":0,"href":"https:\/\/snus-malmo.se\/sv\/wp-json\/wp\/v2\/product\/56000\/revisions"}],"wp:featuredmedia":[{"embeddable":true,"href":"https:\/\/snus-malmo.se\/sv\/wp-json\/wp\/v2\/media\/23124"}],"wp:attachment":[{"href":"https:\/\/snus-malmo.se\/sv\/wp-json\/wp\/v2\/media?parent=56000"}],"wp:term":[{"taxonomy":"product_brand","embeddable":true,"href":"https:\/\/snus-malmo.se\/sv\/wp-json\/wp\/v2\/product_brand?post=56000"},{"taxonomy":"product_cat","embeddable":true,"href":"https:\/\/snus-malmo.se\/sv\/wp-json\/wp\/v2\/product_cat?post=56000"},{"taxonomy":"product_tag","embeddable":true,"href":"https:\/\/snus-malmo.se\/sv\/wp-json\/wp\/v2\/product_tag?post=56000"}],"curies":[{"name":"wp","href":"https:\/\/api.w.org\/{rel}","templated":true}]}}