{"id":56001,"date":"2025-05-23T17:00:23","date_gmt":"2025-05-23T17:00:23","guid":{"rendered":"https:\/\/snus-malmo.se\/?post_type=product&#038;p=56001"},"modified":"2025-10-28T10:59:08","modified_gmt":"2025-10-28T10:59:08","slug":"cohiba-club-10p-cigariller","status":"publish","type":"product","link":"https:\/\/snus-malmo.se\/sv\/produkt\/cohiba-club-10p-cigariller\/","title":{"rendered":"Cohiba Club 10p Cigariller"},"content":{"rendered":"<p><strong>Cohiba Club 10p Cigariller<\/strong><\/p>\n<p>Cohiba Club\u00a0\u00e4r en popul\u00e4r cigarill fr\u00e5n Kuba. Bladen som anv\u00e4nds f\u00f6r tobak tas fr\u00e5n samma v\u00e4xter som sk\u00f6rdas f\u00f6r v\u00e4rldsber\u00f6mda premium handgjorda Havanna cigarrer. Dessa v\u00e4xter odlas i Vuelta Abajo-regionen i Kuba, ett omr\u00e5de som ligger v\u00e4ster om \u00f6n, som allm\u00e4nt betraktas som den finaste tobaksodlingsmark i v\u00e4rlden.<\/p>","protected":false},"excerpt":{"rendered":"<p><strong>Cohiba Club 10p Cigariller<\/strong><\/p>\n<p>Cohiba Club\u00a0\u00e4r en popul\u00e4r cigarill fr\u00e5n Kuba. Bladen som anv\u00e4nds f\u00f6r tobak tas fr\u00e5n samma v\u00e4xter som sk\u00f6rdas f\u00f6r v\u00e4rldsber\u00f6mda premium handgjorda Havanna cigarrer. Dessa v\u00e4xter odlas i Vuelta Abajo-regionen i Kuba, ett omr\u00e5de som ligger v\u00e4ster om \u00f6n, som allm\u00e4nt betraktas som den finaste tobaksodlingsmark i v\u00e4rlden.<\/p>","protected":false},"featured_media":26489,"comment_status":"open","ping_status":"closed","template":"","meta":[],"product_brand":[417],"product_cat":[32,187],"product_tag":[],"class_list":{"0":"post-56001","1":"product","2":"type-product","3":"status-publish","4":"has-post-thumbnail","6":"product_brand-cohiba","7":"product_cat-cigariller","8":"product_cat-cohiba","10":"first","11":"instock","12":"taxable","13":"shipping-taxable","14":"purchasable","15":"product-type-variable"},"_links":{"self":[{"href":"https:\/\/snus-malmo.se\/sv\/wp-json\/wp\/v2\/product\/56001","targetHints":{"allow":["GET"]}}],"collection":[{"href":"https:\/\/snus-malmo.se\/sv\/wp-json\/wp\/v2\/product"}],"about":[{"href":"https:\/\/snus-malmo.se\/sv\/wp-json\/wp\/v2\/types\/product"}],"replies":[{"embeddable":true,"href":"https:\/\/snus-malmo.se\/sv\/wp-json\/wp\/v2\/comments?post=56001"}],"version-history":[{"count":0,"href":"https:\/\/snus-malmo.se\/sv\/wp-json\/wp\/v2\/product\/56001\/revisions"}],"wp:featuredmedia":[{"embeddable":true,"href":"https:\/\/snus-malmo.se\/sv\/wp-json\/wp\/v2\/media\/26489"}],"wp:attachment":[{"href":"https:\/\/snus-malmo.se\/sv\/wp-json\/wp\/v2\/media?parent=56001"}],"wp:term":[{"taxonomy":"product_brand","embeddable":true,"href":"https:\/\/snus-malmo.se\/sv\/wp-json\/wp\/v2\/product_brand?post=56001"},{"taxonomy":"product_cat","embeddable":true,"href":"https:\/\/snus-malmo.se\/sv\/wp-json\/wp\/v2\/product_cat?post=56001"},{"taxonomy":"product_tag","embeddable":true,"href":"https:\/\/snus-malmo.se\/sv\/wp-json\/wp\/v2\/product_tag?post=56001"}],"curies":[{"name":"wp","href":"https:\/\/api.w.org\/{rel}","templated":true}]}}