{"id":56002,"date":"2025-05-23T17:00:23","date_gmt":"2025-05-23T17:00:23","guid":{"rendered":"https:\/\/snus-malmo.se\/?post_type=product&#038;p=56002"},"modified":"2025-11-22T09:54:38","modified_gmt":"2025-11-22T09:54:38","slug":"cohiba-mini-10p-cigariller","status":"publish","type":"product","link":"https:\/\/snus-malmo.se\/sv\/produkt\/cohiba-mini-10p-cigariller\/","title":{"rendered":"Cohiba Mini 10p Cigariller"},"content":{"rendered":"<p><strong>Cohiba Mini 10p Cigariller<\/strong><\/p>\n<p>Cohiba Mini Cigariller \u00e4r utm\u00e4rkta cigariller f\u00f6r dem med lite tid p\u00e5 sina h\u00e4nder f\u00f6r att njuta av en puff av kubanska magi. En fullst\u00e4ndig cigarill med en smak som har st\u00f6rst presitge i v\u00e4rlden tobaks -machine rullade i Kuba. Bladen som anv\u00e4nds f\u00f6r tobak tas fr\u00e5n samma v\u00e4xter som sk\u00f6rdas f\u00f6r v\u00e4rldsber\u00f6mda premium handgjorda Havanna cigarrer. Dessa v\u00e4xter odlas i Vuelta Abajo-regionen i Kuba, och omr\u00e5det ligger v\u00e4ster om \u00f6n, som allm\u00e4nt betraktas som den finaste tobaksodling mark i v\u00e4rlden.<\/p>","protected":false},"excerpt":{"rendered":"<p><strong>Cohiba Mini 10p Cigariller<\/strong><\/p>\n<p>Cohiba Mini Cigariller \u00e4r utm\u00e4rkta cigariller f\u00f6r dem med lite tid p\u00e5 sina h\u00e4nder f\u00f6r att njuta av en puff av kubanska magi. En fullst\u00e4ndig cigarill med en smak som har st\u00f6rst presitge i v\u00e4rlden tobaks -machine rullade i Kuba. Bladen som anv\u00e4nds f\u00f6r tobak tas fr\u00e5n samma v\u00e4xter som sk\u00f6rdas f\u00f6r v\u00e4rldsber\u00f6mda premium handgjorda Havanna cigarrer. Dessa v\u00e4xter odlas i Vuelta Abajo-regionen i Kuba, och omr\u00e5det ligger v\u00e4ster om \u00f6n, som allm\u00e4nt betraktas som den finaste tobaksodling mark i v\u00e4rlden.<\/p>","protected":false},"featured_media":26483,"comment_status":"open","ping_status":"closed","template":"","meta":[],"product_brand":[417],"product_cat":[32,187],"product_tag":[],"class_list":{"0":"post-56002","1":"product","2":"type-product","3":"status-publish","4":"has-post-thumbnail","6":"product_brand-cohiba","7":"product_cat-cigariller","8":"product_cat-cohiba","10":"first","11":"outofstock","12":"taxable","13":"shipping-taxable","14":"purchasable","15":"product-type-variable"},"_links":{"self":[{"href":"https:\/\/snus-malmo.se\/sv\/wp-json\/wp\/v2\/product\/56002","targetHints":{"allow":["GET"]}}],"collection":[{"href":"https:\/\/snus-malmo.se\/sv\/wp-json\/wp\/v2\/product"}],"about":[{"href":"https:\/\/snus-malmo.se\/sv\/wp-json\/wp\/v2\/types\/product"}],"replies":[{"embeddable":true,"href":"https:\/\/snus-malmo.se\/sv\/wp-json\/wp\/v2\/comments?post=56002"}],"version-history":[{"count":0,"href":"https:\/\/snus-malmo.se\/sv\/wp-json\/wp\/v2\/product\/56002\/revisions"}],"wp:featuredmedia":[{"embeddable":true,"href":"https:\/\/snus-malmo.se\/sv\/wp-json\/wp\/v2\/media\/26483"}],"wp:attachment":[{"href":"https:\/\/snus-malmo.se\/sv\/wp-json\/wp\/v2\/media?parent=56002"}],"wp:term":[{"taxonomy":"product_brand","embeddable":true,"href":"https:\/\/snus-malmo.se\/sv\/wp-json\/wp\/v2\/product_brand?post=56002"},{"taxonomy":"product_cat","embeddable":true,"href":"https:\/\/snus-malmo.se\/sv\/wp-json\/wp\/v2\/product_cat?post=56002"},{"taxonomy":"product_tag","embeddable":true,"href":"https:\/\/snus-malmo.se\/sv\/wp-json\/wp\/v2\/product_tag?post=56002"}],"curies":[{"name":"wp","href":"https:\/\/api.w.org\/{rel}","templated":true}]}}