{"id":56004,"date":"2025-05-23T17:00:23","date_gmt":"2025-05-23T17:00:23","guid":{"rendered":"https:\/\/snus-malmo.se\/?post_type=product&#038;p=56004"},"modified":"2025-08-02T20:57:49","modified_gmt":"2025-08-02T20:57:49","slug":"cortez-cigarillos-original-20","status":"publish","type":"product","link":"https:\/\/snus-malmo.se\/sv\/produkt\/cortez-cigarillos-original-20\/","title":{"rendered":"Cort\u00e9z Cigarillos Original \/20"},"content":{"rendered":"<p><strong>Cortez Cigarillos Original 20p<\/strong><\/p>\n<p>Cortez Cigarillos Original 20p har en aromatisk karakt\u00e4r. En mild cigarill men \u00e4nd\u00e5 med mycket smak.<\/p>","protected":false},"excerpt":{"rendered":"<p><strong>Cortez Cigarillos Original 20p<\/strong><\/p>\n<p>Cortez Cigarillos Original 20p har en aromatisk karakt\u00e4r. En mild cigarill men \u00e4nd\u00e5 med mycket smak.<\/p>","protected":false},"featured_media":26477,"comment_status":"open","ping_status":"closed","template":"","meta":[],"product_brand":[418],"product_cat":[32,189],"product_tag":[],"class_list":{"0":"post-56004","1":"product","2":"type-product","3":"status-publish","4":"has-post-thumbnail","6":"product_brand-cortz","7":"product_cat-cigariller","8":"product_cat-cortez","10":"first","11":"instock","12":"taxable","13":"shipping-taxable","14":"purchasable","15":"product-type-variable"},"_links":{"self":[{"href":"https:\/\/snus-malmo.se\/sv\/wp-json\/wp\/v2\/product\/56004","targetHints":{"allow":["GET"]}}],"collection":[{"href":"https:\/\/snus-malmo.se\/sv\/wp-json\/wp\/v2\/product"}],"about":[{"href":"https:\/\/snus-malmo.se\/sv\/wp-json\/wp\/v2\/types\/product"}],"replies":[{"embeddable":true,"href":"https:\/\/snus-malmo.se\/sv\/wp-json\/wp\/v2\/comments?post=56004"}],"version-history":[{"count":0,"href":"https:\/\/snus-malmo.se\/sv\/wp-json\/wp\/v2\/product\/56004\/revisions"}],"wp:featuredmedia":[{"embeddable":true,"href":"https:\/\/snus-malmo.se\/sv\/wp-json\/wp\/v2\/media\/26477"}],"wp:attachment":[{"href":"https:\/\/snus-malmo.se\/sv\/wp-json\/wp\/v2\/media?parent=56004"}],"wp:term":[{"taxonomy":"product_brand","embeddable":true,"href":"https:\/\/snus-malmo.se\/sv\/wp-json\/wp\/v2\/product_brand?post=56004"},{"taxonomy":"product_cat","embeddable":true,"href":"https:\/\/snus-malmo.se\/sv\/wp-json\/wp\/v2\/product_cat?post=56004"},{"taxonomy":"product_tag","embeddable":true,"href":"https:\/\/snus-malmo.se\/sv\/wp-json\/wp\/v2\/product_tag?post=56004"}],"curies":[{"name":"wp","href":"https:\/\/api.w.org\/{rel}","templated":true}]}}