{"id":56005,"date":"2025-05-23T17:00:23","date_gmt":"2025-05-23T17:00:23","guid":{"rendered":"https:\/\/snus-malmo.se\/?post_type=product&#038;p=56005"},"modified":"2025-07-23T01:05:34","modified_gmt":"2025-07-23T01:05:34","slug":"dannemann-speciale-brasil-20","status":"publish","type":"product","link":"https:\/\/snus-malmo.se\/sv\/produkt\/dannemann-speciale-brasil-20\/","title":{"rendered":"DANNEMANN SPECIALE BRASIL 20"},"content":{"rendered":"<h3>Dannemann Speciale Brasil Cigarill<\/h3>\n<p>En klassisk cigarill utan filter i smalt senorita-format. Den speciella blandningen av mild Brasiliansk, Java och aromatisk Kubansk tobak som rullats i ett m\u00f6rkt, aromatisk Mata Fina tobaksblad fr\u00e5n Brasilien, ger denna cigarill en angen\u00e4m, aromatisk smakupplevelse.<\/p>\n<p>Inlaga: mild Brasiliansk, Java och Kubansk tobak<\/p>\n<p>T\u00e4ckblad: Mata Fina tobaksblad fr\u00e5n Brasilien<\/p>\n<p>Smak &amp;amp; Arom: en angen\u00e4m, aromatisk smakupplevelse<\/p>\n<p>L\u00e4ngd: 68 mm<\/p>\n<p>Utan filter<\/p>\n<p>20-pack<\/p>","protected":false},"excerpt":{"rendered":"<h3>Dannemann Speciale Brasil Cigarill<\/h3>\n<p>En klassisk cigarill utan filter i smalt senorita-format. Den speciella blandningen av mild Brasiliansk, Java och aromatisk Kubansk tobak som rullats i ett m\u00f6rkt, aromatisk Mata Fina tobaksblad fr\u00e5n Brasilien, ger denna cigarill en angen\u00e4m, aromatisk smakupplevelse.<\/p>\n<p>Inlaga: mild Brasiliansk, Java och Kubansk tobak<\/p>\n<p>T\u00e4ckblad: Mata Fina tobaksblad fr\u00e5n Brasilien<\/p>\n<p>Smak &amp;amp; Arom: en angen\u00e4m, aromatisk smakupplevelse<\/p>\n<p>L\u00e4ngd: 68 mm<\/p>\n<p>Utan filter<\/p>\n<p>20-pack<\/p>","protected":false},"featured_media":23142,"comment_status":"open","ping_status":"closed","template":"","meta":[],"product_brand":[],"product_cat":[32],"product_tag":[],"class_list":{"0":"post-56005","1":"product","2":"type-product","3":"status-publish","4":"has-post-thumbnail","6":"product_cat-cigariller","8":"first","9":"instock","10":"taxable","11":"shipping-taxable","12":"purchasable","13":"product-type-variable"},"_links":{"self":[{"href":"https:\/\/snus-malmo.se\/sv\/wp-json\/wp\/v2\/product\/56005","targetHints":{"allow":["GET"]}}],"collection":[{"href":"https:\/\/snus-malmo.se\/sv\/wp-json\/wp\/v2\/product"}],"about":[{"href":"https:\/\/snus-malmo.se\/sv\/wp-json\/wp\/v2\/types\/product"}],"replies":[{"embeddable":true,"href":"https:\/\/snus-malmo.se\/sv\/wp-json\/wp\/v2\/comments?post=56005"}],"version-history":[{"count":0,"href":"https:\/\/snus-malmo.se\/sv\/wp-json\/wp\/v2\/product\/56005\/revisions"}],"wp:featuredmedia":[{"embeddable":true,"href":"https:\/\/snus-malmo.se\/sv\/wp-json\/wp\/v2\/media\/23142"}],"wp:attachment":[{"href":"https:\/\/snus-malmo.se\/sv\/wp-json\/wp\/v2\/media?parent=56005"}],"wp:term":[{"taxonomy":"product_brand","embeddable":true,"href":"https:\/\/snus-malmo.se\/sv\/wp-json\/wp\/v2\/product_brand?post=56005"},{"taxonomy":"product_cat","embeddable":true,"href":"https:\/\/snus-malmo.se\/sv\/wp-json\/wp\/v2\/product_cat?post=56005"},{"taxonomy":"product_tag","embeddable":true,"href":"https:\/\/snus-malmo.se\/sv\/wp-json\/wp\/v2\/product_tag?post=56005"}],"curies":[{"name":"wp","href":"https:\/\/api.w.org\/{rel}","templated":true}]}}