{"id":56007,"date":"2025-05-23T17:00:23","date_gmt":"2025-05-23T17:00:23","guid":{"rendered":"https:\/\/snus-malmo.se\/?post_type=product&#038;p=56007"},"modified":"2025-08-05T00:05:30","modified_gmt":"2025-08-05T00:05:30","slug":"la-paz-wilde-10","status":"publish","type":"product","link":"https:\/\/snus-malmo.se\/sv\/produkt\/la-paz-wilde-10\/","title":{"rendered":"La Paz Wilde\/10"},"content":{"rendered":"<p><strong>La Paz Wilde 10p Cigariller<\/strong><\/p>\n<p>La Paz Wilde 10p \u00e4r cigariller av mycket h\u00f6g kvalitet fr\u00e5n Holland. Mycket smakfull och aromatisk.<\/p>","protected":false},"excerpt":{"rendered":"<p><strong>La Paz Wilde 10p Cigariller<\/strong><\/p>\n<p>La Paz Wilde 10p \u00e4r cigariller av mycket h\u00f6g kvalitet fr\u00e5n Holland. Mycket smakfull och aromatisk.<\/p>","protected":false},"featured_media":26450,"comment_status":"open","ping_status":"closed","template":"","meta":[],"product_brand":[],"product_cat":[32],"product_tag":[],"class_list":{"0":"post-56007","1":"product","2":"type-product","3":"status-publish","4":"has-post-thumbnail","6":"product_cat-cigariller","8":"first","9":"instock","10":"taxable","11":"shipping-taxable","12":"purchasable","13":"product-type-variable"},"_links":{"self":[{"href":"https:\/\/snus-malmo.se\/sv\/wp-json\/wp\/v2\/product\/56007","targetHints":{"allow":["GET"]}}],"collection":[{"href":"https:\/\/snus-malmo.se\/sv\/wp-json\/wp\/v2\/product"}],"about":[{"href":"https:\/\/snus-malmo.se\/sv\/wp-json\/wp\/v2\/types\/product"}],"replies":[{"embeddable":true,"href":"https:\/\/snus-malmo.se\/sv\/wp-json\/wp\/v2\/comments?post=56007"}],"version-history":[{"count":0,"href":"https:\/\/snus-malmo.se\/sv\/wp-json\/wp\/v2\/product\/56007\/revisions"}],"wp:featuredmedia":[{"embeddable":true,"href":"https:\/\/snus-malmo.se\/sv\/wp-json\/wp\/v2\/media\/26450"}],"wp:attachment":[{"href":"https:\/\/snus-malmo.se\/sv\/wp-json\/wp\/v2\/media?parent=56007"}],"wp:term":[{"taxonomy":"product_brand","embeddable":true,"href":"https:\/\/snus-malmo.se\/sv\/wp-json\/wp\/v2\/product_brand?post=56007"},{"taxonomy":"product_cat","embeddable":true,"href":"https:\/\/snus-malmo.se\/sv\/wp-json\/wp\/v2\/product_cat?post=56007"},{"taxonomy":"product_tag","embeddable":true,"href":"https:\/\/snus-malmo.se\/sv\/wp-json\/wp\/v2\/product_tag?post=56007"}],"curies":[{"name":"wp","href":"https:\/\/api.w.org\/{rel}","templated":true}]}}