{"id":56009,"date":"2025-05-23T17:00:23","date_gmt":"2025-05-23T17:00:23","guid":{"rendered":"https:\/\/snus-malmo.se\/?post_type=product&#038;p=56009"},"modified":"2025-11-19T17:10:27","modified_gmt":"2025-11-19T17:10:27","slug":"nobel-petit-sumatra-20","status":"publish","type":"product","link":"https:\/\/snus-malmo.se\/sv\/produkt\/nobel-petit-sumatra-20\/","title":{"rendered":"Nobel Petit Sumatra \/20"},"content":{"rendered":"<p><strong>Nobel Petit Sumatra Cigariller<\/strong><\/p>\n<p>Nobel Petit Sumatra \u00e4r gjord av 100% finaste naturliga tobak. Cigarillerna \u00e4r gjorda av en blandning av brasilianska och Java-tobak, omslaget \u00e4r ocks\u00e5 en Java och Sumatra. Denna harmoniska kombination ger en bra smak, vilket medf\u00f6r m\u00e5nga jordn\u00e4ra fina noter av n\u00f6tter och kryddor. Inneh\u00e5ller 20 cigariller.<\/p>","protected":false},"excerpt":{"rendered":"<p><strong>Nobel Petit Sumatra Cigariller<\/strong><\/p>\n<p>Nobel Petit Sumatra \u00e4r gjord av 100% finaste naturliga tobak. Cigarillerna \u00e4r gjorda av en blandning av brasilianska och Java-tobak, omslaget \u00e4r ocks\u00e5 en Java och Sumatra. Denna harmoniska kombination ger en bra smak, vilket medf\u00f6r m\u00e5nga jordn\u00e4ra fina noter av n\u00f6tter och kryddor. Inneh\u00e5ller 20 cigariller.<\/p>","protected":false},"featured_media":26451,"comment_status":"open","ping_status":"closed","template":"","meta":[],"product_brand":[],"product_cat":[32],"product_tag":[],"class_list":{"0":"post-56009","1":"product","2":"type-product","3":"status-publish","4":"has-post-thumbnail","6":"product_cat-cigariller","8":"first","9":"outofstock","10":"taxable","11":"shipping-taxable","12":"purchasable","13":"product-type-variable"},"_links":{"self":[{"href":"https:\/\/snus-malmo.se\/sv\/wp-json\/wp\/v2\/product\/56009","targetHints":{"allow":["GET"]}}],"collection":[{"href":"https:\/\/snus-malmo.se\/sv\/wp-json\/wp\/v2\/product"}],"about":[{"href":"https:\/\/snus-malmo.se\/sv\/wp-json\/wp\/v2\/types\/product"}],"replies":[{"embeddable":true,"href":"https:\/\/snus-malmo.se\/sv\/wp-json\/wp\/v2\/comments?post=56009"}],"version-history":[{"count":0,"href":"https:\/\/snus-malmo.se\/sv\/wp-json\/wp\/v2\/product\/56009\/revisions"}],"wp:featuredmedia":[{"embeddable":true,"href":"https:\/\/snus-malmo.se\/sv\/wp-json\/wp\/v2\/media\/26451"}],"wp:attachment":[{"href":"https:\/\/snus-malmo.se\/sv\/wp-json\/wp\/v2\/media?parent=56009"}],"wp:term":[{"taxonomy":"product_brand","embeddable":true,"href":"https:\/\/snus-malmo.se\/sv\/wp-json\/wp\/v2\/product_brand?post=56009"},{"taxonomy":"product_cat","embeddable":true,"href":"https:\/\/snus-malmo.se\/sv\/wp-json\/wp\/v2\/product_cat?post=56009"},{"taxonomy":"product_tag","embeddable":true,"href":"https:\/\/snus-malmo.se\/sv\/wp-json\/wp\/v2\/product_tag?post=56009"}],"curies":[{"name":"wp","href":"https:\/\/api.w.org\/{rel}","templated":true}]}}