{"id":56014,"date":"2025-05-23T17:00:23","date_gmt":"2025-05-23T17:00:23","guid":{"rendered":"https:\/\/snus-malmo.se\/?post_type=product&#038;p=56014"},"modified":"2025-07-25T07:13:14","modified_gmt":"2025-07-25T07:13:14","slug":"moods-10","status":"publish","type":"product","link":"https:\/\/snus-malmo.se\/sv\/produkt\/moods-10\/","title":{"rendered":"MOODS 10"},"content":{"rendered":"<p><strong>Ritmeester Moods 10p Cigarill<\/strong><\/p>\n<p>MOODS aromatiska cigarill utan filter k\u00e4nnetecknas av det speciella MOODS aromat med inslag av s\u00f6ta, mogna, m\u00f6rka frukter. Den noga utvalda blandningen av tropisk och amerikansk Virginiatobak som rullats i det finaste Java tobaksbladet fr\u00e5n Indonesien, g\u00f6r denna cigarill till en aromatisk, intensiv och fyllig smakupplevelse.<\/p>\n<p>Inlaga: aromatisk tropisk tobak och amerikansk Virginiatobak<\/p>\n<p>T\u00e4ckblad: Java<\/p>\n<p>Smak &amp; Arom: aromatisk, intensiv, fruktig<\/p>\n<p>L\u00e4ngd: 74 mm<\/p>\n<p>Utan filter<\/p>\n<p>10-pack<\/p>","protected":false},"excerpt":{"rendered":"<p><strong>Ritmeester Moods 10p Cigarill<\/strong><\/p>\n<p>MOODS aromatiska cigarill utan filter k\u00e4nnetecknas av det speciella MOODS aromat med inslag av s\u00f6ta, mogna, m\u00f6rka frukter. Den noga utvalda blandningen av tropisk och amerikansk Virginiatobak som rullats i det finaste Java tobaksbladet fr\u00e5n Indonesien, g\u00f6r denna cigarill till en aromatisk, intensiv och fyllig smakupplevelse.<\/p>\n<p>Inlaga: aromatisk tropisk tobak och amerikansk Virginiatobak<\/p>\n<p>T\u00e4ckblad: Java<\/p>\n<p>Smak &amp; Arom: aromatisk, intensiv, fruktig<\/p>\n<p>L\u00e4ngd: 74 mm<\/p>\n<p>Utan filter<\/p>\n<p>10-pack<\/p>","protected":false},"featured_media":26436,"comment_status":"open","ping_status":"closed","template":"","meta":[],"product_brand":[423],"product_cat":[32,228],"product_tag":[],"class_list":{"0":"post-56014","1":"product","2":"type-product","3":"status-publish","4":"has-post-thumbnail","6":"product_brand-moods","7":"product_cat-cigariller","8":"product_cat-moods","10":"first","11":"instock","12":"taxable","13":"shipping-taxable","14":"purchasable","15":"product-type-variable"},"_links":{"self":[{"href":"https:\/\/snus-malmo.se\/sv\/wp-json\/wp\/v2\/product\/56014","targetHints":{"allow":["GET"]}}],"collection":[{"href":"https:\/\/snus-malmo.se\/sv\/wp-json\/wp\/v2\/product"}],"about":[{"href":"https:\/\/snus-malmo.se\/sv\/wp-json\/wp\/v2\/types\/product"}],"replies":[{"embeddable":true,"href":"https:\/\/snus-malmo.se\/sv\/wp-json\/wp\/v2\/comments?post=56014"}],"version-history":[{"count":0,"href":"https:\/\/snus-malmo.se\/sv\/wp-json\/wp\/v2\/product\/56014\/revisions"}],"wp:featuredmedia":[{"embeddable":true,"href":"https:\/\/snus-malmo.se\/sv\/wp-json\/wp\/v2\/media\/26436"}],"wp:attachment":[{"href":"https:\/\/snus-malmo.se\/sv\/wp-json\/wp\/v2\/media?parent=56014"}],"wp:term":[{"taxonomy":"product_brand","embeddable":true,"href":"https:\/\/snus-malmo.se\/sv\/wp-json\/wp\/v2\/product_brand?post=56014"},{"taxonomy":"product_cat","embeddable":true,"href":"https:\/\/snus-malmo.se\/sv\/wp-json\/wp\/v2\/product_cat?post=56014"},{"taxonomy":"product_tag","embeddable":true,"href":"https:\/\/snus-malmo.se\/sv\/wp-json\/wp\/v2\/product_tag?post=56014"}],"curies":[{"name":"wp","href":"https:\/\/api.w.org\/{rel}","templated":true}]}}