{"id":56046,"date":"2025-05-23T17:00:26","date_gmt":"2025-05-23T17:00:26","guid":{"rendered":"https:\/\/snus-malmo.se\/?post_type=product&#038;p=56046"},"modified":"2025-07-28T01:56:23","modified_gmt":"2025-07-28T01:56:23","slug":"signature-blue-10","status":"publish","type":"product","link":"https:\/\/snus-malmo.se\/sv\/produkt\/signature-blue-10\/","title":{"rendered":"Signature Blue \/10"},"content":{"rendered":"<p><strong>Signature Blue Cigariller<\/strong><\/p>\n<p>Signature Blue \u00e4r en av v\u00e5ra b\u00e4st s\u00e4ljande cigariller och har en blandning av tobak d\u00e4r tobaksbladen kommer fr\u00e5n Domikanska Republiken och Java. Caf\u00e9 Creme Blue \u00e4r en mildare version av originalet.<\/p>\n<p>Inneh\u00e5ller 10 cigarille<\/p>","protected":false},"excerpt":{"rendered":"<p><strong>Signature Blue Cigariller<\/strong><\/p>\n<p>Signature Blue \u00e4r en av v\u00e5ra b\u00e4st s\u00e4ljande cigariller och har en blandning av tobak d\u00e4r tobaksbladen kommer fr\u00e5n Domikanska Republiken och Java. Caf\u00e9 Creme Blue \u00e4r en mildare version av originalet.<\/p>\n<p>Inneh\u00e5ller 10 cigarille<\/p>","protected":false},"featured_media":26389,"comment_status":"open","ping_status":"closed","template":"","meta":[],"product_brand":[],"product_cat":[32,245],"product_tag":[],"class_list":{"0":"post-56046","1":"product","2":"type-product","3":"status-publish","4":"has-post-thumbnail","6":"product_cat-cigariller","7":"product_cat-signature","9":"first","10":"instock","11":"taxable","12":"shipping-taxable","13":"purchasable","14":"product-type-variable"},"_links":{"self":[{"href":"https:\/\/snus-malmo.se\/sv\/wp-json\/wp\/v2\/product\/56046","targetHints":{"allow":["GET"]}}],"collection":[{"href":"https:\/\/snus-malmo.se\/sv\/wp-json\/wp\/v2\/product"}],"about":[{"href":"https:\/\/snus-malmo.se\/sv\/wp-json\/wp\/v2\/types\/product"}],"replies":[{"embeddable":true,"href":"https:\/\/snus-malmo.se\/sv\/wp-json\/wp\/v2\/comments?post=56046"}],"version-history":[{"count":0,"href":"https:\/\/snus-malmo.se\/sv\/wp-json\/wp\/v2\/product\/56046\/revisions"}],"wp:featuredmedia":[{"embeddable":true,"href":"https:\/\/snus-malmo.se\/sv\/wp-json\/wp\/v2\/media\/26389"}],"wp:attachment":[{"href":"https:\/\/snus-malmo.se\/sv\/wp-json\/wp\/v2\/media?parent=56046"}],"wp:term":[{"taxonomy":"product_brand","embeddable":true,"href":"https:\/\/snus-malmo.se\/sv\/wp-json\/wp\/v2\/product_brand?post=56046"},{"taxonomy":"product_cat","embeddable":true,"href":"https:\/\/snus-malmo.se\/sv\/wp-json\/wp\/v2\/product_cat?post=56046"},{"taxonomy":"product_tag","embeddable":true,"href":"https:\/\/snus-malmo.se\/sv\/wp-json\/wp\/v2\/product_tag?post=56046"}],"curies":[{"name":"wp","href":"https:\/\/api.w.org\/{rel}","templated":true}]}}