{"id":56051,"date":"2025-05-23T17:00:26","date_gmt":"2025-05-23T17:00:26","guid":{"rendered":"https:\/\/snus-malmo.se\/?post_type=product&#038;p=56051"},"modified":"2025-07-28T01:53:37","modified_gmt":"2025-07-28T01:53:37","slug":"signature-dual-10","status":"publish","type":"product","link":"https:\/\/snus-malmo.se\/sv\/produkt\/signature-dual-10\/","title":{"rendered":"Signature Dual + \/10"},"content":{"rendered":"<p><strong>Signature Green Dual+ Cigariller<\/strong><\/p>\n<p>Signature \u00e4r en liten smakrevolution. Klassisk tobaksnjutning i kom- bination med en mintkapsel g\u00f6r cigarillen unik. Tobaksblandningen \u00e4r densamma som finns i de flesta cigaretter vilket g\u00f6r cigarillen mycket mild. Detta tillsammans med klickfunktionen g\u00f6r Signature till det sj\u00e4lvklara alternativet f\u00f6r klickcigarettr\u00f6karen.<\/p>","protected":false},"excerpt":{"rendered":"<p><strong>Signature Green Dual+ Cigariller<\/strong><\/p>\n<p>Signature \u00e4r en liten smakrevolution. Klassisk tobaksnjutning i kom- bination med en mintkapsel g\u00f6r cigarillen unik. Tobaksblandningen \u00e4r densamma som finns i de flesta cigaretter vilket g\u00f6r cigarillen mycket mild. Detta tillsammans med klickfunktionen g\u00f6r Signature till det sj\u00e4lvklara alternativet f\u00f6r klickcigarettr\u00f6karen.<\/p>","protected":false},"featured_media":26378,"comment_status":"open","ping_status":"closed","template":"","meta":[],"product_brand":[],"product_cat":[32,245],"product_tag":[],"class_list":{"0":"post-56051","1":"product","2":"type-product","3":"status-publish","4":"has-post-thumbnail","6":"product_cat-cigariller","7":"product_cat-signature","9":"first","10":"instock","11":"taxable","12":"shipping-taxable","13":"purchasable","14":"product-type-variable"},"_links":{"self":[{"href":"https:\/\/snus-malmo.se\/sv\/wp-json\/wp\/v2\/product\/56051","targetHints":{"allow":["GET"]}}],"collection":[{"href":"https:\/\/snus-malmo.se\/sv\/wp-json\/wp\/v2\/product"}],"about":[{"href":"https:\/\/snus-malmo.se\/sv\/wp-json\/wp\/v2\/types\/product"}],"replies":[{"embeddable":true,"href":"https:\/\/snus-malmo.se\/sv\/wp-json\/wp\/v2\/comments?post=56051"}],"version-history":[{"count":0,"href":"https:\/\/snus-malmo.se\/sv\/wp-json\/wp\/v2\/product\/56051\/revisions"}],"wp:featuredmedia":[{"embeddable":true,"href":"https:\/\/snus-malmo.se\/sv\/wp-json\/wp\/v2\/media\/26378"}],"wp:attachment":[{"href":"https:\/\/snus-malmo.se\/sv\/wp-json\/wp\/v2\/media?parent=56051"}],"wp:term":[{"taxonomy":"product_brand","embeddable":true,"href":"https:\/\/snus-malmo.se\/sv\/wp-json\/wp\/v2\/product_brand?post=56051"},{"taxonomy":"product_cat","embeddable":true,"href":"https:\/\/snus-malmo.se\/sv\/wp-json\/wp\/v2\/product_cat?post=56051"},{"taxonomy":"product_tag","embeddable":true,"href":"https:\/\/snus-malmo.se\/sv\/wp-json\/wp\/v2\/product_tag?post=56051"}],"curies":[{"name":"wp","href":"https:\/\/api.w.org\/{rel}","templated":true}]}}