{"id":56053,"date":"2025-05-23T17:00:26","date_gmt":"2025-05-23T17:00:26","guid":{"rendered":"https:\/\/snus-malmo.se\/?post_type=product&#038;p=56053"},"modified":"2025-07-28T01:52:14","modified_gmt":"2025-07-28T01:52:14","slug":"signature-purple-10","status":"publish","type":"product","link":"https:\/\/snus-malmo.se\/sv\/produkt\/signature-purple-10\/","title":{"rendered":"Signature Purple \/10"},"content":{"rendered":"<p>Signature Purple\u00a0Cigariller<\/p>\n<p>Signature Purple \u00e4r en unik smakrevolution.\u00a0Signature\u00a0Purple har en klassisk tobaksblandningen. Klicka kapseln f\u00f6r en extra\u00a0smak av b\u00e4r och mild mint. Tillsammans med klickfunktionen g\u00f6r Signature till det sj\u00e4lvklara alternativet f\u00f6r klickcigarettr\u00f6karen.\u00a0Inneh\u00e5ller\u00a010 cigariller.<\/p>","protected":false},"excerpt":{"rendered":"<p>Signature Purple\u00a0Cigariller<\/p>\n<p>Signature Purple \u00e4r en unik smakrevolution.\u00a0Signature\u00a0Purple har en klassisk tobaksblandningen. Klicka kapseln f\u00f6r en extra\u00a0smak av b\u00e4r och mild mint. Tillsammans med klickfunktionen g\u00f6r Signature till det sj\u00e4lvklara alternativet f\u00f6r klickcigarettr\u00f6karen.\u00a0Inneh\u00e5ller\u00a010 cigariller.<\/p>","protected":false},"featured_media":26304,"comment_status":"open","ping_status":"closed","template":"","meta":[],"product_brand":[],"product_cat":[32,245],"product_tag":[],"class_list":{"0":"post-56053","1":"product","2":"type-product","3":"status-publish","4":"has-post-thumbnail","6":"product_cat-cigariller","7":"product_cat-signature","9":"first","10":"instock","11":"taxable","12":"shipping-taxable","13":"purchasable","14":"product-type-variable"},"_links":{"self":[{"href":"https:\/\/snus-malmo.se\/sv\/wp-json\/wp\/v2\/product\/56053","targetHints":{"allow":["GET"]}}],"collection":[{"href":"https:\/\/snus-malmo.se\/sv\/wp-json\/wp\/v2\/product"}],"about":[{"href":"https:\/\/snus-malmo.se\/sv\/wp-json\/wp\/v2\/types\/product"}],"replies":[{"embeddable":true,"href":"https:\/\/snus-malmo.se\/sv\/wp-json\/wp\/v2\/comments?post=56053"}],"version-history":[{"count":0,"href":"https:\/\/snus-malmo.se\/sv\/wp-json\/wp\/v2\/product\/56053\/revisions"}],"wp:featuredmedia":[{"embeddable":true,"href":"https:\/\/snus-malmo.se\/sv\/wp-json\/wp\/v2\/media\/26304"}],"wp:attachment":[{"href":"https:\/\/snus-malmo.se\/sv\/wp-json\/wp\/v2\/media?parent=56053"}],"wp:term":[{"taxonomy":"product_brand","embeddable":true,"href":"https:\/\/snus-malmo.se\/sv\/wp-json\/wp\/v2\/product_brand?post=56053"},{"taxonomy":"product_cat","embeddable":true,"href":"https:\/\/snus-malmo.se\/sv\/wp-json\/wp\/v2\/product_cat?post=56053"},{"taxonomy":"product_tag","embeddable":true,"href":"https:\/\/snus-malmo.se\/sv\/wp-json\/wp\/v2\/product_tag?post=56053"}],"curies":[{"name":"wp","href":"https:\/\/api.w.org\/{rel}","templated":true}]}}