{"id":56054,"date":"2025-05-23T17:00:26","date_gmt":"2025-05-23T17:00:26","guid":{"rendered":"https:\/\/snus-malmo.se\/?post_type=product&#038;p=56054"},"modified":"2025-07-28T01:51:30","modified_gmt":"2025-07-28T01:51:30","slug":"signature-red-10","status":"publish","type":"product","link":"https:\/\/snus-malmo.se\/sv\/produkt\/signature-red-10\/","title":{"rendered":"Signature Red \/10"},"content":{"rendered":"<div class=\"product__description rte quick-add-hidden\">\n<p><strong>Signature Red Cigariller<\/strong><\/p>\n<p>Signature Red \u00e4r en av v\u00e5ra b\u00e4st s\u00e4ljande cigariller och har en blandning av tobak fr\u00e5n Brasilien och Afrika. Caf\u00e9 Creme Red har en smak och arom som tilltalar m\u00e5nga. Inneh\u00e5ller 10 cigariller.<\/p>\n<\/div>\n<p>&nbsp;<\/p>","protected":false},"excerpt":{"rendered":"<div class=\"product__description rte quick-add-hidden\">\n<p><strong>Signature Red Cigariller<\/strong><\/p>\n<p>Signature Red \u00e4r en av v\u00e5ra b\u00e4st s\u00e4ljande cigariller och har en blandning av tobak fr\u00e5n Brasilien och Afrika. Caf\u00e9 Creme Red har en smak och arom som tilltalar m\u00e5nga. Inneh\u00e5ller 10 cigariller.<\/p>\n<\/div>\n<p>&nbsp;<\/p>","protected":false},"featured_media":26299,"comment_status":"open","ping_status":"closed","template":"","meta":[],"product_brand":[],"product_cat":[32,245],"product_tag":[],"class_list":{"0":"post-56054","1":"product","2":"type-product","3":"status-publish","4":"has-post-thumbnail","6":"product_cat-cigariller","7":"product_cat-signature","9":"first","10":"instock","11":"taxable","12":"shipping-taxable","13":"purchasable","14":"product-type-variable"},"_links":{"self":[{"href":"https:\/\/snus-malmo.se\/sv\/wp-json\/wp\/v2\/product\/56054","targetHints":{"allow":["GET"]}}],"collection":[{"href":"https:\/\/snus-malmo.se\/sv\/wp-json\/wp\/v2\/product"}],"about":[{"href":"https:\/\/snus-malmo.se\/sv\/wp-json\/wp\/v2\/types\/product"}],"replies":[{"embeddable":true,"href":"https:\/\/snus-malmo.se\/sv\/wp-json\/wp\/v2\/comments?post=56054"}],"version-history":[{"count":0,"href":"https:\/\/snus-malmo.se\/sv\/wp-json\/wp\/v2\/product\/56054\/revisions"}],"wp:featuredmedia":[{"embeddable":true,"href":"https:\/\/snus-malmo.se\/sv\/wp-json\/wp\/v2\/media\/26299"}],"wp:attachment":[{"href":"https:\/\/snus-malmo.se\/sv\/wp-json\/wp\/v2\/media?parent=56054"}],"wp:term":[{"taxonomy":"product_brand","embeddable":true,"href":"https:\/\/snus-malmo.se\/sv\/wp-json\/wp\/v2\/product_brand?post=56054"},{"taxonomy":"product_cat","embeddable":true,"href":"https:\/\/snus-malmo.se\/sv\/wp-json\/wp\/v2\/product_cat?post=56054"},{"taxonomy":"product_tag","embeddable":true,"href":"https:\/\/snus-malmo.se\/sv\/wp-json\/wp\/v2\/product_tag?post=56054"}],"curies":[{"name":"wp","href":"https:\/\/api.w.org\/{rel}","templated":true}]}}