{"id":56056,"date":"2025-05-23T17:00:26","date_gmt":"2025-05-23T17:00:26","guid":{"rendered":"https:\/\/snus-malmo.se\/?post_type=product&#038;p=56056"},"modified":"2025-10-28T07:53:48","modified_gmt":"2025-10-28T07:53:48","slug":"apache","status":"publish","type":"product","link":"https:\/\/snus-malmo.se\/sv\/produkt\/apache\/","title":{"rendered":"Apache Red"},"content":{"rendered":"<p><strong>Apache Cigaretter<\/strong>\u00a0\u00e4r relativt ung\u00a0varum\u00e4rke i den svenska cigarettmarknaden. \u00c4r du p\u00e5 jakt efter f\u00f6rm\u00e5nliga cigaretter s\u00e5 \u00e4r Apache dem billigaste cigaretterna du kan hitta.<\/p>\n<p>En limpa inneh\u00e5ller 10 askar.<\/p>","protected":false},"excerpt":{"rendered":"<p><strong>Apache Cigaretter<\/strong>\u00a0\u00e4r relativt ung\u00a0varum\u00e4rke i den svenska cigarettmarknaden. \u00c4r du p\u00e5 jakt efter f\u00f6rm\u00e5nliga cigaretter s\u00e5 \u00e4r Apache dem billigaste cigaretterna du kan hitta.<\/p>\n<p>En limpa inneh\u00e5ller 10 askar.<\/p>","protected":false},"featured_media":26547,"comment_status":"open","ping_status":"closed","template":"","meta":[],"product_brand":[],"product_cat":[173,28],"product_tag":[],"class_list":{"0":"post-56056","1":"product","2":"type-product","3":"status-publish","4":"has-post-thumbnail","6":"product_cat-apache","7":"product_cat-cigaretter","9":"first","10":"instock","11":"taxable","12":"shipping-taxable","13":"purchasable","14":"product-type-variable"},"_links":{"self":[{"href":"https:\/\/snus-malmo.se\/sv\/wp-json\/wp\/v2\/product\/56056","targetHints":{"allow":["GET"]}}],"collection":[{"href":"https:\/\/snus-malmo.se\/sv\/wp-json\/wp\/v2\/product"}],"about":[{"href":"https:\/\/snus-malmo.se\/sv\/wp-json\/wp\/v2\/types\/product"}],"replies":[{"embeddable":true,"href":"https:\/\/snus-malmo.se\/sv\/wp-json\/wp\/v2\/comments?post=56056"}],"version-history":[{"count":0,"href":"https:\/\/snus-malmo.se\/sv\/wp-json\/wp\/v2\/product\/56056\/revisions"}],"wp:featuredmedia":[{"embeddable":true,"href":"https:\/\/snus-malmo.se\/sv\/wp-json\/wp\/v2\/media\/26547"}],"wp:attachment":[{"href":"https:\/\/snus-malmo.se\/sv\/wp-json\/wp\/v2\/media?parent=56056"}],"wp:term":[{"taxonomy":"product_brand","embeddable":true,"href":"https:\/\/snus-malmo.se\/sv\/wp-json\/wp\/v2\/product_brand?post=56056"},{"taxonomy":"product_cat","embeddable":true,"href":"https:\/\/snus-malmo.se\/sv\/wp-json\/wp\/v2\/product_cat?post=56056"},{"taxonomy":"product_tag","embeddable":true,"href":"https:\/\/snus-malmo.se\/sv\/wp-json\/wp\/v2\/product_tag?post=56056"}],"curies":[{"name":"wp","href":"https:\/\/api.w.org\/{rel}","templated":true}]}}