{"id":56057,"date":"2025-05-23T17:00:26","date_gmt":"2025-05-23T17:00:26","guid":{"rendered":"https:\/\/snus-malmo.se\/?post_type=product&#038;p=56057"},"modified":"2025-10-28T07:53:41","modified_gmt":"2025-10-28T07:53:41","slug":"apache-blue","status":"publish","type":"product","link":"https:\/\/snus-malmo.se\/sv\/produkt\/apache-blue\/","title":{"rendered":"Apache Blue"},"content":{"rendered":"<h3>Apache\u00a0Blue<\/h3>\n<p>Apache Blue \u00e4r en lite mildare variant j\u00e4mf\u00f6rt med sitt syskon Apache. Apache \u00e4r dem billigaste cigaretterna du kan hitta.<br \/>\nEn limpa inneh\u00e5ller 10 askar.<\/p>","protected":false},"excerpt":{"rendered":"<h3>Apache\u00a0Blue<\/h3>\n<p>Apache Blue \u00e4r en lite mildare variant j\u00e4mf\u00f6rt med sitt syskon Apache. Apache \u00e4r dem billigaste cigaretterna du kan hitta.<br \/>\nEn limpa inneh\u00e5ller 10 askar.<\/p>","protected":false},"featured_media":26272,"comment_status":"open","ping_status":"closed","template":"","meta":[],"product_brand":[],"product_cat":[173,28],"product_tag":[],"class_list":{"0":"post-56057","1":"product","2":"type-product","3":"status-publish","4":"has-post-thumbnail","6":"product_cat-apache","7":"product_cat-cigaretter","9":"first","10":"instock","11":"taxable","12":"shipping-taxable","13":"purchasable","14":"product-type-variable"},"_links":{"self":[{"href":"https:\/\/snus-malmo.se\/sv\/wp-json\/wp\/v2\/product\/56057","targetHints":{"allow":["GET"]}}],"collection":[{"href":"https:\/\/snus-malmo.se\/sv\/wp-json\/wp\/v2\/product"}],"about":[{"href":"https:\/\/snus-malmo.se\/sv\/wp-json\/wp\/v2\/types\/product"}],"replies":[{"embeddable":true,"href":"https:\/\/snus-malmo.se\/sv\/wp-json\/wp\/v2\/comments?post=56057"}],"version-history":[{"count":0,"href":"https:\/\/snus-malmo.se\/sv\/wp-json\/wp\/v2\/product\/56057\/revisions"}],"wp:featuredmedia":[{"embeddable":true,"href":"https:\/\/snus-malmo.se\/sv\/wp-json\/wp\/v2\/media\/26272"}],"wp:attachment":[{"href":"https:\/\/snus-malmo.se\/sv\/wp-json\/wp\/v2\/media?parent=56057"}],"wp:term":[{"taxonomy":"product_brand","embeddable":true,"href":"https:\/\/snus-malmo.se\/sv\/wp-json\/wp\/v2\/product_brand?post=56057"},{"taxonomy":"product_cat","embeddable":true,"href":"https:\/\/snus-malmo.se\/sv\/wp-json\/wp\/v2\/product_cat?post=56057"},{"taxonomy":"product_tag","embeddable":true,"href":"https:\/\/snus-malmo.se\/sv\/wp-json\/wp\/v2\/product_tag?post=56057"}],"curies":[{"name":"wp","href":"https:\/\/api.w.org\/{rel}","templated":true}]}}